{"id":154752,"date":"2025-07-08T15:22:55","date_gmt":"2025-07-08T13:22:55","guid":{"rendered":"https:\/\/briri.de\/?page_id=154752"},"modified":"2025-07-14T12:46:06","modified_gmt":"2025-07-14T10:46:06","slug":"steuerungstechnik-precision-farming-22","status":"publish","type":"page","link":"https:\/\/briri.de\/pl\/steuerungstechnik-precision-farming-22\/","title":{"rendered":"Steuerungstechnik \/ Precision Farming &#8211; 22"},"content":{"rendered":"<div id=\"pl-154752\"  class=\"panel-layout\" ><div id=\"pg-154752-0\"  class=\"panel-grid panel-has-style\" ><div class=\"siteorigin-panels-stretch panel-row-style panel-row-style-for-154752-0\" data-stretch-type=\"full-width-stretch\" ><div id=\"pgc-154752-0-0\"  class=\"panel-grid-cell\" ><div id=\"panel-154752-0-0-0\" class=\"so-panel widget widget_sow-hero panel-first-child panel-last-child\" data-index=\"0\" ><div\n\t\t\t\n\t\t\tclass=\"so-widget-sow-hero so-widget-sow-hero-default-0827ef5802ee-154752 so-widget-fittext-wrapper\"\n\t\t\t data-fit-text-compressor=\"0.75\"\n\t\t>\t\t\t\t<div class=\"sow-slider-base\" style=\"display: none\" tabindex=\"0\">\n\t\t\t\t\t<ul\n\t\t\t\t\tclass=\"sow-slider-images\"\n\t\t\t\t\tdata-settings=\"{&quot;pagination&quot;:true,&quot;speed&quot;:800,&quot;timeout&quot;:8000,&quot;paused&quot;:false,&quot;pause_on_hover&quot;:false,&quot;swipe&quot;:true,&quot;nav_always_show_desktop&quot;:&quot;&quot;,&quot;nav_always_show_mobile&quot;:&quot;&quot;,&quot;breakpoint&quot;:&quot;780px&quot;,&quot;unmute&quot;:false,&quot;anchor&quot;:null}\"\n\t\t\t\t\tstyle=\"min-height: 800px\"\t\t\t\t\tdata-anchor-id=\"\"\n\t\t\t\t>\t\t<li class=\"sow-slider-image  sow-slider-image-cover\" style=\"visibility: visible;;background-color: #000000\" >\n\t\t\t\t\t<div class=\"sow-slider-image-container\">\n\t\t\t<div class=\"sow-slider-image-wrapper\">\n\t\t\t\t\t\t\t<\/div>\n\t\t<\/div>\n\t\t<div class=\"sow-slider-image-overlay sow-slider-image-cover\" style=\"opacity: 0.87;background-image: url(https:\/\/briri.de\/wp-content\/uploads\/2024\/06\/Briri_Maschinenbau_Bawinkel_Guelletechnik_Manure-Director_4.jpg)\"  ><\/div>\t\t<\/li>\n\t\t<\/ul>\t\t\t\t<ol class=\"sow-slider-pagination\">\n\t\t\t\t\t\t\t\t\t\t\t<li><a href=\"#\" data-goto=\"0\" aria-label=\"Display slide 1\"><\/a><\/li>\n\t\t\t\t\t\t\t\t\t<\/ol>\n\n\t\t\t\t<div class=\"sow-slide-nav sow-slide-nav-next\">\n\t\t\t\t\t<a href=\"#\" data-goto=\"next\" aria-label=\"Next slide\" data-action=\"next\">\n\t\t\t\t\t\t<em class=\"sow-sld-icon-thin-right\"><\/em>\n\t\t\t\t\t<\/a>\n\t\t\t\t<\/div>\n\n\t\t\t\t<div class=\"sow-slide-nav sow-slide-nav-prev\">\n\t\t\t\t\t<a href=\"#\" data-goto=\"previous\" aria-label=\"Previous slide\" data-action=\"prev\">\n\t\t\t\t\t\t<em class=\"sow-sld-icon-thin-left\"><\/em>\n\t\t\t\t\t<\/a>\n\t\t\t\t<\/div>\n\t\t\t\t<\/div><\/div><\/div><\/div><\/div><\/div><div id=\"pg-154752-1\"  class=\"panel-grid panel-has-style\" ><div class=\"pr-headline-red siteorigin-panels-stretch panel-row-style panel-row-style-for-154752-1\" data-stretch-type=\"full\" ><div id=\"pgc-154752-1-0\"  class=\"panel-grid-cell\" ><div id=\"panel-154752-1-0-0\" class=\"so-panel widget widget_sow-editor panel-first-child panel-last-child\" data-index=\"1\" ><div class=\"product_headline panel-widget-style panel-widget-style-for-154752-1-0-0\" ><div\n\t\t\t\n\t\t\tclass=\"so-widget-sow-editor so-widget-sow-editor-base\"\n\t\t\t\n\t\t>\n<div class=\"siteorigin-widget-tinymce textwidget\">\n\t<p><img loading=\"lazy\" decoding=\"async\" class=\"alignnone size-large wp-image-1023\" src=\"https:\/\/briri.de\/wp-content\/uploads\/2024\/10\/streu.svg\" alt=\"\" width=\"1024\" height=\"563\" \/><\/p>\n<\/div>\n<\/div><\/div><\/div><\/div><div id=\"pgc-154752-1-1\"  class=\"panel-grid-cell\" ><div id=\"panel-154752-1-1-0\" class=\"so-panel widget widget_sow-editor panel-first-child panel-last-child\" data-index=\"2\" ><div class=\"product_headline panel-widget-style panel-widget-style-for-154752-1-1-0\" ><div\n\t\t\t\n\t\t\tclass=\"so-widget-sow-editor so-widget-sow-editor-base\"\n\t\t\t\n\t\t>\n<div class=\"siteorigin-widget-tinymce textwidget\">\n\t<h1>Technika sterowania \/ Precision Farming<\/h1>\n<\/div>\n<\/div><\/div><\/div><\/div><\/div><\/div><div id=\"pg-154752-2\"  class=\"panel-grid panel-has-style\" ><div class=\"siteorigin-panels-stretch panel-row-style panel-row-style-for-154752-2\" data-stretch-type=\"full\" ><div id=\"pgc-154752-2-0\"  class=\"panel-grid-cell\" ><div id=\"panel-154752-2-0-0\" class=\"so-panel widget widget_sow-editor panel-first-child panel-last-child\" data-index=\"3\" ><div class=\"contentrow panel-widget-style panel-widget-style-for-154752-2-0-0\" ><div\n\t\t\t\n\t\t\tclass=\"so-widget-sow-editor so-widget-sow-editor-base\"\n\t\t\t\n\t\t>\n<div class=\"siteorigin-widget-tinymce textwidget\">\n\t<h2>Steuerger\u00e4te des Schleppers<\/h2>\n<p><img loading=\"lazy\" decoding=\"async\" class=\"alignright wp-image-4187\" src=\"https:\/\/briri.de\/wp-content\/uploads\/2024\/12\/pf-1.jpg\" alt=\"\" width=\"180\" height=\"180\" srcset=\"https:\/\/briri.de\/wp-content\/uploads\/2024\/12\/pf-1.jpg 300w, https:\/\/briri.de\/wp-content\/uploads\/2024\/12\/pf-1-150x150.jpg 150w, https:\/\/briri.de\/wp-content\/uploads\/2024\/12\/pf-1-216x216.jpg 216w\" sizes=\"auto, (max-width: 180px) 100vw, 180px\" \/><\/p>\n<p>Sterowanie wszystkimi funkcjami za pomoc\u0105 urz\u0105dze\u0144 steruj\u0105cych ci\u0105gnika pozwala na szerokie mo\u017cliwo\u015bci w zakresie obs\u0142ugi. Nawet w wersji podstawowej posuw pod\u0142o\u017ca zginaj\u0105cego mo\u017cna regulowa\u0107 proporcjonalnie, z kabiny za pomoc\u0105 potencjometru.<\/p>\n<\/div>\n<\/div><\/div><\/div><\/div><\/div><\/div><div id=\"pg-154752-3\"  class=\"panel-grid panel-has-style\" ><div class=\"siteorigin-panels-stretch panel-row-style panel-row-style-for-154752-3\" data-stretch-type=\"full\" ><div id=\"pgc-154752-3-0\"  class=\"panel-grid-cell\" ><div id=\"panel-154752-3-0-0\" class=\"so-panel widget widget_sow-editor panel-first-child panel-last-child\" data-index=\"4\" ><div class=\"contentrow panel-widget-style panel-widget-style-for-154752-3-0-0\" ><div\n\t\t\t\n\t\t\tclass=\"so-widget-sow-editor so-widget-sow-editor-base\"\n\t\t\t\n\t\t>\n<div class=\"siteorigin-widget-tinymce textwidget\">\n\t<h2>Pulpit obs\u0142ugi<\/h2>\n<p><img loading=\"lazy\" decoding=\"async\" class=\"alignright wp-image-4188\" src=\"https:\/\/briri.de\/wp-content\/uploads\/2024\/12\/pf-2.jpg\" alt=\"\" width=\"180\" height=\"180\" srcset=\"https:\/\/briri.de\/wp-content\/uploads\/2024\/12\/pf-2.jpg 300w, https:\/\/briri.de\/wp-content\/uploads\/2024\/12\/pf-2-150x150.jpg 150w, https:\/\/briri.de\/wp-content\/uploads\/2024\/12\/pf-2-216x216.jpg 216w\" sizes=\"auto, (max-width: 180px) 100vw, 180px\" \/><\/p>\n<p>W kolejnej wersji olej dostarczany jest poprzez przy\u0142\u0105cza LS traktora. Wszystkie funkcje w zakresie prze\u0142\u0105czania obs\u0142ugiwane s\u0105 centralnie z pulpitu obs\u0142ugi. Opr\u00f3cz bezstopniowej regulacji posuwu, w skrzynce steruj\u0105cej znajduje si\u0119 r\u00f3wnie\u017c lampka kontrolna po\u0142o\u017cenia tylnej klapy.<\/p>\n<\/div>\n<\/div><\/div><\/div><\/div><\/div><\/div><div id=\"pg-154752-4\"  class=\"panel-grid panel-has-style\" ><div class=\"siteorigin-panels-stretch panel-row-style panel-row-style-for-154752-4\" data-stretch-type=\"full\" ><div id=\"pgc-154752-4-0\"  class=\"panel-grid-cell\" ><div id=\"panel-154752-4-0-0\" class=\"so-panel widget widget_sow-editor panel-first-child panel-last-child\" data-index=\"5\" ><div class=\"contentrow panel-widget-style panel-widget-style-for-154752-4-0-0\" ><div\n\t\t\t\n\t\t\tclass=\"so-widget-sow-editor so-widget-sow-editor-base\"\n\t\t\t\n\t\t>\n<div class=\"siteorigin-widget-tinymce textwidget\">\n\t<h2>ISOBUS<\/h2>\n<p><img loading=\"lazy\" decoding=\"async\" class=\"size-full wp-image-4189 alignright\" src=\"https:\/\/briri.de\/wp-content\/uploads\/2024\/12\/pf-3.jpg\" alt=\"\" width=\"300\" height=\"300\" srcset=\"https:\/\/briri.de\/wp-content\/uploads\/2024\/12\/pf-3.jpg 300w, https:\/\/briri.de\/wp-content\/uploads\/2024\/12\/pf-3-150x150.jpg 150w, https:\/\/briri.de\/wp-content\/uploads\/2024\/12\/pf-3-216x216.jpg 216w\" sizes=\"auto, (max-width: 300px) 100vw, 300px\" \/><\/p>\n<p>W najbogatszej wersji wyposa\u017cenia rozrzutnik jest wyposa\u017cony w uk\u0142ad sterowania ISOBUS. Tak\u017ce w tym rozwi\u0105zaniu olej dostarczany jest przez przy\u0142\u0105cza LS ci\u0105gnika. Koncepcja obs\u0142ugi oferuje szerokie mo\u017cliwo\u015bci stosowania. Oznacza to, \u017ce wszystkimi funkcjami mo\u017cna wygodnie sterowa\u0107 za pomoc\u0105 w\u0142asnego terminala ci\u0105gnika (zak\u0142adaj\u0105c, \u017ce terminal obs\u0142uguje system ISOBUS) lub za pomoc\u0105 zewn\u0119trznego terminala obs\u0142uguj\u0105cego ISOBUS. W tej kwestii firma BRIRI oferuje terminal o wielko\u015bci 8,4\u201d oraz 12\u201d.<\/p>\n<p>Dodatkowym u\u0142atwieniem mo\u017ce by\u0107 pod\u0142\u0105czenie joysticka obs\u0142uguj\u0105cego AUX-N. Dzi\u0119ki po\u0142\u0105czeniu z urz\u0105dzeniem kontroluj\u0105cym, wykonywana praca mo\u017ce by\u0107 rejestrowana i dokumentowana oraz dost\u0119pna do dalszego przetwarzania.<\/p>\n<\/div>\n<\/div><\/div><\/div><\/div><\/div><\/div><div id=\"pg-154752-5\"  class=\"panel-grid panel-has-style\" ><div class=\"siteorigin-panels-stretch panel-row-style panel-row-style-for-154752-5\" data-stretch-type=\"full\" ><div id=\"pgc-154752-5-0\"  class=\"panel-grid-cell\" ><div id=\"panel-154752-5-0-0\" class=\"so-panel widget widget_sow-editor panel-first-child panel-last-child\" data-index=\"6\" ><div class=\"contentrow panel-widget-style panel-widget-style-for-154752-5-0-0\" ><div\n\t\t\t\n\t\t\tclass=\"so-widget-sow-editor so-widget-sow-editor-base\"\n\t\t\t\n\t\t>\n<div class=\"siteorigin-widget-tinymce textwidget\">\n\t<h2>Precision Farming<\/h2>\n<p><strong>Nawo\u017cenie okre\u015blonych obszar\u00f3w<\/strong><\/p>\n<p><img loading=\"lazy\" decoding=\"async\" class=\"size-full wp-image-4190 alignnone\" src=\"https:\/\/briri.de\/wp-content\/uploads\/2024\/12\/pf-4.jpg\" alt=\"\" width=\"1279\" height=\"743\" srcset=\"https:\/\/briri.de\/wp-content\/uploads\/2024\/12\/pf-4.jpg 1279w, https:\/\/briri.de\/wp-content\/uploads\/2024\/12\/pf-4-300x174.jpg 300w, https:\/\/briri.de\/wp-content\/uploads\/2024\/12\/pf-4-1024x595.jpg 1024w, https:\/\/briri.de\/wp-content\/uploads\/2024\/12\/pf-4-768x446.jpg 768w\" sizes=\"auto, (max-width: 1279px) 100vw, 1279px\" \/><\/p>\n<p>W po\u0142\u0105czeniu z uk\u0142adem sterowania ISOBUS i powi\u0105zanymi systemami aktywacji TC-GEO, mo\u017cliwe jest wdro\u017cenie cz\u0119\u015bciowego nawo\u017cenia, wymaganego dla danego obszaru.<\/p>\n<p>Nawo\u017cenie, specyficzne dla danego obszaru, jest wa\u017cnym elementem rolnictwa precyzyjnego. W tej metodzie nawo\u017cenia uwzgl\u0119dnia si\u0119 r\u00f3\u017cnice, jakie wyst\u0119puj\u0105 w glebie i uwidaczniane s\u0105 we wzro\u015bcie na danym obszarze. Celem jest zastosowanie okre\u015blonych nawoz\u00f3w we w\u0142a\u015bciwym czasie, we w\u0142a\u015bciwej ilo\u015bci i we w\u0142a\u015bciwym miejscu.<\/p>\n<\/div>\n<\/div><\/div><\/div><\/div><\/div><\/div><div id=\"pg-154752-6\"  class=\"panel-grid panel-has-style\" ><div class=\"siteorigin-panels-stretch panel-row-style panel-row-style-for-154752-6\" data-stretch-type=\"full\" ><div id=\"pgc-154752-6-0\"  class=\"panel-grid-cell\" ><div id=\"panel-154752-6-0-0\" class=\"so-panel widget widget_sow-editor panel-first-child panel-last-child\" data-index=\"7\" ><div class=\"contentrow panel-widget-style panel-widget-style-for-154752-6-0-0\" ><div\n\t\t\t\n\t\t\tclass=\"so-widget-sow-editor so-widget-sow-editor-base\"\n\t\t\t\n\t\t>\n<div class=\"siteorigin-widget-tinymce textwidget\">\n\t<h2>Regulacja aplikowanych ilo\u015bci<\/h2>\n<p><img loading=\"lazy\" decoding=\"async\" class=\"size-full wp-image-4191 alignright\" src=\"https:\/\/briri.de\/wp-content\/uploads\/2024\/12\/pf-5.jpg\" alt=\"\" width=\"398\" height=\"300\" srcset=\"https:\/\/briri.de\/wp-content\/uploads\/2024\/12\/pf-5.jpg 398w, https:\/\/briri.de\/wp-content\/uploads\/2024\/12\/pf-5-300x226.jpg 300w\" sizes=\"auto, (max-width: 398px) 100vw, 398px\" \/><\/p>\n<p>W wersji o najubo\u017cszym poziomie konfiguracji pr\u0119dko\u015b\u0107 posuwu mo\u017cna regulowa\u0107 r\u0119cznie i bezstopniowo z kabiny. W wy\u017cszej kategorii pod\u0142o\u017ce zgarniaj\u0105ce jest automatycznie regulowane w zale\u017cno\u015bci od obj\u0119to\u015bci.<\/p>\n<p>W pe\u0142nej wersji wyposa\u017cenia ilo\u015b\u0107 jest regulowana w pe\u0142ni automatycznie w oparciu o wag\u0119. W tym celu wymagane jest urz\u0105dzenie wa\u017c\u0105ce. Regulacja mo\u017ce by\u0107 wykonywana dynamicznie, podczas procesu rozprowadzania lub po wcze\u015bniejszej kalibracji. Ostatnia metoda polecana jest przy minimalnych ilo\u015bciach do rozprowadzenia.<\/p>\n<p>Uk\u0142ad regulacji aplikowanych ilo\u015bci dost\u0119pny jest w trzech wersjach budowy. W po\u0142\u0105czeniu z automatycznym uk\u0142adem regulacji aplikowanych ilo\u015bci za pomoc\u0105 wagi, uk\u0142ad sterowania ISOBUS umo\u017cliwia prac\u0119 z mapami aplikacji, dzi\u0119ki czemu mo\u017cna nawozi\u0107 okre\u015blone obszary.<\/p>\n<\/div>\n<\/div><\/div><\/div><\/div><\/div><\/div><div id=\"pg-154752-7\"  class=\"panel-grid panel-has-style\" ><div class=\"siteorigin-panels-stretch panel-row-style panel-row-style-for-154752-7\" data-stretch-type=\"full\" ><div id=\"pgc-154752-7-0\"  class=\"panel-grid-cell\" ><div id=\"panel-154752-7-0-0\" class=\"so-panel widget widget_sow-editor panel-first-child panel-last-child\" data-index=\"8\" ><div class=\"panel-widget-style panel-widget-style-for-154752-7-0-0\" ><div\n\t\t\t\n\t\t\tclass=\"so-widget-sow-editor so-widget-sow-editor-base\"\n\t\t\t\n\t\t>\n<div class=\"siteorigin-widget-tinymce textwidget\">\n\t<\/div>\n<\/div><\/div><\/div><\/div><\/div><\/div><\/div>","protected":false},"excerpt":{"rendered":"<p>Technika sterowania \/ Precision Farming<\/p>\n","protected":false},"author":1,"featured_media":0,"parent":0,"menu_order":0,"comment_status":"closed","ping_status":"closed","template":"","meta":{"inline_featured_image":false,"footnotes":""},"class_list":["post-154752","page","type-page","status-publish","hentry","post"],"_links":{"self":[{"href":"https:\/\/briri.de\/pl\/wp-json\/wp\/v2\/pages\/154752","targetHints":{"allow":["GET"]}}],"collection":[{"href":"https:\/\/briri.de\/pl\/wp-json\/wp\/v2\/pages"}],"about":[{"href":"https:\/\/briri.de\/pl\/wp-json\/wp\/v2\/types\/page"}],"author":[{"embeddable":true,"href":"https:\/\/briri.de\/pl\/wp-json\/wp\/v2\/users\/1"}],"replies":[{"embeddable":true,"href":"https:\/\/briri.de\/pl\/wp-json\/wp\/v2\/comments?post=154752"}],"version-history":[{"count":0,"href":"https:\/\/briri.de\/pl\/wp-json\/wp\/v2\/pages\/154752\/revisions"}],"wp:attachment":[{"href":"https:\/\/briri.de\/pl\/wp-json\/wp\/v2\/media?parent=154752"}],"curies":[{"name":"wp","href":"https:\/\/api.w.org\/{rel}","templated":true}]}}