{"id":154733,"date":"2025-07-08T07:53:44","date_gmt":"2025-07-08T05:53:44","guid":{"rendered":"https:\/\/briri.de\/?page_id=154733"},"modified":"2025-07-14T12:29:34","modified_gmt":"2025-07-14T10:29:34","slug":"impressum","status":"publish","type":"page","link":"https:\/\/briri.de\/pl\/impressum\/","title":{"rendered":"Impressum"},"content":{"rendered":"<div id=\"pl-154733\"  class=\"panel-layout\" ><div id=\"pg-154733-0\"  class=\"panel-grid panel-has-style\" ><div class=\"siteorigin-panels-stretch panel-row-style panel-row-style-for-154733-0\" data-stretch-type=\"full-width-stretch\" ><div id=\"pgc-154733-0-0\"  class=\"panel-grid-cell\" ><div id=\"panel-154733-0-0-0\" class=\"so-panel widget widget_sow-hero panel-first-child panel-last-child\" data-index=\"0\" ><div\n\t\t\t\n\t\t\tclass=\"so-widget-sow-hero so-widget-sow-hero-default-0827ef5802ee-154733 so-widget-fittext-wrapper\"\n\t\t\t data-fit-text-compressor=\"0.75\"\n\t\t>\t\t\t\t<div class=\"sow-slider-base\" style=\"display: none\" tabindex=\"0\">\n\t\t\t\t\t<ul\n\t\t\t\t\tclass=\"sow-slider-images\"\n\t\t\t\t\tdata-settings=\"{&quot;pagination&quot;:true,&quot;speed&quot;:800,&quot;timeout&quot;:8000,&quot;paused&quot;:false,&quot;pause_on_hover&quot;:false,&quot;swipe&quot;:true,&quot;nav_always_show_desktop&quot;:&quot;&quot;,&quot;nav_always_show_mobile&quot;:&quot;&quot;,&quot;breakpoint&quot;:&quot;780px&quot;,&quot;unmute&quot;:false,&quot;anchor&quot;:null}\"\n\t\t\t\t\tstyle=\"min-height: 800px\"\t\t\t\t\tdata-anchor-id=\"\"\n\t\t\t\t>\t\t<li class=\"sow-slider-image  sow-slider-image-cover\" style=\"visibility: visible;;background-color: #000000\" >\n\t\t\t\t\t<div class=\"sow-slider-image-container\">\n\t\t\t<div class=\"sow-slider-image-wrapper\">\n\t\t\t\t\t\t\t<\/div>\n\t\t<\/div>\n\t\t<div class=\"sow-slider-image-overlay sow-slider-image-cover\" style=\"opacity: 0.87;background-image: url(https:\/\/briri.de\/wp-content\/uploads\/2024\/08\/Briri_Maschinenbau_Bawinkel_Unternehmen_Werksbesichtigung_1.jpg)\"  ><\/div>\t\t<\/li>\n\t\t<\/ul>\t\t\t\t<ol class=\"sow-slider-pagination\">\n\t\t\t\t\t\t\t\t\t\t\t<li><a href=\"#\" data-goto=\"0\" aria-label=\"Display slide 1\"><\/a><\/li>\n\t\t\t\t\t\t\t\t\t<\/ol>\n\n\t\t\t\t<div class=\"sow-slide-nav sow-slide-nav-next\">\n\t\t\t\t\t<a href=\"#\" data-goto=\"next\" aria-label=\"Next slide\" data-action=\"next\">\n\t\t\t\t\t\t<em class=\"sow-sld-icon-thin-right\"><\/em>\n\t\t\t\t\t<\/a>\n\t\t\t\t<\/div>\n\n\t\t\t\t<div class=\"sow-slide-nav sow-slide-nav-prev\">\n\t\t\t\t\t<a href=\"#\" data-goto=\"previous\" aria-label=\"Previous slide\" data-action=\"prev\">\n\t\t\t\t\t\t<em class=\"sow-sld-icon-thin-left\"><\/em>\n\t\t\t\t\t<\/a>\n\t\t\t\t<\/div>\n\t\t\t\t<\/div><\/div><\/div><\/div><\/div><\/div><div id=\"pg-154733-1\"  class=\"panel-grid panel-has-style\" ><div class=\"pr-headline-red siteorigin-panels-stretch panel-row-style panel-row-style-for-154733-1\" data-stretch-type=\"full\" ><div id=\"pgc-154733-1-0\"  class=\"panel-grid-cell\" ><div id=\"panel-154733-1-0-0\" class=\"so-panel widget widget_sow-editor panel-first-child panel-last-child\" data-index=\"1\" ><div class=\"product_headline panel-widget-style panel-widget-style-for-154733-1-0-0\" ><div\n\t\t\t\n\t\t\tclass=\"so-widget-sow-editor so-widget-sow-editor-base\"\n\t\t\t\n\t\t>\n<div class=\"siteorigin-widget-tinymce textwidget\">\n\t<p><a href=\"https:\/\/briri.de\/wp-content\/uploads\/2024\/08\/briri-sil-whitesvg.svg\"><img loading=\"lazy\" decoding=\"async\" class=\"alignnone size-full wp-image-787\" src=\"https:\/\/briri.de\/wp-content\/uploads\/2024\/08\/briri-sil-whitesvg.svg\" alt=\"\" width=\"3144\" height=\"917\" \/><\/a><\/p>\n<\/div>\n<\/div><\/div><\/div><\/div><div id=\"pgc-154733-1-1\"  class=\"panel-grid-cell\" ><div id=\"panel-154733-1-1-0\" class=\"so-panel widget widget_sow-editor panel-first-child panel-last-child\" data-index=\"2\" ><div class=\"product_headline panel-widget-style panel-widget-style-for-154733-1-1-0\" ><div\n\t\t\t\n\t\t\tclass=\"so-widget-sow-editor so-widget-sow-editor-base\"\n\t\t\t\n\t\t>\n<div class=\"siteorigin-widget-tinymce textwidget\">\n\t<h1>Impressum<\/h1>\n<\/div>\n<\/div><\/div><\/div><\/div><\/div><\/div><div id=\"pg-154733-2\"  class=\"panel-grid panel-has-style\" ><div class=\"siteorigin-panels-stretch panel-row-style panel-row-style-for-154733-2\" data-stretch-type=\"full\" ><div id=\"pgc-154733-2-0\"  class=\"panel-grid-cell\" ><div id=\"panel-154733-2-0-0\" class=\"so-panel widget widget_sow-editor panel-first-child panel-last-child\" data-index=\"3\" ><div class=\"contentrow panel-widget-style panel-widget-style-for-154733-2-0-0\" ><div\n\t\t\t\n\t\t\tclass=\"so-widget-sow-editor so-widget-sow-editor-base\"\n\t\t\t\n\t\t>\n<div class=\"siteorigin-widget-tinymce textwidget\">\n\t<h2>Dane zgodne z \u00a7 5 TMG<\/h2>\n<p>BRIRI GmbH Riepenhausen Maschinenbau<br \/>\nM\u00e4ske 4<br \/>\n49844 Bawinkel<\/p>\n<p>Handelsregister: 100257<br \/>\nS\u0105d Rejestrowy: S\u0105d Rejonowy Osnabr\u00fcck<\/p>\n<p><strong>Reprezentacja:<\/strong><br \/>\nMarkus Riepenhausen<\/p>\n<h2>Kontakt<\/h2>\n<p>Telefon: (05963) 9401-0<br \/>\nTelefax: (05963) 1582<br \/>\nE-mail: info@briri.de<\/p>\n<h2>Identyfikator podatku VAT<\/h2>\n<p>Numer identyfikacji podatku obrotowego zgodnie z \u00a7 27 a ustawy o podatku obrotowym:<br \/>\nDE 117336447<\/p>\n<h2>Rozstrzyganie spor\u00f3w konsumenckich \/ uniwersalne centrum arbitra\u017cowe<\/h2>\n<p>Nie jeste\u015bmy sk\u0142onni ani nie jeste\u015bmy zobowi\u0105zani do uczestniczenia w post\u0119powaniu rozstrzygaj\u0105cym spory przed komisj\u0105 arbitra\u017cow\u0105 ds. konsument\u00f3w.<\/p>\n<h2>\u0179r\u00f3d\u0142a zdj\u0119\u0107:<\/h2>\n<p>Hendrik Lenger \/\/ <a href=\"https:\/\/emskopp-digital.com\" target=\"_blank\" rel=\"noopener\">emskopp-digital.com<\/a><br \/>\nBRIRI GmbH<br \/>\nKu\u017ania \/ przedsi\u0119biorstwo, historia: Zdj\u0119cie = <a href=\"https:\/\/pixabay.com\/de\/users\/s-rover-5784636\/?utm_source=link-attribution&amp;utm_medium=referral&amp;utm_campaign=image&amp;utm_content=6963431\">\u0412\u044f\u0447\u0435\u0441\u043b\u0430\u0432<\/a> na <a href=\"https:\/\/pixabay.com\/de\/\/?utm_source=link-attribution&amp;utm_medium=referral&amp;utm_campaign=image&amp;utm_content=6963431\">Pixabay<\/a><\/p>\n<h2>TECHNICZNE OPRACOWYWANIE<\/h2>\n<p>Maik Haring \/ <strong><a href=\"https:\/\/maikharing.com\/\" target=\"_blank\" rel=\"noopener noreferrer\">maikharing.com<\/a><\/strong><\/p>\n<\/div>\n<\/div><\/div><\/div><\/div><\/div><\/div><\/div>","protected":false},"excerpt":{"rendered":"<p>Impressum<\/p>\n","protected":false},"author":1,"featured_media":0,"parent":0,"menu_order":0,"comment_status":"closed","ping_status":"closed","template":"","meta":{"inline_featured_image":false,"footnotes":""},"class_list":["post-154733","page","type-page","status-publish","hentry","post"],"_links":{"self":[{"href":"https:\/\/briri.de\/pl\/wp-json\/wp\/v2\/pages\/154733","targetHints":{"allow":["GET"]}}],"collection":[{"href":"https:\/\/briri.de\/pl\/wp-json\/wp\/v2\/pages"}],"about":[{"href":"https:\/\/briri.de\/pl\/wp-json\/wp\/v2\/types\/page"}],"author":[{"embeddable":true,"href":"https:\/\/briri.de\/pl\/wp-json\/wp\/v2\/users\/1"}],"replies":[{"embeddable":true,"href":"https:\/\/briri.de\/pl\/wp-json\/wp\/v2\/comments?post=154733"}],"version-history":[{"count":0,"href":"https:\/\/briri.de\/pl\/wp-json\/wp\/v2\/pages\/154733\/revisions"}],"wp:attachment":[{"href":"https:\/\/briri.de\/pl\/wp-json\/wp\/v2\/media?parent=154733"}],"curies":[{"name":"wp","href":"https:\/\/api.w.org\/{rel}","templated":true}]}}