{"id":154729,"date":"2025-07-08T13:25:04","date_gmt":"2025-07-08T11:25:04","guid":{"rendered":"https:\/\/briri.de\/?page_id=154729"},"modified":"2025-07-14T12:26:14","modified_gmt":"2025-07-14T10:26:14","slug":"karriere","status":"publish","type":"page","link":"https:\/\/briri.de\/pl\/karriere\/","title":{"rendered":"Karriere"},"content":{"rendered":"<div id=\"pl-154729\"  class=\"panel-layout\" ><div id=\"pg-154729-0\"  class=\"panel-grid panel-has-style\" ><div class=\"siteorigin-panels-stretch panel-row-style panel-row-style-for-154729-0\" data-stretch-type=\"full-width-stretch\" ><div id=\"pgc-154729-0-0\"  class=\"panel-grid-cell\" ><div id=\"panel-154729-0-0-0\" class=\"so-panel widget widget_sow-hero panel-first-child panel-last-child\" data-index=\"0\" ><div\n\t\t\t\n\t\t\tclass=\"so-widget-sow-hero so-widget-sow-hero-default-30e74c897c04-154729 so-widget-fittext-wrapper\"\n\t\t\t data-fit-text-compressor=\"0.75\"\n\t\t>\t\t\t\t<div class=\"sow-slider-base\" style=\"display: none\" tabindex=\"0\">\n\t\t\t\t\t<ul\n\t\t\t\t\tclass=\"sow-slider-images\"\n\t\t\t\t\tdata-settings=\"{&quot;pagination&quot;:true,&quot;speed&quot;:800,&quot;timeout&quot;:8000,&quot;paused&quot;:false,&quot;pause_on_hover&quot;:false,&quot;swipe&quot;:true,&quot;nav_always_show_desktop&quot;:&quot;&quot;,&quot;nav_always_show_mobile&quot;:&quot;&quot;,&quot;breakpoint&quot;:&quot;780px&quot;,&quot;unmute&quot;:false,&quot;anchor&quot;:null}\"\n\t\t\t\t\tstyle=\"min-height: 800px\"\t\t\t\t\tdata-anchor-id=\"\"\n\t\t\t\t>\t\t<li class=\"sow-slider-image  sow-slider-image-cover\" style=\"visibility: visible;;background-color: #000000\" >\n\t\t\t\t\t<div class=\"sow-slider-image-container\">\n\t\t\t<div class=\"sow-slider-image-wrapper\">\n\t\t\t\t\t\t\t<\/div>\n\t\t<\/div>\n\t\t<div class=\"sow-slider-image-overlay sow-slider-image-cover\" style=\"opacity: 0.87;background-image: url(https:\/\/briri.de\/wp-content\/uploads\/2024\/08\/Briri_Maschinenbau_Bawinkel_Unternehmen_Werksbesichtigung_1.jpg)\"  ><\/div>\t\t<\/li>\n\t\t<\/ul>\t\t\t\t<ol class=\"sow-slider-pagination\">\n\t\t\t\t\t\t\t\t\t\t\t<li><a href=\"#\" data-goto=\"0\" aria-label=\"Display slide 1\"><\/a><\/li>\n\t\t\t\t\t\t\t\t\t<\/ol>\n\n\t\t\t\t<div class=\"sow-slide-nav sow-slide-nav-next\">\n\t\t\t\t\t<a href=\"#\" data-goto=\"next\" aria-label=\"Next slide\" data-action=\"next\">\n\t\t\t\t\t\t<em class=\"sow-sld-icon-thin-right\"><\/em>\n\t\t\t\t\t<\/a>\n\t\t\t\t<\/div>\n\n\t\t\t\t<div class=\"sow-slide-nav sow-slide-nav-prev\">\n\t\t\t\t\t<a href=\"#\" data-goto=\"previous\" aria-label=\"Previous slide\" data-action=\"prev\">\n\t\t\t\t\t\t<em class=\"sow-sld-icon-thin-left\"><\/em>\n\t\t\t\t\t<\/a>\n\t\t\t\t<\/div>\n\t\t\t\t<\/div><\/div><\/div><\/div><\/div><\/div><div id=\"pg-154729-1\"  class=\"panel-grid panel-has-style\" ><div class=\"pr-headline-red siteorigin-panels-stretch panel-row-style panel-row-style-for-154729-1\" data-stretch-type=\"full\" ><div id=\"pgc-154729-1-0\"  class=\"panel-grid-cell\" ><div id=\"panel-154729-1-0-0\" class=\"so-panel widget widget_sow-editor panel-first-child panel-last-child\" data-index=\"1\" ><div class=\"product_headline panel-widget-style panel-widget-style-for-154729-1-0-0\" ><div\n\t\t\t\n\t\t\tclass=\"so-widget-sow-editor so-widget-sow-editor-base\"\n\t\t\t\n\t\t>\n<div class=\"siteorigin-widget-tinymce textwidget\">\n\t<p><a href=\"https:\/\/briri.de\/wp-content\/uploads\/2024\/08\/briri-sil-whitesvg.svg\"><img loading=\"lazy\" decoding=\"async\" class=\"alignnone size-full wp-image-787\" src=\"https:\/\/briri.de\/wp-content\/uploads\/2024\/08\/briri-sil-whitesvg.svg\" alt=\"\" width=\"3144\" height=\"917\" \/><\/a><\/p>\n<\/div>\n<\/div><\/div><\/div><\/div><div id=\"pgc-154729-1-1\"  class=\"panel-grid-cell\" ><div id=\"panel-154729-1-1-0\" class=\"so-panel widget widget_sow-editor panel-first-child panel-last-child\" data-index=\"2\" ><div class=\"product_headline panel-widget-style panel-widget-style-for-154729-1-1-0\" ><div\n\t\t\t\n\t\t\tclass=\"so-widget-sow-editor so-widget-sow-editor-base\"\n\t\t\t\n\t\t>\n<div class=\"siteorigin-widget-tinymce textwidget\">\n\t<h1><em>BRIRI<\/em> Kariera | Tradycja & innowacyjno\u015b\u0107<\/h1>\n<\/div>\n<\/div><\/div><\/div><\/div><\/div><\/div><div id=\"pg-154729-2\"  class=\"panel-grid panel-has-style\" ><div class=\"siteorigin-panels-stretch panel-row-style panel-row-style-for-154729-2\" data-stretch-type=\"full\" ><div id=\"pgc-154729-2-0\"  class=\"panel-grid-cell\" ><div id=\"panel-154729-2-0-0\" class=\"so-panel widget widget_sow-editor panel-first-child panel-last-child\" data-index=\"3\" ><div class=\"contentrow panel-widget-style panel-widget-style-for-154729-2-0-0\" ><div\n\t\t\t\n\t\t\tclass=\"so-widget-sow-editor so-widget-sow-editor-base\"\n\t\t\t\n\t\t>\n<div class=\"siteorigin-widget-tinymce textwidget\">\n\t<p>Dzi\u0119ki ponad 100-letniej tradycji przedsi\u0119biorstwa i zarz\u0105dzaniu przez ponad 4 pokolenia, firma <strong>BRIRI<\/strong> jest jednym z <strong>wiod\u0105cych producent\u00f3w<\/strong> w dziedzinie technologii rozlewania gnojowicy, techniki transportowania i rozrzucania obornika. Nasze maszyny s\u0105 wykorzystywane podczas uprawy coraz wi\u0119kszej ilo\u015bci p\u00f3l w ca\u0142ej Europie. Jest to mo\u017cliwe do osi\u0105gni\u0119cia tylko dzi\u0119ki fachowej wiedzy technicznej i innowacyjnym pomys\u0142om, a tak\u017ce najwy\u017cszej jako\u015bci i ci\u0105g\u0142ej gotowo\u015bci naszych pracownik\u00f3w do \u015bwiadczenia us\u0142ug.<\/p>\n<p>Jeste\u015bmy \u015bwiadom\u0105 tradycji i jednocze\u015bnie innowacyjn\u0105 firm\u0105 rodzinn\u0105, kt\u00f3ra wci\u0105\u017c si\u0119 rozwija. Oferujemy zar\u00f3wno pocz\u0105tkuj\u0105cym, jak i do\u015bwiadczonym profesjonalistom interesuj\u0105ce mo\u017cliwo\u015bci rozwoju kariery. Ka\u017cdy wsp\u00f3\u0142pracownik jest cz\u0119\u015bci\u0105 zespo\u0142u BRIRI. Zadowolenie naszych pracownik\u00f3w jest dla nas bardzo wa\u017cne, poniewa\u017c kluczem do naszego sukcesu jeste\u015b Ty, Twoje innowacyjne pomys\u0142y i obszary zastosowania.<\/p>\n<p>Co oferujemy:<\/p>\n<ul>\n<li>Prac\u0119 w nowoczesnym przedsi\u0119biorstwie rodzinnym o przejrzystej hierarchii<\/li>\n<li>Zr\u00f3\u017cnicowan\u0105 i odpowiedzialn\u0105 prac\u0119 w mi\u0119dzynarodowym przedsi\u0119biorstwie<\/li>\n<li>Miejsce pracy w rozwijaj\u0105cym si\u0119 przedsi\u0119biorstwie, zapewniaj\u0105cym perspektywy na przysz\u0142o\u015b\u0107<\/li>\n<li>Wynagrodzenie zgodne z zaanga\u017cowaniem (dostosowane do stawek rynkowych)<\/li>\n<li>Ciekaw\u0105 i odpowiedzialn\u0105 prac\u0119 w zmotywowanym i zaanga\u017cowanym zespole<\/li>\n<li>Elastyczne godziny pracy (na ile to mo\u017cliwe)<\/li>\n<li>Mo\u017cliwo\u015bci dalszego szkolenia i dokszta\u0142cania si\u0119<\/li>\n<li>\u015awiadczenia specjalne takie jak np. leasing e-bike<\/li>\n<\/ul>\n<p>Czy przekonali\u015bmy Pa\u0144stwa do naszej firmy? Zach\u0119camy, aby r\u00f3wnie\u017c kto\u015b z Pa\u0144stwa sta\u0142 si\u0119 cz\u0119\u015bci\u0105 zespo\u0142u i pom\u00f3g\u0142 kontynuowa\u0107 histori\u0119 sukcesu BRIRI. Niezale\u017cnie od tego, czy to w dziale monta\u017cu, czy w administracji, ka\u017cdy z Pa\u0144stwa mo\u017ce podzieli\u0107 si\u0119 z nami swoimi pomys\u0142ami.<\/p>\n<p>BRIRI GmbH<br \/>\nRiepenhausen Maschinenbau<br \/>\nM\u00e4ske 4<br \/>\n49844 Bawinkel<br \/>\nE-mail: bewerbung@briri.de<\/p>\n<\/div>\n<\/div><\/div><\/div><\/div><\/div><\/div><div id=\"pg-154729-3\"  class=\"panel-grid panel-has-style\" ><div class=\"siteorigin-panels-stretch panel-row-style panel-row-style-for-154729-3\" data-stretch-type=\"full\" ><div id=\"pgc-154729-3-0\"  class=\"panel-grid-cell\" ><div id=\"panel-154729-3-0-0\" class=\"so-panel widget widget_sow-editor panel-first-child panel-last-child\" data-index=\"4\" ><div\n\t\t\t\n\t\t\tclass=\"so-widget-sow-editor so-widget-sow-editor-base\"\n\t\t\t\n\t\t>\n<div class=\"siteorigin-widget-tinymce textwidget\">\n\t<\/div>\n<\/div><\/div><\/div><\/div><\/div><div id=\"pg-154729-4\"  class=\"panel-grid panel-has-style\" ><div class=\"siteorigin-panels-stretch panel-row-style panel-row-style-for-154729-4\" data-stretch-type=\"full\" ><div id=\"pgc-154729-4-0\"  class=\"panel-grid-cell\" ><div id=\"panel-154729-4-0-0\" class=\"so-panel widget widget_sow-editor panel-first-child panel-last-child\" data-index=\"5\" ><div class=\"contentrow panel-widget-style panel-widget-style-for-154729-4-0-0\" ><div\n\t\t\t\n\t\t\tclass=\"so-widget-sow-editor so-widget-sow-editor-base\"\n\t\t\t\n\t\t>\n<div class=\"siteorigin-widget-tinymce textwidget\">\n\t<div class=\"flex-shrink-0 flex flex-col relative items-end\">\n<div class=\"pt-0\">\n<div class=\"gizmo-bot-avatar flex h-8 w-8 items-center justify-center overflow-hidden rounded-full\">\n<h2>Oferty pracy<\/h2>\n<p>Czy s\u0105 Pa\u0144stwo zainteresowani prze\u0142omem w <strong>in\u017cynierii rolniczej<\/strong>?\u00a0Firma <strong>BRIRI<\/strong> jest jednym z wiod\u0105cych europejskich producent\u00f3w maszyn rolniczych, zatrudniaj\u0105cym ponad 70 pracownik\u00f3w. Co nas wyr\u00f3\u017cnia? D\u0142ugoterminowe partnerstwo, doradztwo ukierunkowane na us\u0142ugi i wysokie standardy jako\u015bciowe. Zawsze szukamy zmotywowanych pracownik\u00f3w, kt\u00f3rzy chc\u0105 pom\u00f3c w kszta\u0142towaniu rozwoju in\u017cynierii mechanicznej. To nasi pracownicy stanowi\u0105 podstaw\u0119 naszego sukcesu.<\/p>\n<p><strong>Aktualnie szukamy:<\/strong><\/p>\n<\/div>\n<\/div>\n<\/div>\n<\/div>\n<\/div><\/div><\/div><\/div><\/div><\/div><div id=\"pg-154729-5\"  class=\"panel-grid panel-has-style\" ><div class=\"siteorigin-panels-stretch panel-row-style panel-row-style-for-154729-5\" data-stretch-type=\"full\" ><div id=\"pgc-154729-5-0\"  class=\"panel-grid-cell panel-grid-cell-empty\" ><\/div><div id=\"pgc-154729-5-1\"  class=\"panel-grid-cell panel-grid-cell-mobile-last\" ><div id=\"panel-154729-5-1-0\" class=\"so-panel widget widget_sow-editor panel-first-child panel-last-child\" data-index=\"6\" ><div class=\"contentrow panel-widget-style panel-widget-style-for-154729-5-1-0\" ><div\n\t\t\t\n\t\t\tclass=\"so-widget-sow-editor so-widget-sow-editor-base\"\n\t\t\t\n\t\t>\n<div class=\"siteorigin-widget-tinymce textwidget\">\n\t<p><a href=\"https:\/\/briri.de\/wp-content\/uploads\/2025\/03\/Metallbauer-2025.pdf\" target=\"_blank\" rel=\"noopener\"><img loading=\"lazy\" decoding=\"async\" class=\"alignnone size-full wp-image-4253\" src=\"https:\/\/briri.de\/wp-content\/uploads\/2025\/03\/Metallbauer-2025.jpg\" alt=\"\" width=\"595\" height=\"841\" srcset=\"https:\/\/briri.de\/wp-content\/uploads\/2025\/03\/Metallbauer-2025.jpg 595w, https:\/\/briri.de\/wp-content\/uploads\/2025\/03\/Metallbauer-2025-212x300.jpg 212w\" sizes=\"auto, (max-width: 595px) 100vw, 595px\" \/><\/a><\/p>\n<\/div>\n<\/div><\/div><\/div><\/div><div id=\"pgc-154729-5-2\"  class=\"panel-grid-cell panel-grid-cell-empty\" ><\/div><\/div><\/div><div id=\"pg-154729-6\"  class=\"panel-grid panel-has-style\" ><div class=\"siteorigin-panels-stretch panel-row-style panel-row-style-for-154729-6\" data-stretch-type=\"full\" ><div id=\"pgc-154729-6-0\"  class=\"panel-grid-cell\" ><div id=\"panel-154729-6-0-0\" class=\"so-panel widget widget_sow-editor panel-first-child panel-last-child\" data-index=\"7\" ><div\n\t\t\t\n\t\t\tclass=\"so-widget-sow-editor so-widget-sow-editor-base\"\n\t\t\t\n\t\t>\n<div class=\"siteorigin-widget-tinymce textwidget\">\n\t<\/div>\n<\/div><\/div><\/div><\/div><\/div><div id=\"pg-154729-7\"  class=\"panel-grid panel-has-style\" ><div class=\"siteorigin-panels-stretch panel-row-style panel-row-style-for-154729-7\" data-stretch-type=\"full\" ><div id=\"pgc-154729-7-0\"  class=\"panel-grid-cell\" ><div id=\"panel-154729-7-0-0\" class=\"so-panel widget widget_sow-editor panel-first-child panel-last-child\" data-index=\"8\" ><div class=\"contentrow panel-widget-style panel-widget-style-for-154729-7-0-0\" ><div\n\t\t\t\n\t\t\tclass=\"so-widget-sow-editor so-widget-sow-editor-base\"\n\t\t\t\n\t\t>\n<div class=\"siteorigin-widget-tinymce textwidget\">\n\t<h2>Wykszta\u0142cenie | Nauka od podstaw<\/h2>\n<p><img loading=\"lazy\" decoding=\"async\" class=\"size-medium wp-image-918 alignright\" src=\"https:\/\/briri.de\/wp-content\/uploads\/2024\/08\/Briri_Karriere_Ausbildung_Bawinkel-300x169.jpg\" alt=\"\" width=\"300\" height=\"169\" srcset=\"https:\/\/briri.de\/wp-content\/uploads\/2024\/08\/Briri_Karriere_Ausbildung_Bawinkel-300x169.jpg 300w, https:\/\/briri.de\/wp-content\/uploads\/2024\/08\/Briri_Karriere_Ausbildung_Bawinkel-1024x576.jpg 1024w, https:\/\/briri.de\/wp-content\/uploads\/2024\/08\/Briri_Karriere_Ausbildung_Bawinkel-768x432.jpg 768w, https:\/\/briri.de\/wp-content\/uploads\/2024\/08\/Briri_Karriere_Ausbildung_Bawinkel-1536x864.jpg 1536w, https:\/\/briri.de\/wp-content\/uploads\/2024\/08\/Briri_Karriere_Ausbildung_Bawinkel.jpg 1920w\" sizes=\"auto, (max-width: 300px) 100vw, 300px\" \/><\/p>\n<p>Jeste\u015b entuzjast\u0105 zagadnie\u0144, dotycz\u0105cych budowy maszyn i chcesz rozpocz\u0105\u0107 karier\u0119 w tej dziedzinie? Oferujemy mo\u017cliwo\u015b\u0107 zdobywania do\u015bwiadczenia w zawodzie mechatronika maszyn rolniczych i budowlanych, \u015blusarza i specjalisty ds. logistyki magazynowej.<\/p>\n<p>Czego mo\u017cesz si\u0119 spodziewa\u0107? Przedsi\u0119biorstwa, doskonal\u0105cego w wybranej dziedzinie zawodowej, w kt\u00f3rym nie jeste\u015b tylko kolejnym pracownikiem, lecz dzi\u0119ki Tobie mo\u017cemy kszta\u0142towa\u0107 nasz\u0105, wsp\u00f3ln\u0105 przysz\u0142o\u015b\u0107.<\/p>\n<p>Poszukujemy nowych sta\u017cyst\u00f3w, kt\u00f3rzy mog\u0105 rozpocz\u0105\u0107 sw\u00f3j sta\u017c 01.08.2023, w nast\u0119puj\u0105cych zawodach:<\/p>\n<p><strong>Nasz program kszta\u0142cenia:<\/strong><\/p>\n<ul>\n<li>Pracownik wykwalifikowany ds. logistyki<\/li>\n<li>Mechatronik maszyn rolniczych i budowlanych<\/li>\n<li>Pracownik wykwalifikowany, specjalizuj\u0105cy si\u0119 w technologii konstrukcji<\/li>\n<\/ul>\n<p>Prosimy o przes\u0142anie dokument\u00f3w aplikacyjnych na pi\u015bmie lub poczt\u0105 elektroniczn\u0105 wraz z za\u0142\u0105cznikami w formacie PDF na poni\u017cszy adres:\u00a0<a href=\"mailto:bewerbung@briri.de\">bewerbung@briri.de<\/a><\/p>\n<p><strong><em>BRIRI<\/em> GmbH<\/strong><br \/>\nRiepenhausen Maschinenbau<br \/>\nM\u00e4ske 4<br \/>\n49844 Bawinkel<br \/>\nTel.: 05963\/9401-0<\/p>\n<p><strong>Czekamy na Was!<\/strong><\/p>\n<\/div>\n<\/div><\/div><\/div><\/div><\/div><\/div><div id=\"pg-154729-8\"  class=\"panel-grid panel-has-style\" ><div class=\"siteorigin-panels-stretch panel-row-style panel-row-style-for-154729-8\" data-stretch-type=\"full\" ><div id=\"pgc-154729-8-0\"  class=\"panel-grid-cell\" ><div id=\"panel-154729-8-0-0\" class=\"so-panel widget widget_sow-editor panel-first-child panel-last-child\" data-index=\"9\" ><div\n\t\t\t\n\t\t\tclass=\"so-widget-sow-editor so-widget-sow-editor-base\"\n\t\t\t\n\t\t>\n<div class=\"siteorigin-widget-tinymce textwidget\">\n\t<\/div>\n<\/div><\/div><\/div><\/div><\/div><div id=\"pg-154729-9\"  class=\"panel-grid panel-has-style\" ><div class=\"siteorigin-panels-stretch panel-row-style panel-row-style-for-154729-9\" data-stretch-type=\"full\" ><div id=\"pgc-154729-9-0\"  class=\"panel-grid-cell\" ><div id=\"panel-154729-9-0-0\" class=\"so-panel widget widget_sow-editor panel-first-child panel-last-child\" data-index=\"10\" ><div class=\"contentrow panel-widget-style panel-widget-style-for-154729-9-0-0\" ><div\n\t\t\t\n\t\t\tclass=\"so-widget-sow-editor so-widget-sow-editor-base\"\n\t\t\t\n\t\t>\n<div class=\"siteorigin-widget-tinymce textwidget\">\n\t<h2><strong>Praktyka w BRIRI<\/strong><\/h2>\n<p>Niezale\u017cnie od tego, czy jeste\u015b uczniem, czy studentem \u2013 w firmie BRIRI uzyskasz wgl\u0105d w r\u00f3\u017cne obszary zawodowe firmy, dzia\u0142aj\u0105cej na arenie mi\u0119dzynarodowej. Zdob\u0105d\u017a pierwsze praktyczne do\u015bwiadczenie, dowiedz si\u0119, jakie s\u0105 Twoje zainteresowania i mocne strony oraz odgrywaj aktywn\u0105 rol\u0119 w kszta\u0142towaniu firmy.<\/p>\n<h2><strong>Ko\u0144cowe prace dyplomowe w BRIRI<\/strong><\/h2>\n<p>Prace licencjackie i magisterskie \u2013 czy pomy\u015blnie uko\u0144czy\u0142e\u015b ju\u017c studia i zdoby\u0142e\u015b pierwsze praktyczne do\u015bwiadczenie? Jeste\u015b entuzjast\u0105 budowy maszyn i nauczy\u0142e\u015b si\u0119 samodzielnie pracowa\u0107 nad z\u0142o\u017conymi problemami? A teraz chcesz, aby Twoja praca ko\u0144cowa sta\u0142a si\u0119 ukoronowaniem okresu studi\u00f3w? Wspaniale! Firma BRIRI jest idealnym partnerem, kt\u00f3ry pomo\u017ce Ci w osi\u0105gni\u0119ciu tego celu.<\/p>\n<p>Wystarczy z\u0142o\u017cy\u0107 wniosek o sta\u017c na pi\u015bmie lub poczt\u0105 elektroniczn\u0105 na adres <a href=\"mailto:bewerbung@briri.de\"><strong>bewerbung@briri.de<\/strong><\/a><\/p>\n<\/div>\n<\/div><\/div><\/div><\/div><\/div><\/div><\/div>","protected":false},"excerpt":{"rendered":"<p>BRIRI Kariera | Tradycja &#038; innowacyjno\u015b\u0107<\/p>\n","protected":false},"author":1,"featured_media":0,"parent":0,"menu_order":0,"comment_status":"closed","ping_status":"closed","template":"","meta":{"inline_featured_image":false,"footnotes":""},"class_list":["post-154729","page","type-page","status-publish","hentry","post"],"_links":{"self":[{"href":"https:\/\/briri.de\/pl\/wp-json\/wp\/v2\/pages\/154729","targetHints":{"allow":["GET"]}}],"collection":[{"href":"https:\/\/briri.de\/pl\/wp-json\/wp\/v2\/pages"}],"about":[{"href":"https:\/\/briri.de\/pl\/wp-json\/wp\/v2\/types\/page"}],"author":[{"embeddable":true,"href":"https:\/\/briri.de\/pl\/wp-json\/wp\/v2\/users\/1"}],"replies":[{"embeddable":true,"href":"https:\/\/briri.de\/pl\/wp-json\/wp\/v2\/comments?post=154729"}],"version-history":[{"count":0,"href":"https:\/\/briri.de\/pl\/wp-json\/wp\/v2\/pages\/154729\/revisions"}],"wp:attachment":[{"href":"https:\/\/briri.de\/pl\/wp-json\/wp\/v2\/media?parent=154729"}],"curies":[{"name":"wp","href":"https:\/\/api.w.org\/{rel}","templated":true}]}}