{"id":154725,"date":"2025-07-08T13:07:36","date_gmt":"2025-07-08T11:07:36","guid":{"rendered":"https:\/\/briri.de\/?page_id=154725"},"modified":"2025-07-14T12:19:58","modified_gmt":"2025-07-14T10:19:58","slug":"steuerungstechnik-precision-farming","status":"publish","type":"page","link":"https:\/\/briri.de\/pl\/steuerungstechnik-precision-farming\/","title":{"rendered":"Steuerungstechnik \/ Precision Farming"},"content":{"rendered":"<div id=\"pl-154725\"  class=\"panel-layout\" ><div id=\"pg-154725-0\"  class=\"panel-grid panel-has-style\" ><div class=\"siteorigin-panels-stretch panel-row-style panel-row-style-for-154725-0\" data-stretch-type=\"full-width-stretch\" ><div id=\"pgc-154725-0-0\"  class=\"panel-grid-cell\" ><div id=\"panel-154725-0-0-0\" class=\"so-panel widget widget_sow-hero panel-first-child panel-last-child\" data-index=\"0\" ><div\n\t\t\t\n\t\t\tclass=\"so-widget-sow-hero so-widget-sow-hero-default-30e74c897c04-154725 so-widget-fittext-wrapper\"\n\t\t\t data-fit-text-compressor=\"0.75\"\n\t\t>\t\t\t\t<div class=\"sow-slider-base\" style=\"display: none\" tabindex=\"0\">\n\t\t\t\t\t<ul\n\t\t\t\t\tclass=\"sow-slider-images\"\n\t\t\t\t\tdata-settings=\"{&quot;pagination&quot;:true,&quot;speed&quot;:800,&quot;timeout&quot;:8000,&quot;paused&quot;:false,&quot;pause_on_hover&quot;:false,&quot;swipe&quot;:true,&quot;nav_always_show_desktop&quot;:&quot;&quot;,&quot;nav_always_show_mobile&quot;:&quot;&quot;,&quot;breakpoint&quot;:&quot;780px&quot;,&quot;unmute&quot;:false,&quot;anchor&quot;:null}\"\n\t\t\t\t\tstyle=\"min-height: 800px\"\t\t\t\t\tdata-anchor-id=\"\"\n\t\t\t\t>\t\t<li class=\"sow-slider-image  sow-slider-image-cover\" style=\"visibility: visible;;background-color: #000000\" >\n\t\t\t\t\t<div class=\"sow-slider-image-container\">\n\t\t\t<div class=\"sow-slider-image-wrapper\">\n\t\t\t\t\t\t\t<\/div>\n\t\t<\/div>\n\t\t<div class=\"sow-slider-image-overlay sow-slider-image-cover\" style=\"opacity: 0.87;background-image: url(https:\/\/briri.de\/wp-content\/uploads\/2024\/10\/Briri_Maschinenbau_Bawinkel_Guelletechnik_Multi-Line.jpg)\"  ><\/div>\t\t<\/li>\n\t\t<\/ul>\t\t\t\t<ol class=\"sow-slider-pagination\">\n\t\t\t\t\t\t\t\t\t\t\t<li><a href=\"#\" data-goto=\"0\" aria-label=\"Display slide 1\"><\/a><\/li>\n\t\t\t\t\t\t\t\t\t<\/ol>\n\n\t\t\t\t<div class=\"sow-slide-nav sow-slide-nav-next\">\n\t\t\t\t\t<a href=\"#\" data-goto=\"next\" aria-label=\"Next slide\" data-action=\"next\">\n\t\t\t\t\t\t<em class=\"sow-sld-icon-thin-right\"><\/em>\n\t\t\t\t\t<\/a>\n\t\t\t\t<\/div>\n\n\t\t\t\t<div class=\"sow-slide-nav sow-slide-nav-prev\">\n\t\t\t\t\t<a href=\"#\" data-goto=\"previous\" aria-label=\"Previous slide\" data-action=\"prev\">\n\t\t\t\t\t\t<em class=\"sow-sld-icon-thin-left\"><\/em>\n\t\t\t\t\t<\/a>\n\t\t\t\t<\/div>\n\t\t\t\t<\/div><\/div><\/div><\/div><\/div><\/div><div id=\"pg-154725-1\"  class=\"panel-grid panel-has-style\" ><div class=\"pr-headline-red siteorigin-panels-stretch panel-row-style panel-row-style-for-154725-1\" data-stretch-type=\"full\" ><div id=\"pgc-154725-1-0\"  class=\"panel-grid-cell\" ><div id=\"panel-154725-1-0-0\" class=\"so-panel widget widget_sow-editor panel-first-child panel-last-child\" data-index=\"1\" ><div class=\"product_headline panel-widget-style panel-widget-style-for-154725-1-0-0\" ><div\n\t\t\t\n\t\t\tclass=\"so-widget-sow-editor so-widget-sow-editor-base\"\n\t\t\t\n\t\t>\n<div class=\"siteorigin-widget-tinymce textwidget\">\n\t<p><img loading=\"lazy\" decoding=\"async\" class=\"alignnone size-large wp-image-224\" src=\"https:\/\/briri.de\/wp-content\/uploads\/2024\/08\/guelle.svg\" alt=\"\" width=\"1024\" height=\"438\" \/><\/p>\n<\/div>\n<\/div><\/div><\/div><\/div><div id=\"pgc-154725-1-1\"  class=\"panel-grid-cell\" ><div id=\"panel-154725-1-1-0\" class=\"so-panel widget widget_sow-editor panel-first-child panel-last-child\" data-index=\"2\" ><div class=\"product_headline panel-widget-style panel-widget-style-for-154725-1-1-0\" ><div\n\t\t\t\n\t\t\tclass=\"so-widget-sow-editor so-widget-sow-editor-base\"\n\t\t\t\n\t\t>\n<div class=\"siteorigin-widget-tinymce textwidget\">\n\t<h1>Technika sterowania \/ Precision Farming<\/h1>\n<\/div>\n<\/div><\/div><\/div><\/div><\/div><\/div><div id=\"pg-154725-2\"  class=\"panel-grid panel-has-style\" ><div class=\"siteorigin-panels-stretch panel-row-style panel-row-style-for-154725-2\" data-stretch-type=\"full\" ><div id=\"pgc-154725-2-0\"  class=\"panel-grid-cell\" ><div id=\"panel-154725-2-0-0\" class=\"so-panel widget widget_sow-editor panel-first-child panel-last-child\" data-index=\"3\" ><div class=\"contentrow panel-widget-style panel-widget-style-for-154725-2-0-0\" ><div\n\t\t\t\n\t\t\tclass=\"so-widget-sow-editor so-widget-sow-editor-base\"\n\t\t\t\n\t\t>\n<div class=\"siteorigin-widget-tinymce textwidget\">\n\t<h2>BUS \/ ISOBUS Steuerung<\/h2>\n<p>Uk\u0142ad sterowania ISOBUS umo\u017cliwia komunikacj\u0119 mi\u0119dzy ci\u0105gnikiem, wozem asenizacyjnym i narz\u0119dziem, wykraczaj\u0105c\u0105 poza urz\u0105dzenia danego producenta. Ponadto r\u00f3\u017cne systemy zarz\u0105dzania gospodarstwem mog\u0105 by\u0107 wykorzystywane na przyk\u0142ad do przesy\u0142ania informacji z aplikacji. Sterowanie\/obs\u0142uga odbywa si\u0119 za pomoc\u0105 mi\u0119kkiego panelu lub terminali z ekranem dotykowym. Opcjonalnie mo\u017cna wykorzystywa\u0107 tak\u017ce Joystick, dostosowany do system\u00f3w ISOBUS.<\/p>\n<p>Wersje terminali<\/p>\n<p><img loading=\"lazy\" decoding=\"async\" class=\"alignnone size-full wp-image-3936\" src=\"https:\/\/briri.de\/wp-content\/uploads\/2024\/11\/Ohne-Titel-7.jpg\" alt=\"\" width=\"1101\" height=\"291\" srcset=\"https:\/\/briri.de\/wp-content\/uploads\/2024\/11\/Ohne-Titel-7.jpg 1101w, https:\/\/briri.de\/wp-content\/uploads\/2024\/11\/Ohne-Titel-7-300x79.jpg 300w, https:\/\/briri.de\/wp-content\/uploads\/2024\/11\/Ohne-Titel-7-1024x271.jpg 1024w, https:\/\/briri.de\/wp-content\/uploads\/2024\/11\/Ohne-Titel-7-768x203.jpg 768w\" sizes=\"auto, (max-width: 1101px) 100vw, 1101px\" \/><\/p>\n<p><strong>Maska obs\u0142ugi i funkcjonalno\u015b\u0107<\/strong><\/p>\n<p>Wszystkie wozy asenizacyjne mog\u0105 by\u0107 obs\u0142ugiwane przez ISOBUS. (TC-UT) Mo\u017ce to by\u0107 w\u0142asny terminal ci\u0105gnika lub zewn\u0119trzny terminal ISOBUS. Joystick AUX-N (TC-AUX-N) dodatkowo zwi\u0119ksza wygod\u0119 obs\u0142ugi.<\/p>\n<p>Nawo\u017cenie zgodne z mapami aplikacji jest mo\u017cliwe zar\u00f3wno w technologii gnojowicy, jak i rozsiewu (TC-GEO). Zastosowanie czujnika NIR na wozie asenizacyjnym umo\u017cliwia dozowanie nawozu organicznego zgodnie z zawarto\u015bci\u0105 N\/A\/P\/K.<\/p>\n<p>Urz\u0105dzenia do zabudowy, pod\u0142\u0105czone do wozu asenizacyjnego, mog\u0105 by\u0107 sterowane w pe\u0142ni automatycznie przez Sectioncontrol w celu zapobiegania nadmiernemu lub niedostatecznemu nawo\u017ceniu. Dane zlecenia mog\u0105 by\u0107 odbierane przez Agrirouter i wysy\u0142ane z powrotem do biura po przetworzeniu.<\/p>\n<hr \/>\n<h2>Precision Farming<\/h2>\n<p><img loading=\"lazy\" decoding=\"async\" class=\"alignnone size-full wp-image-3937\" src=\"https:\/\/briri.de\/wp-content\/uploads\/2024\/11\/Ohne-Titel-8.jpg\" alt=\"\" width=\"668\" height=\"417\" srcset=\"https:\/\/briri.de\/wp-content\/uploads\/2024\/11\/Ohne-Titel-8.jpg 668w, https:\/\/briri.de\/wp-content\/uploads\/2024\/11\/Ohne-Titel-8-300x187.jpg 300w\" sizes=\"auto, (max-width: 668px) 100vw, 668px\" \/><\/p>\n<hr \/>\n<h2>Czujnik NIR<\/h2>\n<p><img loading=\"lazy\" decoding=\"async\" class=\"alignnone size-full wp-image-3938\" src=\"https:\/\/briri.de\/wp-content\/uploads\/2024\/11\/Ohne-Titel-10.jpg\" alt=\"\" width=\"893\" height=\"261\" srcset=\"https:\/\/briri.de\/wp-content\/uploads\/2024\/11\/Ohne-Titel-10.jpg 893w, https:\/\/briri.de\/wp-content\/uploads\/2024\/11\/Ohne-Titel-10-300x88.jpg 300w, https:\/\/briri.de\/wp-content\/uploads\/2024\/11\/Ohne-Titel-10-768x224.jpg 768w\" sizes=\"auto, (max-width: 893px) 100vw, 893px\" \/><\/p>\n<p>Czujniki bliskiej podczerwieni (czujniki NIR) mog\u0105 w znacznym stopniu u\u0142atwi\u0107 oznaczanie sk\u0142adnik\u00f3w od\u017cywczych w nawozach rolniczych.<\/p>\n<p>Czujniki NIR ustalaj\u0105 sk\u0142adniki w czasie rzeczywistym i umo\u017cliwiaj\u0105 nawo\u017cenie, w zale\u017cno\u015bci od potrzeb, zgodnie z wymogami prawnymi, bior\u0105c pod uwag\u0119 okre\u015blone warto\u015bci docelowe.<\/p>\n<p>Do dyspozycji s\u0105 czujniki NIR firm John Deere i Topcon. Interfejsy obu czujnik\u00f3w s\u0105 zintegrowane z systemem sterowania BRIRI-ISOBUS.<\/p>\n<p><img loading=\"lazy\" decoding=\"async\" class=\"alignnone size-full wp-image-3939\" src=\"https:\/\/briri.de\/wp-content\/uploads\/2024\/11\/Ohne-Titel-11.jpg\" alt=\"\" width=\"591\" height=\"369\" srcset=\"https:\/\/briri.de\/wp-content\/uploads\/2024\/11\/Ohne-Titel-11.jpg 591w, https:\/\/briri.de\/wp-content\/uploads\/2024\/11\/Ohne-Titel-11-300x187.jpg 300w\" sizes=\"auto, (max-width: 591px) 100vw, 591px\" \/><\/p>\n<hr \/>\n<h2>Nawo\u017cenie okre\u015blonych obszar\u00f3w<\/h2>\n<p><img loading=\"lazy\" decoding=\"async\" class=\"alignnone size-full wp-image-3941\" src=\"https:\/\/briri.de\/wp-content\/uploads\/2024\/11\/Ohne-Titel-12.jpg\" alt=\"\" width=\"1279\" height=\"743\" srcset=\"https:\/\/briri.de\/wp-content\/uploads\/2024\/11\/Ohne-Titel-12.jpg 1279w, https:\/\/briri.de\/wp-content\/uploads\/2024\/11\/Ohne-Titel-12-300x174.jpg 300w, https:\/\/briri.de\/wp-content\/uploads\/2024\/11\/Ohne-Titel-12-1024x595.jpg 1024w, https:\/\/briri.de\/wp-content\/uploads\/2024\/11\/Ohne-Titel-12-768x446.jpg 768w\" sizes=\"auto, (max-width: 1279px) 100vw, 1279px\" \/><\/p>\n<p>W po\u0142\u0105czeniu z uk\u0142adem sterowania ISOBUS i powi\u0105zanym systemem aktywacji TC-GEO, mo\u017cliwe jest wdro\u017cenie cz\u0119\u015bciowego nawo\u017cenia, wymaganego dla danego obszaru.<\/p>\n<p>Nawo\u017cenie, specyficzne dla danego obszaru, jest wa\u017cnym elementem rolnictwa precyzyjnego. W tej metodzie nawo\u017cenia uwzgl\u0119dnia si\u0119 r\u00f3\u017cnice, jakie wyst\u0119puj\u0105 w glebie i uwidaczniane s\u0105 we wzro\u015bcie na danym obszarze. Celem jest zastosowanie okre\u015blonych sk\u0142adnik\u00f3w od\u017cywczych we w\u0142a\u015bciwym czasie, we w\u0142a\u015bciwej ilo\u015bci i we w\u0142a\u015bciwym miejscu.<\/p>\n<hr \/>\n<h2>Section Control<\/h2>\n<p>W celu ochrony podobszaru, w obr\u0119bie kt\u00f3rego przebieg wzrostu ro\u015blin jest nier\u00f3wnomierny i zabezpieczenia go przed selektywnym, nadmiernym nawo\u017ceniem stosowana jest automatyczna kontrola Section Control (od\u0142\u0105czanie obszar\u00f3w). Wy\u0142\u0105czenie poszczeg\u00f3lnych segment\u00f3w znacznie zmniejsza nak\u0142adanie si\u0119 powierzchni cz\u0119\u015bciowych. Mo\u017cna pod\u0142\u0105cza\u0107 do 24 sekcji.<\/p>\n<p><img loading=\"lazy\" decoding=\"async\" class=\"alignnone size-full wp-image-3940\" src=\"https:\/\/briri.de\/wp-content\/uploads\/2024\/11\/Ohne-Titel-13.jpg\" alt=\"\" width=\"398\" height=\"300\" srcset=\"https:\/\/briri.de\/wp-content\/uploads\/2024\/11\/Ohne-Titel-13.jpg 398w, https:\/\/briri.de\/wp-content\/uploads\/2024\/11\/Ohne-Titel-13-300x226.jpg 300w\" sizes=\"auto, (max-width: 398px) 100vw, 398px\" \/><\/p>\n<\/div>\n<\/div><\/div><\/div><\/div><\/div><\/div><div id=\"pg-154725-3\"  class=\"panel-grid panel-has-style\" ><div class=\"siteorigin-panels-stretch panel-row-style panel-row-style-for-154725-3\" data-stretch-type=\"full\" ><div id=\"pgc-154725-3-0\"  class=\"panel-grid-cell\" ><div id=\"panel-154725-3-0-0\" class=\"so-panel widget widget_sow-editor panel-first-child panel-last-child\" data-index=\"4\" ><div class=\"panel-widget-style panel-widget-style-for-154725-3-0-0\" ><div\n\t\t\t\n\t\t\tclass=\"so-widget-sow-editor so-widget-sow-editor-base\"\n\t\t\t\n\t\t>\n<div class=\"siteorigin-widget-tinymce textwidget\">\n\t<\/div>\n<\/div><\/div><\/div><\/div><\/div><\/div><\/div>","protected":false},"excerpt":{"rendered":"<p>Technika sterowania \/ Precision Farming<\/p>\n","protected":false},"author":1,"featured_media":0,"parent":0,"menu_order":0,"comment_status":"closed","ping_status":"closed","template":"","meta":{"inline_featured_image":false,"footnotes":""},"class_list":["post-154725","page","type-page","status-publish","hentry","post"],"_links":{"self":[{"href":"https:\/\/briri.de\/pl\/wp-json\/wp\/v2\/pages\/154725","targetHints":{"allow":["GET"]}}],"collection":[{"href":"https:\/\/briri.de\/pl\/wp-json\/wp\/v2\/pages"}],"about":[{"href":"https:\/\/briri.de\/pl\/wp-json\/wp\/v2\/types\/page"}],"author":[{"embeddable":true,"href":"https:\/\/briri.de\/pl\/wp-json\/wp\/v2\/users\/1"}],"replies":[{"embeddable":true,"href":"https:\/\/briri.de\/pl\/wp-json\/wp\/v2\/comments?post=154725"}],"version-history":[{"count":0,"href":"https:\/\/briri.de\/pl\/wp-json\/wp\/v2\/pages\/154725\/revisions"}],"wp:attachment":[{"href":"https:\/\/briri.de\/pl\/wp-json\/wp\/v2\/media?parent=154725"}],"curies":[{"name":"wp","href":"https:\/\/api.w.org\/{rel}","templated":true}]}}