{"id":154721,"date":"2025-07-08T12:47:08","date_gmt":"2025-07-08T10:47:08","guid":{"rendered":"https:\/\/briri.de\/?page_id=154721"},"modified":"2025-07-14T12:14:58","modified_gmt":"2025-07-14T10:14:58","slug":"applikationstechnik","status":"publish","type":"page","link":"https:\/\/briri.de\/pl\/applikationstechnik\/","title":{"rendered":"Applikationstechnik"},"content":{"rendered":"<div id=\"pl-154721\"  class=\"panel-layout\" ><div id=\"pg-154721-0\"  class=\"panel-grid panel-has-style\" ><div class=\"siteorigin-panels-stretch panel-row-style panel-row-style-for-154721-0\" data-stretch-type=\"full-width-stretch\" ><div id=\"pgc-154721-0-0\"  class=\"panel-grid-cell\" ><div id=\"panel-154721-0-0-0\" class=\"so-panel widget widget_sow-hero panel-first-child panel-last-child\" data-index=\"0\" ><div\n\t\t\t\n\t\t\tclass=\"so-widget-sow-hero so-widget-sow-hero-default-30e74c897c04-154721 so-widget-fittext-wrapper\"\n\t\t\t data-fit-text-compressor=\"0.75\"\n\t\t>\t\t\t\t<div class=\"sow-slider-base\" style=\"display: none\" tabindex=\"0\">\n\t\t\t\t\t<ul\n\t\t\t\t\tclass=\"sow-slider-images\"\n\t\t\t\t\tdata-settings=\"{&quot;pagination&quot;:true,&quot;speed&quot;:800,&quot;timeout&quot;:8000,&quot;paused&quot;:false,&quot;pause_on_hover&quot;:false,&quot;swipe&quot;:true,&quot;nav_always_show_desktop&quot;:&quot;&quot;,&quot;nav_always_show_mobile&quot;:&quot;&quot;,&quot;breakpoint&quot;:&quot;780px&quot;,&quot;unmute&quot;:false,&quot;anchor&quot;:null}\"\n\t\t\t\t\tstyle=\"min-height: 800px\"\t\t\t\t\tdata-anchor-id=\"\"\n\t\t\t\t>\t\t<li class=\"sow-slider-image  sow-slider-image-cover\" style=\"visibility: visible;;background-color: #000000\" >\n\t\t\t\t\t<div class=\"sow-slider-image-container\">\n\t\t\t<div class=\"sow-slider-image-wrapper\">\n\t\t\t\t\t\t\t<\/div>\n\t\t<\/div>\n\t\t<div class=\"sow-slider-image-overlay sow-slider-image-cover\" style=\"opacity: 0.87;background-image: url(https:\/\/briri.de\/wp-content\/uploads\/2024\/10\/Briri_Maschinenbau_Bawinkel_Guelletechnik_Multi-Line.jpg)\"  ><\/div>\t\t<\/li>\n\t\t<\/ul>\t\t\t\t<ol class=\"sow-slider-pagination\">\n\t\t\t\t\t\t\t\t\t\t\t<li><a href=\"#\" data-goto=\"0\" aria-label=\"Display slide 1\"><\/a><\/li>\n\t\t\t\t\t\t\t\t\t<\/ol>\n\n\t\t\t\t<div class=\"sow-slide-nav sow-slide-nav-next\">\n\t\t\t\t\t<a href=\"#\" data-goto=\"next\" aria-label=\"Next slide\" data-action=\"next\">\n\t\t\t\t\t\t<em class=\"sow-sld-icon-thin-right\"><\/em>\n\t\t\t\t\t<\/a>\n\t\t\t\t<\/div>\n\n\t\t\t\t<div class=\"sow-slide-nav sow-slide-nav-prev\">\n\t\t\t\t\t<a href=\"#\" data-goto=\"previous\" aria-label=\"Previous slide\" data-action=\"prev\">\n\t\t\t\t\t\t<em class=\"sow-sld-icon-thin-left\"><\/em>\n\t\t\t\t\t<\/a>\n\t\t\t\t<\/div>\n\t\t\t\t<\/div><\/div><\/div><\/div><\/div><\/div><div id=\"pg-154721-1\"  class=\"panel-grid panel-has-style\" ><div class=\"pr-headline-red siteorigin-panels-stretch panel-row-style panel-row-style-for-154721-1\" data-stretch-type=\"full\" ><div id=\"pgc-154721-1-0\"  class=\"panel-grid-cell\" ><div id=\"panel-154721-1-0-0\" class=\"so-panel widget widget_sow-editor panel-first-child panel-last-child\" data-index=\"1\" ><div class=\"product_headline panel-widget-style panel-widget-style-for-154721-1-0-0\" ><div\n\t\t\t\n\t\t\tclass=\"so-widget-sow-editor so-widget-sow-editor-base\"\n\t\t\t\n\t\t>\n<div class=\"siteorigin-widget-tinymce textwidget\">\n\t<p><img loading=\"lazy\" decoding=\"async\" class=\"alignnone size-large wp-image-224\" src=\"https:\/\/briri.de\/wp-content\/uploads\/2024\/08\/guelle.svg\" alt=\"\" width=\"1024\" height=\"438\" \/><\/p>\n<\/div>\n<\/div><\/div><\/div><\/div><div id=\"pgc-154721-1-1\"  class=\"panel-grid-cell\" ><div id=\"panel-154721-1-1-0\" class=\"so-panel widget widget_sow-editor panel-first-child panel-last-child\" data-index=\"2\" ><div class=\"product_headline panel-widget-style panel-widget-style-for-154721-1-1-0\" ><div\n\t\t\t\n\t\t\tclass=\"so-widget-sow-editor so-widget-sow-editor-base\"\n\t\t\t\n\t\t>\n<div class=\"siteorigin-widget-tinymce textwidget\">\n\t<h1>Technika aplikacji | Precyzyjne rozprowadzanie gnojowicy<\/h1>\n<\/div>\n<\/div><\/div><\/div><\/div><\/div><\/div><div id=\"pg-154721-2\"  class=\"panel-grid panel-has-style\" ><div class=\"siteorigin-panels-stretch panel-row-style panel-row-style-for-154721-2\" data-stretch-type=\"full\" ><div id=\"pgc-154721-2-0\"  class=\"panel-grid-cell\" ><div id=\"panel-154721-2-0-0\" class=\"so-panel widget widget_sow-editor panel-first-child panel-last-child\" data-index=\"3\" ><div class=\"contentrow panel-widget-style panel-widget-style-for-154721-2-0-0\" ><div\n\t\t\t\n\t\t\tclass=\"so-widget-sow-editor so-widget-sow-editor-base\"\n\t\t\t\n\t\t>\n<div class=\"siteorigin-widget-tinymce textwidget\">\n\t<p>W obecnych czasach konieczne jest przestrzeganie zasad, dotycz\u0105cych precyzyjnego, niskoemisyjnego rozprowadzania nawoz\u00f3w rolniczych, pozwalaj\u0105ce na zredukowanie strat do minimum. Obowi\u0105zuje zasada zgodnie z kt\u00f3r\u0105 gnojowic\u0119 nale\u017cy rozprowadza\u0107 blisko pod\u0142o\u017ca lub wprowadza\u0107 bezpo\u015brednio do gleby. W tym miejscu do gry wkracza precyzyjna technika aplikacji, kt\u00f3r\u0105 mo\u017cna dostosowywa\u0107 zgodnie z wymaganiami. We wsp\u00f3\u0142pracy z producentami, specjalizuj\u0105cymi si\u0119 w opracowywaniu wysoce wydajnych urz\u0105dze\u0144 do rozlewania, firma BRIRI oferuje ca\u0142\u0105 gam\u0119 urz\u0105dze\u0144 do rozlewania gnojowicy, zapewniaj\u0105cych zachowanie sk\u0142adnik\u00f3w od\u017cywczych, przyjaznych dla gleby.<\/p>\n<p>Naszymi partnerami w tym zakresie s\u0105 m.in:<\/p>\n<\/div>\n<\/div><\/div><\/div><\/div><\/div><\/div><div id=\"pg-154721-3\"  class=\"panel-grid panel-has-style\" ><div class=\"siteorigin-panels-stretch panel-row-style panel-row-style-for-154721-3\" data-stretch-type=\"full\" ><div id=\"pgc-154721-3-0\"  class=\"panel-grid-cell panel-grid-cell-empty\" ><\/div><\/div><\/div><div id=\"pg-154721-4\"  class=\"panel-grid panel-has-style\" ><div class=\"siteorigin-panels-stretch panel-row-style panel-row-style-for-154721-4\" data-stretch-type=\"full\" ><div id=\"pgc-154721-4-0\"  class=\"panel-grid-cell\" ><div id=\"panel-154721-4-0-0\" class=\"so-panel widget widget_sow-editor panel-first-child panel-last-child\" data-index=\"4\" ><div class=\"contentrow panel-widget-style panel-widget-style-for-154721-4-0-0\" ><div\n\t\t\t\n\t\t\tclass=\"so-widget-sow-editor so-widget-sow-editor-base\"\n\t\t\t\n\t\t>\n<div class=\"siteorigin-widget-tinymce textwidget\">\n\t<p>Vogelsang | W\u0105\u017c wleczony i system but\u00f3w wleczonych<\/p>\n<h2><a href=\"https:\/\/www.vogelsang.info\/de\/produkte\/ausbringtechnik\/schleppschlauchgestaenge\/\" target=\"_blank\" rel=\"noopener\">Vogelsang | Schleppschlauch und -schuhgest\u00e4nge<\/a><\/h2>\n<p><a href=\"https:\/\/www.vogelsang.info\/de\/produkte\/ausbringtechnik\/schleppschlauchgestaenge\/\" target=\"_blank\" rel=\"noopener\"><img loading=\"lazy\" decoding=\"async\" class=\"alignright wp-image-3721\" src=\"https:\/\/briri.de\/wp-content\/uploads\/2024\/10\/Briri_schleppschlauchgestaenge_vogelsang.jpg\" alt=\"\" width=\"450\" height=\"253\" srcset=\"https:\/\/briri.de\/wp-content\/uploads\/2024\/10\/Briri_schleppschlauchgestaenge_vogelsang.jpg 1920w, https:\/\/briri.de\/wp-content\/uploads\/2024\/10\/Briri_schleppschlauchgestaenge_vogelsang-300x169.jpg 300w, https:\/\/briri.de\/wp-content\/uploads\/2024\/10\/Briri_schleppschlauchgestaenge_vogelsang-1024x576.jpg 1024w, https:\/\/briri.de\/wp-content\/uploads\/2024\/10\/Briri_schleppschlauchgestaenge_vogelsang-768x432.jpg 768w, https:\/\/briri.de\/wp-content\/uploads\/2024\/10\/Briri_schleppschlauchgestaenge_vogelsang-1536x864.jpg 1536w\" sizes=\"auto, (max-width: 450px) 100vw, 450px\" \/><\/a><\/p>\n<p>Systemy but\u00f3w wleczonych rozprowadzaj\u0105 gnojowic\u0119 z najwy\u017csz\u0105 dok\u0142adno\u015bci\u0105 i zapewniaj\u0105 optymaln\u0105 retencj\u0119 sk\u0142adnik\u00f3w od\u017cywczych. Rozprowadzanie gnojowicy blisko ziemi, bez oddzia\u0142ywania wiatru, oznacza, \u017ce znacznie wi\u0119ksza cz\u0119\u015b\u0107 zawartych w niej sk\u0142adnik\u00f3w od\u017cywczych dociera do ro\u015blin. W por\u00f3wnaniu z systemem szerokiego rozprowadzania, emisje sk\u0142adnik\u00f3w od\u017cywczych s\u0105 znacznie zmniejszone i wymagana jest mniejsza ilo\u015b\u0107 nawoz\u00f3w mineralnych.<\/p>\n<p>W celu dalszego obni\u017cenia koszt\u00f3w eksploatacyjnych, firma Vogelsang opracowa\u0142a szeroko\u015bci robocze do 36 metr\u00f3w, wykorzystywane do precyzyjnego rozlewania gnojowicy i zastosowa\u0142a takie systemy w wysi\u0119gnikach SwingMax, SwingUp i UniSpread. Dzi\u0119ki precyzyjnemu rozprowadzaniu, oferowanemu w niniejszym systemie, automatycznie wspomagane jest r\u00f3wnomierne kie\u0142kowanie i r\u00f3wnomierny czas dojrzewania ro\u015blin.<\/p>\n<p>But wleczony w wysi\u0119gnikach BlackBird, SwingUp Slide i SwingMax Slide rozdziela ro\u015bliny podczas procesu rozsiewania i efektywnie rozprowadza gnojowic\u0119 na ziemi.<\/p>\n<p>Opisane systemy, oferowane przez firm\u0119 Vogelsang, mog\u0105 by\u0107 montowane we wszystkich wozach asenizacyjnych BRIRI, niezale\u017cnie od rozmiaru zbiornika, opon lub systemu pomp.<\/p>\n<p><strong>Link: <\/strong><a href=\"https:\/\/www.vogelsang.info\/de\/produkte\/ausbringtechnik\/schleppschlauchgestaenge\/\" target=\"_blank\" rel=\"noopener\">Vogelsang Website<\/a><\/p>\n<\/div>\n<\/div><\/div><\/div><\/div><\/div><\/div><div id=\"pg-154721-5\"  class=\"panel-grid panel-has-style\" ><div class=\"siteorigin-panels-stretch panel-row-style panel-row-style-for-154721-5\" data-stretch-type=\"full\" ><div id=\"pgc-154721-5-0\"  class=\"panel-grid-cell panel-grid-cell-empty\" ><\/div><\/div><\/div><div id=\"pg-154721-6\"  class=\"panel-grid panel-has-style\" ><div class=\"siteorigin-panels-stretch panel-row-style panel-row-style-for-154721-6\" data-stretch-type=\"full\" ><div id=\"pgc-154721-6-0\"  class=\"panel-grid-cell\" ><div id=\"panel-154721-6-0-0\" class=\"so-panel widget widget_sow-editor panel-first-child panel-last-child\" data-index=\"5\" ><div class=\"contentrow panel-widget-style panel-widget-style-for-154721-6-0-0\" ><div\n\t\t\t\n\t\t\tclass=\"so-widget-sow-editor so-widget-sow-editor-base\"\n\t\t\t\n\t\t>\n<div class=\"siteorigin-widget-tinymce textwidget\">\n\t<h2><a href=\"https:\/\/www.bomech.de\/produkte\/\" target=\"_blank\" rel=\"noopener\">Bomech | System but\u00f3w wleczonych<\/a><\/h2>\n<p><a href=\"https:\/\/www.bomech.de\/produkte\/\" target=\"_blank\" rel=\"noopener\"><img loading=\"lazy\" decoding=\"async\" class=\"alignright wp-image-3722\" src=\"https:\/\/briri.de\/wp-content\/uploads\/2024\/10\/Briri_Bomech_Schleppschuhgestaenge_Slider-1024x576.jpg\" alt=\"\" width=\"450\" height=\"253\" srcset=\"https:\/\/briri.de\/wp-content\/uploads\/2024\/10\/Briri_Bomech_Schleppschuhgestaenge_Slider-1024x576.jpg 1024w, https:\/\/briri.de\/wp-content\/uploads\/2024\/10\/Briri_Bomech_Schleppschuhgestaenge_Slider-300x169.jpg 300w, https:\/\/briri.de\/wp-content\/uploads\/2024\/10\/Briri_Bomech_Schleppschuhgestaenge_Slider-768x432.jpg 768w, https:\/\/briri.de\/wp-content\/uploads\/2024\/10\/Briri_Bomech_Schleppschuhgestaenge_Slider-1536x864.jpg 1536w, https:\/\/briri.de\/wp-content\/uploads\/2024\/10\/Briri_Bomech_Schleppschuhgestaenge_Slider.jpg 1920w\" sizes=\"auto, (max-width: 450px) 100vw, 450px\" \/><\/a><\/p>\n<p>System but\u00f3w wleczonych zapewnia optymalne rozprowadzanie gnojowicy na u\u017cytkach zielonych, w zbo\u017cach i na gruntach ornych. Uprawy s\u0105 rozdzielane, a gnojowica jest wylewana bezpo\u015brednio na ziemi\u0119. Dzi\u0119ki tej technice mo\u017cliwe jest poch\u0142anianie przez ro\u015bliny sk\u0142adnik\u00f3w od\u017cywczych bezpo\u015brednio poprzez gleb\u0119. Dodatkowo metoda ta zapobiega zanieczyszczaniu li\u015bci.<\/p>\n<p>Specjalnie wyprofilowany but wleczony Bomech jest r\u00f3wnie\u017c znany jako but szczelinowy lub stopa szczelinowa. Produkt ten wykonany jest z hartowanej stali i mo\u017ce mie\u0107 szeroko\u015b\u0107 rozprowadzania do 30 metr\u00f3w. R\u00f3\u017cne typy rozrzutnik\u00f3w z systemem but\u00f3w wleczonych, takie jak Speedy, Farmer lub Multi, umo\u017cliwiaj\u0105 optymalne rozprowadzanie gnojowicy nawet w najtrudniejszych warunk\u00f3w terenowych. Te precyzyjne rozrzutniki s\u0105 cenione za bardzo dok\u0142adne rozprowadzanie gnojowicy, d\u0142ugi okres eksploatacji i umo\u017cliwiaj\u0105 rozprowadzanie zar\u00f3wno ma\u0142ych, jak i bardzo du\u017cych ilo\u015bci gnojowicy.<\/p>\n<p>Systemy but\u00f3w wleczonych, oferowane przez firm\u0119 B.V., mog\u0105 by\u0107 montowane we wszystkich wozach asenizacyjnych BRIRI, niezale\u017cnie od rozmiaru zbiornika, opon lub systemu pomp.<\/p>\n<p><strong>Link:<\/strong> <a href=\"https:\/\/www.bomech.de\/produkte\/\" target=\"_blank\" rel=\"noopener\">Bomech Website<\/a><\/p>\n<\/div>\n<\/div><\/div><\/div><\/div><\/div><\/div><div id=\"pg-154721-7\"  class=\"panel-grid panel-has-style\" ><div class=\"siteorigin-panels-stretch panel-row-style panel-row-style-for-154721-7\" data-stretch-type=\"full\" ><div id=\"pgc-154721-7-0\"  class=\"panel-grid-cell panel-grid-cell-empty\" ><\/div><\/div><\/div><div id=\"pg-154721-8\"  class=\"panel-grid panel-has-style\" ><div class=\"siteorigin-panels-stretch panel-row-style panel-row-style-for-154721-8\" data-stretch-type=\"full\" ><div id=\"pgc-154721-8-0\"  class=\"panel-grid-cell\" ><div id=\"panel-154721-8-0-0\" class=\"so-panel widget widget_sow-editor panel-first-child panel-last-child\" data-index=\"6\" ><div class=\"contentrow panel-widget-style panel-widget-style-for-154721-8-0-0\" ><div\n\t\t\t\n\t\t\tclass=\"so-widget-sow-editor so-widget-sow-editor-base\"\n\t\t\t\n\t\t>\n<div class=\"siteorigin-widget-tinymce textwidget\">\n\t<h2><a href=\"https:\/\/www.duportmaschinen.de\/\" target=\"_blank\" rel=\"noopener\">Duport | Urz\u0105dzenie tarczowo-szczelinowe<\/a><\/h2>\n<p><a href=\"https:\/\/www.duportmaschinen.de\/\" target=\"_blank\" rel=\"noopener\"><img loading=\"lazy\" decoding=\"async\" class=\"alignright wp-image-3723\" src=\"https:\/\/briri.de\/wp-content\/uploads\/2024\/10\/Briri_Duport-Schlitzgeraet_Slider-1024x576.jpg\" alt=\"\" width=\"450\" height=\"253\" srcset=\"https:\/\/briri.de\/wp-content\/uploads\/2024\/10\/Briri_Duport-Schlitzgeraet_Slider-1024x576.jpg 1024w, https:\/\/briri.de\/wp-content\/uploads\/2024\/10\/Briri_Duport-Schlitzgeraet_Slider-300x169.jpg 300w, https:\/\/briri.de\/wp-content\/uploads\/2024\/10\/Briri_Duport-Schlitzgeraet_Slider-768x432.jpg 768w, https:\/\/briri.de\/wp-content\/uploads\/2024\/10\/Briri_Duport-Schlitzgeraet_Slider-1536x864.jpg 1536w, https:\/\/briri.de\/wp-content\/uploads\/2024\/10\/Briri_Duport-Schlitzgeraet_Slider.jpg 1920w\" sizes=\"auto, (max-width: 450px) 100vw, 450px\" \/><\/a><\/p>\n<p>Rozlewacze, takie jak rozlewacz tarczowo-szczelinowy, wytwarzaj\u0105 najni\u017csze emisje i zapewniaj\u0105 niskie straty oraz przyjazne dla gleby rozprowadzanie gnojowicy. Przeznaczone s\u0105 w szczeg\u00f3lno\u015bci do lekkich i piaskowych gleb.<\/p>\n<p>W\u015br\u00f3d asortymentu firmy Duport znajduj\u0105 si\u0119 takie urz\u0105dzenia jak All Track Farmer, All Track i All Track Twin, przeznaczone dla du\u017cych gospodarstw rolnych i wykonawc\u00f3w. Zapewniaj\u0105 one optymalne rozlewanie gnojowicy w szerokim zakresie warunk\u00f3w glebowych.<\/p>\n<p>Rozlewacze gnojowicy firmy Duport mog\u0105 by\u0107 montowane we wszystkich zbiornikach gnojowicy BRIRI, niezale\u017cnie od wielko\u015bci zbiornika.<\/p>\n<p><strong>Link:<\/strong> <a href=\"https:\/\/www.duportmaschinen.de\/\" target=\"_blank\" rel=\"noopener\">Duport Webseite<\/a><\/p>\n<p>&nbsp;<\/p>\n<\/div>\n<\/div><\/div><\/div><\/div><\/div><\/div><div id=\"pg-154721-9\"  class=\"panel-grid panel-has-style\" ><div class=\"siteorigin-panels-stretch panel-row-style panel-row-style-for-154721-9\" data-stretch-type=\"full\" ><div id=\"pgc-154721-9-0\"  class=\"panel-grid-cell panel-grid-cell-empty\" ><\/div><\/div><\/div><div id=\"pg-154721-10\"  class=\"panel-grid panel-has-style\" ><div class=\"siteorigin-panels-stretch panel-row-style panel-row-style-for-154721-10\" data-stretch-type=\"full\" ><div id=\"pgc-154721-10-0\"  class=\"panel-grid-cell\" ><div id=\"panel-154721-10-0-0\" class=\"so-panel widget widget_sow-editor panel-first-child panel-last-child\" data-index=\"7\" ><div class=\"contentrow panel-widget-style panel-widget-style-for-154721-10-0-0\" ><div\n\t\t\t\n\t\t\tclass=\"so-widget-sow-editor so-widget-sow-editor-base\"\n\t\t\t\n\t\t>\n<div class=\"siteorigin-widget-tinymce textwidget\">\n\t<h2><a href=\"https:\/\/www.eversagro.de\/\" target=\"_blank\" rel=\"noopener\">Evers Agro | Strip-Till<\/a><\/h2>\n<p><a href=\"https:\/\/www.eversagro.de\/\" target=\"_blank\" rel=\"noopener\"><img loading=\"lazy\" decoding=\"async\" class=\"alignright wp-image-3724\" src=\"https:\/\/briri.de\/wp-content\/uploads\/2024\/10\/Briri_Evers_Strip_Till_geraet-1024x576.jpg\" alt=\"\" width=\"450\" height=\"253\" srcset=\"https:\/\/briri.de\/wp-content\/uploads\/2024\/10\/Briri_Evers_Strip_Till_geraet-1024x576.jpg 1024w, https:\/\/briri.de\/wp-content\/uploads\/2024\/10\/Briri_Evers_Strip_Till_geraet-300x169.jpg 300w, https:\/\/briri.de\/wp-content\/uploads\/2024\/10\/Briri_Evers_Strip_Till_geraet-768x432.jpg 768w, https:\/\/briri.de\/wp-content\/uploads\/2024\/10\/Briri_Evers_Strip_Till_geraet-1536x864.jpg 1536w, https:\/\/briri.de\/wp-content\/uploads\/2024\/10\/Briri_Evers_Strip_Till_geraet.jpg 1920w\" sizes=\"auto, (max-width: 450px) 100vw, 450px\" \/><\/a><\/p>\n<p>Metoda Strip-Till \u0142\u0105czy w sobie zalety konwencjonalnej uprawy gleby z zaletami siewu bezpo\u015bredniego, uwzgl\u0119dniaj\u0105cego ochron\u0119 pod\u0142o\u017ca. Gleba nie jest spulchniana na ca\u0142ym obszarze, lecz tylko pasma dla p\u00f3\u017aniejszych nasion i ro\u015blin s\u0105 przygotowywane za pomoc\u0105 narz\u0119dzi spulchniaj\u0105cych. Oznacza to, \u017ce dwie trzecie powierzchni gruntu pozostaje nieobrobione. Bezpo\u015brednie wprowadzanie nawozu do obszaru korzeni znacznie poprawia dost\u0119pno\u015b\u0107 sk\u0142adnik\u00f3w od\u017cywczych, a woda mo\u017ce by\u0107 lepiej magazynowana. Dzi\u0119ki temu d\u0142ugie okresy upa\u0142\u00f3w i suszy mog\u0105 by\u0107 zatem w przysz\u0142o\u015bci coraz skuteczniej niwelowane.<\/p>\n<p>Firma Evers Agro, prezentuj\u0105c sw\u00f3j rozlewacz rz\u0119dowy, typu Quarter, oferuje mo\u017cliwo\u015b\u0107 zaoszcz\u0119dzenia jednego cyklu roboczego podczas uprawy gleby. Podczas procesu nawo\u017cenia dar\u0144 pozostaje w du\u017cej mierze nienaruszona, co zmniejsza inwazj\u0119 chwast\u00f3w i pozwala ro\u015blinom na optymalne wykorzystanie nawozu. Ponadto \u017cycie w glebie pozostaje zachowane i utrzymywana jest wydajno\u015b\u0107 gleby w okresie jesiennym i wiosennym.<\/p>\n<p>Urz\u0105dzenia Strip-Till firmy Evers Agro mog\u0105 by\u0107 montowane we wszystkich zbiornikach gnojowicy BRIRI, niezale\u017cnie od wielko\u015bci zasobnika.<\/p>\n<p><strong>Link:<\/strong> <a href=\"https:\/\/www.eversagro.de\/\" target=\"_blank\" rel=\"noopener\">Evers Agro Webseite<\/a><\/p>\n<\/div>\n<\/div><\/div><\/div><\/div><\/div><\/div><div id=\"pg-154721-11\"  class=\"panel-grid panel-has-style\" ><div class=\"siteorigin-panels-stretch panel-row-style panel-row-style-for-154721-11\" data-stretch-type=\"full\" ><div id=\"pgc-154721-11-0\"  class=\"panel-grid-cell panel-grid-cell-empty\" ><\/div><\/div><\/div><div id=\"pg-154721-12\"  class=\"panel-grid panel-has-style\" ><div class=\"siteorigin-panels-stretch panel-row-style panel-row-style-for-154721-12\" data-stretch-type=\"full\" ><div id=\"pgc-154721-12-0\"  class=\"panel-grid-cell\" ><div id=\"panel-154721-12-0-0\" class=\"so-panel widget widget_sow-editor panel-first-child panel-last-child\" data-index=\"8\" ><div class=\"contentrow panel-widget-style panel-widget-style-for-154721-12-0-0\" ><div\n\t\t\t\n\t\t\tclass=\"so-widget-sow-editor so-widget-sow-editor-base\"\n\t\t\t\n\t\t>\n<div class=\"siteorigin-widget-tinymce textwidget\">\n\t<h2><a href=\"http:\/\/www.agrartechnik-meyer.de\/\" target=\"_blank\" rel=\"noopener\">Meyer | Spulchniacz i brona talerzowa<\/a><\/h2>\n<p><a href=\"http:\/\/www.agrartechnik-meyer.de\/\" target=\"_blank\" rel=\"noopener\"><img loading=\"lazy\" decoding=\"async\" class=\"alignright wp-image-3725\" src=\"https:\/\/briri.de\/wp-content\/uploads\/2024\/10\/Briri_EversAgro_Grubber_Slider-1024x576.jpg\" alt=\"\" width=\"450\" height=\"253\" srcset=\"https:\/\/briri.de\/wp-content\/uploads\/2024\/10\/Briri_EversAgro_Grubber_Slider-1024x576.jpg 1024w, https:\/\/briri.de\/wp-content\/uploads\/2024\/10\/Briri_EversAgro_Grubber_Slider-300x169.jpg 300w, https:\/\/briri.de\/wp-content\/uploads\/2024\/10\/Briri_EversAgro_Grubber_Slider-768x432.jpg 768w, https:\/\/briri.de\/wp-content\/uploads\/2024\/10\/Briri_EversAgro_Grubber_Slider-1536x864.jpg 1536w, https:\/\/briri.de\/wp-content\/uploads\/2024\/10\/Briri_EversAgro_Grubber_Slider.jpg 1920w\" sizes=\"auto, (max-width: 450px) 100vw, 450px\" \/><\/a><\/p>\n<p>Spulchniacz mo\u017ce by\u0107 u\u017cywany jako urz\u0105dzenie wielofunkcyjne przy realizacji wielu zada\u0144. Zar\u00f3wno na ci\u0119\u017ckich, jak i lekkich glebach lub na obszarach trudnych do uprawy. Zag\u0119szczaniu gleby zapobiegaj\u0105 du\u017ce, sztywne z\u0119by, dzi\u0119ki czemu cz\u0119\u015bci pola, kt\u00f3re s\u0105 trudne do uprawy, takie jak przyk\u0142adowo uwrocia, mog\u0105 by\u0107 obrabiane na g\u0142\u0119boko\u015b\u0107. W rezultacie powstaje zdrowa, przepuszczalna dla wody i dobrze ukorzeniona gleba.<\/p>\n<p>Brona talerzowa to technologia aplikacji, kt\u00f3ra jest odpowiednia dla wszystkich rodzaj\u00f3w gleby, zw\u0142aszcza do pe\u0142nej uprawy \u015bcierniska. Zapewnia powstanie dobrego pod\u0142o\u017ca do kie\u0142kowania, szybki proces rozk\u0142adu i optymalne rozdrobnienie gleby.<\/p>\n<p>Nasi partnerzy, firmy Agrarservice Meyer i Evers Agro, oferuj\u0105 r\u00f3\u017cne rodzaje spulchniaczy i bron talerzowych do zr\u00f3wnowa\u017conej uprawy gleby. Od kompaktowej brony talerzowej po kultywator \u015bcierniskowy, mo\u017cna wybra\u0107 odpowiedni\u0105 technologi\u0119 wysiewu dla ka\u017cdych wymaga\u0144.<\/p>\n<p>Spulchniacze i brony talerzowe mog\u0105 by\u0107 montowane we wszystkich zbiornikach gnojowicy BRIRI, niezale\u017cnie od wielko\u015bci zasobnika.<\/p>\n<p><strong>Linki:<\/strong><\/p>\n<ul>\n<li><a href=\"https:\/\/eversagro.de\/Landmaschinen\/Ackerlandinjektoren\/\" target=\"_blank\" rel=\"noopener\">Evers Agro Webseite<\/a><\/li>\n<li><a href=\"http:\/\/www.agrartechnik-meyer.de\/\" target=\"_blank\" rel=\"noopener\">Agrartechnik Meyer Webseite<\/a><\/li>\n<\/ul>\n<p>&nbsp;<\/p>\n<\/div>\n<\/div><\/div><\/div><\/div><\/div><\/div><div id=\"pg-154721-13\"  class=\"panel-grid panel-has-style\" ><div class=\"siteorigin-panels-stretch panel-row-style panel-row-style-for-154721-13\" data-stretch-type=\"full\" ><div id=\"pgc-154721-13-0\"  class=\"panel-grid-cell panel-grid-cell-empty\" ><\/div><\/div><\/div><div id=\"pg-154721-14\"  class=\"panel-grid panel-has-style\" ><div class=\"siteorigin-panels-stretch panel-row-style panel-row-style-for-154721-14\" data-stretch-type=\"full\" ><div id=\"pgc-154721-14-0\"  class=\"panel-grid-cell\" ><div id=\"panel-154721-14-0-0\" class=\"so-panel widget widget_sow-editor panel-first-child panel-last-child\" data-index=\"9\" ><div class=\"contentrow panel-widget-style panel-widget-style-for-154721-14-0-0\" ><div\n\t\t\t\n\t\t\tclass=\"so-widget-sow-editor so-widget-sow-editor-base\"\n\t\t\t\n\t\t>\n<div class=\"siteorigin-widget-tinymce textwidget\">\n\t<h2>BRIRI | P\u0142yta rozpryskuj\u0105ca<\/h2>\n<p><img loading=\"lazy\" decoding=\"async\" class=\"alignright wp-image-3726\" src=\"https:\/\/briri.de\/wp-content\/uploads\/2024\/10\/Briri_Prallteller_Slider-1024x576.jpg\" alt=\"\" width=\"450\" height=\"253\" srcset=\"https:\/\/briri.de\/wp-content\/uploads\/2024\/10\/Briri_Prallteller_Slider-1024x576.jpg 1024w, https:\/\/briri.de\/wp-content\/uploads\/2024\/10\/Briri_Prallteller_Slider-300x169.jpg 300w, https:\/\/briri.de\/wp-content\/uploads\/2024\/10\/Briri_Prallteller_Slider-768x432.jpg 768w, https:\/\/briri.de\/wp-content\/uploads\/2024\/10\/Briri_Prallteller_Slider-1536x864.jpg 1536w, https:\/\/briri.de\/wp-content\/uploads\/2024\/10\/Briri_Prallteller_Slider.jpg 1920w\" sizes=\"auto, (max-width: 450px) 100vw, 450px\" \/><\/p>\n<p>P\u0142yty rozpryskuj\u0105ce s\u0105 u\u017cywane do szerokiego rozprowadzania gnojowicy. Po otwarciu zasuwy t\u0142oczona jest gnojowica. Ciecz uderza o p\u0142yt\u0119 metalow\u0105 i dzi\u0119ki temu rozdzielana jest r\u00f3wnomiernie na ca\u0142ej szeroko\u015bci.<\/p>\n<p>W Niemczech szeroki rozrzut z g\u0142owic\u0105 rozpryskuj\u0105c\u0105 jest obecnie dozwolony tylko na u\u017cytkach zielonych lub nieuprawianych gruntach ornych. Gnojowic\u0119 nale\u017cy natychmiast rozprowadzi\u0107 na polu.<\/p>\n<p>P\u0142yty rozpryskuj\u0105ce BRIRI mog\u0105 by\u0107 z \u0142atwo\u015bci\u0105 u\u017cywane jako armatki wodne na zbiorniku.<\/p>\n<\/div>\n<\/div><\/div><\/div><\/div><\/div><\/div><div id=\"pg-154721-15\"  class=\"panel-grid panel-has-style\" ><div class=\"siteorigin-panels-stretch panel-row-style panel-row-style-for-154721-15\" data-stretch-type=\"full\" ><div id=\"pgc-154721-15-0\"  class=\"panel-grid-cell\" ><div id=\"panel-154721-15-0-0\" class=\"so-panel widget widget_sow-editor panel-first-child panel-last-child\" data-index=\"10\" ><div class=\"panel-widget-style panel-widget-style-for-154721-15-0-0\" ><div\n\t\t\t\n\t\t\tclass=\"so-widget-sow-editor so-widget-sow-editor-base\"\n\t\t\t\n\t\t>\n<div class=\"siteorigin-widget-tinymce textwidget\">\n\t<\/div>\n<\/div><\/div><\/div><\/div><\/div><\/div><\/div>","protected":false},"excerpt":{"rendered":"<p>Technika aplikacji | Precyzyjne rozprowadzanie gnojowicy<\/p>\n","protected":false},"author":1,"featured_media":0,"parent":0,"menu_order":0,"comment_status":"closed","ping_status":"closed","template":"","meta":{"inline_featured_image":false,"footnotes":""},"class_list":["post-154721","page","type-page","status-publish","hentry","post"],"_links":{"self":[{"href":"https:\/\/briri.de\/pl\/wp-json\/wp\/v2\/pages\/154721","targetHints":{"allow":["GET"]}}],"collection":[{"href":"https:\/\/briri.de\/pl\/wp-json\/wp\/v2\/pages"}],"about":[{"href":"https:\/\/briri.de\/pl\/wp-json\/wp\/v2\/types\/page"}],"author":[{"embeddable":true,"href":"https:\/\/briri.de\/pl\/wp-json\/wp\/v2\/users\/1"}],"replies":[{"embeddable":true,"href":"https:\/\/briri.de\/pl\/wp-json\/wp\/v2\/comments?post=154721"}],"version-history":[{"count":0,"href":"https:\/\/briri.de\/pl\/wp-json\/wp\/v2\/pages\/154721\/revisions"}],"wp:attachment":[{"href":"https:\/\/briri.de\/pl\/wp-json\/wp\/v2\/media?parent=154721"}],"curies":[{"name":"wp","href":"https:\/\/api.w.org\/{rel}","templated":true}]}}