{"id":154717,"date":"2025-07-08T12:37:26","date_gmt":"2025-07-08T10:37:26","guid":{"rendered":"https:\/\/briri.de\/?page_id=154717"},"modified":"2025-07-14T12:04:00","modified_gmt":"2025-07-14T10:04:00","slug":"befuelltechnik","status":"publish","type":"page","link":"https:\/\/briri.de\/pl\/befuelltechnik\/","title":{"rendered":"Bef\u00fclltechnik"},"content":{"rendered":"<div id=\"pl-154717\"  class=\"panel-layout\" ><div id=\"pg-154717-0\"  class=\"panel-grid panel-has-style\" ><div class=\"siteorigin-panels-stretch panel-row-style panel-row-style-for-154717-0\" data-stretch-type=\"full-width-stretch\" ><div id=\"pgc-154717-0-0\"  class=\"panel-grid-cell\" ><div id=\"panel-154717-0-0-0\" class=\"so-panel widget widget_sow-hero panel-first-child panel-last-child\" data-index=\"0\" ><div\n\t\t\t\n\t\t\tclass=\"so-widget-sow-hero so-widget-sow-hero-default-30e74c897c04-154717 so-widget-fittext-wrapper\"\n\t\t\t data-fit-text-compressor=\"0.75\"\n\t\t>\t\t\t\t<div class=\"sow-slider-base\" style=\"display: none\" tabindex=\"0\">\n\t\t\t\t\t<ul\n\t\t\t\t\tclass=\"sow-slider-images\"\n\t\t\t\t\tdata-settings=\"{&quot;pagination&quot;:true,&quot;speed&quot;:800,&quot;timeout&quot;:8000,&quot;paused&quot;:false,&quot;pause_on_hover&quot;:false,&quot;swipe&quot;:true,&quot;nav_always_show_desktop&quot;:&quot;&quot;,&quot;nav_always_show_mobile&quot;:&quot;&quot;,&quot;breakpoint&quot;:&quot;780px&quot;,&quot;unmute&quot;:false,&quot;anchor&quot;:null}\"\n\t\t\t\t\tstyle=\"min-height: 800px\"\t\t\t\t\tdata-anchor-id=\"\"\n\t\t\t\t>\t\t<li class=\"sow-slider-image  sow-slider-image-cover\" style=\"visibility: visible;;background-color: #000000\" >\n\t\t\t\t\t<div class=\"sow-slider-image-container\">\n\t\t\t<div class=\"sow-slider-image-wrapper\">\n\t\t\t\t\t\t\t<\/div>\n\t\t<\/div>\n\t\t<div class=\"sow-slider-image-overlay sow-slider-image-cover\" style=\"opacity: 0.87;background-image: url(https:\/\/briri.de\/wp-content\/uploads\/2024\/10\/Briri_Maschinenbau_Bawinkel_Guelletechnik_Befuelltechnik_1.jpg)\"  ><\/div>\t\t<\/li>\n\t\t<\/ul>\t\t\t\t<ol class=\"sow-slider-pagination\">\n\t\t\t\t\t\t\t\t\t\t\t<li><a href=\"#\" data-goto=\"0\" aria-label=\"Display slide 1\"><\/a><\/li>\n\t\t\t\t\t\t\t\t\t<\/ol>\n\n\t\t\t\t<div class=\"sow-slide-nav sow-slide-nav-next\">\n\t\t\t\t\t<a href=\"#\" data-goto=\"next\" aria-label=\"Next slide\" data-action=\"next\">\n\t\t\t\t\t\t<em class=\"sow-sld-icon-thin-right\"><\/em>\n\t\t\t\t\t<\/a>\n\t\t\t\t<\/div>\n\n\t\t\t\t<div class=\"sow-slide-nav sow-slide-nav-prev\">\n\t\t\t\t\t<a href=\"#\" data-goto=\"previous\" aria-label=\"Previous slide\" data-action=\"prev\">\n\t\t\t\t\t\t<em class=\"sow-sld-icon-thin-left\"><\/em>\n\t\t\t\t\t<\/a>\n\t\t\t\t<\/div>\n\t\t\t\t<\/div><\/div><\/div><\/div><\/div><\/div><div id=\"pg-154717-1\"  class=\"panel-grid panel-has-style\" ><div class=\"pr-headline-red siteorigin-panels-stretch panel-row-style panel-row-style-for-154717-1\" data-stretch-type=\"full\" ><div id=\"pgc-154717-1-0\"  class=\"panel-grid-cell\" ><div id=\"panel-154717-1-0-0\" class=\"so-panel widget widget_sow-editor panel-first-child panel-last-child\" data-index=\"1\" ><div class=\"product_headline panel-widget-style panel-widget-style-for-154717-1-0-0\" ><div\n\t\t\t\n\t\t\tclass=\"so-widget-sow-editor so-widget-sow-editor-base\"\n\t\t\t\n\t\t>\n<div class=\"siteorigin-widget-tinymce textwidget\">\n\t<p><img loading=\"lazy\" decoding=\"async\" class=\"alignnone size-large wp-image-224\" src=\"https:\/\/briri.de\/wp-content\/uploads\/2024\/08\/guelle.svg\" alt=\"\" width=\"1024\" height=\"438\" \/><\/p>\n<\/div>\n<\/div><\/div><\/div><\/div><div id=\"pgc-154717-1-1\"  class=\"panel-grid-cell\" ><div id=\"panel-154717-1-1-0\" class=\"so-panel widget widget_sow-editor panel-first-child panel-last-child\" data-index=\"2\" ><div class=\"product_headline panel-widget-style panel-widget-style-for-154717-1-1-0\" ><div\n\t\t\t\n\t\t\tclass=\"so-widget-sow-editor so-widget-sow-editor-base\"\n\t\t\t\n\t\t>\n<div class=\"siteorigin-widget-tinymce textwidget\">\n\t<h1>Technika nape\u0142niania | Szybkie i komfortowe nape\u0142nianie<\/h1>\n<\/div>\n<\/div><\/div><\/div><\/div><\/div><\/div><div id=\"pg-154717-2\"  class=\"panel-grid panel-has-style\" ><div class=\"siteorigin-panels-stretch panel-row-style panel-row-style-for-154717-2\" data-stretch-type=\"full\" ><div id=\"pgc-154717-2-0\"  class=\"panel-grid-cell\" ><div id=\"panel-154717-2-0-0\" class=\"so-panel widget widget_sow-editor panel-first-child panel-last-child\" data-index=\"3\" ><div class=\"contentrow panel-widget-style panel-widget-style-for-154717-2-0-0\" ><div\n\t\t\t\n\t\t\tclass=\"so-widget-sow-editor so-widget-sow-editor-base\"\n\t\t\t\n\t\t>\n<div class=\"siteorigin-widget-tinymce textwidget\">\n\t<p>Jako specjali\u015bci w dziedzinie nawo\u017cenia organicznego nie tylko opracowujemy i produkujemy wozy asenizacyjne, dostosowane do potrzeb klient\u00f3w, ale tak\u017ce dbamy o optymalne i czyste ich nape\u0142nianie. Wydajno\u015b\u0107 woz\u00f3w asenizacyjnych staje si\u0119 coraz wa\u017cniejszym aspektem ze wzgl\u0119du na bardziej rygorystyczne warunki ramowe, narzucone przez przepisy, dotycz\u0105ce nawoz\u00f3w. Aby spe\u0142ni\u0107 te wymagania, firma BRIRI, jako partner w zakresie rozprowadzania gnojowicy, oferuje najnowocze\u015bniejsz\u0105 technik\u0119 zapewniaj\u0105c\u0105 optymalne nape\u0142nianie. Niezale\u017cnie od tego, czy jest to stacja dokuj\u0105ca, element dokuj\u0105cy czy przednie rami\u0119 zasysaj\u0105ce \u2013 firma BRIRI zaprojektowa\u0142a szerok\u0105 gam\u0119 system\u00f3w do wygodnego i wydajnego nape\u0142niania woz\u00f3w asenizacyjnych.<\/p>\n<\/div>\n<\/div><\/div><\/div><\/div><\/div><\/div><div id=\"pg-154717-3\"  class=\"panel-grid panel-has-style\" ><div class=\"siteorigin-panels-stretch panel-row-style panel-row-style-for-154717-3\" data-stretch-type=\"full\" ><div id=\"pgc-154717-3-0\"  class=\"panel-grid-cell panel-grid-cell-empty\" ><\/div><\/div><\/div><div id=\"pg-154717-4\"  class=\"panel-grid panel-has-style\" ><div class=\"siteorigin-panels-stretch panel-row-style panel-row-style-for-154717-4\" data-stretch-type=\"full\" ><div id=\"pgc-154717-4-0\"  class=\"panel-grid-cell\" ><div id=\"panel-154717-4-0-0\" class=\"so-panel widget widget_sow-editor panel-first-child panel-last-child\" data-index=\"4\" ><div class=\"contentrow panel-widget-style panel-widget-style-for-154717-4-0-0\" ><div\n\t\t\t\n\t\t\tclass=\"so-widget-sow-editor so-widget-sow-editor-base\"\n\t\t\t\n\t\t>\n<div class=\"siteorigin-widget-tinymce textwidget\">\n\t<h2>Stacja dokuj\u0105ca BRIRI | Basic Dock<\/h2>\n<p><img loading=\"lazy\" decoding=\"async\" class=\"wp-image-3739 alignright\" src=\"https:\/\/briri.de\/wp-content\/uploads\/2024\/10\/Briri_Maschinenbau_Bawinkel_Guelletechnik_Andockstation.jpg\" alt=\"\" width=\"450\" height=\"253\" srcset=\"https:\/\/briri.de\/wp-content\/uploads\/2024\/10\/Briri_Maschinenbau_Bawinkel_Guelletechnik_Andockstation.jpg 1920w, https:\/\/briri.de\/wp-content\/uploads\/2024\/10\/Briri_Maschinenbau_Bawinkel_Guelletechnik_Andockstation-300x169.jpg 300w, https:\/\/briri.de\/wp-content\/uploads\/2024\/10\/Briri_Maschinenbau_Bawinkel_Guelletechnik_Andockstation-1024x576.jpg 1024w, https:\/\/briri.de\/wp-content\/uploads\/2024\/10\/Briri_Maschinenbau_Bawinkel_Guelletechnik_Andockstation-768x432.jpg 768w, https:\/\/briri.de\/wp-content\/uploads\/2024\/10\/Briri_Maschinenbau_Bawinkel_Guelletechnik_Andockstation-1536x864.jpg 1536w\" sizes=\"auto, (max-width: 450px) 100vw, 450px\" \/>Czy gnojowica by\u0142a przechowywana w wykopie lub w zbiorniku? Je\u017celi tak jest, nasza stacja dokuj\u0105ca Basic Dock jest idealna do nape\u0142niania pojazdu. Wyj\u0105tkowo wygodna metoda, pozwalaj\u0105ca na zaoszcz\u0119dzenie czasu. Po pod\u0142\u0105czeniu w\u0119\u017ca zasysaj\u0105cego do elementu BasicDock, wszystkie dalsze procesy nape\u0142niania mog\u0105 by\u0107 wygodnie kontrolowane z kabiny ci\u0105gnika. A jak to wygl\u0105da w razie transportu? W takim przypadku stacja dokuj\u0105ca jest po prostu podnoszona za pomoc\u0105 ramienia zasysaj\u0105cego i ustawiana w wymaganej pozycji transportowej.<\/p>\n<p><strong>Dane techniczne<\/strong><\/p>\n<ul>\n<li>Lej zasysaj\u0105cy: 8\"<\/li>\n<li>Mocowanie w\u0119\u017ca zasysaj\u0105cego: 8\" system szybkoz\u0142\u0105czek \"Perrot\"<\/li>\n<li>D\u0142ugo\u015b\u0107: ok. 1\u00a0000 mm<\/li>\n<li>Wysoko\u015b\u0107: ok. 900 mm<\/li>\n<li>Szeroko\u015b\u0107: ok. 550 mm<\/li>\n<\/ul>\n<p>&nbsp;<\/p>\n<\/div>\n<\/div><\/div><\/div><\/div><\/div><\/div><div id=\"pg-154717-5\"  class=\"panel-grid panel-has-style\" ><div class=\"siteorigin-panels-stretch panel-row-style panel-row-style-for-154717-5\" data-stretch-type=\"full\" ><div id=\"pgc-154717-5-0\"  class=\"panel-grid-cell panel-grid-cell-empty\" ><\/div><\/div><\/div><div id=\"pg-154717-6\"  class=\"panel-grid panel-has-style\" ><div class=\"siteorigin-panels-stretch panel-row-style panel-row-style-for-154717-6\" data-stretch-type=\"full\" ><div id=\"pgc-154717-6-0\"  class=\"panel-grid-cell\" ><div id=\"panel-154717-6-0-0\" class=\"so-panel widget widget_sow-editor panel-first-child panel-last-child\" data-index=\"5\" ><div class=\"contentrow panel-widget-style panel-widget-style-for-154717-6-0-0\" ><div\n\t\t\t\n\t\t\tclass=\"so-widget-sow-editor so-widget-sow-editor-base\"\n\t\t\t\n\t\t>\n<div class=\"siteorigin-widget-tinymce textwidget\">\n\t<h2>Element dokuj\u0105cy BRIRI | Dock Star<\/h2>\n<p><img loading=\"lazy\" decoding=\"async\" class=\"wp-image-3740 alignright\" src=\"https:\/\/briri.de\/wp-content\/uploads\/2024\/10\/Briri_Maschinenbau_Bawinkel_Guelletechnik_Andockwippe_2.jpg\" alt=\"\" width=\"450\" height=\"253\" srcset=\"https:\/\/briri.de\/wp-content\/uploads\/2024\/10\/Briri_Maschinenbau_Bawinkel_Guelletechnik_Andockwippe_2.jpg 1920w, https:\/\/briri.de\/wp-content\/uploads\/2024\/10\/Briri_Maschinenbau_Bawinkel_Guelletechnik_Andockwippe_2-300x169.jpg 300w, https:\/\/briri.de\/wp-content\/uploads\/2024\/10\/Briri_Maschinenbau_Bawinkel_Guelletechnik_Andockwippe_2-1024x576.jpg 1024w, https:\/\/briri.de\/wp-content\/uploads\/2024\/10\/Briri_Maschinenbau_Bawinkel_Guelletechnik_Andockwippe_2-768x432.jpg 768w, https:\/\/briri.de\/wp-content\/uploads\/2024\/10\/Briri_Maschinenbau_Bawinkel_Guelletechnik_Andockwippe_2-1536x864.jpg 1536w\" sizes=\"auto, (max-width: 450px) 100vw, 450px\" \/><\/p>\n<p>Czas to pieni\u0105dz! Zw\u0142aszcza w razie konieczno\u015bci rozprowadzenia du\u017cych ilo\u015bci gnojowicy wa\u017cne jest bezpieczne i wydajne nape\u0142nianie woz\u00f3w asenizacyjnych. Je\u015bli przechowuj\u0105 Pa\u0144stwo gnojowic\u0119 w podwy\u017cszonych zbiornikach, nasz element dokuj\u0105cy BRIRI Dock Star jest idealnym rozwi\u0105zaniem dla takiej sytuacji.<\/p>\n<p>Element ten jest sterowany zdalnie z kabiny ci\u0105gnika, co spe\u0142nia wszelkie wymogi w zakresie wygody. Zawieszenie wahad\u0142owe oznacza, \u017ce precyzyjne manewrowanie nie jest konieczne. Czujnik zintegrowany z lejem zapobiega przypadkowemu otwarciu zasuwy. Pozycja zasuwy jest wskazywana przez sygnalizator \u015bwietlny, przymocowany do elementu Dock Star.<\/p>\n<p>Transport elementu dokuj\u0105cego jest wygodny i realizowany w prosty spos\u00f3b poprzez czo\u0142owy uk\u0142ad hydrauliczny ci\u0105gnika.<\/p>\n<p><strong>Dane techniczne\u00a0<\/strong><\/p>\n<ul>\n<li>Lej zasysaj\u0105cy: 8\"<\/li>\n<li>Mocowanie w\u0119\u017ca zasysaj\u0105cego: 8\" system szybkoz\u0142\u0105czek \"Perrot\"<\/li>\n<li>Max ci\u015bnienie: 250 bar<\/li>\n<li>Napi\u0119cie zasilania: 12 V<\/li>\n<li>Moc: 1,7 kW<\/li>\n<li>Uchwyt traktora: KAT 2<\/li>\n<li>D\u0142ugo\u015b\u0107: ok. 1\u00a0200 mm (mierzona od dolnych \u0142\u0105cznik\u00f3w)<\/li>\n<li>Wysoko\u015b\u0107: ok. 1\u00a0400 mm<\/li>\n<li>Szeroko\u015b\u0107: ok. 1\u00a0400 mm<\/li>\n<\/ul>\n<\/div>\n<\/div><\/div><\/div><\/div><\/div><\/div><div id=\"pg-154717-7\"  class=\"panel-grid panel-has-style\" ><div class=\"siteorigin-panels-stretch panel-row-style panel-row-style-for-154717-7\" data-stretch-type=\"full\" ><div id=\"pgc-154717-7-0\"  class=\"panel-grid-cell panel-grid-cell-empty\" ><\/div><\/div><\/div><div id=\"pg-154717-8\"  class=\"panel-grid panel-has-style\" ><div class=\"siteorigin-panels-stretch panel-row-style panel-row-style-for-154717-8\" data-stretch-type=\"full\" ><div id=\"pgc-154717-8-0\"  class=\"panel-grid-cell\" ><div id=\"panel-154717-8-0-0\" class=\"so-panel widget widget_sow-editor panel-first-child panel-last-child\" data-index=\"6\" ><div class=\"contentrow panel-widget-style panel-widget-style-for-154717-8-0-0\" ><div\n\t\t\t\n\t\t\tclass=\"so-widget-sow-editor so-widget-sow-editor-base\"\n\t\t\t\n\t\t>\n<div class=\"siteorigin-widget-tinymce textwidget\">\n\t<h2>Rami\u0119 zasysaj\u0105ce BRIRI | Trunk Star<\/h2>\n<p><img loading=\"lazy\" decoding=\"async\" class=\"wp-image-3741 alignright\" src=\"https:\/\/briri.de\/wp-content\/uploads\/2024\/10\/Briri_Maschinenbau_Guelletechnik_Field-Line_Slider-2.jpg\" alt=\"\" width=\"450\" height=\"253\" srcset=\"https:\/\/briri.de\/wp-content\/uploads\/2024\/10\/Briri_Maschinenbau_Guelletechnik_Field-Line_Slider-2.jpg 1920w, https:\/\/briri.de\/wp-content\/uploads\/2024\/10\/Briri_Maschinenbau_Guelletechnik_Field-Line_Slider-2-300x169.jpg 300w, https:\/\/briri.de\/wp-content\/uploads\/2024\/10\/Briri_Maschinenbau_Guelletechnik_Field-Line_Slider-2-1024x576.jpg 1024w, https:\/\/briri.de\/wp-content\/uploads\/2024\/10\/Briri_Maschinenbau_Guelletechnik_Field-Line_Slider-2-768x432.jpg 768w, https:\/\/briri.de\/wp-content\/uploads\/2024\/10\/Briri_Maschinenbau_Guelletechnik_Field-Line_Slider-2-1536x864.jpg 1536w\" sizes=\"auto, (max-width: 450px) 100vw, 450px\" \/><\/p>\n<p>Czy chc\u0105 Pa\u0144stwo nape\u0142nia\u0107 sw\u00f3j w\u00f3z asenizacyjny bezpo\u015brednio na polu? Nasze czo\u0142owe rami\u0119 zasysaj\u0105ce BRIRI umo\u017cliwia szybkie i nieskomplikowane pobieranie produkt\u00f3w z podajnik\u00f3w lub pojemnik\u00f3w polowych. Rami\u0119 zasysaj\u0105ce jest po\u0142\u0105czone z czo\u0142owym uk\u0142adem hydraulicznym ci\u0105gnika i mo\u017ce by\u0107 wychylane hydraulicznie. Rura, przez kt\u00f3r\u0105 przep\u0142ywa gnojowica, prowadzona jest nad dachem kabiny ci\u0105gnika.<\/p>\n<p>Aby zapewni\u0107 przep\u0142yw gnojowicy przez rur\u0119 do zbiornika pod r\u00f3wnomiernym ci\u015bnieniem, na ramieniu dokuj\u0105cym montowany jest seryjnie \u201eturbo-nape\u0142niacz\u201d BRIRI. Przelewanie gnojowicy w ciemno\u015bci r\u00f3wnie\u017c nie stanowi \u017cadnego problemu. Dla zapewnienia lepszej widoczno\u015bci na ramieniu dokuj\u0105cym mo\u017cna zamontowa\u0107 dodatkowy element o\u015bwietlaj\u0105cy oraz reflektor roboczy.<\/p>\n<p><strong>Dane techniczne<\/strong><\/p>\n<ul>\n<li>Rami\u0119 dokuj\u0105ce: 8\"<\/li>\n<li>Mocowanie w\u0119\u017ca zasysaj\u0105cego: 6\" system szybkoz\u0142\u0105czek \"Perrot\"<\/li>\n<li>Technika nape\u0142niania: 10\" \u201eturbo-nape\u0142niacz\u201d<\/li>\n<li>Uchwyt traktora: KAT 2<\/li>\n<li>D\u0142ugo\u015b\u0107: ok. 900 mm (mierzona od dolnych \u0142\u0105cznik\u00f3w)<\/li>\n<li>Wysoko\u015b\u0107: ok. 3\u00a0500 mm<\/li>\n<li>Szeroko\u015b\u0107: ok. 2\u00a0300 mm<\/li>\n<\/ul>\n<\/div>\n<\/div><\/div><\/div><\/div><\/div><\/div><div id=\"pg-154717-9\"  class=\"panel-grid panel-has-style\" ><div class=\"siteorigin-panels-stretch panel-row-style panel-row-style-for-154717-9\" data-stretch-type=\"full\" ><div id=\"pgc-154717-9-0\"  class=\"panel-grid-cell\" ><div id=\"panel-154717-9-0-0\" class=\"so-panel widget widget_sow-editor panel-first-child panel-last-child\" data-index=\"7\" ><div class=\"panel-widget-style panel-widget-style-for-154717-9-0-0\" ><div\n\t\t\t\n\t\t\tclass=\"so-widget-sow-editor so-widget-sow-editor-base\"\n\t\t\t\n\t\t>\n<div class=\"siteorigin-widget-tinymce textwidget\">\n\t<\/div>\n<\/div><\/div><\/div><\/div><\/div><\/div><\/div>","protected":false},"excerpt":{"rendered":"<p>Technika nape\u0142niania | Szybkie i komfortowe nape\u0142nianie<\/p>\n","protected":false},"author":1,"featured_media":0,"parent":0,"menu_order":0,"comment_status":"closed","ping_status":"closed","template":"","meta":{"inline_featured_image":false,"footnotes":""},"class_list":["post-154717","page","type-page","status-publish","hentry","post"],"_links":{"self":[{"href":"https:\/\/briri.de\/pl\/wp-json\/wp\/v2\/pages\/154717","targetHints":{"allow":["GET"]}}],"collection":[{"href":"https:\/\/briri.de\/pl\/wp-json\/wp\/v2\/pages"}],"about":[{"href":"https:\/\/briri.de\/pl\/wp-json\/wp\/v2\/types\/page"}],"author":[{"embeddable":true,"href":"https:\/\/briri.de\/pl\/wp-json\/wp\/v2\/users\/1"}],"replies":[{"embeddable":true,"href":"https:\/\/briri.de\/pl\/wp-json\/wp\/v2\/comments?post=154717"}],"version-history":[{"count":0,"href":"https:\/\/briri.de\/pl\/wp-json\/wp\/v2\/pages\/154717\/revisions"}],"wp:attachment":[{"href":"https:\/\/briri.de\/pl\/wp-json\/wp\/v2\/media?parent=154717"}],"curies":[{"name":"wp","href":"https:\/\/api.w.org\/{rel}","templated":true}]}}