{"id":154660,"date":"2025-07-09T09:35:30","date_gmt":"2025-07-09T07:35:30","guid":{"rendered":"https:\/\/briri.de\/?page_id=154660"},"modified":"2025-07-14T13:21:22","modified_gmt":"2025-07-14T11:21:22","slug":"guelletechnik","status":"publish","type":"page","link":"https:\/\/briri.de\/pl\/produkte\/guelletechnik\/","title":{"rendered":"G\u00fclletechnik"},"content":{"rendered":"<div id=\"pl-154660\"  class=\"panel-layout\" ><div id=\"pg-154660-0\"  class=\"panel-grid panel-has-style\" ><div class=\"siteorigin-panels-stretch panel-row-style panel-row-style-for-154660-0\" data-stretch-type=\"full-width-stretch\" ><div id=\"pgc-154660-0-0\"  class=\"panel-grid-cell\" ><div id=\"panel-154660-0-0-0\" class=\"so-panel widget widget_sow-hero panel-first-child panel-last-child\" data-index=\"0\" ><div\n\t\t\t\n\t\t\tclass=\"so-widget-sow-hero so-widget-sow-hero-default-30e74c897c04-154660 so-widget-fittext-wrapper\"\n\t\t\t data-fit-text-compressor=\"0.75\"\n\t\t>\t\t\t\t<div class=\"sow-slider-base\" style=\"display: none\" tabindex=\"0\">\n\t\t\t\t\t<ul\n\t\t\t\t\tclass=\"sow-slider-images\"\n\t\t\t\t\tdata-settings=\"{&quot;pagination&quot;:true,&quot;speed&quot;:800,&quot;timeout&quot;:8000,&quot;paused&quot;:false,&quot;pause_on_hover&quot;:false,&quot;swipe&quot;:true,&quot;nav_always_show_desktop&quot;:&quot;&quot;,&quot;nav_always_show_mobile&quot;:&quot;&quot;,&quot;breakpoint&quot;:&quot;780px&quot;,&quot;unmute&quot;:false,&quot;anchor&quot;:null}\"\n\t\t\t\t\tstyle=\"min-height: 800px\"\t\t\t\t\tdata-anchor-id=\"\"\n\t\t\t\t>\t\t<li class=\"sow-slider-image  sow-slider-image-cover\" style=\"visibility: visible;;background-color: #000000\" >\n\t\t\t\t\t<div class=\"sow-slider-image-container\">\n\t\t\t<div class=\"sow-slider-image-wrapper\">\n\t\t\t\t\t\t\t<\/div>\n\t\t<\/div>\n\t\t<div class=\"sow-slider-image-overlay sow-slider-image-cover\" style=\"opacity: 0.87;background-image: url(https:\/\/briri.de\/wp-content\/uploads\/2024\/10\/Briri_Maschinenbau_Bawinkel_Guelletechnik_Field-Master_1.jpg)\"  ><\/div>\t\t<\/li>\n\t\t<\/ul>\t\t\t\t<ol class=\"sow-slider-pagination\">\n\t\t\t\t\t\t\t\t\t\t\t<li><a href=\"#\" data-goto=\"0\" aria-label=\"Display slide 1\"><\/a><\/li>\n\t\t\t\t\t\t\t\t\t<\/ol>\n\n\t\t\t\t<div class=\"sow-slide-nav sow-slide-nav-next\">\n\t\t\t\t\t<a href=\"#\" data-goto=\"next\" aria-label=\"Next slide\" data-action=\"next\">\n\t\t\t\t\t\t<em class=\"sow-sld-icon-thin-right\"><\/em>\n\t\t\t\t\t<\/a>\n\t\t\t\t<\/div>\n\n\t\t\t\t<div class=\"sow-slide-nav sow-slide-nav-prev\">\n\t\t\t\t\t<a href=\"#\" data-goto=\"previous\" aria-label=\"Previous slide\" data-action=\"prev\">\n\t\t\t\t\t\t<em class=\"sow-sld-icon-thin-left\"><\/em>\n\t\t\t\t\t<\/a>\n\t\t\t\t<\/div>\n\t\t\t\t<\/div><\/div><\/div><\/div><\/div><\/div><div id=\"pg-154660-1\"  class=\"panel-grid panel-has-style\" ><div class=\"pr-headline-red siteorigin-panels-stretch panel-row-style panel-row-style-for-154660-1\" data-stretch-type=\"full\" ><div id=\"pgc-154660-1-0\"  class=\"panel-grid-cell\" ><div id=\"panel-154660-1-0-0\" class=\"so-panel widget widget_sow-editor panel-first-child panel-last-child\" data-index=\"1\" ><div class=\"product_headline panel-widget-style panel-widget-style-for-154660-1-0-0\" ><div\n\t\t\t\n\t\t\tclass=\"so-widget-sow-editor so-widget-sow-editor-base\"\n\t\t\t\n\t\t>\n<div class=\"siteorigin-widget-tinymce textwidget\">\n\t<p><img loading=\"lazy\" decoding=\"async\" class=\"alignnone size-full wp-image-224\" src=\"https:\/\/briri.de\/wp-content\/uploads\/2024\/08\/guelle.svg\" alt=\"\" width=\"1266\" height=\"542\" \/><\/p>\n<\/div>\n<\/div><\/div><\/div><\/div><div id=\"pgc-154660-1-1\"  class=\"panel-grid-cell\" ><div id=\"panel-154660-1-1-0\" class=\"so-panel widget widget_sow-editor panel-first-child panel-last-child\" data-index=\"2\" ><div class=\"product_headline panel-widget-style panel-widget-style-for-154660-1-1-0\" ><div\n\t\t\t\n\t\t\tclass=\"so-widget-sow-editor so-widget-sow-editor-base\"\n\t\t\t\n\t\t>\n<div class=\"siteorigin-widget-tinymce textwidget\">\n\t<h1><em>BRIRI<\/em> | Technika rozlewania gnojowicy<\/h1>\n<\/div>\n<\/div><\/div><\/div><\/div><\/div><\/div><div id=\"pg-154660-2\"  class=\"panel-grid panel-has-style\" ><div class=\"siteorigin-panels-stretch panel-row-style panel-row-style-for-154660-2\" data-stretch-type=\"full\" ><div id=\"pgc-154660-2-0\"  class=\"panel-grid-cell\" ><div id=\"panel-154660-2-0-0\" class=\"so-panel widget widget_sow-editor panel-first-child panel-last-child\" data-index=\"3\" ><div class=\"contentrow panel-widget-style panel-widget-style-for-154660-2-0-0\" ><div\n\t\t\t\n\t\t\tclass=\"so-widget-sow-editor so-widget-sow-editor-base\"\n\t\t\t\n\t\t>\n<div class=\"siteorigin-widget-tinymce textwidget\">\n\t<h2>Technika rozlewania gnojowicy | Najnowocze\u015bniejsza technika do ka\u017cdego zastosowania<\/h2>\n<p>Firma BRIRI uzyska\u0142a wysok\u0105 pozycj\u0119 w zakresie rozwi\u0105za\u0144 technologicznych i od ponad 50 lat jest synonimem wysokiej jako\u015bci produkt\u00f3w, wykorzystywanych do rozlewania naturalnego nawozu p\u0142ynnego. Ci\u0105g\u0142y, dalszy rozw\u00f3j, kt\u00f3remu towarzyszy innowacyjne spojrzenie na przysz\u0142o\u015b\u0107 pozwala nam stale poszerza\u0107 nasz\u0105 ofert\u0119 produkt\u00f3w i opracowywa\u0107 pojazdy z wykorzystaniem najnowocze\u015bniejszej technologii rozlewania gnojowicy. Bez wzgl\u0119du na to, czy chodzi o ma\u0142e, \u015brednie czy du\u017ce gospodarstwa rolne, wykonawc\u00f3w czy sp\u00f3\u0142dzielnie maszynowe \u2013 w firmie BRIRI znajd\u0105 Pa\u0144stwo to, czego szukaj\u0105! Przekonajcie si\u0119 sami!<\/p>\n<\/div>\n<\/div><\/div><\/div><\/div><\/div><\/div><div id=\"pg-154660-3\"  class=\"panel-grid panel-has-style\" ><div class=\"siteorigin-panels-stretch panel-row-style panel-row-style-for-154660-3\" data-stretch-type=\"full\" ><div id=\"pgc-154660-3-0\"  class=\"panel-grid-cell\" ><div class=\"panel-cell-style panel-cell-style-for-154660-3-0\" ><div id=\"panel-154660-3-0-0\" class=\"so-panel widget widget_sow-editor panel-first-child\" data-index=\"4\" ><div class=\"productrow panel-widget-style panel-widget-style-for-154660-3-0-0\" ><div\n\t\t\t\n\t\t\tclass=\"so-widget-sow-editor so-widget-sow-editor-base\"\n\t\t\t\n\t\t>\n<div class=\"siteorigin-widget-tinymce textwidget\">\n\t<h2 style=\"text-align: center;\">Basic Line<\/h2>\n<p style=\"text-align: center;\"><img loading=\"lazy\" decoding=\"async\" class=\"alignnone size-full wp-image-172\" src=\"https:\/\/briri.de\/wp-content\/uploads\/2024\/08\/basic-line-3.jpg\" alt=\"\" width=\"1600\" height=\"900\" srcset=\"https:\/\/briri.de\/wp-content\/uploads\/2024\/08\/basic-line-3.jpg 1600w, https:\/\/briri.de\/wp-content\/uploads\/2024\/08\/basic-line-3-300x169.jpg 300w, https:\/\/briri.de\/wp-content\/uploads\/2024\/08\/basic-line-3-1024x576.jpg 1024w, https:\/\/briri.de\/wp-content\/uploads\/2024\/08\/basic-line-3-768x432.jpg 768w, https:\/\/briri.de\/wp-content\/uploads\/2024\/08\/basic-line-3-1536x864.jpg 1536w\" sizes=\"auto, (max-width: 1600px) 100vw, 1600px\" \/><\/p>\n<\/div>\n<\/div><\/div><\/div><div id=\"panel-154660-3-0-1\" class=\"so-panel widget widget_sow-button\" data-index=\"5\" ><div\n\t\t\t\n\t\t\tclass=\"so-widget-sow-button so-widget-sow-button-flat-02ea08d1807c-154660\"\n\t\t\t\n\t\t><div class=\"ow-button-base ow-button-align-center\"\n>\n\t\t\t<a\n\t\t\t\t\thref=\"https:\/\/briri.de\/basic-line\/\"\n\t\t\t\t\tclass=\"sowb-button ow-icon-placement-left ow-button-hover\" \t>\n\t\t<span>\n\t\t\t\n\t\t\tBasic Line &gt;&gt;&gt;\t\t<\/span>\n\t\t\t<\/a>\n\t<\/div>\n<\/div><\/div><div id=\"panel-154660-3-0-2\" class=\"so-panel widget widget_sow-editor panel-last-child\" data-index=\"6\" ><div class=\"productrow panel-widget-style panel-widget-style-for-154660-3-0-2\" ><div\n\t\t\t\n\t\t\tclass=\"so-widget-sow-editor so-widget-sow-editor-base\"\n\t\t\t\n\t\t>\n<div class=\"siteorigin-widget-tinymce textwidget\">\n\t<p style=\"text-align: center;\"><strong>Highlights<\/strong><\/p>\n<ul>\n<li>Zawieszenie g\u00f3rne<\/li>\n<li>ocynkowany zbiornik stalowy<\/li>\n<li>Przygotowanie \u2013 mechanizm podnosz\u0105cy<\/li>\n<li>Przygotowanie \u2013 rami\u0119 zasysaj\u0105ce<\/li>\n<li>Agregat osiowy Boogie<\/li>\n<\/ul>\n<\/div>\n<\/div><a href=\"https:\/\/briri.de\/produkte\/guelletechnik\/basic-line\/\" class=\"so-premium-link-overlay\">&nbsp;<\/a><\/div><\/div><\/div><\/div><div id=\"pgc-154660-3-1\"  class=\"panel-grid-cell\" ><div class=\"panel-cell-style panel-cell-style-for-154660-3-1\" ><div id=\"panel-154660-3-1-0\" class=\"so-panel widget widget_sow-editor panel-first-child\" data-index=\"7\" ><div class=\"productrow panel-widget-style panel-widget-style-for-154660-3-1-0\" ><div\n\t\t\t\n\t\t\tclass=\"so-widget-sow-editor so-widget-sow-editor-base\"\n\t\t\t\n\t\t>\n<div class=\"siteorigin-widget-tinymce textwidget\">\n\t<h2 style=\"text-align: center;\">Multi Line<\/h2>\n<p style=\"text-align: center;\"><img loading=\"lazy\" decoding=\"async\" class=\"alignnone size-full wp-image-944\" src=\"https:\/\/briri.de\/wp-content\/uploads\/2024\/10\/multi-line-5.jpg\" alt=\"\" width=\"1600\" height=\"900\" srcset=\"https:\/\/briri.de\/wp-content\/uploads\/2024\/10\/multi-line-5.jpg 1600w, https:\/\/briri.de\/wp-content\/uploads\/2024\/10\/multi-line-5-300x169.jpg 300w, https:\/\/briri.de\/wp-content\/uploads\/2024\/10\/multi-line-5-1024x576.jpg 1024w, https:\/\/briri.de\/wp-content\/uploads\/2024\/10\/multi-line-5-768x432.jpg 768w, https:\/\/briri.de\/wp-content\/uploads\/2024\/10\/multi-line-5-1536x864.jpg 1536w\" sizes=\"auto, (max-width: 1600px) 100vw, 1600px\" \/><\/p>\n<\/div>\n<\/div><a href=\"https:\/\/briri.de\/produkte\/guelletechnik\/briri-multi-line\/\" class=\"so-premium-link-overlay\">&nbsp;<\/a><\/div><\/div><div id=\"panel-154660-3-1-1\" class=\"so-panel widget widget_sow-button\" data-index=\"8\" ><div\n\t\t\t\n\t\t\tclass=\"so-widget-sow-button so-widget-sow-button-flat-02ea08d1807c-154660\"\n\t\t\t\n\t\t><div class=\"ow-button-base ow-button-align-center\"\n>\n\t\t\t<a\n\t\t\t\t\thref=\"https:\/\/briri.de\/briri-multi-line\/\"\n\t\t\t\t\tclass=\"sowb-button ow-icon-placement-left ow-button-hover\" \t>\n\t\t<span>\n\t\t\t\n\t\t\tMulti Line &gt;&gt;&gt;\t\t<\/span>\n\t\t\t<\/a>\n\t<\/div>\n<\/div><\/div><div id=\"panel-154660-3-1-2\" class=\"so-panel widget widget_sow-editor panel-last-child\" data-index=\"9\" ><div class=\"productrow panel-widget-style panel-widget-style-for-154660-3-1-2\" ><div\n\t\t\t\n\t\t\tclass=\"so-widget-sow-editor so-widget-sow-editor-base\"\n\t\t\t\n\t\t>\n<div class=\"siteorigin-widget-tinymce textwidget\">\n\t<p style=\"text-align: center;\"><strong>Highlights<\/strong><\/p>\n<ul>\n<li>Zawieszenie dolne, typ \u201eProfi\u201d<\/li>\n<li>Lakier UNI RAL 6002<\/li>\n<li>Rama mechanizmu podnosz\u0105cego<\/li>\n<li>Przygotowanie \u2013 rami\u0119 zasysaj\u0105ce<\/li>\n<li>pneumatyczne podwozie<\/li>\n<\/ul>\n<\/div>\n<\/div><a href=\"https:\/\/briri.de\/produkte\/guelletechnik\/briri-multi-line\/\" class=\"so-premium-link-overlay\">&nbsp;<\/a><\/div><\/div><\/div><\/div><div id=\"pgc-154660-3-2\"  class=\"panel-grid-cell\" ><div class=\"panel-cell-style panel-cell-style-for-154660-3-2\" ><div id=\"panel-154660-3-2-0\" class=\"so-panel widget widget_sow-editor panel-first-child\" data-index=\"10\" ><div class=\"productrow panel-widget-style panel-widget-style-for-154660-3-2-0\" ><div\n\t\t\t\n\t\t\tclass=\"so-widget-sow-editor so-widget-sow-editor-base\"\n\t\t\t\n\t\t>\n<div class=\"siteorigin-widget-tinymce textwidget\">\n\t<h2 style=\"text-align: center;\">Field Line<\/h2>\n<p style=\"text-align: center;\"><img loading=\"lazy\" decoding=\"async\" class=\"alignnone size-full wp-image-977\" src=\"https:\/\/briri.de\/wp-content\/uploads\/2024\/10\/field-commander-6.jpg\" alt=\"\" width=\"1600\" height=\"900\" srcset=\"https:\/\/briri.de\/wp-content\/uploads\/2024\/10\/field-commander-6.jpg 1600w, https:\/\/briri.de\/wp-content\/uploads\/2024\/10\/field-commander-6-300x169.jpg 300w, https:\/\/briri.de\/wp-content\/uploads\/2024\/10\/field-commander-6-1024x576.jpg 1024w, https:\/\/briri.de\/wp-content\/uploads\/2024\/10\/field-commander-6-768x432.jpg 768w, https:\/\/briri.de\/wp-content\/uploads\/2024\/10\/field-commander-6-1536x864.jpg 1536w\" sizes=\"auto, (max-width: 1600px) 100vw, 1600px\" \/><\/p>\n<\/div>\n<\/div><a href=\"https:\/\/briri.de\/produkte\/guelletechnik\/briri-field-line\/\" class=\"so-premium-link-overlay\">&nbsp;<\/a><\/div><\/div><div id=\"panel-154660-3-2-1\" class=\"so-panel widget widget_sow-button\" data-index=\"11\" ><div\n\t\t\t\n\t\t\tclass=\"so-widget-sow-button so-widget-sow-button-flat-02ea08d1807c-154660\"\n\t\t\t\n\t\t><div class=\"ow-button-base ow-button-align-center\"\n>\n\t\t\t<a\n\t\t\t\t\thref=\"https:\/\/briri.de\/briri-field-line\/\"\n\t\t\t\t\tclass=\"sowb-button ow-icon-placement-left ow-button-hover\" \t>\n\t\t<span>\n\t\t\t\n\t\t\tField Line &gt;&gt;&gt;\t\t<\/span>\n\t\t\t<\/a>\n\t<\/div>\n<\/div><\/div><div id=\"panel-154660-3-2-2\" class=\"so-panel widget widget_sow-editor panel-last-child\" data-index=\"12\" ><div class=\"productrow panel-widget-style panel-widget-style-for-154660-3-2-2\" ><div\n\t\t\t\n\t\t\tclass=\"so-widget-sow-editor so-widget-sow-editor-base\"\n\t\t\t\n\t\t>\n<div class=\"siteorigin-widget-tinymce textwidget\">\n\t<p style=\"text-align: center;\"><strong>Highlights<\/strong><\/p>\n<ul>\n<li>Zawieszenie dolne, typ \u201eProfi\u201d<\/li>\n<li>Lakier UNI RAL 6002<\/li>\n<li>Mechanizm podnosz\u0105cy<\/li>\n<li>Przygotowanie \u2013 rami\u0119 zasysaj\u0105ce<\/li>\n<li>pneumatyczne podwozie<\/li>\n<li>Hydraulicznie nap\u0119dzana pompa obrotowa<\/li>\n<li>Uk\u0142ad regulacji ilo\u015bci aplikacji<\/li>\n<\/ul>\n<\/div>\n<\/div><a href=\"https:\/\/briri.de\/produkte\/guelletechnik\/briri-field-line\/\" class=\"so-premium-link-overlay\">&nbsp;<\/a><\/div><\/div><\/div><\/div><\/div><\/div><div id=\"pg-154660-4\"  class=\"panel-grid panel-has-style\" ><div class=\"siteorigin-panels-stretch panel-row-style panel-row-style-for-154660-4\" data-stretch-type=\"full\" ><div id=\"pgc-154660-4-0\"  class=\"panel-grid-cell panel-grid-cell-empty\" ><\/div><\/div><\/div><div id=\"pg-154660-5\"  class=\"panel-grid panel-has-style\" ><div class=\"siteorigin-panels-stretch panel-row-style panel-row-style-for-154660-5\" data-stretch-type=\"full\" ><div id=\"pgc-154660-5-0\"  class=\"panel-grid-cell\" ><div class=\"panel-cell-style panel-cell-style-for-154660-5-0\" ><div id=\"panel-154660-5-0-0\" class=\"so-panel widget widget_sow-editor panel-first-child\" data-index=\"13\" ><div class=\"productrow panel-widget-style panel-widget-style-for-154660-5-0-0\" ><div\n\t\t\t\n\t\t\tclass=\"so-widget-sow-editor so-widget-sow-editor-base\"\n\t\t\t\n\t\t>\n<div class=\"siteorigin-widget-tinymce textwidget\">\n\t<h2 style=\"text-align: center;\">Technika nape\u0142niania<\/h2>\n<p style=\"text-align: center;\"><img loading=\"lazy\" decoding=\"async\" class=\"alignnone size-full wp-image-3739\" src=\"https:\/\/briri.de\/wp-content\/uploads\/2024\/10\/Briri_Maschinenbau_Bawinkel_Guelletechnik_Andockstation.jpg\" alt=\"\" width=\"1920\" height=\"1080\" srcset=\"https:\/\/briri.de\/wp-content\/uploads\/2024\/10\/Briri_Maschinenbau_Bawinkel_Guelletechnik_Andockstation.jpg 1920w, https:\/\/briri.de\/wp-content\/uploads\/2024\/10\/Briri_Maschinenbau_Bawinkel_Guelletechnik_Andockstation-300x169.jpg 300w, https:\/\/briri.de\/wp-content\/uploads\/2024\/10\/Briri_Maschinenbau_Bawinkel_Guelletechnik_Andockstation-1024x576.jpg 1024w, https:\/\/briri.de\/wp-content\/uploads\/2024\/10\/Briri_Maschinenbau_Bawinkel_Guelletechnik_Andockstation-768x432.jpg 768w, https:\/\/briri.de\/wp-content\/uploads\/2024\/10\/Briri_Maschinenbau_Bawinkel_Guelletechnik_Andockstation-1536x864.jpg 1536w\" sizes=\"auto, (max-width: 1920px) 100vw, 1920px\" \/><\/p>\n<\/div>\n<\/div><\/div><\/div><div id=\"panel-154660-5-0-1\" class=\"so-panel widget widget_sow-button\" data-index=\"14\" ><div\n\t\t\t\n\t\t\tclass=\"so-widget-sow-button so-widget-sow-button-flat-02ea08d1807c-154660\"\n\t\t\t\n\t\t><div class=\"ow-button-base ow-button-align-center\"\n>\n\t\t\t<a\n\t\t\t\t\thref=\"https:\/\/briri.de\/befuelltechnik\/\"\n\t\t\t\t\tclass=\"sowb-button ow-icon-placement-left ow-button-hover\" \t>\n\t\t<span>\n\t\t\t\n\t\t\tTechnika nape\u0142niania &gt;&gt;&gt;\t\t<\/span>\n\t\t\t<\/a>\n\t<\/div>\n<\/div><\/div><div id=\"panel-154660-5-0-2\" class=\"so-panel widget widget_sow-editor panel-last-child\" data-index=\"15\" ><div class=\"productrow panel-widget-style panel-widget-style-for-154660-5-0-2\" ><div\n\t\t\t\n\t\t\tclass=\"so-widget-sow-editor so-widget-sow-editor-base\"\n\t\t\t\n\t\t>\n<div class=\"siteorigin-widget-tinymce textwidget\">\n\t<p style=\"text-align: center;\"><strong>Highlights<\/strong><\/p>\n<ul>\n<li>Stacja dokuj\u0105ca BRIRI | Basic Dock<\/li>\n<li>Element dokuj\u0105cy BRIRI | Dock Star<\/li>\n<li>Rami\u0119 zasysaj\u0105ce BRIRI | Trunk Star<\/li>\n<\/ul>\n<\/div>\n<\/div><\/div><\/div><\/div><\/div><div id=\"pgc-154660-5-1\"  class=\"panel-grid-cell\" ><div class=\"panel-cell-style panel-cell-style-for-154660-5-1\" ><div id=\"panel-154660-5-1-0\" class=\"so-panel widget widget_sow-editor panel-first-child\" data-index=\"16\" ><div class=\"productrow panel-widget-style panel-widget-style-for-154660-5-1-0\" ><div\n\t\t\t\n\t\t\tclass=\"so-widget-sow-editor so-widget-sow-editor-base\"\n\t\t\t\n\t\t>\n<div class=\"siteorigin-widget-tinymce textwidget\">\n\t<h2 style=\"text-align: center;\">Applikationstechnik<\/h2>\n<p style=\"text-align: center;\"><img loading=\"lazy\" decoding=\"async\" class=\"alignnone size-full wp-image-3721\" src=\"https:\/\/briri.de\/wp-content\/uploads\/2024\/10\/Briri_schleppschlauchgestaenge_vogelsang.jpg\" alt=\"\" width=\"1920\" height=\"1080\" srcset=\"https:\/\/briri.de\/wp-content\/uploads\/2024\/10\/Briri_schleppschlauchgestaenge_vogelsang.jpg 1920w, https:\/\/briri.de\/wp-content\/uploads\/2024\/10\/Briri_schleppschlauchgestaenge_vogelsang-300x169.jpg 300w, https:\/\/briri.de\/wp-content\/uploads\/2024\/10\/Briri_schleppschlauchgestaenge_vogelsang-1024x576.jpg 1024w, https:\/\/briri.de\/wp-content\/uploads\/2024\/10\/Briri_schleppschlauchgestaenge_vogelsang-768x432.jpg 768w, https:\/\/briri.de\/wp-content\/uploads\/2024\/10\/Briri_schleppschlauchgestaenge_vogelsang-1536x864.jpg 1536w\" sizes=\"auto, (max-width: 1920px) 100vw, 1920px\" \/><\/p>\n<\/div>\n<\/div><a href=\"https:\/\/briri.de\/produkte\/guelletechnik\/briri-multi-line\/\" class=\"so-premium-link-overlay\">&nbsp;<\/a><\/div><\/div><div id=\"panel-154660-5-1-1\" class=\"so-panel widget widget_sow-button\" data-index=\"17\" ><div\n\t\t\t\n\t\t\tclass=\"so-widget-sow-button so-widget-sow-button-flat-02ea08d1807c-154660\"\n\t\t\t\n\t\t><div class=\"ow-button-base ow-button-align-center\"\n>\n\t\t\t<a\n\t\t\t\t\thref=\"https:\/\/briri.de\/applikationstechnik\/\"\n\t\t\t\t\tclass=\"sowb-button ow-icon-placement-left ow-button-hover\" \t>\n\t\t<span>\n\t\t\t\n\t\t\tTechnika aplikacji &gt;&gt;&gt;\t\t<\/span>\n\t\t\t<\/a>\n\t<\/div>\n<\/div><\/div><div id=\"panel-154660-5-1-2\" class=\"so-panel widget widget_sow-editor panel-last-child\" data-index=\"18\" ><div class=\"productrow panel-widget-style panel-widget-style-for-154660-5-1-2\" ><div\n\t\t\t\n\t\t\tclass=\"so-widget-sow-editor so-widget-sow-editor-base\"\n\t\t\t\n\t\t>\n<div class=\"siteorigin-widget-tinymce textwidget\">\n\t<p style=\"text-align: center;\"><strong>Highlights<\/strong><\/p>\n<ul>\n<li>Vogelsang | W\u0105\u017c wleczony i system but\u00f3w wleczonych<\/li>\n<li>Bomech | System but\u00f3w wleczonych<\/li>\n<li>Duport | Urz\u0105dzenie tarczowo-szczelinowe<\/li>\n<li>Evers Agro | Strip-Till<\/li>\n<li>Meyer | Spulchniacz i brona talerzowa<\/li>\n<li>BRIRI | P\u0142yta rozpryskuj\u0105ca<\/li>\n<\/ul>\n<\/div>\n<\/div><\/div><\/div><\/div><\/div><div id=\"pgc-154660-5-2\"  class=\"panel-grid-cell\" ><div class=\"panel-cell-style panel-cell-style-for-154660-5-2\" ><div id=\"panel-154660-5-2-0\" class=\"so-panel widget widget_sow-editor panel-first-child\" data-index=\"19\" ><div class=\"productrow panel-widget-style panel-widget-style-for-154660-5-2-0\" ><div\n\t\t\t\n\t\t\tclass=\"so-widget-sow-editor so-widget-sow-editor-base\"\n\t\t\t\n\t\t>\n<div class=\"siteorigin-widget-tinymce textwidget\">\n\t<h2 style=\"text-align: center;\">Wyposa\u017cenie i akcesoria<\/h2>\n<p><img loading=\"lazy\" decoding=\"async\" class=\"alignnone size-full wp-image-3817\" src=\"https:\/\/briri.de\/wp-content\/uploads\/2024\/10\/Briri_Maschinenbau_Bawinkel_Guelletechnik_Ausstattung_Slider.jpg\" alt=\"\" width=\"1920\" height=\"1080\" srcset=\"https:\/\/briri.de\/wp-content\/uploads\/2024\/10\/Briri_Maschinenbau_Bawinkel_Guelletechnik_Ausstattung_Slider.jpg 1920w, https:\/\/briri.de\/wp-content\/uploads\/2024\/10\/Briri_Maschinenbau_Bawinkel_Guelletechnik_Ausstattung_Slider-300x169.jpg 300w, https:\/\/briri.de\/wp-content\/uploads\/2024\/10\/Briri_Maschinenbau_Bawinkel_Guelletechnik_Ausstattung_Slider-1024x576.jpg 1024w, https:\/\/briri.de\/wp-content\/uploads\/2024\/10\/Briri_Maschinenbau_Bawinkel_Guelletechnik_Ausstattung_Slider-768x432.jpg 768w, https:\/\/briri.de\/wp-content\/uploads\/2024\/10\/Briri_Maschinenbau_Bawinkel_Guelletechnik_Ausstattung_Slider-1536x864.jpg 1536w\" sizes=\"auto, (max-width: 1920px) 100vw, 1920px\" \/><\/p>\n<\/div>\n<\/div><a href=\"https:\/\/briri.de\/produkte\/guelletechnik\/briri-field-line\/\" class=\"so-premium-link-overlay\">&nbsp;<\/a><\/div><\/div><div id=\"panel-154660-5-2-1\" class=\"so-panel widget widget_sow-button\" data-index=\"20\" ><div\n\t\t\t\n\t\t\tclass=\"so-widget-sow-button so-widget-sow-button-flat-02ea08d1807c-154660\"\n\t\t\t\n\t\t><div class=\"ow-button-base ow-button-align-center\"\n>\n\t\t\t<a\n\t\t\t\t\thref=\"https:\/\/briri.de\/steuerungstechnik-precision-farming\/\"\n\t\t\t\t\tclass=\"sowb-button ow-icon-placement-left ow-button-hover\" \t>\n\t\t<span>\n\t\t\t\n\t\t\tWyposa\u017cenie i akcesoria &gt;&gt;&gt;\t\t<\/span>\n\t\t\t<\/a>\n\t<\/div>\n<\/div><\/div><div id=\"panel-154660-5-2-2\" class=\"so-panel widget widget_sow-editor panel-last-child\" data-index=\"21\" ><div class=\"productrow panel-widget-style panel-widget-style-for-154660-5-2-2\" ><div\n\t\t\t\n\t\t\tclass=\"so-widget-sow-editor so-widget-sow-editor-base\"\n\t\t\t\n\t\t>\n<div class=\"siteorigin-widget-tinymce textwidget\">\n\t<p style=\"text-align: center;\"><strong>Highlights<\/strong><\/p>\n<ul>\n<li>Komfort jazdy<\/li>\n<li>R\u00f3wnowaga &amp; balans<\/li>\n<li>Moc<\/li>\n<li>Nape\u0142nianie<\/li>\n<li>Dozowanie<\/li>\n<li>Obs\u0142uga<\/li>\n<li>Akcesoria<\/li>\n<\/ul>\n<\/div>\n<\/div><\/div><\/div><\/div><\/div><\/div><\/div><\/div>","protected":false},"excerpt":{"rendered":"<p>BRIRI | Technika rozlewania gnojowicy<\/p>\n","protected":false},"author":1,"featured_media":0,"parent":154638,"menu_order":0,"comment_status":"closed","ping_status":"closed","template":"","meta":{"inline_featured_image":false,"footnotes":""},"class_list":["post-154660","page","type-page","status-publish","hentry","post"],"_links":{"self":[{"href":"https:\/\/briri.de\/pl\/wp-json\/wp\/v2\/pages\/154660","targetHints":{"allow":["GET"]}}],"collection":[{"href":"https:\/\/briri.de\/pl\/wp-json\/wp\/v2\/pages"}],"about":[{"href":"https:\/\/briri.de\/pl\/wp-json\/wp\/v2\/types\/page"}],"author":[{"embeddable":true,"href":"https:\/\/briri.de\/pl\/wp-json\/wp\/v2\/users\/1"}],"replies":[{"embeddable":true,"href":"https:\/\/briri.de\/pl\/wp-json\/wp\/v2\/comments?post=154660"}],"version-history":[{"count":0,"href":"https:\/\/briri.de\/pl\/wp-json\/wp\/v2\/pages\/154660\/revisions"}],"up":[{"embeddable":true,"href":"https:\/\/briri.de\/pl\/wp-json\/wp\/v2\/pages\/154638"}],"wp:attachment":[{"href":"https:\/\/briri.de\/pl\/wp-json\/wp\/v2\/media?parent=154660"}],"curies":[{"name":"wp","href":"https:\/\/api.w.org\/{rel}","templated":true}]}}