{"id":154647,"date":"2025-07-08T08:37:12","date_gmt":"2025-07-08T06:37:12","guid":{"rendered":"https:\/\/briri.de\/?page_id=154647"},"modified":"2026-01-03T19:45:29","modified_gmt":"2026-01-03T18:45:29","slug":"service","status":"publish","type":"page","link":"https:\/\/briri.de\/pl\/service\/","title":{"rendered":"Service"},"content":{"rendered":"<div id=\"pl-154647\"  class=\"panel-layout\" ><div id=\"pg-154647-0\"  class=\"panel-grid panel-has-style\" ><div class=\"siteorigin-panels-stretch panel-row-style panel-row-style-for-154647-0\" data-stretch-type=\"full-width-stretch\" ><div id=\"pgc-154647-0-0\"  class=\"panel-grid-cell\" ><div id=\"panel-154647-0-0-0\" class=\"so-panel widget widget_sow-hero panel-first-child panel-last-child\" data-index=\"0\" ><div\n\t\t\t\n\t\t\tclass=\"so-widget-sow-hero so-widget-sow-hero-default-30e74c897c04-154647 so-widget-fittext-wrapper\"\n\t\t\t data-fit-text-compressor=\"0.75\"\n\t\t>\t\t\t\t<div class=\"sow-slider-base\" style=\"display: none\" tabindex=\"0\">\n\t\t\t\t\t<ul\n\t\t\t\t\tclass=\"sow-slider-images\"\n\t\t\t\t\tdata-settings=\"{&quot;pagination&quot;:true,&quot;speed&quot;:800,&quot;timeout&quot;:8000,&quot;paused&quot;:false,&quot;pause_on_hover&quot;:false,&quot;swipe&quot;:true,&quot;nav_always_show_desktop&quot;:&quot;&quot;,&quot;nav_always_show_mobile&quot;:&quot;&quot;,&quot;breakpoint&quot;:&quot;780px&quot;,&quot;unmute&quot;:false,&quot;anchor&quot;:null}\"\n\t\t\t\t\tstyle=\"min-height: 800px\"\t\t\t\t\tdata-anchor-id=\"\"\n\t\t\t\t>\t\t<li class=\"sow-slider-image  sow-slider-image-cover\" style=\"visibility: visible;;background-color: #000000\" >\n\t\t\t\t\t<div class=\"sow-slider-image-container\">\n\t\t\t<div class=\"sow-slider-image-wrapper\">\n\t\t\t\t\t\t\t<\/div>\n\t\t<\/div>\n\t\t<div class=\"sow-slider-image-overlay sow-slider-image-cover\" style=\"opacity: 0.87;background-image: url(https:\/\/briri.de\/wp-content\/uploads\/2024\/08\/Briri_Maschinenbau_Bawinkel_Unternehmen_Werksbesichtigung_1.jpg)\"  ><\/div>\t\t<\/li>\n\t\t<\/ul>\t\t\t\t<ol class=\"sow-slider-pagination\">\n\t\t\t\t\t\t\t\t\t\t\t<li><a href=\"#\" data-goto=\"0\" aria-label=\"Display slide 1\"><\/a><\/li>\n\t\t\t\t\t\t\t\t\t<\/ol>\n\n\t\t\t\t<div class=\"sow-slide-nav sow-slide-nav-next\">\n\t\t\t\t\t<a href=\"#\" data-goto=\"next\" aria-label=\"Next slide\" data-action=\"next\">\n\t\t\t\t\t\t<em class=\"sow-sld-icon-thin-right\"><\/em>\n\t\t\t\t\t<\/a>\n\t\t\t\t<\/div>\n\n\t\t\t\t<div class=\"sow-slide-nav sow-slide-nav-prev\">\n\t\t\t\t\t<a href=\"#\" data-goto=\"previous\" aria-label=\"Previous slide\" data-action=\"prev\">\n\t\t\t\t\t\t<em class=\"sow-sld-icon-thin-left\"><\/em>\n\t\t\t\t\t<\/a>\n\t\t\t\t<\/div>\n\t\t\t\t<\/div><\/div><\/div><\/div><\/div><\/div><div id=\"pg-154647-1\"  class=\"panel-grid panel-has-style\" ><div class=\"pr-headline-red siteorigin-panels-stretch panel-row-style panel-row-style-for-154647-1\" data-stretch-type=\"full\" ><div id=\"pgc-154647-1-0\"  class=\"panel-grid-cell\" ><div id=\"panel-154647-1-0-0\" class=\"so-panel widget widget_sow-editor panel-first-child panel-last-child\" data-index=\"1\" ><div class=\"product_headline panel-widget-style panel-widget-style-for-154647-1-0-0\" ><div\n\t\t\t\n\t\t\tclass=\"so-widget-sow-editor so-widget-sow-editor-base\"\n\t\t\t\n\t\t>\n<div class=\"siteorigin-widget-tinymce textwidget\">\n\t<p><a href=\"https:\/\/briri.de\/wp-content\/uploads\/2024\/08\/briri-sil-whitesvg.svg\"><img loading=\"lazy\" decoding=\"async\" class=\"alignnone size-full wp-image-787\" src=\"https:\/\/briri.de\/wp-content\/uploads\/2024\/08\/briri-sil-whitesvg.svg\" alt=\"\" width=\"3144\" height=\"917\" \/><\/a><\/p>\n<\/div>\n<\/div><\/div><\/div><\/div><div id=\"pgc-154647-1-1\"  class=\"panel-grid-cell\" ><div id=\"panel-154647-1-1-0\" class=\"so-panel widget widget_sow-editor panel-first-child panel-last-child\" data-index=\"2\" ><div class=\"product_headline panel-widget-style panel-widget-style-for-154647-1-1-0\" ><div\n\t\t\t\n\t\t\tclass=\"so-widget-sow-editor so-widget-sow-editor-base\"\n\t\t\t\n\t\t>\n<div class=\"siteorigin-widget-tinymce textwidget\">\n\t<h1><em>Service BRIRI<\/em> |Service<\/h1>\n<\/div>\n<\/div><\/div><\/div><\/div><\/div><\/div><div id=\"pg-154647-2\"  class=\"panel-grid panel-has-style\" ><div class=\"siteorigin-panels-stretch panel-row-style panel-row-style-for-154647-2\" data-stretch-type=\"full\" ><div id=\"pgc-154647-2-0\"  class=\"panel-grid-cell\" ><div id=\"panel-154647-2-0-0\" class=\"so-panel widget widget_sow-editor panel-first-child panel-last-child\" data-index=\"3\" ><div class=\"contentrow panel-widget-style panel-widget-style-for-154647-2-0-0\" ><div\n\t\t\t\n\t\t\tclass=\"so-widget-sow-editor so-widget-sow-editor-base\"\n\t\t\t\n\t\t>\n<div class=\"siteorigin-widget-tinymce textwidget\">\n\t<h2>Hotline serwisu<\/h2>\n<a id=\"servicehotline\"><\/a>\n<p>Uszkodzenie wozu asenizacyjnego lub transportera gnojowicy? Nasz zesp\u00f3\u0142 serwisowy ch\u0119tnie pomo\u017ce i udzieli rad telefonicznie.<\/p>\n<p><strong>W razie jakichkolwiek pyta\u0144 lub problem\u00f3w prosimy o kontakt z naszym dzia\u0142em serwisowym:<\/strong><\/p>\n<p>od poniedzia\u0142ku do pi\u0105tku w godzinach od 07:00 do 16:00<\/p>\n<p>Tel..: +49(0)5963\/9401-222<br \/>\nTel. kom\u00f3rkowego: +49(0)159\/04168748<\/p>\n<p>E-mail: service@briri.de<\/p>\n<p><strong>Przed rozmow\u0105 telefoniczn\u0105 prosimy o przygotowanie danych, dotycz\u0105cych numeru identyfikacyjnego pojazdu i roku produkcji!<\/strong><\/p>\n<p><strong>Dop\u0142ata serwisowa poza godzinami pracy:<\/strong><\/p>\n<p>za us\u0142ugi serwisowe, \u015bwiadczone poza godzinami pracy, naliczane b\u0119d\u0105 nast\u0119puj\u0105ce dop\u0142aty:<\/p>\n<ul>\n<li>od poniedzia\u0142ku do soboty: dop\u0142ata w wysoko\u015bci 50%<\/li>\n<li>Niedziela: dop\u0142ata w wysoko\u015bci 100%<\/li>\n<li>Za cz\u0119\u015bci zamienne, udost\u0119pniane poza normalnymi godzinami pracy, naliczona zostanie dodatkowa op\u0142ata rycza\u0142towa w wysoko\u015bci 50 EUR.<\/li>\n<\/ul>\n<\/div>\n<\/div><\/div><\/div><\/div><\/div><\/div><div id=\"pg-154647-3\"  class=\"panel-grid panel-has-style\" ><div class=\"siteorigin-panels-stretch panel-row-style panel-row-style-for-154647-3\" data-stretch-type=\"full\" ><div id=\"pgc-154647-3-0\"  class=\"panel-grid-cell\" ><div id=\"panel-154647-3-0-0\" class=\"so-panel widget widget_sow-editor panel-first-child panel-last-child\" data-index=\"4\" ><div\n\t\t\t\n\t\t\tclass=\"so-widget-sow-editor so-widget-sow-editor-base\"\n\t\t\t\n\t\t>\n<div class=\"siteorigin-widget-tinymce textwidget\">\n\t<a id=\"gewaehrleistung\"><\/a>\n<\/div>\n<\/div><\/div><\/div><\/div><\/div><div id=\"pg-154647-4\"  class=\"panel-grid panel-has-style\" ><div class=\"siteorigin-panels-stretch panel-row-style panel-row-style-for-154647-4\" data-stretch-type=\"full\" ><div id=\"pgc-154647-4-0\"  class=\"panel-grid-cell\" ><div id=\"panel-154647-4-0-0\" class=\"so-panel widget widget_sow-editor panel-first-child panel-last-child\" data-index=\"5\" ><div class=\"contentrow panel-widget-style panel-widget-style-for-154647-4-0-0\" ><div\n\t\t\t\n\t\t\tclass=\"so-widget-sow-editor so-widget-sow-editor-base\"\n\t\t\t\n\t\t>\n<div class=\"siteorigin-widget-tinymce textwidget\">\n\t<h2>Gwarancja<\/h2>\n<ul>\n<li><a href=\"https:\/\/briri.de\/wp-content\/uploads\/2024\/12\/Briri_GewaehrleistungsantragV01.pdf\">Wniosek dotycz\u0105cy gwarancji BRIRI (PDF)<\/a> (<a href=\"https:\/\/briri.de\/wp-content\/uploads\/2024\/12\/Briri_GewaehrleistungsantragV01.pdf\">BRIRI Gew\u00e4hrleistungsantrag (PDF)<\/a>)<\/li>\n<li><a href=\"https:\/\/briri.de\/wp-content\/uploads\/2024\/12\/Briri_Vorgehen-Gewaehrleistungsabwicklung.pdf\">Procedura rozpatrywania gwarancji BRIRI (PDF)<\/a> (<a href=\"https:\/\/briri.de\/wp-content\/uploads\/2024\/12\/Briri_Vorgehen-Gewaehrleistungsabwicklung.pdf\">BRIRI Vorgehen Gew\u00e4hrleistungsabwicklung (PDF)<\/a>)<\/li>\n<\/ul>\n<\/div>\n<\/div><\/div><\/div><\/div><\/div><\/div><div id=\"pg-154647-5\"  class=\"panel-grid panel-has-style\" ><div class=\"siteorigin-panels-stretch panel-row-style panel-row-style-for-154647-5\" data-stretch-type=\"full\" ><div id=\"pgc-154647-5-0\"  class=\"panel-grid-cell\" ><div id=\"panel-154647-5-0-0\" class=\"so-panel widget widget_sow-editor panel-first-child panel-last-child\" data-index=\"6\" ><div\n\t\t\t\n\t\t\tclass=\"so-widget-sow-editor so-widget-sow-editor-base\"\n\t\t\t\n\t\t>\n<div class=\"siteorigin-widget-tinymce textwidget\">\n\t<a id=\"downloads\"><\/a>\n<\/div>\n<\/div><\/div><\/div><\/div><\/div><div id=\"pg-154647-6\"  class=\"panel-grid panel-has-style\" ><div class=\"siteorigin-panels-stretch panel-row-style panel-row-style-for-154647-6\" data-stretch-type=\"full\" ><div id=\"pgc-154647-6-0\"  class=\"panel-grid-cell\" ><div id=\"panel-154647-6-0-0\" class=\"so-panel widget widget_sow-editor panel-first-child\" data-index=\"7\" ><div class=\"contentrow panel-widget-style panel-widget-style-for-154647-6-0-0\" ><div\n\t\t\t\n\t\t\tclass=\"so-widget-sow-editor so-widget-sow-editor-base\"\n\t\t\t\n\t\t>\n<div class=\"siteorigin-widget-tinymce textwidget\">\n\t<h2>Do pobrania<\/h2>\n<\/div>\n<\/div><\/div><\/div><div id=\"panel-154647-6-0-1\" class=\"so-panel widget widget_sow-editor panel-last-child\" data-index=\"8\" ><div class=\"contentrow panel-widget-style panel-widget-style-for-154647-6-0-1\" ><div\n\t\t\t\n\t\t\tclass=\"so-widget-sow-editor so-widget-sow-editor-base\"\n\t\t\t\n\t\t>\n<div class=\"siteorigin-widget-tinymce textwidget\">\n\t<p>Broszury w j\u0119zyku angielskim w formacie PDF<\/p>\n<\/div>\n<\/div><\/div><\/div><\/div><\/div><\/div><div id=\"pg-154647-7\"  class=\"panel-grid panel-has-style\" ><div class=\"siteorigin-panels-stretch panel-row-style panel-row-style-for-154647-7\" data-stretch-type=\"full\" ><div id=\"pgc-154647-7-0\"  class=\"panel-grid-cell\" ><div id=\"panel-154647-7-0-0\" class=\"so-panel widget widget_sow-editor panel-first-child panel-last-child\" data-index=\"9\" ><div class=\"contentrow panel-widget-style panel-widget-style-for-154647-7-0-0\" ><div\n\t\t\t\n\t\t\tclass=\"so-widget-sow-editor so-widget-sow-editor-base\"\n\t\t\t\n\t\t>\n<div class=\"siteorigin-widget-tinymce textwidget\">\n\t<p><a href=\"https:\/\/briri.de\/wp-content\/uploads\/2024\/12\/guelletechnikDE2023-web.pdf\" target=\"_blank\" rel=\"noopener\"><img loading=\"lazy\" decoding=\"async\" class=\"aligncenter wp-image-3823 size-full\" src=\"https:\/\/briri.de\/wp-content\/uploads\/2024\/10\/guelletechnikDE2023-web-730x1024-1.jpg\" alt=\"\" width=\"730\" height=\"1024\" srcset=\"https:\/\/briri.de\/wp-content\/uploads\/2024\/10\/guelletechnikDE2023-web-730x1024-1.jpg 730w, https:\/\/briri.de\/wp-content\/uploads\/2024\/10\/guelletechnikDE2023-web-730x1024-1-214x300.jpg 214w\" sizes=\"auto, (max-width: 730px) 100vw, 730px\" \/><\/a><\/p>\n<\/div>\n<\/div><\/div><\/div><\/div><div id=\"pgc-154647-7-1\"  class=\"panel-grid-cell\" ><div id=\"panel-154647-7-1-0\" class=\"so-panel widget widget_sow-editor panel-first-child panel-last-child\" data-index=\"10\" ><div class=\"contentrow panel-widget-style panel-widget-style-for-154647-7-1-0\" ><div\n\t\t\t\n\t\t\tclass=\"so-widget-sow-editor so-widget-sow-editor-base\"\n\t\t\t\n\t\t>\n<div class=\"siteorigin-widget-tinymce textwidget\">\n\t<p><a href=\"https:\/\/briri.de\/wp-content\/uploads\/2024\/10\/Streutechnik-2024-de-finalweb.pdf\" target=\"_blank\" rel=\"noopener\"><img loading=\"lazy\" decoding=\"async\" class=\"size-full wp-image-3829 aligncenter\" src=\"https:\/\/briri.de\/wp-content\/uploads\/2024\/10\/streutechnikDE2023-web-730x1024-2.jpg\" alt=\"\" width=\"730\" height=\"1024\" srcset=\"https:\/\/briri.de\/wp-content\/uploads\/2024\/10\/streutechnikDE2023-web-730x1024-2.jpg 730w, https:\/\/briri.de\/wp-content\/uploads\/2024\/10\/streutechnikDE2023-web-730x1024-2-214x300.jpg 214w\" sizes=\"auto, (max-width: 730px) 100vw, 730px\" \/><\/a><\/p>\n<\/div>\n<\/div><\/div><\/div><\/div><div id=\"pgc-154647-7-2\"  class=\"panel-grid-cell\" ><div id=\"panel-154647-7-2-0\" class=\"so-panel widget widget_sow-editor panel-first-child panel-last-child\" data-index=\"11\" ><div class=\"contentrow panel-widget-style panel-widget-style-for-154647-7-2-0\" ><div\n\t\t\t\n\t\t\tclass=\"so-widget-sow-editor so-widget-sow-editor-base\"\n\t\t\t\n\t\t>\n<div class=\"siteorigin-widget-tinymce textwidget\">\n\t<p><a href=\"https:\/\/briri.de\/wp-content\/uploads\/2024\/12\/transporttechnikDE2023-web.pdf\" target=\"_blank\" rel=\"noopener\"><img loading=\"lazy\" decoding=\"async\" class=\"size-full wp-image-3831 aligncenter\" src=\"https:\/\/briri.de\/wp-content\/uploads\/2024\/10\/transporttechnikDE2023-web-730x1024-1.jpg\" alt=\"\" width=\"730\" height=\"1024\" srcset=\"https:\/\/briri.de\/wp-content\/uploads\/2024\/10\/transporttechnikDE2023-web-730x1024-1.jpg 730w, https:\/\/briri.de\/wp-content\/uploads\/2024\/10\/transporttechnikDE2023-web-730x1024-1-214x300.jpg 214w\" sizes=\"auto, (max-width: 730px) 100vw, 730px\" \/><\/a><\/p>\n<\/div>\n<\/div><\/div><\/div><\/div><\/div><\/div><div id=\"pg-154647-8\"  class=\"panel-grid panel-has-style\" ><div class=\"siteorigin-panels-stretch panel-row-style panel-row-style-for-154647-8\" data-stretch-type=\"full\" ><div id=\"pgc-154647-8-0\"  class=\"panel-grid-cell\" ><div id=\"panel-154647-8-0-0\" class=\"so-panel widget widget_sow-editor panel-first-child panel-last-child\" data-index=\"12\" ><div class=\"contentrow panel-widget-style panel-widget-style-for-154647-8-0-0\" ><div\n\t\t\t\n\t\t\tclass=\"so-widget-sow-editor so-widget-sow-editor-base\"\n\t\t\t\n\t\t>\n<div class=\"siteorigin-widget-tinymce textwidget\">\n\t<p class=\"p1\">Broszury w j\u0119zyku angielskim w formacie PDF<\/p>\n<\/div>\n<\/div><\/div><\/div><\/div><\/div><\/div><div id=\"pg-154647-9\"  class=\"panel-grid panel-has-style\" ><div class=\"siteorigin-panels-stretch panel-row-style panel-row-style-for-154647-9\" data-stretch-type=\"full\" ><div id=\"pgc-154647-9-0\"  class=\"panel-grid-cell\" ><div id=\"panel-154647-9-0-0\" class=\"so-panel widget widget_sow-editor panel-first-child panel-last-child\" data-index=\"13\" ><div class=\"contentrow panel-widget-style panel-widget-style-for-154647-9-0-0\" ><div\n\t\t\t\n\t\t\tclass=\"so-widget-sow-editor so-widget-sow-editor-base\"\n\t\t\t\n\t\t>\n<div class=\"siteorigin-widget-tinymce textwidget\">\n\t<p><a href=\"https:\/\/briri.de\/wp-content\/uploads\/2024\/12\/slurrytechnologieEN2023-web.pdf\" target=\"_blank\" rel=\"noopener\"><img loading=\"lazy\" decoding=\"async\" class=\"size-full wp-image-3825 aligncenter\" src=\"https:\/\/briri.de\/wp-content\/uploads\/2024\/10\/slurrytechnologieEN2023-web-730x1024-1.jpg\" alt=\"\" width=\"730\" height=\"1024\" srcset=\"https:\/\/briri.de\/wp-content\/uploads\/2024\/10\/slurrytechnologieEN2023-web-730x1024-1.jpg 730w, https:\/\/briri.de\/wp-content\/uploads\/2024\/10\/slurrytechnologieEN2023-web-730x1024-1-214x300.jpg 214w\" sizes=\"auto, (max-width: 730px) 100vw, 730px\" \/><\/a><\/p>\n<\/div>\n<\/div><\/div><\/div><\/div><div id=\"pgc-154647-9-1\"  class=\"panel-grid-cell\" ><div id=\"panel-154647-9-1-0\" class=\"so-panel widget widget_sow-editor panel-first-child panel-last-child\" data-index=\"14\" ><div class=\"contentrow panel-widget-style panel-widget-style-for-154647-9-1-0\" ><div\n\t\t\t\n\t\t\tclass=\"so-widget-sow-editor so-widget-sow-editor-base\"\n\t\t\t\n\t\t>\n<div class=\"siteorigin-widget-tinymce textwidget\">\n\t<p><a href=\"https:\/\/briri.de\/wp-content\/uploads\/2024\/12\/spreadingtechEN2023-web.pdf\" target=\"_blank\" rel=\"noopener\"><img loading=\"lazy\" decoding=\"async\" class=\"aligncenter wp-image-3827 size-full\" src=\"https:\/\/briri.de\/wp-content\/uploads\/2024\/10\/spreadingtechEN2023-web-730x1024-1.jpg\" alt=\"\" width=\"730\" height=\"1024\" srcset=\"https:\/\/briri.de\/wp-content\/uploads\/2024\/10\/spreadingtechEN2023-web-730x1024-1.jpg 730w, https:\/\/briri.de\/wp-content\/uploads\/2024\/10\/spreadingtechEN2023-web-730x1024-1-214x300.jpg 214w\" sizes=\"auto, (max-width: 730px) 100vw, 730px\" \/><\/a><\/p>\n<\/div>\n<\/div><\/div><\/div><\/div><div id=\"pgc-154647-9-2\"  class=\"panel-grid-cell\" ><div id=\"panel-154647-9-2-0\" class=\"so-panel widget widget_sow-editor panel-first-child panel-last-child\" data-index=\"15\" ><div class=\"contentrow panel-widget-style panel-widget-style-for-154647-9-2-0\" ><div\n\t\t\t\n\t\t\tclass=\"so-widget-sow-editor so-widget-sow-editor-base\"\n\t\t\t\n\t\t>\n<div class=\"siteorigin-widget-tinymce textwidget\">\n\t<p><a href=\"https:\/\/briri.de\/wp-content\/uploads\/2024\/12\/transporttechnologieEN2023-web.pdf\" target=\"_blank\" rel=\"noopener\"><img loading=\"lazy\" decoding=\"async\" class=\"size-full wp-image-3833 aligncenter\" src=\"https:\/\/briri.de\/wp-content\/uploads\/2024\/10\/transporttechnologieEN2023-web-730x1024-1.jpg\" alt=\"\" width=\"730\" height=\"1024\" srcset=\"https:\/\/briri.de\/wp-content\/uploads\/2024\/10\/transporttechnologieEN2023-web-730x1024-1.jpg 730w, https:\/\/briri.de\/wp-content\/uploads\/2024\/10\/transporttechnologieEN2023-web-730x1024-1-214x300.jpg 214w\" sizes=\"auto, (max-width: 730px) 100vw, 730px\" \/><\/a><\/p>\n<\/div>\n<\/div><\/div><\/div><\/div><\/div><\/div><\/div>","protected":false},"excerpt":{"rendered":"<p>Service BRIRI |Service<\/p>\n","protected":false},"author":1,"featured_media":0,"parent":0,"menu_order":0,"comment_status":"closed","ping_status":"closed","template":"","meta":{"inline_featured_image":false,"footnotes":""},"class_list":["post-154647","page","type-page","status-publish","hentry","post"],"_links":{"self":[{"href":"https:\/\/briri.de\/pl\/wp-json\/wp\/v2\/pages\/154647","targetHints":{"allow":["GET"]}}],"collection":[{"href":"https:\/\/briri.de\/pl\/wp-json\/wp\/v2\/pages"}],"about":[{"href":"https:\/\/briri.de\/pl\/wp-json\/wp\/v2\/types\/page"}],"author":[{"embeddable":true,"href":"https:\/\/briri.de\/pl\/wp-json\/wp\/v2\/users\/1"}],"replies":[{"embeddable":true,"href":"https:\/\/briri.de\/pl\/wp-json\/wp\/v2\/comments?post=154647"}],"version-history":[{"count":1,"href":"https:\/\/briri.de\/pl\/wp-json\/wp\/v2\/pages\/154647\/revisions"}],"predecessor-version":[{"id":155371,"href":"https:\/\/briri.de\/pl\/wp-json\/wp\/v2\/pages\/154647\/revisions\/155371"}],"wp:attachment":[{"href":"https:\/\/briri.de\/pl\/wp-json\/wp\/v2\/media?parent=154647"}],"curies":[{"name":"wp","href":"https:\/\/api.w.org\/{rel}","templated":true}]}}