{"id":155689,"date":"2025-07-08T13:07:36","date_gmt":"2025-07-08T11:07:36","guid":{"rendered":"https:\/\/briri.de\/technologie-de-commande-agriculture-de-precision\/"},"modified":"2025-07-08T13:07:36","modified_gmt":"2025-07-08T11:07:36","slug":"technologie-de-commande-agriculture-de-precision","status":"publish","type":"page","link":"https:\/\/briri.de\/fr\/technologie-de-commande-agriculture-de-precision\/","title":{"rendered":"Technologie de commande \/ Agriculture de pr\u00e9cision"},"content":{"rendered":"<div id=\"pl-155689\"  class=\"panel-layout\" ><div id=\"pg-155689-0\"  class=\"panel-grid panel-has-style\" ><div class=\"siteorigin-panels-stretch panel-row-style panel-row-style-for-155689-0\" data-stretch-type=\"full-width-stretch\" ><div id=\"pgc-155689-0-0\"  class=\"panel-grid-cell\" ><div id=\"panel-155689-0-0-0\" class=\"so-panel widget widget_sow-hero panel-first-child panel-last-child\" data-index=\"0\" ><div\n\t\t\t\n\t\t\tclass=\"so-widget-sow-hero so-widget-sow-hero-default-30e74c897c04-155689 so-widget-fittext-wrapper\"\n\t\t\t data-fit-text-compressor=\"0.75\"\n\t\t>\t\t\t\t<div class=\"sow-slider-base\" style=\"display: none\" tabindex=\"0\">\n\t\t\t\t\t<ul\n\t\t\t\t\tclass=\"sow-slider-images\"\n\t\t\t\t\tdata-settings=\"{&quot;pagination&quot;:true,&quot;speed&quot;:800,&quot;timeout&quot;:8000,&quot;paused&quot;:false,&quot;pause_on_hover&quot;:false,&quot;swipe&quot;:true,&quot;nav_always_show_desktop&quot;:&quot;&quot;,&quot;nav_always_show_mobile&quot;:&quot;&quot;,&quot;breakpoint&quot;:&quot;780px&quot;,&quot;unmute&quot;:false,&quot;anchor&quot;:null}\"\n\t\t\t\t\tstyle=\"min-height: 800px\"\t\t\t\t\tdata-anchor-id=\"\"\n\t\t\t\t>\t\t<li class=\"sow-slider-image  sow-slider-image-cover\" style=\"visibility: visible;;background-color: #000000\" >\n\t\t\t\t\t<div class=\"sow-slider-image-container\">\n\t\t\t<div class=\"sow-slider-image-wrapper\">\n\t\t\t\t\t\t\t<\/div>\n\t\t<\/div>\n\t\t<div class=\"sow-slider-image-overlay sow-slider-image-cover\" style=\"opacity: 0.87;background-image: url(https:\/\/briri.de\/wp-content\/uploads\/2024\/10\/Briri_Maschinenbau_Bawinkel_Guelletechnik_Multi-Line.jpg)\"  ><\/div>\t\t<\/li>\n\t\t<\/ul>\t\t\t\t<ol class=\"sow-slider-pagination\">\n\t\t\t\t\t\t\t\t\t\t\t<li><a href=\"#\" data-goto=\"0\" aria-label=\"Display slide 1\"><\/a><\/li>\n\t\t\t\t\t\t\t\t\t<\/ol>\n\n\t\t\t\t<div class=\"sow-slide-nav sow-slide-nav-next\">\n\t\t\t\t\t<a href=\"#\" data-goto=\"next\" aria-label=\"Next slide\" data-action=\"next\">\n\t\t\t\t\t\t<em class=\"sow-sld-icon-thin-right\"><\/em>\n\t\t\t\t\t<\/a>\n\t\t\t\t<\/div>\n\n\t\t\t\t<div class=\"sow-slide-nav sow-slide-nav-prev\">\n\t\t\t\t\t<a href=\"#\" data-goto=\"previous\" aria-label=\"Previous slide\" data-action=\"prev\">\n\t\t\t\t\t\t<em class=\"sow-sld-icon-thin-left\"><\/em>\n\t\t\t\t\t<\/a>\n\t\t\t\t<\/div>\n\t\t\t\t<\/div><\/div><\/div><\/div><\/div><\/div><div id=\"pg-155689-1\"  class=\"panel-grid panel-has-style\" ><div class=\"pr-headline-red siteorigin-panels-stretch panel-row-style panel-row-style-for-155689-1\" data-stretch-type=\"full\" ><div id=\"pgc-155689-1-0\"  class=\"panel-grid-cell\" ><div id=\"panel-155689-1-0-0\" class=\"so-panel widget widget_sow-editor panel-first-child panel-last-child\" data-index=\"1\" ><div class=\"product_headline panel-widget-style panel-widget-style-for-155689-1-0-0\" ><div\n\t\t\t\n\t\t\tclass=\"so-widget-sow-editor so-widget-sow-editor-base\"\n\t\t\t\n\t\t>\n<div class=\"siteorigin-widget-tinymce textwidget\">\n\t<p><img loading=\"lazy\" decoding=\"async\" class=\"alignnone size-large wp-image-224\" src=\"https:\/\/briri.de\/wp-content\/uploads\/2024\/08\/guelle.svg\" alt=\"\" width=\"1024\" height=\"438\"><\/p>\n<\/div>\n<\/div><\/div><\/div><\/div><div id=\"pgc-155689-1-1\"  class=\"panel-grid-cell\" ><div id=\"panel-155689-1-1-0\" class=\"so-panel widget widget_sow-editor panel-first-child panel-last-child\" data-index=\"2\" ><div class=\"product_headline panel-widget-style panel-widget-style-for-155689-1-1-0\" ><div\n\t\t\t\n\t\t\tclass=\"so-widget-sow-editor so-widget-sow-editor-base\"\n\t\t\t\n\t\t>\n<div class=\"siteorigin-widget-tinymce textwidget\">\n\t<h1>Control technology \/ precision farming<\/h1>\n<\/div>\n<\/div><\/div><\/div><\/div><\/div><\/div><div id=\"pg-155689-2\"  class=\"panel-grid panel-has-style\" ><div class=\"siteorigin-panels-stretch panel-row-style panel-row-style-for-155689-2\" data-stretch-type=\"full\" ><div id=\"pgc-155689-2-0\"  class=\"panel-grid-cell\" ><div id=\"panel-155689-2-0-0\" class=\"so-panel widget widget_sow-editor panel-first-child panel-last-child\" data-index=\"3\" ><div class=\"contentrow panel-widget-style panel-widget-style-for-155689-2-0-0\" ><div\n\t\t\t\n\t\t\tclass=\"so-widget-sow-editor so-widget-sow-editor-base\"\n\t\t\t\n\t\t>\n<div class=\"siteorigin-widget-tinymce textwidget\">\n\t<h2>Unit\u00e9 de <strong>commande<\/strong> BUS \/ ISOBUS<\/h2>\n<p>Une unit\u00e9 de commande ISOBUS permet une communication ind\u00e9pendante du fabricant entre le tracteur, la tonne \u00e0 lisier et l'outil. Divers syst\u00e8mes de gestion agricole peuvent \u00e9galement \u00eatre utilis\u00e9s pour transmettre des cartes d'application, entre autres. La commande\/l'utilisation s'effectue via des terminaux \u00e0 pav\u00e9 tactile ou \u00e0 \u00e9cran tactile. Un joystick compatible ISOBUS est disponible en option.   <\/p>\n<p>Options de terminal<\/p>\n<p><img loading=\"lazy\" decoding=\"async\" class=\"alignnone size-full wp-image-3936\" src=\"https:\/\/briri.de\/wp-content\/uploads\/2024\/11\/Ohne-Titel-7.jpg\" alt=\"\" width=\"1101\" height=\"291\" srcset=\"https:\/\/briri.de\/wp-content\/uploads\/2024\/11\/Ohne-Titel-7.jpg 1101w, https:\/\/briri.de\/wp-content\/uploads\/2024\/11\/Ohne-Titel-7-300x79.jpg 300w, https:\/\/briri.de\/wp-content\/uploads\/2024\/11\/Ohne-Titel-7-1024x271.jpg 1024w, https:\/\/briri.de\/wp-content\/uploads\/2024\/11\/Ohne-Titel-7-768x203.jpg 768w\" sizes=\"auto, (max-width: 1101px) 100vw, 1101px\" \/><\/p>\n<p><strong>\u00c9cran de commande et fonction<\/strong><\/p>\n<p>Tous les v\u00e9hicules de technologie de lisier peuvent \u00eatre command\u00e9s par ISOBUS. (TC-UT) Le terminal propre au tracteur ou un terminal ISOBUS externe peut \u00eatre utilis\u00e9 \u00e0 cet effet. Un joystick AUX-N (TC-AUX-N) am\u00e9liore encore le confort d'utilisation.   <\/p>\n<p>Les technologies de lisier et d'\u00e9pandage peuvent fertiliser sur la base de cartes d'application (TC-GEO). Le capteur NIR de la tonne \u00e0 lisier permet la distribution de l'engrais organique en fonction de sa teneur en N\/A\/P\/K. <\/p>\n<p>Les outils fix\u00e9s \u00e0 la tonne \u00e0 lisier peuvent \u00eatre command\u00e9s enti\u00e8rement automatiquement avec l'unit\u00e9 Sectioncontrol pour \u00e9viter la sur-fertilisation et la sous-fertilisation. Les donn\u00e9es de commande peuvent \u00eatre re\u00e7ues via l'Agrirouter et renvoy\u00e9es au bureau apr\u00e8s traitement. <\/p>\n<hr>\n<h2>Agriculture de pr\u00e9cision<\/h2>\n<p><img loading=\"lazy\" decoding=\"async\" class=\"alignnone size-full wp-image-3937\" src=\"https:\/\/briri.de\/wp-content\/uploads\/2024\/11\/Ohne-Titel-8.jpg\" alt=\"\" width=\"668\" height=\"417\" srcset=\"https:\/\/briri.de\/wp-content\/uploads\/2024\/11\/Ohne-Titel-8.jpg 668w, https:\/\/briri.de\/wp-content\/uploads\/2024\/11\/Ohne-Titel-8-300x187.jpg 300w\" sizes=\"auto, (max-width: 668px) 100vw, 668px\" \/><\/p>\n<hr>\n<h2>Capteur NIR<\/h2>\n<p><img loading=\"lazy\" decoding=\"async\" class=\"alignnone size-full wp-image-3938\" src=\"https:\/\/briri.de\/wp-content\/uploads\/2024\/11\/Ohne-Titel-10.jpg\" alt=\"\" width=\"893\" height=\"261\" srcset=\"https:\/\/briri.de\/wp-content\/uploads\/2024\/11\/Ohne-Titel-10.jpg 893w, https:\/\/briri.de\/wp-content\/uploads\/2024\/11\/Ohne-Titel-10-300x88.jpg 300w, https:\/\/briri.de\/wp-content\/uploads\/2024\/11\/Ohne-Titel-10-768x224.jpg 768w\" sizes=\"auto, (max-width: 893px) 100vw, 893px\" \/><\/p>\n<p>Les capteurs infrarouges proches (capteurs NIR) am\u00e9lioreront consid\u00e9rablement la d\u00e9termination des nutriments dans les engrais de ferme.<br \/>Les capteurs NIR enregistreront les ingr\u00e9dients en temps r\u00e9el et permettront une fertilisation bas\u00e9e sur les besoins, conforme aux exigences l\u00e9gales, tout en tenant compte des valeurs cibles sp\u00e9cifi\u00e9es.<\/p>\n<p>Les capteurs NIR sont disponibles chez John Deere et Topcon. Les interfaces pour les deux capteurs sont int\u00e9gr\u00e9es dans l'unit\u00e9 de commande BRIRI-ISOBUS. <\/p>\n<p><img loading=\"lazy\" decoding=\"async\" class=\"alignnone size-full wp-image-3939\" src=\"https:\/\/briri.de\/wp-content\/uploads\/2024\/11\/Ohne-Titel-11.jpg\" alt=\"\" width=\"591\" height=\"369\" srcset=\"https:\/\/briri.de\/wp-content\/uploads\/2024\/11\/Ohne-Titel-11.jpg 591w, https:\/\/briri.de\/wp-content\/uploads\/2024\/11\/Ohne-Titel-11-300x187.jpg 300w\" sizes=\"auto, (max-width: 591px) 100vw, 591px\" \/><\/p>\n<hr>\n<h2>Fertilisation de zones sp\u00e9cifiques<\/h2>\n<p><img loading=\"lazy\" decoding=\"async\" class=\"alignnone size-full wp-image-3941\" src=\"https:\/\/briri.de\/wp-content\/uploads\/2024\/11\/Ohne-Titel-12.jpg\" alt=\"\" width=\"1279\" height=\"743\" srcset=\"https:\/\/briri.de\/wp-content\/uploads\/2024\/11\/Ohne-Titel-12.jpg 1279w, https:\/\/briri.de\/wp-content\/uploads\/2024\/11\/Ohne-Titel-12-300x174.jpg 300w, https:\/\/briri.de\/wp-content\/uploads\/2024\/11\/Ohne-Titel-12-1024x595.jpg 1024w, https:\/\/briri.de\/wp-content\/uploads\/2024\/11\/Ohne-Titel-12-768x446.jpg 768w\" sizes=\"auto, (max-width: 1279px) 100vw, 1279px\" \/><\/p>\n<p>Il est possible de mettre en \u0153uvre une fertilisation sp\u00e9cifique par zone partielle en combinaison avec une unit\u00e9 de commande ISOBUS et le syst\u00e8me d'activation TC-GEO associ\u00e9.<br \/>La fertilisation sp\u00e9cifique par section est un aspect important de l'agriculture de pr\u00e9cision. Les diff\u00e9rences de sol et de croissance au sein d'une zone sont prises en compte dans cette m\u00e9thode de fertilisation. L'objectif est d'appliquer les nutriments d\u00e9termin\u00e9s au bon endroit, au bon moment et dans la bonne quantit\u00e9.  <\/p>\n<hr>\n<h2>Section Control<\/h2>\n<p>Une unit\u00e9 de commande de section automatique est utilis\u00e9e pour prot\u00e9ger les sections irr\u00e9guli\u00e8res d'une sur-fertilisation partielle. Le chevauchement des sections sera consid\u00e9rablement r\u00e9duit si des segments individuels sont d\u00e9sactiv\u00e9s. Jusqu'\u00e0 24 sections peuvent \u00eatre command\u00e9es de cette mani\u00e8re.  <\/p>\n<p><img loading=\"lazy\" decoding=\"async\" class=\"alignnone size-full wp-image-3940\" src=\"https:\/\/briri.de\/wp-content\/uploads\/2024\/11\/Ohne-Titel-13.jpg\" alt=\"\" width=\"398\" height=\"300\" srcset=\"https:\/\/briri.de\/wp-content\/uploads\/2024\/11\/Ohne-Titel-13.jpg 398w, https:\/\/briri.de\/wp-content\/uploads\/2024\/11\/Ohne-Titel-13-300x226.jpg 300w\" sizes=\"auto, (max-width: 398px) 100vw, 398px\" \/><\/p>\n<\/div>\n<\/div><\/div><\/div><\/div><\/div><\/div><div id=\"pg-155689-3\"  class=\"panel-grid panel-has-style\" ><div class=\"siteorigin-panels-stretch panel-row-style panel-row-style-for-155689-3\" data-stretch-type=\"full\" ><div id=\"pgc-155689-3-0\"  class=\"panel-grid-cell\" ><div id=\"panel-155689-3-0-0\" class=\"so-panel widget widget_sow-editor panel-first-child panel-last-child\" data-index=\"4\" ><div class=\"panel-widget-style panel-widget-style-for-155689-3-0-0\" ><div\n\t\t\t\n\t\t\tclass=\"so-widget-sow-editor so-widget-sow-editor-base\"\n\t\t\t\n\t\t>\n<div class=\"siteorigin-widget-tinymce textwidget\">\n\t<\/div>\n<\/div><\/div><\/div><\/div><\/div><\/div><\/div>","protected":false},"excerpt":{"rendered":"<p>Control technology \/ precision farming<\/p>\n","protected":false},"author":1,"featured_media":0,"parent":0,"menu_order":0,"comment_status":"closed","ping_status":"closed","template":"","meta":{"inline_featured_image":false,"footnotes":""},"class_list":["post-155689","page","type-page","status-publish","hentry","post"],"_links":{"self":[{"href":"https:\/\/briri.de\/fr\/wp-json\/wp\/v2\/pages\/155689","targetHints":{"allow":["GET"]}}],"collection":[{"href":"https:\/\/briri.de\/fr\/wp-json\/wp\/v2\/pages"}],"about":[{"href":"https:\/\/briri.de\/fr\/wp-json\/wp\/v2\/types\/page"}],"author":[{"embeddable":true,"href":"https:\/\/briri.de\/fr\/wp-json\/wp\/v2\/users\/1"}],"replies":[{"embeddable":true,"href":"https:\/\/briri.de\/fr\/wp-json\/wp\/v2\/comments?post=155689"}],"version-history":[{"count":0,"href":"https:\/\/briri.de\/fr\/wp-json\/wp\/v2\/pages\/155689\/revisions"}],"wp:attachment":[{"href":"https:\/\/briri.de\/fr\/wp-json\/wp\/v2\/media?parent=155689"}],"curies":[{"name":"wp","href":"https:\/\/api.w.org\/{rel}","templated":true}]}}