{"id":155670,"date":"2025-07-08T10:43:19","date_gmt":"2025-07-08T08:43:19","guid":{"rendered":"https:\/\/briri.de\/technique-depandage\/"},"modified":"2025-07-08T10:43:19","modified_gmt":"2025-07-08T08:43:19","slug":"technique-depandage","status":"publish","type":"page","link":"https:\/\/briri.de\/fr\/technique-depandage\/","title":{"rendered":"Technique d&rsquo;\u00e9pandage"},"content":{"rendered":"<div id=\"pl-155670\"  class=\"panel-layout\" ><div id=\"pg-155670-0\"  class=\"panel-grid panel-has-style\" ><div class=\"siteorigin-panels-stretch panel-row-style panel-row-style-for-155670-0\" data-stretch-type=\"full-width-stretch\" ><div id=\"pgc-155670-0-0\"  class=\"panel-grid-cell\" ><div id=\"panel-155670-0-0-0\" class=\"so-panel widget widget_sow-hero panel-first-child panel-last-child\" data-index=\"0\" ><div\n\t\t\t\n\t\t\tclass=\"so-widget-sow-hero so-widget-sow-hero-default-30e74c897c04-155670 so-widget-fittext-wrapper\"\n\t\t\t data-fit-text-compressor=\"0.75\"\n\t\t>\t\t\t\t<div class=\"sow-slider-base\" style=\"display: none\" tabindex=\"0\">\n\t\t\t\t\t<ul\n\t\t\t\t\tclass=\"sow-slider-images\"\n\t\t\t\t\tdata-settings=\"{&quot;pagination&quot;:true,&quot;speed&quot;:800,&quot;timeout&quot;:8000,&quot;paused&quot;:false,&quot;pause_on_hover&quot;:false,&quot;swipe&quot;:true,&quot;nav_always_show_desktop&quot;:&quot;&quot;,&quot;nav_always_show_mobile&quot;:&quot;&quot;,&quot;breakpoint&quot;:&quot;780px&quot;,&quot;unmute&quot;:false,&quot;anchor&quot;:null}\"\n\t\t\t\t\tstyle=\"min-height: 800px\"\t\t\t\t\tdata-anchor-id=\"\"\n\t\t\t\t>\t\t<li class=\"sow-slider-image  sow-slider-image-cover\" style=\"visibility: visible;;background-color: #000000\" >\n\t\t\t\t\t<div class=\"sow-slider-image-container\">\n\t\t\t<div class=\"sow-slider-image-wrapper\">\n\t\t\t\t\t\t\t<\/div>\n\t\t<\/div>\n\t\t<div class=\"sow-slider-image-overlay sow-slider-image-cover\" style=\"opacity: 0.87;background-image: url(https:\/\/briri.de\/wp-content\/uploads\/2024\/11\/streutechnik-img.jpg)\"  ><\/div>\t\t<\/li>\n\t\t<\/ul>\t\t\t\t<ol class=\"sow-slider-pagination\">\n\t\t\t\t\t\t\t\t\t\t\t<li><a href=\"#\" data-goto=\"0\" aria-label=\"Display slide 1\"><\/a><\/li>\n\t\t\t\t\t\t\t\t\t<\/ol>\n\n\t\t\t\t<div class=\"sow-slide-nav sow-slide-nav-next\">\n\t\t\t\t\t<a href=\"#\" data-goto=\"next\" aria-label=\"Next slide\" data-action=\"next\">\n\t\t\t\t\t\t<em class=\"sow-sld-icon-thin-right\"><\/em>\n\t\t\t\t\t<\/a>\n\t\t\t\t<\/div>\n\n\t\t\t\t<div class=\"sow-slide-nav sow-slide-nav-prev\">\n\t\t\t\t\t<a href=\"#\" data-goto=\"previous\" aria-label=\"Previous slide\" data-action=\"prev\">\n\t\t\t\t\t\t<em class=\"sow-sld-icon-thin-left\"><\/em>\n\t\t\t\t\t<\/a>\n\t\t\t\t<\/div>\n\t\t\t\t<\/div><\/div><\/div><\/div><\/div><\/div><div id=\"pg-155670-1\"  class=\"panel-grid panel-has-style\" ><div class=\"pr-headline-red siteorigin-panels-stretch panel-row-style panel-row-style-for-155670-1\" data-stretch-type=\"full\" ><div id=\"pgc-155670-1-0\"  class=\"panel-grid-cell\" ><div id=\"panel-155670-1-0-0\" class=\"so-panel widget widget_sow-editor panel-first-child panel-last-child\" data-index=\"1\" ><div class=\"product_headline panel-widget-style panel-widget-style-for-155670-1-0-0\" ><div\n\t\t\t\n\t\t\tclass=\"so-widget-sow-editor so-widget-sow-editor-base\"\n\t\t\t\n\t\t>\n<div class=\"siteorigin-widget-tinymce textwidget\">\n\t<p><img loading=\"lazy\" decoding=\"async\" class=\"size-large wp-image-1023 alignnone\" src=\"https:\/\/briri.de\/wp-content\/uploads\/2024\/10\/streu.svg\" alt=\"\" width=\"1024\" height=\"563\"><\/p>\n<\/div>\n<\/div><\/div><\/div><\/div><div id=\"pgc-155670-1-1\"  class=\"panel-grid-cell\" ><div id=\"panel-155670-1-1-0\" class=\"so-panel widget widget_sow-editor panel-first-child panel-last-child\" data-index=\"2\" ><div class=\"product_headline panel-widget-style panel-widget-style-for-155670-1-1-0\" ><div\n\t\t\t\n\t\t\tclass=\"so-widget-sow-editor so-widget-sow-editor-base\"\n\t\t\t\n\t\t>\n<div class=\"siteorigin-widget-tinymce textwidget\">\n\t<h1><em>BRIRI<\/em> | <strong>Technologie d'\u00e9pandage<\/strong><\/h1>\n<\/div>\n<\/div><\/div><\/div><\/div><\/div><\/div><div id=\"pg-155670-2\"  class=\"panel-grid panel-has-style\" ><div class=\"siteorigin-panels-stretch panel-row-style panel-row-style-for-155670-2\" data-stretch-type=\"full\" ><div id=\"pgc-155670-2-0\"  class=\"panel-grid-cell\" ><div id=\"panel-155670-2-0-0\" class=\"so-panel widget widget_sow-editor panel-first-child panel-last-child\" data-index=\"3\" ><div class=\"contentrow panel-widget-style panel-widget-style-for-155670-2-0-0\" ><div\n\t\t\t\n\t\t\tclass=\"so-widget-sow-editor so-widget-sow-editor-base\"\n\t\t\t\n\t\t>\n<div class=\"siteorigin-widget-tinymce textwidget\">\n\t<h2>\u00c9pandeur de fumier | \u00c9pandage efficace de fumier solide<\/h2>\n<p>Pour ceux qui souhaitent \u00e9pandre leur engrais sous forme de fumier solide plut\u00f4t que liquide, les \u00e9pandeurs de fumier BRIRI offrent une solution efficace et performante. Des ch\u00e2ssis robustes et de haute qualit\u00e9, associ\u00e9s \u00e0 des essieux stables et \u00e0 des m\u00e9canismes d'\u00e9pandage sup\u00e9rieurs, font de ces \u00e9pandeurs des machines polyvalentes uniques au champ. BRIRI vous propose avec le Manure Instructor (anciennement s\u00e9rie E), le Manure Director et la s\u00e9rie UTS des v\u00e9hicules innovants offrant une qualit\u00e9 d'\u00e9pandage unique avec une pr\u00e9cision maximale.  <\/p>\n<\/div>\n<\/div><\/div><\/div><\/div><\/div><\/div><div id=\"pg-155670-3\"  class=\"panel-grid panel-has-style\" ><div class=\"siteorigin-panels-stretch panel-row-style panel-row-style-for-155670-3\" data-stretch-type=\"full\" ><div id=\"pgc-155670-3-0\"  class=\"panel-grid-cell\" ><div class=\"panel-cell-style panel-cell-style-for-155670-3-0\" ><div id=\"panel-155670-3-0-0\" class=\"so-panel widget widget_sow-editor panel-first-child\" data-index=\"4\" ><div class=\"productrow panel-widget-style panel-widget-style-for-155670-3-0-0\" ><div\n\t\t\t\n\t\t\tclass=\"so-widget-sow-editor so-widget-sow-editor-base\"\n\t\t\t\n\t\t>\n<div class=\"siteorigin-widget-tinymce textwidget\">\n\t<h2 style=\"text-align: center;\">Manure Instructor<\/h2>\n<p style=\"text-align: center;\"><img loading=\"lazy\" decoding=\"async\" class=\"alignnone size-full wp-image-3793\" src=\"https:\/\/briri.de\/wp-content\/uploads\/2024\/10\/manure-instructor-1-1.jpg\" alt=\"\" width=\"1600\" height=\"900\" srcset=\"https:\/\/briri.de\/wp-content\/uploads\/2024\/10\/manure-instructor-1-1.jpg 1600w, https:\/\/briri.de\/wp-content\/uploads\/2024\/10\/manure-instructor-1-1-300x169.jpg 300w, https:\/\/briri.de\/wp-content\/uploads\/2024\/10\/manure-instructor-1-1-1024x576.jpg 1024w, https:\/\/briri.de\/wp-content\/uploads\/2024\/10\/manure-instructor-1-1-768x432.jpg 768w, https:\/\/briri.de\/wp-content\/uploads\/2024\/10\/manure-instructor-1-1-1536x864.jpg 1536w\" sizes=\"auto, (max-width: 1600px) 100vw, 1600px\" \/><\/p>\n<\/div>\n<\/div><\/div><\/div><div id=\"panel-155670-3-0-1\" class=\"so-panel widget widget_sow-button\" data-index=\"5\" ><div\n\t\t\t\n\t\t\tclass=\"so-widget-sow-button so-widget-sow-button-flat-02ea08d1807c-155670\"\n\t\t\t\n\t\t><div class=\"ow-button-base ow-button-align-center\"\n>\n\t\t\t<a\n\t\t\t\t\thref=\"https:\/\/briri.de\/manure-instructor\/\"\n\t\t\t\t\tclass=\"sowb-button ow-icon-placement-left ow-button-hover\" \t>\n\t\t<span>\n\t\t\t\n\t\t\tManure Instructor &gt;&gt;&gt;\t\t<\/span>\n\t\t\t<\/a>\n\t<\/div>\n<\/div><\/div><div id=\"panel-155670-3-0-2\" class=\"so-panel widget widget_sow-editor panel-last-child\" data-index=\"6\" ><div class=\"productrow panel-widget-style panel-widget-style-for-155670-3-0-2\" ><div\n\t\t\t\n\t\t\tclass=\"so-widget-sow-editor so-widget-sow-editor-base\"\n\t\t\t\n\t\t>\n<div class=\"siteorigin-widget-tinymce textwidget\">\n\t<p style=\"text-align: center;\"><strong>Points forts<\/strong><\/p>\n<ul>\n<li>Attelage sup\u00e9rieur<\/li>\n<li>Avancement et recul hydrauliques du plancher racleur<\/li>\n<li>Protection de rouleaux d'\u00e9pandage pivotante hydraulique<\/li>\n<li>Ch\u00e2ssis de base galvanis\u00e9 \u00e0 chaud<\/li>\n<li>Frein \u00e0 inertie ou syst\u00e8me de freinage pneumatique<\/li>\n<\/ul>\n<\/div>\n<\/div><a href=\"https:\/\/briri.de\/produkte\/streutechnik\/manure-instructor\/\" class=\"so-premium-link-overlay\">&nbsp;<\/a><\/div><\/div><\/div><\/div><div id=\"pgc-155670-3-1\"  class=\"panel-grid-cell\" ><div class=\"panel-cell-style panel-cell-style-for-155670-3-1\" ><div id=\"panel-155670-3-1-0\" class=\"so-panel widget widget_sow-editor panel-first-child\" data-index=\"7\" ><div class=\"productrow panel-widget-style panel-widget-style-for-155670-3-1-0\" ><div\n\t\t\t\n\t\t\tclass=\"so-widget-sow-editor so-widget-sow-editor-base\"\n\t\t\t\n\t\t>\n<div class=\"siteorigin-widget-tinymce textwidget\">\n\t<h2 style=\"text-align: center;\">Manure Director<\/h2>\n<p style=\"text-align: center;\"><img loading=\"lazy\" decoding=\"async\" class=\"alignnone size-full wp-image-1030\" src=\"https:\/\/briri.de\/wp-content\/uploads\/2024\/10\/manure-director-6.jpg\" alt=\"\" width=\"1600\" height=\"900\" srcset=\"https:\/\/briri.de\/wp-content\/uploads\/2024\/10\/manure-director-6.jpg 1600w, https:\/\/briri.de\/wp-content\/uploads\/2024\/10\/manure-director-6-300x169.jpg 300w, https:\/\/briri.de\/wp-content\/uploads\/2024\/10\/manure-director-6-1024x576.jpg 1024w, https:\/\/briri.de\/wp-content\/uploads\/2024\/10\/manure-director-6-768x432.jpg 768w, https:\/\/briri.de\/wp-content\/uploads\/2024\/10\/manure-director-6-1536x864.jpg 1536w\" sizes=\"auto, (max-width: 1600px) 100vw, 1600px\" \/><\/p>\n<\/div>\n<\/div><\/div><\/div><div id=\"panel-155670-3-1-1\" class=\"so-panel widget widget_sow-button\" data-index=\"8\" ><div\n\t\t\t\n\t\t\tclass=\"so-widget-sow-button so-widget-sow-button-flat-02ea08d1807c-155670\"\n\t\t\t\n\t\t><div class=\"ow-button-base ow-button-align-center\"\n>\n\t\t\t<a\n\t\t\t\t\thref=\"https:\/\/briri.de\/manure-director\/\"\n\t\t\t\t\tclass=\"sowb-button ow-icon-placement-left ow-button-hover\" \t>\n\t\t<span>\n\t\t\t\n\t\t\tManure Director &gt;&gt;&gt;\t\t<\/span>\n\t\t\t<\/a>\n\t<\/div>\n<\/div><\/div><div id=\"panel-155670-3-1-2\" class=\"so-panel widget widget_sow-editor panel-last-child\" data-index=\"9\" ><div class=\"productrow panel-widget-style panel-widget-style-for-155670-3-1-2\" ><div\n\t\t\t\n\t\t\tclass=\"so-widget-sow-editor so-widget-sow-editor-base\"\n\t\t\t\n\t\t>\n<div class=\"siteorigin-widget-tinymce textwidget\">\n\t<p style=\"text-align: center;\"><strong>Points forts<\/strong><\/p>\n<ul>\n<li>Attelage inf\u00e9rieur K80<\/li>\n<li>Avancement et recul hydrauliques du plancher racleur<\/li>\n<li>Protection de rouleaux d'\u00e9pandage pivotante hydraulique<\/li>\n<li>M\u00e9canisme d'\u00e9pandage large avec largeurs de travail jusqu'\u00e0 25 m<\/li>\n<li>Benne rev\u00eatue par KTL et peinture poudre UNI RAL 6002<\/li>\n<li>Syst\u00e8me de freinage pneumatique<\/li>\n<\/ul>\n<\/div>\n<\/div><a href=\"https:\/\/briri.de\/produkte\/streutechnik\/manure-director\/\" class=\"so-premium-link-overlay\">&nbsp;<\/a><\/div><\/div><\/div><\/div><\/div><\/div><div id=\"pg-155670-4\"  class=\"panel-grid panel-has-style\" ><div class=\"siteorigin-panels-stretch panel-row-style panel-row-style-for-155670-4\" data-stretch-type=\"full\" ><div id=\"pgc-155670-4-0\"  class=\"panel-grid-cell\" ><div class=\"panel-cell-style panel-cell-style-for-155670-4-0\" ><div id=\"panel-155670-4-0-0\" class=\"so-panel widget widget_sow-editor panel-first-child\" data-index=\"10\" ><div class=\"productrow panel-widget-style panel-widget-style-for-155670-4-0-0\" ><div\n\t\t\t\n\t\t\tclass=\"so-widget-sow-editor so-widget-sow-editor-base\"\n\t\t\t\n\t\t>\n<div class=\"siteorigin-widget-tinymce textwidget\">\n\t<h2 style=\"text-align: center;\">UTS<\/h2>\n<p style=\"text-align: center;\"><img loading=\"lazy\" decoding=\"async\" class=\"alignnone size-full wp-image-1041\" src=\"https:\/\/briri.de\/wp-content\/uploads\/2024\/10\/uts-2.jpg\" alt=\"\" width=\"1600\" height=\"900\" srcset=\"https:\/\/briri.de\/wp-content\/uploads\/2024\/10\/uts-2.jpg 1600w, https:\/\/briri.de\/wp-content\/uploads\/2024\/10\/uts-2-300x169.jpg 300w, https:\/\/briri.de\/wp-content\/uploads\/2024\/10\/uts-2-1024x576.jpg 1024w, https:\/\/briri.de\/wp-content\/uploads\/2024\/10\/uts-2-768x432.jpg 768w, https:\/\/briri.de\/wp-content\/uploads\/2024\/10\/uts-2-1536x864.jpg 1536w\" sizes=\"auto, (max-width: 1600px) 100vw, 1600px\" \/><\/p>\n<\/div>\n<\/div><\/div><\/div><div id=\"panel-155670-4-0-1\" class=\"so-panel widget widget_sow-button\" data-index=\"11\" ><div\n\t\t\t\n\t\t\tclass=\"so-widget-sow-button so-widget-sow-button-flat-02ea08d1807c-155670\"\n\t\t\t\n\t\t><div class=\"ow-button-base ow-button-align-center\"\n>\n\t\t\t<a\n\t\t\t\t\thref=\"https:\/\/briri.de\/uts-serie\/\"\n\t\t\t\t\tclass=\"sowb-button ow-icon-placement-left ow-button-hover\" \t>\n\t\t<span>\n\t\t\t\n\t\t\tS\u00e9rie UTS &gt;&gt;&gt;\t\t<\/span>\n\t\t\t<\/a>\n\t<\/div>\n<\/div><\/div><div id=\"panel-155670-4-0-2\" class=\"so-panel widget widget_sow-editor panel-last-child\" data-index=\"12\" ><div class=\"productrow panel-widget-style panel-widget-style-for-155670-4-0-2\" ><div\n\t\t\t\n\t\t\tclass=\"so-widget-sow-editor so-widget-sow-editor-base\"\n\t\t\t\n\t\t>\n<div class=\"siteorigin-widget-tinymce textwidget\">\n\t<p style=\"text-align: center;\"><strong>Points forts<\/strong><\/p>\n<ul>\n<li>Attelage sup\u00e9rieur<\/li>\n<li>Avancement et recul hydrauliques du plancher racleur<\/li>\n<li>Protection de rouleaux d'\u00e9pandage pivotante hydraulique<\/li>\n<li>Ch\u00e2ssis de base galvanis\u00e9 \u00e0 chaud<\/li>\n<li>Frein \u00e0 inertie ou syst\u00e8me de freinage pneumatique<\/li>\n<\/ul>\n<\/div>\n<\/div><a href=\"https:\/\/briri.de\/produkte\/streutechnik\/uts-serie\/\" class=\"so-premium-link-overlay\">&nbsp;<\/a><\/div><\/div><\/div><\/div><div id=\"pgc-155670-4-1\"  class=\"panel-grid-cell\" ><div class=\"panel-cell-style panel-cell-style-for-155670-4-1\" ><div id=\"panel-155670-4-1-0\" class=\"so-panel widget widget_sow-editor panel-first-child\" data-index=\"13\" ><div class=\"productrow panel-widget-style panel-widget-style-for-155670-4-1-0\" ><div\n\t\t\t\n\t\t\tclass=\"so-widget-sow-editor so-widget-sow-editor-base\"\n\t\t\t\n\t\t>\n<div class=\"siteorigin-widget-tinymce textwidget\">\n\t<h2 style=\"text-align: center;\">Manure Professor<\/h2>\n<p style=\"text-align: center;\"><img loading=\"lazy\" decoding=\"async\" class=\"alignnone size-full wp-image-3795\" src=\"https:\/\/briri.de\/wp-content\/uploads\/2024\/10\/manure-professor-5.jpg\" alt=\"\" width=\"1600\" height=\"900\" srcset=\"https:\/\/briri.de\/wp-content\/uploads\/2024\/10\/manure-professor-5.jpg 1600w, https:\/\/briri.de\/wp-content\/uploads\/2024\/10\/manure-professor-5-300x169.jpg 300w, https:\/\/briri.de\/wp-content\/uploads\/2024\/10\/manure-professor-5-1024x576.jpg 1024w, https:\/\/briri.de\/wp-content\/uploads\/2024\/10\/manure-professor-5-768x432.jpg 768w, https:\/\/briri.de\/wp-content\/uploads\/2024\/10\/manure-professor-5-1536x864.jpg 1536w\" sizes=\"auto, (max-width: 1600px) 100vw, 1600px\" \/><\/p>\n<\/div>\n<\/div><\/div><\/div><div id=\"panel-155670-4-1-1\" class=\"so-panel widget widget_sow-button\" data-index=\"14\" ><div\n\t\t\t\n\t\t\tclass=\"so-widget-sow-button so-widget-sow-button-flat-02ea08d1807c-155670\"\n\t\t\t\n\t\t><div class=\"ow-button-base ow-button-align-center\"\n>\n\t\t\t<a\n\t\t\t\t\thref=\"https:\/\/briri.de\/manure-professor\/\"\n\t\t\t\t\tclass=\"sowb-button ow-icon-placement-left ow-button-hover\" \t>\n\t\t<span>\n\t\t\t\n\t\t\tManure Professor &gt;&gt;&gt;\t\t<\/span>\n\t\t\t<\/a>\n\t<\/div>\n<\/div><\/div><div id=\"panel-155670-4-1-2\" class=\"so-panel widget widget_sow-editor panel-last-child\" data-index=\"15\" ><div class=\"productrow panel-widget-style panel-widget-style-for-155670-4-1-2\" ><div\n\t\t\t\n\t\t\tclass=\"so-widget-sow-editor so-widget-sow-editor-base\"\n\t\t\t\n\t\t>\n<div class=\"siteorigin-widget-tinymce textwidget\">\n\t<p style=\"text-align: center;\"><strong>Points forts<\/strong><\/p>\n<ul>\n<li>Attelage inf\u00e9rieur K80<\/li>\n<li>Avancement et recul hydrauliques du plancher racleur<\/li>\n<li>Hayon arri\u00e8re hydraulique<\/li>\n<li>M\u00e9canisme d'\u00e9pandage large avec largeurs de travail jusqu'\u00e0 28 m<\/li>\n<li>Benne rev\u00eatue par KTL et peinture poudre UNI RAL 6002<\/li>\n<li>Syst\u00e8me de freinage pneumatique<\/li>\n<li>Entra\u00eenement par cardan du m\u00e9canisme d'\u00e9pandage<\/li>\n<li>Train de roulement hydraulique<\/li>\n<\/ul>\n<\/div>\n<\/div><a href=\"https:\/\/briri.de\/produkte\/streutechnik\/manure-professor\/\" class=\"so-premium-link-overlay\">&nbsp;<\/a><\/div><\/div><\/div><\/div><\/div><\/div><\/div>","protected":false},"excerpt":{"rendered":"<p>BRIRI | Technologie d&rsquo;\u00e9pandage<\/p>\n","protected":false},"author":1,"featured_media":0,"parent":0,"menu_order":0,"comment_status":"closed","ping_status":"closed","template":"","meta":{"inline_featured_image":false,"footnotes":""},"class_list":["post-155670","page","type-page","status-publish","hentry","post"],"_links":{"self":[{"href":"https:\/\/briri.de\/fr\/wp-json\/wp\/v2\/pages\/155670","targetHints":{"allow":["GET"]}}],"collection":[{"href":"https:\/\/briri.de\/fr\/wp-json\/wp\/v2\/pages"}],"about":[{"href":"https:\/\/briri.de\/fr\/wp-json\/wp\/v2\/types\/page"}],"author":[{"embeddable":true,"href":"https:\/\/briri.de\/fr\/wp-json\/wp\/v2\/users\/1"}],"replies":[{"embeddable":true,"href":"https:\/\/briri.de\/fr\/wp-json\/wp\/v2\/comments?post=155670"}],"version-history":[{"count":0,"href":"https:\/\/briri.de\/fr\/wp-json\/wp\/v2\/pages\/155670\/revisions"}],"wp:attachment":[{"href":"https:\/\/briri.de\/fr\/wp-json\/wp\/v2\/media?parent=155670"}],"curies":[{"name":"wp","href":"https:\/\/api.w.org\/{rel}","templated":true}]}}