{"id":155638,"date":"2025-07-08T10:05:18","date_gmt":"2025-07-08T08:05:18","guid":{"rendered":"https:\/\/briri.de\/technique-du-lisier\/"},"modified":"2025-07-08T10:05:18","modified_gmt":"2025-07-08T08:05:18","slug":"technique-du-lisier","status":"publish","type":"page","link":"https:\/\/briri.de\/fr\/technique-du-lisier\/","title":{"rendered":"Technique du lisier"},"content":{"rendered":"<div id=\"pl-155638\"  class=\"panel-layout\" ><div id=\"pg-155638-0\"  class=\"panel-grid panel-has-style\" ><div class=\"siteorigin-panels-stretch panel-row-style panel-row-style-for-155638-0\" data-stretch-type=\"full-width-stretch\" ><div id=\"pgc-155638-0-0\"  class=\"panel-grid-cell\" ><div id=\"panel-155638-0-0-0\" class=\"so-panel widget widget_sow-hero panel-first-child panel-last-child\" data-index=\"0\" ><div\n\t\t\t\n\t\t\tclass=\"so-widget-sow-hero so-widget-sow-hero-default-30e74c897c04-155638 so-widget-fittext-wrapper\"\n\t\t\t data-fit-text-compressor=\"0.75\"\n\t\t>\t\t\t\t<div class=\"sow-slider-base\" style=\"display: none\" tabindex=\"0\">\n\t\t\t\t\t<ul\n\t\t\t\t\tclass=\"sow-slider-images\"\n\t\t\t\t\tdata-settings=\"{&quot;pagination&quot;:true,&quot;speed&quot;:800,&quot;timeout&quot;:8000,&quot;paused&quot;:false,&quot;pause_on_hover&quot;:false,&quot;swipe&quot;:true,&quot;nav_always_show_desktop&quot;:&quot;&quot;,&quot;nav_always_show_mobile&quot;:&quot;&quot;,&quot;breakpoint&quot;:&quot;780px&quot;,&quot;unmute&quot;:false,&quot;anchor&quot;:null}\"\n\t\t\t\t\tstyle=\"min-height: 800px\"\t\t\t\t\tdata-anchor-id=\"\"\n\t\t\t\t>\t\t<li class=\"sow-slider-image  sow-slider-image-cover\" style=\"visibility: visible;;background-color: #000000\" >\n\t\t\t\t\t<div class=\"sow-slider-image-container\">\n\t\t\t<div class=\"sow-slider-image-wrapper\">\n\t\t\t\t\t\t\t<\/div>\n\t\t<\/div>\n\t\t<div class=\"sow-slider-image-overlay sow-slider-image-cover\" style=\"opacity: 0.87;background-image: url(https:\/\/briri.de\/wp-content\/uploads\/2024\/10\/Briri_Maschinenbau_Bawinkel_Guelletechnik_Field-Master_1.jpg)\"  ><\/div>\t\t<\/li>\n\t\t<\/ul>\t\t\t\t<ol class=\"sow-slider-pagination\">\n\t\t\t\t\t\t\t\t\t\t\t<li><a href=\"#\" data-goto=\"0\" aria-label=\"Display slide 1\"><\/a><\/li>\n\t\t\t\t\t\t\t\t\t<\/ol>\n\n\t\t\t\t<div class=\"sow-slide-nav sow-slide-nav-next\">\n\t\t\t\t\t<a href=\"#\" data-goto=\"next\" aria-label=\"Next slide\" data-action=\"next\">\n\t\t\t\t\t\t<em class=\"sow-sld-icon-thin-right\"><\/em>\n\t\t\t\t\t<\/a>\n\t\t\t\t<\/div>\n\n\t\t\t\t<div class=\"sow-slide-nav sow-slide-nav-prev\">\n\t\t\t\t\t<a href=\"#\" data-goto=\"previous\" aria-label=\"Previous slide\" data-action=\"prev\">\n\t\t\t\t\t\t<em class=\"sow-sld-icon-thin-left\"><\/em>\n\t\t\t\t\t<\/a>\n\t\t\t\t<\/div>\n\t\t\t\t<\/div><\/div><\/div><\/div><\/div><\/div><div id=\"pg-155638-1\"  class=\"panel-grid panel-has-style\" ><div class=\"pr-headline-red siteorigin-panels-stretch panel-row-style panel-row-style-for-155638-1\" data-stretch-type=\"full\" ><div id=\"pgc-155638-1-0\"  class=\"panel-grid-cell\" ><div id=\"panel-155638-1-0-0\" class=\"so-panel widget widget_sow-editor panel-first-child panel-last-child\" data-index=\"1\" ><div class=\"product_headline panel-widget-style panel-widget-style-for-155638-1-0-0\" ><div\n\t\t\t\n\t\t\tclass=\"so-widget-sow-editor so-widget-sow-editor-base\"\n\t\t\t\n\t\t>\n<div class=\"siteorigin-widget-tinymce textwidget\">\n\t<p><img loading=\"lazy\" decoding=\"async\" class=\"alignnone size-full wp-image-224\" src=\"https:\/\/briri.de\/wp-content\/uploads\/2024\/08\/guelle.svg\" alt=\"\" width=\"1266\" height=\"542\"><\/p>\n<\/div>\n<\/div><\/div><\/div><\/div><div id=\"pgc-155638-1-1\"  class=\"panel-grid-cell\" ><div id=\"panel-155638-1-1-0\" class=\"so-panel widget widget_sow-editor panel-first-child panel-last-child\" data-index=\"2\" ><div class=\"product_headline panel-widget-style panel-widget-style-for-155638-1-1-0\" ><div\n\t\t\t\n\t\t\tclass=\"so-widget-sow-editor so-widget-sow-editor-base\"\n\t\t\t\n\t\t>\n<div class=\"siteorigin-widget-tinymce textwidget\">\n\t<h1><em>BRIRI<\/em> | Technologie du lisier<\/h1>\n<\/div>\n<\/div><\/div><\/div><\/div><\/div><\/div><div id=\"pg-155638-2\"  class=\"panel-grid panel-has-style\" ><div class=\"siteorigin-panels-stretch panel-row-style panel-row-style-for-155638-2\" data-stretch-type=\"full\" ><div id=\"pgc-155638-2-0\"  class=\"panel-grid-cell\" ><div id=\"panel-155638-2-0-0\" class=\"so-panel widget widget_sow-editor panel-first-child panel-last-child\" data-index=\"3\" ><div class=\"contentrow panel-widget-style panel-widget-style-for-155638-2-0-0\" ><div\n\t\t\t\n\t\t\tclass=\"so-widget-sow-editor so-widget-sow-editor-base\"\n\t\t\t\n\t\t>\n<div class=\"siteorigin-widget-tinymce textwidget\">\n\t<h2>Technologie du lisier | Technologie de pointe pour chaque besoin<\/h2>\n<p>C'est dans le domaine de la technologie du lisier que BRIRI s'est d\u00e9velopp\u00e9e et est synonyme depuis plus de 50 ans de produits de tr\u00e8s haute qualit\u00e9 pour l'\u00e9pandage de fertilisants liquides. Un d\u00e9veloppement continu avec une vision innovante de l'avenir nous permet d'\u00e9largir constamment notre portefeuille de produits et de d\u00e9velopper des v\u00e9hicules dot\u00e9s d'une technologie de pointe pour l'\u00e9pandage du lisier. Que vous soyez une petite, moyenne ou grande exploitation, une entreprise de travaux agricoles ou une CUMA \u2013 chez BRIRI, vous trouverez ce qu'il vous faut ! D\u00e9couvrez par vous-m\u00eame !   <\/p>\n<\/div>\n<\/div><\/div><\/div><\/div><\/div><\/div><div id=\"pg-155638-3\"  class=\"panel-grid panel-has-style\" ><div class=\"siteorigin-panels-stretch panel-row-style panel-row-style-for-155638-3\" data-stretch-type=\"full\" ><div id=\"pgc-155638-3-0\"  class=\"panel-grid-cell\" ><div class=\"panel-cell-style panel-cell-style-for-155638-3-0\" ><div id=\"panel-155638-3-0-0\" class=\"so-panel widget widget_sow-editor panel-first-child\" data-index=\"4\" ><div class=\"productrow panel-widget-style panel-widget-style-for-155638-3-0-0\" ><div\n\t\t\t\n\t\t\tclass=\"so-widget-sow-editor so-widget-sow-editor-base\"\n\t\t\t\n\t\t>\n<div class=\"siteorigin-widget-tinymce textwidget\">\n\t<h2 style=\"text-align: center;\">Gamme Basic<\/h2>\n<p style=\"text-align: center;\"><img loading=\"lazy\" decoding=\"async\" class=\"alignnone size-full wp-image-172\" src=\"https:\/\/briri.de\/wp-content\/uploads\/2024\/08\/basic-line-3.jpg\" alt=\"\" width=\"1600\" height=\"900\" srcset=\"https:\/\/briri.de\/wp-content\/uploads\/2024\/08\/basic-line-3.jpg 1600w, https:\/\/briri.de\/wp-content\/uploads\/2024\/08\/basic-line-3-300x169.jpg 300w, https:\/\/briri.de\/wp-content\/uploads\/2024\/08\/basic-line-3-1024x576.jpg 1024w, https:\/\/briri.de\/wp-content\/uploads\/2024\/08\/basic-line-3-768x432.jpg 768w, https:\/\/briri.de\/wp-content\/uploads\/2024\/08\/basic-line-3-1536x864.jpg 1536w\" sizes=\"auto, (max-width: 1600px) 100vw, 1600px\" \/><\/p>\n<\/div>\n<\/div><\/div><\/div><div id=\"panel-155638-3-0-1\" class=\"so-panel widget widget_sow-button\" data-index=\"5\" ><div\n\t\t\t\n\t\t\tclass=\"so-widget-sow-button so-widget-sow-button-flat-02ea08d1807c-155638\"\n\t\t\t\n\t\t><div class=\"ow-button-base ow-button-align-center\"\n>\n\t\t\t<a\n\t\t\t\t\thref=\"https:\/\/briri.de\/basic-line\/\"\n\t\t\t\t\tclass=\"sowb-button ow-icon-placement-left ow-button-hover\" \t>\n\t\t<span>\n\t\t\t\n\t\t\tGamme Basic  &gt;&gt;&gt;\t\t<\/span>\n\t\t\t<\/a>\n\t<\/div>\n<\/div><\/div><div id=\"panel-155638-3-0-2\" class=\"so-panel widget widget_sow-editor panel-last-child\" data-index=\"6\" ><div class=\"productrow panel-widget-style panel-widget-style-for-155638-3-0-2\" ><div\n\t\t\t\n\t\t\tclass=\"so-widget-sow-editor so-widget-sow-editor-base\"\n\t\t\t\n\t\t>\n<div class=\"siteorigin-widget-tinymce textwidget\">\n\t<p style=\"text-align: center;\"><strong>Points forts<\/strong><\/p>\n<ul>\n<li style=\"text-align: left;\">Attelage sup\u00e9rieur<\/li>\n<li style=\"text-align: left;\">Cuve en acier galvanis\u00e9<\/li>\n<li style=\"text-align: left;\">Pr\u00e9paration pour relevage<\/li>\n<li style=\"text-align: left;\">Pr\u00e9paration pour bras de pompage<\/li>\n<li style=\"text-align: left;\">Essieu tandem Boogie<\/li>\n<\/ul>\n<\/div>\n<\/div><a href=\"https:\/\/briri.de\/produkte\/guelletechnik\/basic-line\/\" class=\"so-premium-link-overlay\">&nbsp;<\/a><\/div><\/div><\/div><\/div><div id=\"pgc-155638-3-1\"  class=\"panel-grid-cell\" ><div class=\"panel-cell-style panel-cell-style-for-155638-3-1\" ><div id=\"panel-155638-3-1-0\" class=\"so-panel widget widget_sow-editor panel-first-child\" data-index=\"7\" ><div class=\"productrow panel-widget-style panel-widget-style-for-155638-3-1-0\" ><div\n\t\t\t\n\t\t\tclass=\"so-widget-sow-editor so-widget-sow-editor-base\"\n\t\t\t\n\t\t>\n<div class=\"siteorigin-widget-tinymce textwidget\">\n\t<h2 style=\"text-align: center;\">Gamme Multi<\/h2>\n<p style=\"text-align: center;\"><img loading=\"lazy\" decoding=\"async\" class=\"alignnone size-full wp-image-944\" src=\"https:\/\/briri.de\/wp-content\/uploads\/2024\/10\/multi-line-5.jpg\" alt=\"\" width=\"1600\" height=\"900\" srcset=\"https:\/\/briri.de\/wp-content\/uploads\/2024\/10\/multi-line-5.jpg 1600w, https:\/\/briri.de\/wp-content\/uploads\/2024\/10\/multi-line-5-300x169.jpg 300w, https:\/\/briri.de\/wp-content\/uploads\/2024\/10\/multi-line-5-1024x576.jpg 1024w, https:\/\/briri.de\/wp-content\/uploads\/2024\/10\/multi-line-5-768x432.jpg 768w, https:\/\/briri.de\/wp-content\/uploads\/2024\/10\/multi-line-5-1536x864.jpg 1536w\" sizes=\"auto, (max-width: 1600px) 100vw, 1600px\" \/><\/p>\n<\/div>\n<\/div><a href=\"https:\/\/briri.de\/produkte\/guelletechnik\/briri-multi-line\/\" class=\"so-premium-link-overlay\">&nbsp;<\/a><\/div><\/div><div id=\"panel-155638-3-1-1\" class=\"so-panel widget widget_sow-button\" data-index=\"8\" ><div\n\t\t\t\n\t\t\tclass=\"so-widget-sow-button so-widget-sow-button-flat-02ea08d1807c-155638\"\n\t\t\t\n\t\t><div class=\"ow-button-base ow-button-align-center\"\n>\n\t\t\t<a\n\t\t\t\t\thref=\"https:\/\/briri.de\/briri-multi-line\/\"\n\t\t\t\t\tclass=\"sowb-button ow-icon-placement-left ow-button-hover\" \t>\n\t\t<span>\n\t\t\t\n\t\t\tGamme Multi  &gt;&gt;&gt;\t\t<\/span>\n\t\t\t<\/a>\n\t<\/div>\n<\/div><\/div><div id=\"panel-155638-3-1-2\" class=\"so-panel widget widget_sow-editor panel-last-child\" data-index=\"9\" ><div class=\"productrow panel-widget-style panel-widget-style-for-155638-3-1-2\" ><div\n\t\t\t\n\t\t\tclass=\"so-widget-sow-editor so-widget-sow-editor-base\"\n\t\t\t\n\t\t>\n<div class=\"siteorigin-widget-tinymce textwidget\">\n\t<p style=\"text-align: center;\"><strong>Points forts<\/strong><\/p>\n<ul>\n<li style=\"text-align: left;\">Attelage inf\u00e9rieur type \u00ab Professionnel \u00bb<\/li>\n<li style=\"text-align: left;\">Peinture UNI RAL 6002<\/li>\n<li style=\"text-align: left;\">Ch\u00e2ssis de relevage<\/li>\n<li style=\"text-align: left;\">Pr\u00e9paration pour bras de pompage<\/li>\n<li style=\"text-align: left;\">Ch\u00e2ssis pneumatique<\/li>\n<\/ul>\n<\/div>\n<\/div><a href=\"https:\/\/briri.de\/produkte\/guelletechnik\/briri-multi-line\/\" class=\"so-premium-link-overlay\">&nbsp;<\/a><\/div><\/div><\/div><\/div><div id=\"pgc-155638-3-2\"  class=\"panel-grid-cell\" ><div class=\"panel-cell-style panel-cell-style-for-155638-3-2\" ><div id=\"panel-155638-3-2-0\" class=\"so-panel widget widget_sow-editor panel-first-child\" data-index=\"10\" ><div class=\"productrow panel-widget-style panel-widget-style-for-155638-3-2-0\" ><div\n\t\t\t\n\t\t\tclass=\"so-widget-sow-editor so-widget-sow-editor-base\"\n\t\t\t\n\t\t>\n<div class=\"siteorigin-widget-tinymce textwidget\">\n\t<h2 style=\"text-align: center;\">Gamme Field<\/h2>\n<p style=\"text-align: center;\"><img loading=\"lazy\" decoding=\"async\" class=\"alignnone size-full wp-image-977\" src=\"https:\/\/briri.de\/wp-content\/uploads\/2024\/10\/field-commander-6.jpg\" alt=\"\" width=\"1600\" height=\"900\" srcset=\"https:\/\/briri.de\/wp-content\/uploads\/2024\/10\/field-commander-6.jpg 1600w, https:\/\/briri.de\/wp-content\/uploads\/2024\/10\/field-commander-6-300x169.jpg 300w, https:\/\/briri.de\/wp-content\/uploads\/2024\/10\/field-commander-6-1024x576.jpg 1024w, https:\/\/briri.de\/wp-content\/uploads\/2024\/10\/field-commander-6-768x432.jpg 768w, https:\/\/briri.de\/wp-content\/uploads\/2024\/10\/field-commander-6-1536x864.jpg 1536w\" sizes=\"auto, (max-width: 1600px) 100vw, 1600px\" \/><\/p>\n<\/div>\n<\/div><a href=\"https:\/\/briri.de\/produkte\/guelletechnik\/briri-field-line\/\" class=\"so-premium-link-overlay\">&nbsp;<\/a><\/div><\/div><div id=\"panel-155638-3-2-1\" class=\"so-panel widget widget_sow-button\" data-index=\"11\" ><div\n\t\t\t\n\t\t\tclass=\"so-widget-sow-button so-widget-sow-button-flat-02ea08d1807c-155638\"\n\t\t\t\n\t\t><div class=\"ow-button-base ow-button-align-center\"\n>\n\t\t\t<a\n\t\t\t\t\thref=\"https:\/\/briri.de\/briri-field-line\/\"\n\t\t\t\t\tclass=\"sowb-button ow-icon-placement-left ow-button-hover\" \t>\n\t\t<span>\n\t\t\t\n\t\t\tGamme Field  &gt;&gt;&gt;\t\t<\/span>\n\t\t\t<\/a>\n\t<\/div>\n<\/div><\/div><div id=\"panel-155638-3-2-2\" class=\"so-panel widget widget_sow-editor panel-last-child\" data-index=\"12\" ><div class=\"productrow panel-widget-style panel-widget-style-for-155638-3-2-2\" ><div\n\t\t\t\n\t\t\tclass=\"so-widget-sow-editor so-widget-sow-editor-base\"\n\t\t\t\n\t\t>\n<div class=\"siteorigin-widget-tinymce textwidget\">\n\t<p style=\"text-align: center;\"><strong>Points forts<\/strong><\/p>\n<ul>\n<li style=\"text-align: left;\">Attelage inf\u00e9rieur type \u00ab Professionnel \u00bb<\/li>\n<li style=\"text-align: left;\">Peinture UNI RAL 6002<\/li>\n<li style=\"text-align: left;\">Relevage<\/li>\n<li style=\"text-align: left;\">Pr\u00e9paration pour bras de pompage<\/li>\n<li style=\"text-align: left;\">Ch\u00e2ssis pneumatique<\/li>\n<li style=\"text-align: left;\">Pompe \u00e0 lobes entra\u00een\u00e9e hydrauliquement<\/li>\n<li style=\"text-align: left;\">R\u00e9gulation du d\u00e9bit d'\u00e9pandage<\/li>\n<\/ul>\n<\/div>\n<\/div><a href=\"https:\/\/briri.de\/produkte\/guelletechnik\/briri-field-line\/\" class=\"so-premium-link-overlay\">&nbsp;<\/a><\/div><\/div><\/div><\/div><\/div><\/div><div id=\"pg-155638-4\"  class=\"panel-grid panel-has-style\" ><div class=\"siteorigin-panels-stretch panel-row-style panel-row-style-for-155638-4\" data-stretch-type=\"full\" ><div id=\"pgc-155638-4-0\"  class=\"panel-grid-cell panel-grid-cell-empty\" ><\/div><\/div><\/div><div id=\"pg-155638-5\"  class=\"panel-grid panel-has-style\" ><div class=\"siteorigin-panels-stretch panel-row-style panel-row-style-for-155638-5\" data-stretch-type=\"full\" ><div id=\"pgc-155638-5-0\"  class=\"panel-grid-cell\" ><div class=\"panel-cell-style panel-cell-style-for-155638-5-0\" ><div id=\"panel-155638-5-0-0\" class=\"so-panel widget widget_sow-editor panel-first-child\" data-index=\"13\" ><div class=\"productrow panel-widget-style panel-widget-style-for-155638-5-0-0\" ><div\n\t\t\t\n\t\t\tclass=\"so-widget-sow-editor so-widget-sow-editor-base\"\n\t\t\t\n\t\t>\n<div class=\"siteorigin-widget-tinymce textwidget\">\n\t<h2 style=\"text-align: center;\">Technique de remplissage<\/h2>\n<p style=\"text-align: center;\"><img loading=\"lazy\" decoding=\"async\" class=\"alignnone size-full wp-image-3739\" src=\"https:\/\/briri.de\/wp-content\/uploads\/2024\/10\/Briri_Maschinenbau_Bawinkel_Guelletechnik_Andockstation.jpg\" alt=\"\" width=\"1920\" height=\"1080\" srcset=\"https:\/\/briri.de\/wp-content\/uploads\/2024\/10\/Briri_Maschinenbau_Bawinkel_Guelletechnik_Andockstation.jpg 1920w, https:\/\/briri.de\/wp-content\/uploads\/2024\/10\/Briri_Maschinenbau_Bawinkel_Guelletechnik_Andockstation-300x169.jpg 300w, https:\/\/briri.de\/wp-content\/uploads\/2024\/10\/Briri_Maschinenbau_Bawinkel_Guelletechnik_Andockstation-1024x576.jpg 1024w, https:\/\/briri.de\/wp-content\/uploads\/2024\/10\/Briri_Maschinenbau_Bawinkel_Guelletechnik_Andockstation-768x432.jpg 768w, https:\/\/briri.de\/wp-content\/uploads\/2024\/10\/Briri_Maschinenbau_Bawinkel_Guelletechnik_Andockstation-1536x864.jpg 1536w\" sizes=\"auto, (max-width: 1920px) 100vw, 1920px\" \/><\/p>\n<\/div>\n<\/div><\/div><\/div><div id=\"panel-155638-5-0-1\" class=\"so-panel widget widget_sow-button\" data-index=\"14\" ><div\n\t\t\t\n\t\t\tclass=\"so-widget-sow-button so-widget-sow-button-flat-02ea08d1807c-155638\"\n\t\t\t\n\t\t><div class=\"ow-button-base ow-button-align-center\"\n>\n\t\t\t<a\n\t\t\t\t\thref=\"https:\/\/briri.de\/befuelltechnik\/\"\n\t\t\t\t\tclass=\"sowb-button ow-icon-placement-left ow-button-hover\" \t>\n\t\t<span>\n\t\t\t\n\t\t\tTechnique de remplissage  &gt;&gt;&gt;\t\t<\/span>\n\t\t\t<\/a>\n\t<\/div>\n<\/div><\/div><div id=\"panel-155638-5-0-2\" class=\"so-panel widget widget_sow-editor panel-last-child\" data-index=\"15\" ><div class=\"productrow panel-widget-style panel-widget-style-for-155638-5-0-2\" ><div\n\t\t\t\n\t\t\tclass=\"so-widget-sow-editor so-widget-sow-editor-base\"\n\t\t\t\n\t\t>\n<div class=\"siteorigin-widget-tinymce textwidget\">\n\t<p style=\"text-align: center;\"><strong>Points forts<\/strong><\/p>\n<ul>\n<li>Station d'accostage BRIRI | Basic Dock<\/li>\n<li>Rampe d'accostage BRIRI | Dock Star<\/li>\n<li>Bras d'aspiration BRIRI | Trunk Star<\/li>\n<\/ul>\n<\/div>\n<\/div><\/div><\/div><\/div><\/div><div id=\"pgc-155638-5-1\"  class=\"panel-grid-cell\" ><div class=\"panel-cell-style panel-cell-style-for-155638-5-1\" ><div id=\"panel-155638-5-1-0\" class=\"so-panel widget widget_sow-editor panel-first-child\" data-index=\"16\" ><div class=\"productrow panel-widget-style panel-widget-style-for-155638-5-1-0\" ><div\n\t\t\t\n\t\t\tclass=\"so-widget-sow-editor so-widget-sow-editor-base\"\n\t\t\t\n\t\t>\n<div class=\"siteorigin-widget-tinymce textwidget\">\n\t<h2 style=\"text-align: center;\">Technique d'application<\/h2>\n<p style=\"text-align: center;\"><img loading=\"lazy\" decoding=\"async\" class=\"alignnone size-full wp-image-3721\" src=\"https:\/\/briri.de\/wp-content\/uploads\/2024\/10\/Briri_schleppschlauchgestaenge_vogelsang.jpg\" alt=\"\" width=\"1920\" height=\"1080\" srcset=\"https:\/\/briri.de\/wp-content\/uploads\/2024\/10\/Briri_schleppschlauchgestaenge_vogelsang.jpg 1920w, https:\/\/briri.de\/wp-content\/uploads\/2024\/10\/Briri_schleppschlauchgestaenge_vogelsang-300x169.jpg 300w, https:\/\/briri.de\/wp-content\/uploads\/2024\/10\/Briri_schleppschlauchgestaenge_vogelsang-1024x576.jpg 1024w, https:\/\/briri.de\/wp-content\/uploads\/2024\/10\/Briri_schleppschlauchgestaenge_vogelsang-768x432.jpg 768w, https:\/\/briri.de\/wp-content\/uploads\/2024\/10\/Briri_schleppschlauchgestaenge_vogelsang-1536x864.jpg 1536w\" sizes=\"auto, (max-width: 1920px) 100vw, 1920px\" \/><\/p>\n<\/div>\n<\/div><a href=\"https:\/\/briri.de\/produkte\/guelletechnik\/briri-multi-line\/\" class=\"so-premium-link-overlay\">&nbsp;<\/a><\/div><\/div><div id=\"panel-155638-5-1-1\" class=\"so-panel widget widget_sow-button\" data-index=\"17\" ><div\n\t\t\t\n\t\t\tclass=\"so-widget-sow-button so-widget-sow-button-flat-02ea08d1807c-155638\"\n\t\t\t\n\t\t><div class=\"ow-button-base ow-button-align-center\"\n>\n\t\t\t<a\n\t\t\t\t\thref=\"https:\/\/briri.de\/applikationstechnik\/\"\n\t\t\t\t\tclass=\"sowb-button ow-icon-placement-left ow-button-hover\" \t>\n\t\t<span>\n\t\t\t\n\t\t\tTechnique d'application  &gt;&gt;&gt;\t\t<\/span>\n\t\t\t<\/a>\n\t<\/div>\n<\/div><\/div><div id=\"panel-155638-5-1-2\" class=\"so-panel widget widget_sow-editor panel-last-child\" data-index=\"18\" ><div class=\"productrow panel-widget-style panel-widget-style-for-155638-5-1-2\" ><div\n\t\t\t\n\t\t\tclass=\"so-widget-sow-editor so-widget-sow-editor-base\"\n\t\t\t\n\t\t>\n<div class=\"siteorigin-widget-tinymce textwidget\">\n\t<p style=\"text-align: center;\"><strong>Points forts<\/strong><\/p>\n<ul>\n<li>Vogelsang | Rampes \u00e0 patins et \u00e0 tuyaux<\/li>\n<li>Bomech | Rampes \u00e0 patins<\/li>\n<li>Duport | Enfouisseur<\/li>\n<li>Evers Agro | Strip-Till<\/li>\n<li>Meyer | Cultivateur et d\u00e9chaumeur \u00e0 disques<\/li>\n<li>BRIRI | T\u00f4le d'\u00e9pandage<\/li>\n<\/ul>\n<\/div>\n<\/div><\/div><\/div><\/div><\/div><div id=\"pgc-155638-5-2\"  class=\"panel-grid-cell\" ><div class=\"panel-cell-style panel-cell-style-for-155638-5-2\" ><div id=\"panel-155638-5-2-0\" class=\"so-panel widget widget_sow-editor panel-first-child\" data-index=\"19\" ><div class=\"productrow panel-widget-style panel-widget-style-for-155638-5-2-0\" ><div\n\t\t\t\n\t\t\tclass=\"so-widget-sow-editor so-widget-sow-editor-base\"\n\t\t\t\n\t\t>\n<div class=\"siteorigin-widget-tinymce textwidget\">\n\t<h2 style=\"text-align: center;\">\u00c9quipement et accessoires<\/h2>\n<p><img loading=\"lazy\" decoding=\"async\" class=\"alignnone size-full wp-image-3817\" src=\"https:\/\/briri.de\/wp-content\/uploads\/2024\/10\/Briri_Maschinenbau_Bawinkel_Guelletechnik_Ausstattung_Slider.jpg\" alt=\"\" width=\"1920\" height=\"1080\" srcset=\"https:\/\/briri.de\/wp-content\/uploads\/2024\/10\/Briri_Maschinenbau_Bawinkel_Guelletechnik_Ausstattung_Slider.jpg 1920w, https:\/\/briri.de\/wp-content\/uploads\/2024\/10\/Briri_Maschinenbau_Bawinkel_Guelletechnik_Ausstattung_Slider-300x169.jpg 300w, https:\/\/briri.de\/wp-content\/uploads\/2024\/10\/Briri_Maschinenbau_Bawinkel_Guelletechnik_Ausstattung_Slider-1024x576.jpg 1024w, https:\/\/briri.de\/wp-content\/uploads\/2024\/10\/Briri_Maschinenbau_Bawinkel_Guelletechnik_Ausstattung_Slider-768x432.jpg 768w, https:\/\/briri.de\/wp-content\/uploads\/2024\/10\/Briri_Maschinenbau_Bawinkel_Guelletechnik_Ausstattung_Slider-1536x864.jpg 1536w\" sizes=\"auto, (max-width: 1920px) 100vw, 1920px\" \/><\/p>\n<\/div>\n<\/div><a href=\"https:\/\/briri.de\/produkte\/guelletechnik\/briri-field-line\/\" class=\"so-premium-link-overlay\">&nbsp;<\/a><\/div><\/div><div id=\"panel-155638-5-2-1\" class=\"so-panel widget widget_sow-button\" data-index=\"20\" ><div\n\t\t\t\n\t\t\tclass=\"so-widget-sow-button so-widget-sow-button-flat-02ea08d1807c-155638\"\n\t\t\t\n\t\t><div class=\"ow-button-base ow-button-align-center\"\n>\n\t\t\t<a\n\t\t\t\t\thref=\"https:\/\/briri.de\/steuerungstechnik-precision-farming\/\"\n\t\t\t\t\tclass=\"sowb-button ow-icon-placement-left ow-button-hover\" \t>\n\t\t<span>\n\t\t\t\n\t\t\t\u00c9quipement et accessoires  &gt;&gt;&gt;\t\t<\/span>\n\t\t\t<\/a>\n\t<\/div>\n<\/div><\/div><div id=\"panel-155638-5-2-2\" class=\"so-panel widget widget_sow-editor panel-last-child\" data-index=\"21\" ><div class=\"productrow panel-widget-style panel-widget-style-for-155638-5-2-2\" ><div\n\t\t\t\n\t\t\tclass=\"so-widget-sow-editor so-widget-sow-editor-base\"\n\t\t\t\n\t\t>\n<div class=\"siteorigin-widget-tinymce textwidget\">\n\t<p style=\"text-align: center;\"><strong>Points forts<\/strong><\/p>\n<ul>\n<li style=\"text-align: left;\">Confort de conduite<\/li>\n<li>\u00c9quilibre &amp; Stabilit\u00e9<\/li>\n<li>Performance<\/li>\n<li>Remplissage<\/li>\n<li>Dosage<\/li>\n<li>Utilisation<\/li>\n<li>Accessoires<\/li>\n<\/ul>\n<\/div>\n<\/div><\/div><\/div><\/div><\/div><\/div><\/div><\/div>","protected":false},"excerpt":{"rendered":"<p>BRIRI | Technologie du lisier<\/p>\n","protected":false},"author":1,"featured_media":0,"parent":0,"menu_order":0,"comment_status":"closed","ping_status":"closed","template":"","meta":{"inline_featured_image":false,"footnotes":""},"class_list":["post-155638","page","type-page","status-publish","hentry","post"],"_links":{"self":[{"href":"https:\/\/briri.de\/fr\/wp-json\/wp\/v2\/pages\/155638","targetHints":{"allow":["GET"]}}],"collection":[{"href":"https:\/\/briri.de\/fr\/wp-json\/wp\/v2\/pages"}],"about":[{"href":"https:\/\/briri.de\/fr\/wp-json\/wp\/v2\/types\/page"}],"author":[{"embeddable":true,"href":"https:\/\/briri.de\/fr\/wp-json\/wp\/v2\/users\/1"}],"replies":[{"embeddable":true,"href":"https:\/\/briri.de\/fr\/wp-json\/wp\/v2\/comments?post=155638"}],"version-history":[{"count":0,"href":"https:\/\/briri.de\/fr\/wp-json\/wp\/v2\/pages\/155638\/revisions"}],"wp:attachment":[{"href":"https:\/\/briri.de\/fr\/wp-json\/wp\/v2\/media?parent=155638"}],"curies":[{"name":"wp","href":"https:\/\/api.w.org\/{rel}","templated":true}]}}