{"id":155561,"date":"2025-07-08T12:47:08","date_gmt":"2025-07-08T10:47:08","guid":{"rendered":"https:\/\/briri.de\/technique-dapplication\/"},"modified":"2025-07-08T12:47:08","modified_gmt":"2025-07-08T10:47:08","slug":"technique-dapplication","status":"publish","type":"page","link":"https:\/\/briri.de\/fr\/technique-dapplication\/","title":{"rendered":"Technique d\u2019application"},"content":{"rendered":"<div id=\"pl-155561\"  class=\"panel-layout\" ><div id=\"pg-155561-0\"  class=\"panel-grid panel-has-style\" ><div class=\"siteorigin-panels-stretch panel-row-style panel-row-style-for-155561-0\" data-stretch-type=\"full-width-stretch\" ><div id=\"pgc-155561-0-0\"  class=\"panel-grid-cell\" ><div id=\"panel-155561-0-0-0\" class=\"so-panel widget widget_sow-hero panel-first-child panel-last-child\" data-index=\"0\" ><div\n\t\t\t\n\t\t\tclass=\"so-widget-sow-hero so-widget-sow-hero-default-30e74c897c04-155561 so-widget-fittext-wrapper\"\n\t\t\t data-fit-text-compressor=\"0.75\"\n\t\t>\t\t\t\t<div class=\"sow-slider-base\" style=\"display: none\" tabindex=\"0\">\n\t\t\t\t\t<ul\n\t\t\t\t\tclass=\"sow-slider-images\"\n\t\t\t\t\tdata-settings=\"{&quot;pagination&quot;:true,&quot;speed&quot;:800,&quot;timeout&quot;:8000,&quot;paused&quot;:false,&quot;pause_on_hover&quot;:false,&quot;swipe&quot;:true,&quot;nav_always_show_desktop&quot;:&quot;&quot;,&quot;nav_always_show_mobile&quot;:&quot;&quot;,&quot;breakpoint&quot;:&quot;780px&quot;,&quot;unmute&quot;:false,&quot;anchor&quot;:null}\"\n\t\t\t\t\tstyle=\"min-height: 800px\"\t\t\t\t\tdata-anchor-id=\"\"\n\t\t\t\t>\t\t<li class=\"sow-slider-image  sow-slider-image-cover\" style=\"visibility: visible;;background-color: #000000\" >\n\t\t\t\t\t<div class=\"sow-slider-image-container\">\n\t\t\t<div class=\"sow-slider-image-wrapper\">\n\t\t\t\t\t\t\t<\/div>\n\t\t<\/div>\n\t\t<div class=\"sow-slider-image-overlay sow-slider-image-cover\" style=\"opacity: 0.87;background-image: url(https:\/\/briri.de\/wp-content\/uploads\/2024\/10\/Briri_Maschinenbau_Bawinkel_Guelletechnik_Multi-Line.jpg)\"  ><\/div>\t\t<\/li>\n\t\t<\/ul>\t\t\t\t<ol class=\"sow-slider-pagination\">\n\t\t\t\t\t\t\t\t\t\t\t<li><a href=\"#\" data-goto=\"0\" aria-label=\"Display slide 1\"><\/a><\/li>\n\t\t\t\t\t\t\t\t\t<\/ol>\n\n\t\t\t\t<div class=\"sow-slide-nav sow-slide-nav-next\">\n\t\t\t\t\t<a href=\"#\" data-goto=\"next\" aria-label=\"Next slide\" data-action=\"next\">\n\t\t\t\t\t\t<em class=\"sow-sld-icon-thin-right\"><\/em>\n\t\t\t\t\t<\/a>\n\t\t\t\t<\/div>\n\n\t\t\t\t<div class=\"sow-slide-nav sow-slide-nav-prev\">\n\t\t\t\t\t<a href=\"#\" data-goto=\"previous\" aria-label=\"Previous slide\" data-action=\"prev\">\n\t\t\t\t\t\t<em class=\"sow-sld-icon-thin-left\"><\/em>\n\t\t\t\t\t<\/a>\n\t\t\t\t<\/div>\n\t\t\t\t<\/div><\/div><\/div><\/div><\/div><\/div><div id=\"pg-155561-1\"  class=\"panel-grid panel-has-style\" ><div class=\"pr-headline-red siteorigin-panels-stretch panel-row-style panel-row-style-for-155561-1\" data-stretch-type=\"full\" ><div id=\"pgc-155561-1-0\"  class=\"panel-grid-cell\" ><div id=\"panel-155561-1-0-0\" class=\"so-panel widget widget_sow-editor panel-first-child panel-last-child\" data-index=\"1\" ><div class=\"product_headline panel-widget-style panel-widget-style-for-155561-1-0-0\" ><div\n\t\t\t\n\t\t\tclass=\"so-widget-sow-editor so-widget-sow-editor-base\"\n\t\t\t\n\t\t>\n<div class=\"siteorigin-widget-tinymce textwidget\">\n\t<p><img loading=\"lazy\" decoding=\"async\" class=\"alignnone size-large wp-image-224\" src=\"https:\/\/briri.de\/wp-content\/uploads\/2024\/08\/guelle.svg\" alt=\"\" width=\"1024\" height=\"438\"><\/p>\n<\/div>\n<\/div><\/div><\/div><\/div><div id=\"pgc-155561-1-1\"  class=\"panel-grid-cell\" ><div id=\"panel-155561-1-1-0\" class=\"so-panel widget widget_sow-editor panel-first-child panel-last-child\" data-index=\"2\" ><div class=\"product_headline panel-widget-style panel-widget-style-for-155561-1-1-0\" ><div\n\t\t\t\n\t\t\tclass=\"so-widget-sow-editor so-widget-sow-editor-base\"\n\t\t\t\n\t\t>\n<div class=\"siteorigin-widget-tinymce textwidget\">\n\t<h1>Technologie d\u2019application | \u00c9pandage pr\u00e9cis du lisier<\/h1>\n<\/div>\n<\/div><\/div><\/div><\/div><\/div><\/div><div id=\"pg-155561-2\"  class=\"panel-grid panel-has-style\" ><div class=\"siteorigin-panels-stretch panel-row-style panel-row-style-for-155561-2\" data-stretch-type=\"full\" ><div id=\"pgc-155561-2-0\"  class=\"panel-grid-cell\" ><div id=\"panel-155561-2-0-0\" class=\"so-panel widget widget_sow-editor panel-first-child panel-last-child\" data-index=\"3\" ><div class=\"contentrow panel-widget-style panel-widget-style-for-155561-2-0-0\" ><div\n\t\t\t\n\t\t\tclass=\"so-widget-sow-editor so-widget-sow-editor-base\"\n\t\t\t\n\t\t>\n<div class=\"siteorigin-widget-tinymce textwidget\">\n\t<p>Une r\u00e9partition pr\u00e9cise, avec peu de pertes et de faibles \u00e9missions des engrais organiques est devenue essentielle. Le lisier doit \u00eatre \u00e9pandu au plus pr\u00e8s du sol ou incorpor\u00e9 directement dans le sol. C\u2019est l\u00e0 qu\u2019intervient une technique d\u2019application pr\u00e9cise. Choisissez les \u00e9l\u00e9ments adapt\u00e9s \u00e0 vos besoins. BRIRI propose, en coop\u00e9ration avec des fabricants sp\u00e9cialis\u00e9s dans le d\u00e9veloppement d\u2019\u00e9quipements d\u2019\u00e9pandage hautement performants, toute la gamme pour un \u00e9pandage de lisier riche en nutriments et respectueux du sol.    <\/p>\n<p>Nos partenaires pour la r\u00e9partition des engrais comprennent :<\/p>\n<\/div>\n<\/div><\/div><\/div><\/div><\/div><\/div><div id=\"pg-155561-3\"  class=\"panel-grid panel-has-style\" ><div class=\"siteorigin-panels-stretch panel-row-style panel-row-style-for-155561-3\" data-stretch-type=\"full\" ><div id=\"pgc-155561-3-0\"  class=\"panel-grid-cell panel-grid-cell-empty\" ><\/div><\/div><\/div><div id=\"pg-155561-4\"  class=\"panel-grid panel-has-style\" ><div class=\"siteorigin-panels-stretch panel-row-style panel-row-style-for-155561-4\" data-stretch-type=\"full\" ><div id=\"pgc-155561-4-0\"  class=\"panel-grid-cell\" ><div id=\"panel-155561-4-0-0\" class=\"so-panel widget widget_sow-editor panel-first-child panel-last-child\" data-index=\"4\" ><div class=\"contentrow panel-widget-style panel-widget-style-for-155561-4-0-0\" ><div\n\t\t\t\n\t\t\tclass=\"so-widget-sow-editor so-widget-sow-editor-base\"\n\t\t\t\n\t\t>\n<div class=\"siteorigin-widget-tinymce textwidget\">\n\t<h2><a href=\"https:\/\/www.vogelsang.info\/de\/produkte\/ausbringtechnik\/schleppschlauchgestaenge\/\" target=\"_blank\" rel=\"noopener\">Vogelsang | Rampe \u00e0 tuyaux tra\u00een\u00e9s et rampe \u00e0 patins tra\u00een\u00e9s<\/a><\/h2>\n<p><a href=\"https:\/\/www.vogelsang.info\/de\/produkte\/ausbringtechnik\/schleppschlauchgestaenge\/\" target=\"_blank\" rel=\"noopener\"><img loading=\"lazy\" decoding=\"async\" class=\"alignright wp-image-3721\" src=\"https:\/\/briri.de\/wp-content\/uploads\/2024\/10\/Briri_schleppschlauchgestaenge_vogelsang.jpg\" alt=\"\" width=\"450\" height=\"253\" srcset=\"https:\/\/briri.de\/wp-content\/uploads\/2024\/10\/Briri_schleppschlauchgestaenge_vogelsang.jpg 1920w, https:\/\/briri.de\/wp-content\/uploads\/2024\/10\/Briri_schleppschlauchgestaenge_vogelsang-300x169.jpg 300w, https:\/\/briri.de\/wp-content\/uploads\/2024\/10\/Briri_schleppschlauchgestaenge_vogelsang-1024x576.jpg 1024w, https:\/\/briri.de\/wp-content\/uploads\/2024\/10\/Briri_schleppschlauchgestaenge_vogelsang-768x432.jpg 768w, https:\/\/briri.de\/wp-content\/uploads\/2024\/10\/Briri_schleppschlauchgestaenge_vogelsang-1536x864.jpg 1536w\" sizes=\"auto, (max-width: 450px) 100vw, 450px\" \/><\/a>Les rampes \u00e0 tuyaux tra\u00een\u00e9s \u00e9pandent le lisier avec une pr\u00e9cision extr\u00eame tout en garantissant une r\u00e9tention optimale des nutriments. Pour cela, elles d\u00e9posent le lisier au plus pr\u00e8s du sol, \u00e0 l\u2019abri du vent. Une part nettement plus importante des nutriments contenus atteint ainsi les plantes. Les \u00e9missions de nutriments sont consid\u00e9rablement r\u00e9duites et, par rapport \u00e0 l\u2019\u00e9pandage large, moins d\u2019engrais min\u00e9ral est n\u00e9cessaire.   <\/p>\n<p>Vogelsang a d\u00e9velopp\u00e9 des largeurs de travail allant jusqu\u2019\u00e0 36 m\u00e8tres pour un \u00e9pandage pr\u00e9cis du lisier avec les rampes SwingMax, SwingUp et UniSpread, afin de r\u00e9duire encore davantage les co\u00fbts d\u2019exploitation. Ce syst\u00e8me assure une r\u00e9partition pr\u00e9cise, favorisant une croissance uniforme et des p\u00e9riodes de maturation homog\u00e8nes des plantes. <\/p>\n<p>Le patin tra\u00een\u00e9 des rampes BlackBird, SwingUp Slide et SwingMax Slide \u00e9carte la culture pendant l\u2019\u00e9pandage et d\u00e9pose efficacement le lisier au sol.<\/p>\n<p>Les syst\u00e8mes \u00e0 tuyaux tra\u00een\u00e9s et les rampes \u00e0 patins tra\u00een\u00e9s Vogelsang peuvent \u00eatre mont\u00e9s sur toutes les tonnes \u00e0 lisier BRIRI, quelle que soit la taille de la cuve, les pneus ou le syst\u00e8me de pompe.<\/p>\n<p><strong>Lien : <\/strong><a href=\"https:\/\/www.vogelsang.info\/de\/produkte\/ausbringtechnik\/schleppschlauchgestaenge\/\" target=\"_blank\" rel=\"noopener\">Site web Vogelsang<\/a><\/p>\n<\/div>\n<\/div><\/div><\/div><\/div><\/div><\/div><div id=\"pg-155561-5\"  class=\"panel-grid panel-has-style\" ><div class=\"siteorigin-panels-stretch panel-row-style panel-row-style-for-155561-5\" data-stretch-type=\"full\" ><div id=\"pgc-155561-5-0\"  class=\"panel-grid-cell panel-grid-cell-empty\" ><\/div><\/div><\/div><div id=\"pg-155561-6\"  class=\"panel-grid panel-has-style\" ><div class=\"siteorigin-panels-stretch panel-row-style panel-row-style-for-155561-6\" data-stretch-type=\"full\" ><div id=\"pgc-155561-6-0\"  class=\"panel-grid-cell\" ><div id=\"panel-155561-6-0-0\" class=\"so-panel widget widget_sow-editor panel-first-child panel-last-child\" data-index=\"5\" ><div class=\"contentrow panel-widget-style panel-widget-style-for-155561-6-0-0\" ><div\n\t\t\t\n\t\t\tclass=\"so-widget-sow-editor so-widget-sow-editor-base\"\n\t\t\t\n\t\t>\n<div class=\"siteorigin-widget-tinymce textwidget\">\n\t<h2><a href=\"https:\/\/www.bomech.de\/produkte\/\" target=\"_blank\" rel=\"noopener\">Bomech | Rampe \u00e0 patins tra\u00een\u00e9s<\/a><\/h2>\n<p><a href=\"https:\/\/www.bomech.de\/produkte\/\" target=\"_blank\" rel=\"noopener\"><img loading=\"lazy\" decoding=\"async\" class=\"alignright wp-image-3722\" src=\"https:\/\/briri.de\/wp-content\/uploads\/2024\/10\/Briri_Bomech_Schleppschuhgestaenge_Slider-1024x576.jpg\" alt=\"\" width=\"450\" height=\"253\" srcset=\"https:\/\/briri.de\/wp-content\/uploads\/2024\/10\/Briri_Bomech_Schleppschuhgestaenge_Slider-1024x576.jpg 1024w, https:\/\/briri.de\/wp-content\/uploads\/2024\/10\/Briri_Bomech_Schleppschuhgestaenge_Slider-300x169.jpg 300w, https:\/\/briri.de\/wp-content\/uploads\/2024\/10\/Briri_Bomech_Schleppschuhgestaenge_Slider-768x432.jpg 768w, https:\/\/briri.de\/wp-content\/uploads\/2024\/10\/Briri_Bomech_Schleppschuhgestaenge_Slider-1536x864.jpg 1536w, https:\/\/briri.de\/wp-content\/uploads\/2024\/10\/Briri_Bomech_Schleppschuhgestaenge_Slider.jpg 1920w\" sizes=\"auto, (max-width: 450px) 100vw, 450px\" \/><\/a>Les rampes \u00e0 patins tra\u00een\u00e9s optimisent l\u2019\u00e9pandage du lisier sur prairies, c\u00e9r\u00e9ales et champs. La culture est ouverte et le lisier est d\u00e9pos\u00e9 directement au sol. Cette technique permet aux plantes d\u2019absorber les nutriments directement via le sol, tout en \u00e9vitant en m\u00eame temps la contamination des feuilles.<br \/>\nLe patin tra\u00een\u00e9 Bomech, de forme sp\u00e9ciale, est \u00e9galement appel\u00e9 patin injecteur ou pied injecteur. Il est fabriqu\u00e9 en acier tremp\u00e9 et peut atteindre des largeurs d\u2019\u00e9pandage allant jusqu\u2019\u00e0 30 m\u00e8tres. Diff\u00e9rents types d\u2019\u00e9pandeurs \u00e0 patins tra\u00een\u00e9s, tels que Speedy, Farmer ou Multi, permettent une adaptation id\u00e9ale de l\u2019\u00e9pandage du lisier m\u00eame aux conditions de terrain les plus difficiles. Ces distributeurs de pr\u00e9cision sont r\u00e9put\u00e9s pour une r\u00e9partition tr\u00e8s pr\u00e9cise du lisier, une longue dur\u00e9e de vie et la capacit\u00e9 d\u2019\u00e9pandre aussi bien de faibles que de tr\u00e8s grandes quantit\u00e9s de lisier.<br \/>\nLes rampes \u00e0 patins tra\u00een\u00e9s Bomech B. V. peuvent \u00eatre mont\u00e9es sur toutes les tonnes \u00e0 lisier BRIRI, quelle que soit la taille de la cuve, les pneus ou le syst\u00e8me de pompe.     <\/p>\n<p><strong>Lien :<\/strong> <a href=\"https:\/\/www.bomech.de\/produkte\/\" target=\"_blank\" rel=\"noopener\">Site web Bomech<\/a><\/p>\n<\/div>\n<\/div><\/div><\/div><\/div><\/div><\/div><div id=\"pg-155561-7\"  class=\"panel-grid panel-has-style\" ><div class=\"siteorigin-panels-stretch panel-row-style panel-row-style-for-155561-7\" data-stretch-type=\"full\" ><div id=\"pgc-155561-7-0\"  class=\"panel-grid-cell panel-grid-cell-empty\" ><\/div><\/div><\/div><div id=\"pg-155561-8\"  class=\"panel-grid panel-has-style\" ><div class=\"siteorigin-panels-stretch panel-row-style panel-row-style-for-155561-8\" data-stretch-type=\"full\" ><div id=\"pgc-155561-8-0\"  class=\"panel-grid-cell\" ><div id=\"panel-155561-8-0-0\" class=\"so-panel widget widget_sow-editor panel-first-child panel-last-child\" data-index=\"6\" ><div class=\"contentrow panel-widget-style panel-widget-style-for-155561-8-0-0\" ><div\n\t\t\t\n\t\t\tclass=\"so-widget-sow-editor so-widget-sow-editor-base\"\n\t\t\t\n\t\t>\n<div class=\"siteorigin-widget-tinymce textwidget\">\n\t<h2><a href=\"https:\/\/www.duportmaschinen.de\/\" target=\"_blank\" rel=\"noopener\">Duport | Injecteur \u00e0 lisier<\/a><\/h2>\n<p><a href=\"https:\/\/www.duportmaschinen.de\/\" target=\"_blank\" rel=\"noopener\"><img loading=\"lazy\" decoding=\"async\" class=\"alignright wp-image-3723\" src=\"https:\/\/briri.de\/wp-content\/uploads\/2024\/10\/Briri_Duport-Schlitzgeraet_Slider-1024x576.jpg\" alt=\"\" width=\"450\" height=\"253\" srcset=\"https:\/\/briri.de\/wp-content\/uploads\/2024\/10\/Briri_Duport-Schlitzgeraet_Slider-1024x576.jpg 1024w, https:\/\/briri.de\/wp-content\/uploads\/2024\/10\/Briri_Duport-Schlitzgeraet_Slider-300x169.jpg 300w, https:\/\/briri.de\/wp-content\/uploads\/2024\/10\/Briri_Duport-Schlitzgeraet_Slider-768x432.jpg 768w, https:\/\/briri.de\/wp-content\/uploads\/2024\/10\/Briri_Duport-Schlitzgeraet_Slider-1536x864.jpg 1536w, https:\/\/briri.de\/wp-content\/uploads\/2024\/10\/Briri_Duport-Schlitzgeraet_Slider.jpg 1920w\" sizes=\"auto, (max-width: 450px) 100vw, 450px\" \/><\/a>Les dispositifs d\u2019injection, tels qu\u2019un injecteur \u00e0 lisier, g\u00e9n\u00e8rent les \u00e9missions les plus faibles et garantissent un \u00e9pandage du lisier avec peu de pertes et respectueux du sol. Ils conviennent particuli\u00e8rement aux sols l\u00e9gers et sableux. <\/p>\n<p>La gamme Duport comprend les mod\u00e8les All Track Farmer, All Track et All Track Twin pour les grandes exploitations et les entrepreneurs. Ils incorporent le lisier dans un large \u00e9ventail de conditions de sol. <\/p>\n<p>Les injecteurs \u00e0 lisier Duport peuvent \u00eatre mont\u00e9s sur toutes les tonnes \u00e0 lisier BRIRI, quelle que soit la taille de la cuve.<\/p>\n<p><strong>Lien :<\/strong> <a href=\"https:\/\/www.duportmaschinen.de\/\" target=\"_blank\" rel=\"noopener\">Site web Duport<\/a><\/p>\n<p>&nbsp;<\/p>\n<\/div>\n<\/div><\/div><\/div><\/div><\/div><\/div><div id=\"pg-155561-9\"  class=\"panel-grid panel-has-style\" ><div class=\"siteorigin-panels-stretch panel-row-style panel-row-style-for-155561-9\" data-stretch-type=\"full\" ><div id=\"pgc-155561-9-0\"  class=\"panel-grid-cell panel-grid-cell-empty\" ><\/div><\/div><\/div><div id=\"pg-155561-10\"  class=\"panel-grid panel-has-style\" ><div class=\"siteorigin-panels-stretch panel-row-style panel-row-style-for-155561-10\" data-stretch-type=\"full\" ><div id=\"pgc-155561-10-0\"  class=\"panel-grid-cell\" ><div id=\"panel-155561-10-0-0\" class=\"so-panel widget widget_sow-editor panel-first-child panel-last-child\" data-index=\"7\" ><div class=\"contentrow panel-widget-style panel-widget-style-for-155561-10-0-0\" ><div\n\t\t\t\n\t\t\tclass=\"so-widget-sow-editor so-widget-sow-editor-base\"\n\t\t\t\n\t\t>\n<div class=\"siteorigin-widget-tinymce textwidget\">\n\t<h2><a href=\"https:\/\/www.eversagro.de\/\" target=\"_blank\" rel=\"noopener\">Evers Agro | Strip-Till<\/a><\/h2>\n<p><a href=\"https:\/\/www.eversagro.de\/\" target=\"_blank\" rel=\"noopener\"><img loading=\"lazy\" decoding=\"async\" class=\"alignright wp-image-3724\" src=\"https:\/\/briri.de\/wp-content\/uploads\/2024\/10\/Briri_Evers_Strip_Till_geraet-1024x576.jpg\" alt=\"\" width=\"450\" height=\"253\" srcset=\"https:\/\/briri.de\/wp-content\/uploads\/2024\/10\/Briri_Evers_Strip_Till_geraet-1024x576.jpg 1024w, https:\/\/briri.de\/wp-content\/uploads\/2024\/10\/Briri_Evers_Strip_Till_geraet-300x169.jpg 300w, https:\/\/briri.de\/wp-content\/uploads\/2024\/10\/Briri_Evers_Strip_Till_geraet-768x432.jpg 768w, https:\/\/briri.de\/wp-content\/uploads\/2024\/10\/Briri_Evers_Strip_Till_geraet-1536x864.jpg 1536w, https:\/\/briri.de\/wp-content\/uploads\/2024\/10\/Briri_Evers_Strip_Till_geraet.jpg 1920w\" sizes=\"auto, (max-width: 450px) 100vw, 450px\" \/><\/a>La m\u00e9thode strip-till combine les avantages du travail du sol conventionnel avec les b\u00e9n\u00e9fices de protection du sol du semis direct. Au lieu d\u2019ameublir le sol sur toute la surface, seules les bandes destin\u00e9es au semis et \u00e0 la plantation sont travaill\u00e9es avec des outils d\u2019ameublissement. Environ deux tiers de la surface du sol restent ainsi non travaill\u00e9s. L\u2019application directe de l\u2019engrais dans la zone racinaire augmente \u00e9galement consid\u00e9rablement la disponibilit\u00e9 des nutriments et la capacit\u00e9 de stockage de l\u2019eau. Les longues p\u00e9riodes de chaleur et de s\u00e9cheresse pourront ainsi \u00eatre surmont\u00e9es de plus en plus efficacement \u00e0 l\u2019avenir.    <\/p>\n<p>Evers Agro r\u00e9duit d\u2019un passage le travail du sol avec son injecteur en lignes de type Quarter. La couverture v\u00e9g\u00e9tale reste en grande partie intacte lors du travail, ce qui r\u00e9duit la pression des adventices et permet aux plantes de tirer le meilleur parti de l\u2019engrais appliqu\u00e9. De plus, la vie du sol reste intacte et les performances du sol sont maintenues en automne et au printemps.  <\/p>\n<p>Les appareils strip-till Evers Agro peuvent \u00eatre mont\u00e9s sur n\u2019importe quelle tonne \u00e0 lisier BRIRI, quelle que soit la taille de la cuve.<\/p>\n<p><strong>Lien :<\/strong> <a href=\"https:\/\/www.eversagro.de\/\" target=\"_blank\" rel=\"noopener\">Site web Evers Agro<\/a><\/p>\n<\/div>\n<\/div><\/div><\/div><\/div><\/div><\/div><div id=\"pg-155561-11\"  class=\"panel-grid panel-has-style\" ><div class=\"siteorigin-panels-stretch panel-row-style panel-row-style-for-155561-11\" data-stretch-type=\"full\" ><div id=\"pgc-155561-11-0\"  class=\"panel-grid-cell panel-grid-cell-empty\" ><\/div><\/div><\/div><div id=\"pg-155561-12\"  class=\"panel-grid panel-has-style\" ><div class=\"siteorigin-panels-stretch panel-row-style panel-row-style-for-155561-12\" data-stretch-type=\"full\" ><div id=\"pgc-155561-12-0\"  class=\"panel-grid-cell\" ><div id=\"panel-155561-12-0-0\" class=\"so-panel widget widget_sow-editor panel-first-child panel-last-child\" data-index=\"8\" ><div class=\"contentrow panel-widget-style panel-widget-style-for-155561-12-0-0\" ><div\n\t\t\t\n\t\t\tclass=\"so-widget-sow-editor so-widget-sow-editor-base\"\n\t\t\t\n\t\t>\n<div class=\"siteorigin-widget-tinymce textwidget\">\n\t<h2><a href=\"http:\/\/www.agrartechnik-meyer.de\/\" target=\"_blank\" rel=\"noopener\">Meyer | D\u00e9chaumeur et herse \u00e0 disques<\/a><\/h2>\n<p><a href=\"http:\/\/www.agrartechnik-meyer.de\/\" target=\"_blank\" rel=\"noopener\"><img loading=\"lazy\" decoding=\"async\" class=\"alignright wp-image-3725\" src=\"https:\/\/briri.de\/wp-content\/uploads\/2024\/10\/Briri_EversAgro_Grubber_Slider-1024x576.jpg\" alt=\"\" width=\"450\" height=\"253\" srcset=\"https:\/\/briri.de\/wp-content\/uploads\/2024\/10\/Briri_EversAgro_Grubber_Slider-1024x576.jpg 1024w, https:\/\/briri.de\/wp-content\/uploads\/2024\/10\/Briri_EversAgro_Grubber_Slider-300x169.jpg 300w, https:\/\/briri.de\/wp-content\/uploads\/2024\/10\/Briri_EversAgro_Grubber_Slider-768x432.jpg 768w, https:\/\/briri.de\/wp-content\/uploads\/2024\/10\/Briri_EversAgro_Grubber_Slider-1536x864.jpg 1536w, https:\/\/briri.de\/wp-content\/uploads\/2024\/10\/Briri_EversAgro_Grubber_Slider.jpg 1920w\" sizes=\"auto, (max-width: 450px) 100vw, 450px\" \/><\/a>Un d\u00e9chaumeur peut remplir plusieurs fonctions dans diff\u00e9rentes t\u00e2ches, sur sols lourds ou l\u00e9gers, ou dans des zones difficiles \u00e0 travailler. Ses grandes dents rigides \u00e9vitent le tassement du sol, permettant un travail en profondeur m\u00eame sur des parties de parcelle g\u00e9n\u00e9ralement difficiles \u00e0 travailler, comme les tourni\u00e8res. Il en r\u00e9sulte un sol sain, perm\u00e9able \u00e0 l\u2019eau et bien enracin\u00e9.  <\/p>\n<p>La herse \u00e0 disques, en tant que technique d\u2019application, convient \u00e0 tous les types de sols, et en particulier au d\u00e9chaumage complet. Elle garantit un bon lit de germination, une d\u00e9composition rapide et un \u00e9miettement optimal du sol. <\/p>\n<p>Nos partenaires, Agrarservice Meyer et Evers Agro, proposent diff\u00e9rents types de d\u00e9chaumeurs et de herses \u00e0 disques pour un travail du sol durable. Choisissez la technologie d\u2019\u00e9pandage adapt\u00e9e \u00e0 vos besoins sp\u00e9cifiques, d\u2019une gamme allant des herses \u00e0 disques compactes aux d\u00e9chaumeurs \u00e0 chaumes. <\/p>\n<p>Les d\u00e9chaumeurs et les herses \u00e0 disques peuvent \u00eatre mont\u00e9s sur toutes les tonnes \u00e0 lisier BRIRI, quelle que soit la taille de la cuve.<\/p>\n<p><strong>Liens :<\/strong><\/p>\n<ul>\n<li><a href=\"https:\/\/eversagro.de\/Landmaschinen\/Ackerlandinjektoren\/\" target=\"_blank\" rel=\"noopener\">Site web Evers Agro<\/a><\/li>\n<li><a href=\"http:\/\/www.agrartechnik-meyer.de\/\" target=\"_blank\" rel=\"noopener\">Site web Agrartechnik Meyer<\/a><\/li>\n<\/ul>\n<p>&nbsp;<\/p>\n<\/div>\n<\/div><\/div><\/div><\/div><\/div><\/div><div id=\"pg-155561-13\"  class=\"panel-grid panel-has-style\" ><div class=\"siteorigin-panels-stretch panel-row-style panel-row-style-for-155561-13\" data-stretch-type=\"full\" ><div id=\"pgc-155561-13-0\"  class=\"panel-grid-cell panel-grid-cell-empty\" ><\/div><\/div><\/div><div id=\"pg-155561-14\"  class=\"panel-grid panel-has-style\" ><div class=\"siteorigin-panels-stretch panel-row-style panel-row-style-for-155561-14\" data-stretch-type=\"full\" ><div id=\"pgc-155561-14-0\"  class=\"panel-grid-cell\" ><div id=\"panel-155561-14-0-0\" class=\"so-panel widget widget_sow-editor panel-first-child panel-last-child\" data-index=\"9\" ><div class=\"contentrow panel-widget-style panel-widget-style-for-155561-14-0-0\" ><div\n\t\t\t\n\t\t\tclass=\"so-widget-sow-editor so-widget-sow-editor-base\"\n\t\t\t\n\t\t>\n<div class=\"siteorigin-widget-tinymce textwidget\">\n\t<h2>BRIRI | Plaque d\u00e9flectrice<\/h2>\n<p><img loading=\"lazy\" decoding=\"async\" class=\"alignright wp-image-3726\" src=\"https:\/\/briri.de\/wp-content\/uploads\/2024\/10\/Briri_Prallteller_Slider-1024x576.jpg\" alt=\"\" width=\"450\" height=\"253\" srcset=\"https:\/\/briri.de\/wp-content\/uploads\/2024\/10\/Briri_Prallteller_Slider-1024x576.jpg 1024w, https:\/\/briri.de\/wp-content\/uploads\/2024\/10\/Briri_Prallteller_Slider-300x169.jpg 300w, https:\/\/briri.de\/wp-content\/uploads\/2024\/10\/Briri_Prallteller_Slider-768x432.jpg 768w, https:\/\/briri.de\/wp-content\/uploads\/2024\/10\/Briri_Prallteller_Slider-1536x864.jpg 1536w, https:\/\/briri.de\/wp-content\/uploads\/2024\/10\/Briri_Prallteller_Slider.jpg 1920w\" sizes=\"auto, (max-width: 450px) 100vw, 450px\" \/>Les plaques d\u00e9flectrices sont utilis\u00e9es pour l\u2019\u00e9pandage large du lisier. Le lisier est expuls\u00e9 apr\u00e8s l\u2019ouverture de la vanne coulissante. Le liquide rebondit sur une plaque m\u00e9tallique et est r\u00e9parti uniform\u00e9ment sur toute la largeur.  <\/p>\n<p>En Allemagne, l\u2019\u00e9pandage large avec une t\u00eate d\u00e9flectrice n\u2019est actuellement autoris\u00e9 que sur prairies ou sur terres arables non cultiv\u00e9es. Le lisier doit ensuite \u00eatre incorpor\u00e9 imm\u00e9diatement. <\/p>\n<p>Les plaques d\u00e9flectrices BRIRI peuvent toutefois \u00eatre utilis\u00e9es sans probl\u00e8me comme canons \u00e0 eau sur la tonne.<\/p>\n<\/div>\n<\/div><\/div><\/div><\/div><\/div><\/div><div id=\"pg-155561-15\"  class=\"panel-grid panel-has-style\" ><div class=\"siteorigin-panels-stretch panel-row-style panel-row-style-for-155561-15\" data-stretch-type=\"full\" ><div id=\"pgc-155561-15-0\"  class=\"panel-grid-cell\" ><div id=\"panel-155561-15-0-0\" class=\"so-panel widget widget_sow-editor panel-first-child panel-last-child\" data-index=\"10\" ><div class=\"panel-widget-style panel-widget-style-for-155561-15-0-0\" ><div\n\t\t\t\n\t\t\tclass=\"so-widget-sow-editor so-widget-sow-editor-base\"\n\t\t\t\n\t\t>\n<div class=\"siteorigin-widget-tinymce textwidget\">\n\t<\/div>\n<\/div><\/div><\/div><\/div><\/div><\/div><\/div>","protected":false},"excerpt":{"rendered":"<p>Technologie d\u2019application | \u00c9pandage pr\u00e9cis du lisier<\/p>\n","protected":false},"author":1,"featured_media":0,"parent":0,"menu_order":0,"comment_status":"closed","ping_status":"closed","template":"","meta":{"inline_featured_image":false,"footnotes":""},"class_list":["post-155561","page","type-page","status-publish","hentry","post"],"_links":{"self":[{"href":"https:\/\/briri.de\/fr\/wp-json\/wp\/v2\/pages\/155561","targetHints":{"allow":["GET"]}}],"collection":[{"href":"https:\/\/briri.de\/fr\/wp-json\/wp\/v2\/pages"}],"about":[{"href":"https:\/\/briri.de\/fr\/wp-json\/wp\/v2\/types\/page"}],"author":[{"embeddable":true,"href":"https:\/\/briri.de\/fr\/wp-json\/wp\/v2\/users\/1"}],"replies":[{"embeddable":true,"href":"https:\/\/briri.de\/fr\/wp-json\/wp\/v2\/comments?post=155561"}],"version-history":[{"count":0,"href":"https:\/\/briri.de\/fr\/wp-json\/wp\/v2\/pages\/155561\/revisions"}],"wp:attachment":[{"href":"https:\/\/briri.de\/fr\/wp-json\/wp\/v2\/media?parent=155561"}],"curies":[{"name":"wp","href":"https:\/\/api.w.org\/{rel}","templated":true}]}}