{"id":155548,"date":"2025-07-08T12:37:26","date_gmt":"2025-07-08T10:37:26","guid":{"rendered":"https:\/\/briri.de\/technique-de-remplissage\/"},"modified":"2025-07-08T12:37:26","modified_gmt":"2025-07-08T10:37:26","slug":"technique-de-remplissage","status":"publish","type":"page","link":"https:\/\/briri.de\/fr\/technique-de-remplissage\/","title":{"rendered":"Technique de remplissage"},"content":{"rendered":"<div id=\"pl-155548\"  class=\"panel-layout\" ><div id=\"pg-155548-0\"  class=\"panel-grid panel-has-style\" ><div class=\"siteorigin-panels-stretch panel-row-style panel-row-style-for-155548-0\" data-stretch-type=\"full-width-stretch\" ><div id=\"pgc-155548-0-0\"  class=\"panel-grid-cell\" ><div id=\"panel-155548-0-0-0\" class=\"so-panel widget widget_sow-hero panel-first-child panel-last-child\" data-index=\"0\" ><div\n\t\t\t\n\t\t\tclass=\"so-widget-sow-hero so-widget-sow-hero-default-30e74c897c04-155548 so-widget-fittext-wrapper\"\n\t\t\t data-fit-text-compressor=\"0.75\"\n\t\t>\t\t\t\t<div class=\"sow-slider-base\" style=\"display: none\" tabindex=\"0\">\n\t\t\t\t\t<ul\n\t\t\t\t\tclass=\"sow-slider-images\"\n\t\t\t\t\tdata-settings=\"{&quot;pagination&quot;:true,&quot;speed&quot;:800,&quot;timeout&quot;:8000,&quot;paused&quot;:false,&quot;pause_on_hover&quot;:false,&quot;swipe&quot;:true,&quot;nav_always_show_desktop&quot;:&quot;&quot;,&quot;nav_always_show_mobile&quot;:&quot;&quot;,&quot;breakpoint&quot;:&quot;780px&quot;,&quot;unmute&quot;:false,&quot;anchor&quot;:null}\"\n\t\t\t\t\tstyle=\"min-height: 800px\"\t\t\t\t\tdata-anchor-id=\"\"\n\t\t\t\t>\t\t<li class=\"sow-slider-image  sow-slider-image-cover\" style=\"visibility: visible;;background-color: #000000\" >\n\t\t\t\t\t<div class=\"sow-slider-image-container\">\n\t\t\t<div class=\"sow-slider-image-wrapper\">\n\t\t\t\t\t\t\t<\/div>\n\t\t<\/div>\n\t\t<div class=\"sow-slider-image-overlay sow-slider-image-cover\" style=\"opacity: 0.87;background-image: url(https:\/\/briri.de\/wp-content\/uploads\/2024\/10\/Briri_Maschinenbau_Bawinkel_Guelletechnik_Befuelltechnik_1.jpg)\"  ><\/div>\t\t<\/li>\n\t\t<\/ul>\t\t\t\t<ol class=\"sow-slider-pagination\">\n\t\t\t\t\t\t\t\t\t\t\t<li><a href=\"#\" data-goto=\"0\" aria-label=\"Display slide 1\"><\/a><\/li>\n\t\t\t\t\t\t\t\t\t<\/ol>\n\n\t\t\t\t<div class=\"sow-slide-nav sow-slide-nav-next\">\n\t\t\t\t\t<a href=\"#\" data-goto=\"next\" aria-label=\"Next slide\" data-action=\"next\">\n\t\t\t\t\t\t<em class=\"sow-sld-icon-thin-right\"><\/em>\n\t\t\t\t\t<\/a>\n\t\t\t\t<\/div>\n\n\t\t\t\t<div class=\"sow-slide-nav sow-slide-nav-prev\">\n\t\t\t\t\t<a href=\"#\" data-goto=\"previous\" aria-label=\"Previous slide\" data-action=\"prev\">\n\t\t\t\t\t\t<em class=\"sow-sld-icon-thin-left\"><\/em>\n\t\t\t\t\t<\/a>\n\t\t\t\t<\/div>\n\t\t\t\t<\/div><\/div><\/div><\/div><\/div><\/div><div id=\"pg-155548-1\"  class=\"panel-grid panel-has-style\" ><div class=\"pr-headline-red siteorigin-panels-stretch panel-row-style panel-row-style-for-155548-1\" data-stretch-type=\"full\" ><div id=\"pgc-155548-1-0\"  class=\"panel-grid-cell\" ><div id=\"panel-155548-1-0-0\" class=\"so-panel widget widget_sow-editor panel-first-child panel-last-child\" data-index=\"1\" ><div class=\"product_headline panel-widget-style panel-widget-style-for-155548-1-0-0\" ><div\n\t\t\t\n\t\t\tclass=\"so-widget-sow-editor so-widget-sow-editor-base\"\n\t\t\t\n\t\t>\n<div class=\"siteorigin-widget-tinymce textwidget\">\n\t<p><img loading=\"lazy\" decoding=\"async\" class=\"alignnone size-large wp-image-224\" src=\"https:\/\/briri.de\/wp-content\/uploads\/2024\/08\/guelle.svg\" alt=\"\" width=\"1024\" height=\"438\"><\/p>\n<\/div>\n<\/div><\/div><\/div><\/div><div id=\"pgc-155548-1-1\"  class=\"panel-grid-cell\" ><div id=\"panel-155548-1-1-0\" class=\"so-panel widget widget_sow-editor panel-first-child panel-last-child\" data-index=\"2\" ><div class=\"product_headline panel-widget-style panel-widget-style-for-155548-1-1-0\" ><div\n\t\t\t\n\t\t\tclass=\"so-widget-sow-editor so-widget-sow-editor-base\"\n\t\t\t\n\t\t>\n<div class=\"siteorigin-widget-tinymce textwidget\">\n\t<h1>Technique de remplissage | Remplissage rapide et pratique<\/h1>\n<\/div>\n<\/div><\/div><\/div><\/div><\/div><\/div><div id=\"pg-155548-2\"  class=\"panel-grid panel-has-style\" ><div class=\"siteorigin-panels-stretch panel-row-style panel-row-style-for-155548-2\" data-stretch-type=\"full\" ><div id=\"pgc-155548-2-0\"  class=\"panel-grid-cell\" ><div id=\"panel-155548-2-0-0\" class=\"so-panel widget widget_sow-editor panel-first-child panel-last-child\" data-index=\"3\" ><div class=\"contentrow panel-widget-style panel-widget-style-for-155548-2-0-0\" ><div\n\t\t\t\n\t\t\tclass=\"so-widget-sow-editor so-widget-sow-editor-base\"\n\t\t\t\n\t\t>\n<div class=\"siteorigin-widget-tinymce textwidget\">\n\t<p>Sp\u00e9cialis\u00e9s dans la fertilisation organique, nous ne nous contentons pas de d\u00e9velopper et de produire pour vous des tonnes \u00e0 lisier sur mesure : nous veillons \u00e9galement \u00e0 un remplissage optimal et propre de votre tonne \u00e0 lisier. Les tonnes \u00e0 lisier doivent r\u00e9pondre \u00e0 des exigences d\u2019efficacit\u00e9 toujours plus \u00e9lev\u00e9es en raison du durcissement des conditions-cadres impos\u00e9es par la r\u00e9glementation sur les engrais. BRIRI, votre partenaire pour l\u2019\u00e9pandage de lisier, propose une technologie de pointe pour une gestion du remplissage optimis\u00e9e afin de r\u00e9pondre \u00e0 ces exigences. BRIRI a con\u00e7u une vaste gamme de syst\u00e8mes vous permettant de remplir votre tonne \u00e0 lisier de mani\u00e8re pratique et efficace. Les options vont des stations d\u2019accostage aux basculeurs d\u2019accostage, en passant par les bras d\u2019aspiration avant.    <\/p>\n<\/div>\n<\/div><\/div><\/div><\/div><\/div><\/div><div id=\"pg-155548-3\"  class=\"panel-grid panel-has-style\" ><div class=\"siteorigin-panels-stretch panel-row-style panel-row-style-for-155548-3\" data-stretch-type=\"full\" ><div id=\"pgc-155548-3-0\"  class=\"panel-grid-cell panel-grid-cell-empty\" ><\/div><\/div><\/div><div id=\"pg-155548-4\"  class=\"panel-grid panel-has-style\" ><div class=\"siteorigin-panels-stretch panel-row-style panel-row-style-for-155548-4\" data-stretch-type=\"full\" ><div id=\"pgc-155548-4-0\"  class=\"panel-grid-cell\" ><div id=\"panel-155548-4-0-0\" class=\"so-panel widget widget_sow-editor panel-first-child panel-last-child\" data-index=\"4\" ><div class=\"contentrow panel-widget-style panel-widget-style-for-155548-4-0-0\" ><div\n\t\t\t\n\t\t\tclass=\"so-widget-sow-editor so-widget-sow-editor-base\"\n\t\t\t\n\t\t>\n<div class=\"siteorigin-widget-tinymce textwidget\">\n\t<h2>Station d\u2019accostage BRIRI | Basic Dock<\/h2>\n<p><img loading=\"lazy\" decoding=\"async\" class=\"wp-image-3739 alignright\" src=\"https:\/\/briri.de\/wp-content\/uploads\/2024\/10\/Briri_Maschinenbau_Bawinkel_Guelletechnik_Andockstation.jpg\" alt=\"\" width=\"450\" height=\"253\" srcset=\"https:\/\/briri.de\/wp-content\/uploads\/2024\/10\/Briri_Maschinenbau_Bawinkel_Guelletechnik_Andockstation.jpg 1920w, https:\/\/briri.de\/wp-content\/uploads\/2024\/10\/Briri_Maschinenbau_Bawinkel_Guelletechnik_Andockstation-300x169.jpg 300w, https:\/\/briri.de\/wp-content\/uploads\/2024\/10\/Briri_Maschinenbau_Bawinkel_Guelletechnik_Andockstation-1024x576.jpg 1024w, https:\/\/briri.de\/wp-content\/uploads\/2024\/10\/Briri_Maschinenbau_Bawinkel_Guelletechnik_Andockstation-768x432.jpg 768w, https:\/\/briri.de\/wp-content\/uploads\/2024\/10\/Briri_Maschinenbau_Bawinkel_Guelletechnik_Andockstation-1536x864.jpg 1536w\" sizes=\"auto, (max-width: 450px) 100vw, 450px\" \/><\/p>\n<p>Si votre lisier est stock\u00e9 dans une fosse ou un conteneur, notre station d\u2019accostage Basic Dock est id\u00e9ale pour remplir votre v\u00e9hicule. Parfaitement pratique et gain de temps. Raccordez le tuyau d\u2019aspiration au BasicDock et commandez le reste des op\u00e9rations de remplissage confortablement depuis la cabine du tracteur. Et pour le transport ? Il suffit de soulever la station d\u2019accostage \u00e0 l\u2019aide du bras d\u2019aspiration et de la placer dans la position de transport souhait\u00e9e.    <\/p>\n<p><strong>D\u00e9tails techniques<\/strong><strong> : <\/strong> <\/p>\n<ul>\n<li>Tr\u00e9mie d\u2019aspiration : 8\"<\/li>\n<li>Raccord du tuyau d\u2019aspiration : syst\u00e8me d\u2019accouplement rapide \u201cPerrot\u201d 8\"<\/li>\n<li>Largeur : env. 1\u202f000 mm <\/li>\n<li>Hauteur : env. 900 mm <\/li>\n<li>Largeur : env. 550 mm <\/li>\n<\/ul>\n<p>&nbsp;<\/p>\n<\/div>\n<\/div><\/div><\/div><\/div><\/div><\/div><div id=\"pg-155548-5\"  class=\"panel-grid panel-has-style\" ><div class=\"siteorigin-panels-stretch panel-row-style panel-row-style-for-155548-5\" data-stretch-type=\"full\" ><div id=\"pgc-155548-5-0\"  class=\"panel-grid-cell panel-grid-cell-empty\" ><\/div><\/div><\/div><div id=\"pg-155548-6\"  class=\"panel-grid panel-has-style\" ><div class=\"siteorigin-panels-stretch panel-row-style panel-row-style-for-155548-6\" data-stretch-type=\"full\" ><div id=\"pgc-155548-6-0\"  class=\"panel-grid-cell\" ><div id=\"panel-155548-6-0-0\" class=\"so-panel widget widget_sow-editor panel-first-child panel-last-child\" data-index=\"5\" ><div class=\"contentrow panel-widget-style panel-widget-style-for-155548-6-0-0\" ><div\n\t\t\t\n\t\t\tclass=\"so-widget-sow-editor so-widget-sow-editor-base\"\n\t\t\t\n\t\t>\n<div class=\"siteorigin-widget-tinymce textwidget\">\n\t<h2>Basculeur d\u2019accostage BRIRI | Dock Star<\/h2>\n<p><img loading=\"lazy\" decoding=\"async\" class=\"wp-image-3740 alignright\" src=\"https:\/\/briri.de\/wp-content\/uploads\/2024\/10\/Briri_Maschinenbau_Bawinkel_Guelletechnik_Andockwippe_2.jpg\" alt=\"\" width=\"450\" height=\"253\" srcset=\"https:\/\/briri.de\/wp-content\/uploads\/2024\/10\/Briri_Maschinenbau_Bawinkel_Guelletechnik_Andockwippe_2.jpg 1920w, https:\/\/briri.de\/wp-content\/uploads\/2024\/10\/Briri_Maschinenbau_Bawinkel_Guelletechnik_Andockwippe_2-300x169.jpg 300w, https:\/\/briri.de\/wp-content\/uploads\/2024\/10\/Briri_Maschinenbau_Bawinkel_Guelletechnik_Andockwippe_2-1024x576.jpg 1024w, https:\/\/briri.de\/wp-content\/uploads\/2024\/10\/Briri_Maschinenbau_Bawinkel_Guelletechnik_Andockwippe_2-768x432.jpg 768w, https:\/\/briri.de\/wp-content\/uploads\/2024\/10\/Briri_Maschinenbau_Bawinkel_Guelletechnik_Andockwippe_2-1536x864.jpg 1536w\" sizes=\"auto, (max-width: 450px) 100vw, 450px\" \/>Le temps, c\u2019est de l\u2019argent ! Les tonnes \u00e0 lisier doivent \u00eatre remplies de mani\u00e8re s\u00fbre et efficace. C\u2019est particuli\u00e8rement vrai lorsque de grandes quantit\u00e9s de lisier doivent \u00eatre \u00e9pandues. Notre basculeur d\u2019accostage BRIRI Dock Star est id\u00e9al si votre lisier est stock\u00e9 dans des cuves sur\u00e9lev\u00e9es.   <\/p>\n<p>Vous pouvez commander le basculeur \u00e0 distance, confortablement depuis la cabine du tracteur. La suspension pendulaire vous permet de vous passer de man\u0153uvres pr\u00e9cises. Un capteur int\u00e9gr\u00e9 dans la tr\u00e9mie emp\u00eache l\u2019ouverture accidentelle de la vanne. La position de la vanne est indiqu\u00e9e par un feu tricolore fix\u00e9 au Dock Star.   <\/p>\n<p>Le basculeur d\u2019accostage peut \u00eatre transport\u00e9 facilement et confortablement \u00e0 l\u2019aide de l\u2019hydraulique avant du tracteur.<\/p>\n<p><strong>D\u00e9tails techniques :  <\/strong><\/p>\n<ul>\n<li>Tr\u00e9mie d\u2019aspiration : 8\"<\/li>\n<li>Raccord du tuyau d\u2019aspiration : syst\u00e8me d\u2019accouplement rapide \u201cPerrot\u201d 8\"<\/li>\n<li>Pression max. : 250 bar <\/li>\n<li>Tension d\u2019alimentation : 12 V<\/li>\n<li>Puissance : 1,7 kW<\/li>\n<li>Attelage tracteur : KAT 2<\/li>\n<li>Longueur : env. 1\u202f200 mm (mesur\u00e9e depuis le bras inf\u00e9rieur) <\/li>\n<li>Hauteur : env. 1\u202f400 mm <\/li>\n<li>Largeur : env. 1\u202f400 mm <\/li>\n<\/ul>\n<\/div>\n<\/div><\/div><\/div><\/div><\/div><\/div><div id=\"pg-155548-7\"  class=\"panel-grid panel-has-style\" ><div class=\"siteorigin-panels-stretch panel-row-style panel-row-style-for-155548-7\" data-stretch-type=\"full\" ><div id=\"pgc-155548-7-0\"  class=\"panel-grid-cell panel-grid-cell-empty\" ><\/div><\/div><\/div><div id=\"pg-155548-8\"  class=\"panel-grid panel-has-style\" ><div class=\"siteorigin-panels-stretch panel-row-style panel-row-style-for-155548-8\" data-stretch-type=\"full\" ><div id=\"pgc-155548-8-0\"  class=\"panel-grid-cell\" ><div id=\"panel-155548-8-0-0\" class=\"so-panel widget widget_sow-editor panel-first-child panel-last-child\" data-index=\"6\" ><div class=\"contentrow panel-widget-style panel-widget-style-for-155548-8-0-0\" ><div\n\t\t\t\n\t\t\tclass=\"so-widget-sow-editor so-widget-sow-editor-base\"\n\t\t\t\n\t\t>\n<div class=\"siteorigin-widget-tinymce textwidget\">\n\t<h2>Bras d\u2019aspiration BRIRI | Trunk Star<\/h2>\n<p><img loading=\"lazy\" decoding=\"async\" class=\"wp-image-3741 alignright\" src=\"https:\/\/briri.de\/wp-content\/uploads\/2024\/10\/Briri_Maschinenbau_Guelletechnik_Field-Line_Slider-2.jpg\" alt=\"\" width=\"450\" height=\"253\" srcset=\"https:\/\/briri.de\/wp-content\/uploads\/2024\/10\/Briri_Maschinenbau_Guelletechnik_Field-Line_Slider-2.jpg 1920w, https:\/\/briri.de\/wp-content\/uploads\/2024\/10\/Briri_Maschinenbau_Guelletechnik_Field-Line_Slider-2-300x169.jpg 300w, https:\/\/briri.de\/wp-content\/uploads\/2024\/10\/Briri_Maschinenbau_Guelletechnik_Field-Line_Slider-2-1024x576.jpg 1024w, https:\/\/briri.de\/wp-content\/uploads\/2024\/10\/Briri_Maschinenbau_Guelletechnik_Field-Line_Slider-2-768x432.jpg 768w, https:\/\/briri.de\/wp-content\/uploads\/2024\/10\/Briri_Maschinenbau_Guelletechnik_Field-Line_Slider-2-1536x864.jpg 1536w\" sizes=\"auto, (max-width: 450px) 100vw, 450px\" \/>Vous souhaitez remplir votre tonne \u00e0 lisier directement au champ ? Notre bras d\u2019aspiration avant BRIRI assure une aspiration rapide et simple depuis des nourrisseurs ou des conteneurs au champ. Le bras d\u2019aspiration, attel\u00e9 \u00e0 l\u2019hydraulique avant du tracteur, peut pivoter hydrauliquement. Le tuyau dans lequel circule le lisier passe au-dessus du toit de la cabine du tracteur.   <\/p>\n<p>Un turbo-remplisseur BRIRI est int\u00e9gr\u00e9 de s\u00e9rie au bras d\u2019accostage afin de garantir un \u00e9coulement du lisier dans le tuyau puis dans la cuve \u00e0 pression constante. Le transfert du lisier dans l\u2019obscurit\u00e9 devient \u00e9galement un jeu d\u2019enfant. Un \u00e9clairage suppl\u00e9mentaire et un projecteur de travail peuvent \u00eatre mont\u00e9s sur le bras d\u2019accostage afin d\u2019am\u00e9liorer la visibilit\u00e9.  <\/p>\n<p><strong>D\u00e9tails techniques :<\/strong><\/p>\n<ul>\n<li>Bras d\u2019accostage : 8\"<\/li>\n<li>Raccord du tuyau d\u2019aspiration : syst\u00e8me d\u2019accouplement rapide \u201cPerrot\u201d 6\"<\/li>\n<li>Technique de remplissage : turbo-remplisseur 10\"<\/li>\n<li>Attelage tracteur : KAT 2<\/li>\n<li>Longueur : env. 900 mm (mesur\u00e9e depuis le bras inf\u00e9rieur) <\/li>\n<li>Hauteur : env. 3\u202f500 mm <\/li>\n<li>Largeur : env. 2\u202f300 mm <\/li>\n<\/ul>\n<\/div>\n<\/div><\/div><\/div><\/div><\/div><\/div><div id=\"pg-155548-9\"  class=\"panel-grid panel-has-style\" ><div class=\"siteorigin-panels-stretch panel-row-style panel-row-style-for-155548-9\" data-stretch-type=\"full\" ><div id=\"pgc-155548-9-0\"  class=\"panel-grid-cell\" ><div id=\"panel-155548-9-0-0\" class=\"so-panel widget widget_sow-editor panel-first-child panel-last-child\" data-index=\"7\" ><div class=\"panel-widget-style panel-widget-style-for-155548-9-0-0\" ><div\n\t\t\t\n\t\t\tclass=\"so-widget-sow-editor so-widget-sow-editor-base\"\n\t\t\t\n\t\t>\n<div class=\"siteorigin-widget-tinymce textwidget\">\n\t<\/div>\n<\/div><\/div><\/div><\/div><\/div><\/div><\/div>","protected":false},"excerpt":{"rendered":"<p>Technique de remplissage | Remplissage rapide et pratique<\/p>\n","protected":false},"author":1,"featured_media":0,"parent":0,"menu_order":0,"comment_status":"closed","ping_status":"closed","template":"","meta":{"inline_featured_image":false,"footnotes":""},"class_list":["post-155548","page","type-page","status-publish","hentry","post"],"_links":{"self":[{"href":"https:\/\/briri.de\/fr\/wp-json\/wp\/v2\/pages\/155548","targetHints":{"allow":["GET"]}}],"collection":[{"href":"https:\/\/briri.de\/fr\/wp-json\/wp\/v2\/pages"}],"about":[{"href":"https:\/\/briri.de\/fr\/wp-json\/wp\/v2\/types\/page"}],"author":[{"embeddable":true,"href":"https:\/\/briri.de\/fr\/wp-json\/wp\/v2\/users\/1"}],"replies":[{"embeddable":true,"href":"https:\/\/briri.de\/fr\/wp-json\/wp\/v2\/comments?post=155548"}],"version-history":[{"count":0,"href":"https:\/\/briri.de\/fr\/wp-json\/wp\/v2\/pages\/155548\/revisions"}],"wp:attachment":[{"href":"https:\/\/briri.de\/fr\/wp-json\/wp\/v2\/media?parent=155548"}],"curies":[{"name":"wp","href":"https:\/\/api.w.org\/{rel}","templated":true}]}}