{"id":155517,"date":"2025-07-08T11:17:45","date_gmt":"2025-07-08T09:17:45","guid":{"rendered":"https:\/\/briri.de\/field-line\/"},"modified":"2025-07-08T11:17:45","modified_gmt":"2025-07-08T09:17:45","slug":"field-line","status":"publish","type":"page","link":"https:\/\/briri.de\/fr\/field-line\/","title":{"rendered":"Field-Line"},"content":{"rendered":"<div id=\"pl-155517\"  class=\"panel-layout\" ><div id=\"pg-155517-0\"  class=\"panel-grid panel-has-style\" ><div class=\"siteorigin-panels-stretch panel-row-style panel-row-style-for-155517-0\" data-stretch-type=\"full-width-stretch\" ><div id=\"pgc-155517-0-0\"  class=\"panel-grid-cell\" ><div id=\"panel-155517-0-0-0\" class=\"so-panel widget widget_sow-hero panel-first-child panel-last-child\" data-index=\"0\" ><div\n\t\t\t\n\t\t\tclass=\"so-widget-sow-hero so-widget-sow-hero-default-30e74c897c04-155517 so-widget-fittext-wrapper\"\n\t\t\t data-fit-text-compressor=\"0.75\"\n\t\t>\t\t\t\t<div class=\"sow-slider-base\" style=\"display: none\" tabindex=\"0\">\n\t\t\t\t\t<ul\n\t\t\t\t\tclass=\"sow-slider-images\"\n\t\t\t\t\tdata-settings=\"{&quot;pagination&quot;:true,&quot;speed&quot;:800,&quot;timeout&quot;:8000,&quot;paused&quot;:false,&quot;pause_on_hover&quot;:false,&quot;swipe&quot;:true,&quot;nav_always_show_desktop&quot;:&quot;&quot;,&quot;nav_always_show_mobile&quot;:&quot;&quot;,&quot;breakpoint&quot;:&quot;780px&quot;,&quot;unmute&quot;:false,&quot;anchor&quot;:null}\"\n\t\t\t\t\tstyle=\"min-height: 800px\"\t\t\t\t\tdata-anchor-id=\"\"\n\t\t\t\t>\t\t<li class=\"sow-slider-image  sow-slider-image-cover\" style=\"visibility: visible;;background-color: #000000\" >\n\t\t\t\t\t<div class=\"sow-slider-image-container\">\n\t\t\t<div class=\"sow-slider-image-wrapper\">\n\t\t\t\t\t\t\t<\/div>\n\t\t<\/div>\n\t\t<div class=\"sow-slider-image-overlay sow-slider-image-cover\" style=\"opacity: 0.87;background-image: url(https:\/\/briri.de\/wp-content\/uploads\/2024\/06\/Briri_Maschinenbau_Bawinkel_Guelletechnik_Field_Commander.jpg)\"  ><\/div>\t\t<\/li>\n\t\t<\/ul>\t\t\t\t<ol class=\"sow-slider-pagination\">\n\t\t\t\t\t\t\t\t\t\t\t<li><a href=\"#\" data-goto=\"0\" aria-label=\"Display slide 1\"><\/a><\/li>\n\t\t\t\t\t\t\t\t\t<\/ol>\n\n\t\t\t\t<div class=\"sow-slide-nav sow-slide-nav-next\">\n\t\t\t\t\t<a href=\"#\" data-goto=\"next\" aria-label=\"Next slide\" data-action=\"next\">\n\t\t\t\t\t\t<em class=\"sow-sld-icon-thin-right\"><\/em>\n\t\t\t\t\t<\/a>\n\t\t\t\t<\/div>\n\n\t\t\t\t<div class=\"sow-slide-nav sow-slide-nav-prev\">\n\t\t\t\t\t<a href=\"#\" data-goto=\"previous\" aria-label=\"Previous slide\" data-action=\"prev\">\n\t\t\t\t\t\t<em class=\"sow-sld-icon-thin-left\"><\/em>\n\t\t\t\t\t<\/a>\n\t\t\t\t<\/div>\n\t\t\t\t<\/div><\/div><\/div><\/div><\/div><\/div><div id=\"pg-155517-1\"  class=\"panel-grid panel-has-style\" ><div class=\"pr-headline-red siteorigin-panels-stretch panel-row-style panel-row-style-for-155517-1\" data-stretch-type=\"full\" ><div id=\"pgc-155517-1-0\"  class=\"panel-grid-cell\" ><div id=\"panel-155517-1-0-0\" class=\"so-panel widget widget_sow-editor panel-first-child panel-last-child\" data-index=\"1\" ><div class=\"product_headline panel-widget-style panel-widget-style-for-155517-1-0-0\" ><div\n\t\t\t\n\t\t\tclass=\"so-widget-sow-editor so-widget-sow-editor-base\"\n\t\t\t\n\t\t>\n<div class=\"siteorigin-widget-tinymce textwidget\">\n\t<p><img loading=\"lazy\" decoding=\"async\" class=\"alignnone size-full wp-image-224\" src=\"https:\/\/briri.de\/wp-content\/uploads\/2024\/08\/guelle.svg\" alt=\"\" width=\"1266\" height=\"542\"><\/p>\n<\/div>\n<\/div><\/div><\/div><\/div><div id=\"pgc-155517-1-1\"  class=\"panel-grid-cell\" ><div id=\"panel-155517-1-1-0\" class=\"so-panel widget widget_sow-editor panel-first-child panel-last-child\" data-index=\"2\" ><div class=\"product_headline panel-widget-style panel-widget-style-for-155517-1-1-0\" ><div\n\t\t\t\n\t\t\tclass=\"so-widget-sow-editor so-widget-sow-editor-base\"\n\t\t\t\n\t\t>\n<div class=\"siteorigin-widget-tinymce textwidget\">\n\t<h1><em>BRIRI<\/em> | Field-Line<\/h1>\n<\/div>\n<\/div><\/div><\/div><\/div><\/div><\/div><div id=\"pg-155517-2\"  class=\"panel-grid panel-has-style\" ><div class=\"siteorigin-panels-stretch panel-row-style panel-row-style-for-155517-2\" data-stretch-type=\"full\" ><div id=\"pgc-155517-2-0\"  class=\"panel-grid-cell\" ><div id=\"panel-155517-2-0-0\" class=\"so-panel widget widget_sow-editor panel-first-child panel-last-child\" data-index=\"3\" ><div class=\"contentrow panel-widget-style panel-widget-style-for-155517-2-0-0\" ><div\n\t\t\t\n\t\t\tclass=\"so-widget-sow-editor so-widget-sow-editor-base\"\n\t\t\t\n\t\t>\n<div class=\"siteorigin-widget-tinymce textwidget\">\n\t<h2>Technologie des lisiers | Field-Line<\/h2>\n<p>Les tonneaux \u00e0 lisier BRIRI \u00ab Field-Line \u00bb sont la solution parfaite pour les exigences \u00e9lev\u00e9es avec le plus haut niveau de technologie. Ils sont con\u00e7us exclusivement comme des tonneaux \u00e0 pompe \u00e0 d\u00e9placement simple essieu, tandem ou tridem. Les v\u00e9hicules sont \u00e9quip\u00e9s d\u2019un entra\u00eenement de pompe hydraulique par d\u00e9faut pour assurer une exp\u00e9rience de conduite autonome. Cela rend les tonneaux \u00e0 lisier id\u00e9aux pour les exploitations professionnelles, les entrepreneurs et les coop\u00e9ratives de machines agricoles. Ils se distinguent par leur efficacit\u00e9 et leurs performances maximales, \u00e0 des rapports qualit\u00e9-prix \u00e9quitables.    <\/p>\n<\/div>\n<\/div><\/div><\/div><\/div><\/div><\/div><div id=\"pg-155517-3\"  class=\"panel-grid panel-has-style\" ><div class=\"siteorigin-panels-stretch panel-row-style panel-row-style-for-155517-3\" data-stretch-type=\"full\" ><div id=\"pgc-155517-3-0\"  class=\"panel-grid-cell\" ><div class=\"panel-cell-style panel-cell-style-for-155517-3-0\" ><div id=\"panel-155517-3-0-0\" class=\"so-panel widget widget_sow-editor panel-first-child\" data-index=\"4\" ><div class=\"productrow panel-widget-style panel-widget-style-for-155517-3-0-0\" ><div\n\t\t\t\n\t\t\tclass=\"so-widget-sow-editor so-widget-sow-editor-base\"\n\t\t\t\n\t\t>\n<div class=\"siteorigin-widget-tinymce textwidget\">\n\t<h2 style=\"text-align: center;\">Field Chief<\/h2>\n<p style=\"text-align: center;\"><img loading=\"lazy\" decoding=\"async\" class=\"alignnone size-full wp-image-958\" src=\"https:\/\/briri.de\/wp-content\/uploads\/2024\/10\/field-chief-2.jpg\" alt=\"\" width=\"1600\" height=\"900\" srcset=\"https:\/\/briri.de\/wp-content\/uploads\/2024\/10\/field-chief-2.jpg 1600w, https:\/\/briri.de\/wp-content\/uploads\/2024\/10\/field-chief-2-300x169.jpg 300w, https:\/\/briri.de\/wp-content\/uploads\/2024\/10\/field-chief-2-1024x576.jpg 1024w, https:\/\/briri.de\/wp-content\/uploads\/2024\/10\/field-chief-2-768x432.jpg 768w, https:\/\/briri.de\/wp-content\/uploads\/2024\/10\/field-chief-2-1536x864.jpg 1536w\" sizes=\"auto, (max-width: 1600px) 100vw, 1600px\" \/><\/p>\n<\/div>\n<\/div><\/div><\/div><div id=\"panel-155517-3-0-1\" class=\"so-panel widget widget_sow-button\" data-index=\"5\" ><div\n\t\t\t\n\t\t\tclass=\"so-widget-sow-button so-widget-sow-button-flat-02ea08d1807c-155517\"\n\t\t\t\n\t\t><div class=\"ow-button-base ow-button-align-center\"\n>\n\t\t\t<a\n\t\t\t\t\thref=\"https:\/\/briri.de\/field-chief\/\"\n\t\t\t\t\tclass=\"sowb-button ow-icon-placement-left ow-button-hover\" \t>\n\t\t<span>\n\t\t\t\n\t\t\tField Chief &gt;&gt;&gt;\t\t<\/span>\n\t\t\t<\/a>\n\t<\/div>\n<\/div><\/div><div id=\"panel-155517-3-0-2\" class=\"so-panel widget widget_sow-editor panel-last-child\" data-index=\"6\" ><div class=\"productrow panel-widget-style panel-widget-style-for-155517-3-0-2\" ><div\n\t\t\t\n\t\t\tclass=\"so-widget-sow-editor so-widget-sow-editor-base\"\n\t\t\t\n\t\t>\n<div class=\"siteorigin-widget-tinymce textwidget\">\n\t<p style=\"text-align: center;\"><strong>Points forts<\/strong><\/p>\n<ul>\n<li>Attelage inf\u00e9rieur type \u00ab Profi \u00bb<\/li>\n<li>Peinture UNI RAL 6002<\/li>\n<li>Dispositif de levage<\/li>\n<li>Pr\u00e9paration bras d\u2019aspiration<\/li>\n<li>Essieu pneumatique<\/li>\n<li>Pompe \u00e0 lobes rotatifs \u00e0 entra\u00eenement hydraulique<\/li>\n<li>Contr\u00f4le du d\u00e9bit d\u2019\u00e9pandage<\/li>\n<\/ul>\n<\/div>\n<\/div><a href=\"https:\/\/briri.de\/produkte\/guelletechnik\/briri-field-line\/\" class=\"so-premium-link-overlay\">&nbsp;<\/a><\/div><\/div><\/div><\/div><div id=\"pgc-155517-3-1\"  class=\"panel-grid-cell\" ><div class=\"panel-cell-style panel-cell-style-for-155517-3-1\" ><div id=\"panel-155517-3-1-0\" class=\"so-panel widget widget_sow-editor panel-first-child\" data-index=\"7\" ><div class=\"productrow panel-widget-style panel-widget-style-for-155517-3-1-0\" ><div\n\t\t\t\n\t\t\tclass=\"so-widget-sow-editor so-widget-sow-editor-base\"\n\t\t\t\n\t\t>\n<div class=\"siteorigin-widget-tinymce textwidget\">\n\t<h2 style=\"text-align: center;\">Field Master<\/h2>\n<p style=\"text-align: center;\"><img loading=\"lazy\" decoding=\"async\" class=\"alignnone size-full wp-image-968\" src=\"https:\/\/briri.de\/wp-content\/uploads\/2024\/10\/field-master-5.jpg\" alt=\"\" width=\"1600\" height=\"900\" srcset=\"https:\/\/briri.de\/wp-content\/uploads\/2024\/10\/field-master-5.jpg 1600w, https:\/\/briri.de\/wp-content\/uploads\/2024\/10\/field-master-5-300x169.jpg 300w, https:\/\/briri.de\/wp-content\/uploads\/2024\/10\/field-master-5-1024x576.jpg 1024w, https:\/\/briri.de\/wp-content\/uploads\/2024\/10\/field-master-5-768x432.jpg 768w, https:\/\/briri.de\/wp-content\/uploads\/2024\/10\/field-master-5-1536x864.jpg 1536w\" sizes=\"auto, (max-width: 1600px) 100vw, 1600px\" \/><\/p>\n<\/div>\n<\/div><\/div><\/div><div id=\"panel-155517-3-1-1\" class=\"so-panel widget widget_sow-button\" data-index=\"8\" ><div\n\t\t\t\n\t\t\tclass=\"so-widget-sow-button so-widget-sow-button-flat-02ea08d1807c-155517\"\n\t\t\t\n\t\t><div class=\"ow-button-base ow-button-align-center\"\n>\n\t\t\t<a\n\t\t\t\t\thref=\"\"\n\t\t\t\t\tclass=\"sowb-button ow-icon-placement-left ow-button-hover\" \t>\n\t\t<span>\n\t\t\t\n\t\t\tField Master &gt;&gt;&gt;\t\t<\/span>\n\t\t\t<\/a>\n\t<\/div>\n<\/div><\/div><div id=\"panel-155517-3-1-2\" class=\"so-panel widget widget_sow-editor panel-last-child\" data-index=\"9\" ><div class=\"productrow panel-widget-style panel-widget-style-for-155517-3-1-2\" ><div\n\t\t\t\n\t\t\tclass=\"so-widget-sow-editor so-widget-sow-editor-base\"\n\t\t\t\n\t\t>\n<div class=\"siteorigin-widget-tinymce textwidget\">\n\t<p style=\"text-align: center;\"><strong>Points forts<\/strong><\/p>\n<ul>\n<li>Attelage inf\u00e9rieur type \u00ab Profi \u00bb<\/li>\n<li>Peinture UNI RAL 6002<\/li>\n<li>Dispositif de levage<\/li>\n<li>Pr\u00e9paration bras d\u2019aspiration<\/li>\n<li>Essieu pneumatique<\/li>\n<li>Pompe \u00e0 lobes rotatifs \u00e0 entra\u00eenement hydraulique<\/li>\n<\/ul>\n<\/div>\n<\/div><a href=\"https:\/\/briri.de\/produkte\/guelletechnik\/briri-field-line\/\" class=\"so-premium-link-overlay\">&nbsp;<\/a><\/div><\/div><\/div><\/div><div id=\"pgc-155517-3-2\"  class=\"panel-grid-cell\" ><div class=\"panel-cell-style panel-cell-style-for-155517-3-2\" ><div id=\"panel-155517-3-2-0\" class=\"so-panel widget widget_sow-editor panel-first-child\" data-index=\"10\" ><div class=\"productrow panel-widget-style panel-widget-style-for-155517-3-2-0\" ><div\n\t\t\t\n\t\t\tclass=\"so-widget-sow-editor so-widget-sow-editor-base\"\n\t\t\t\n\t\t>\n<div class=\"siteorigin-widget-tinymce textwidget\">\n\t<h2 style=\"text-align: center;\">Field Commander<\/h2>\n<p style=\"text-align: center;\"><img loading=\"lazy\" decoding=\"async\" class=\"alignnone size-full wp-image-972\" src=\"https:\/\/briri.de\/wp-content\/uploads\/2024\/10\/field-commander-1.jpg\" alt=\"\" width=\"1600\" height=\"900\" srcset=\"https:\/\/briri.de\/wp-content\/uploads\/2024\/10\/field-commander-1.jpg 1600w, https:\/\/briri.de\/wp-content\/uploads\/2024\/10\/field-commander-1-300x169.jpg 300w, https:\/\/briri.de\/wp-content\/uploads\/2024\/10\/field-commander-1-1024x576.jpg 1024w, https:\/\/briri.de\/wp-content\/uploads\/2024\/10\/field-commander-1-768x432.jpg 768w, https:\/\/briri.de\/wp-content\/uploads\/2024\/10\/field-commander-1-1536x864.jpg 1536w\" sizes=\"auto, (max-width: 1600px) 100vw, 1600px\" \/><\/p>\n<\/div>\n<\/div><\/div><\/div><div id=\"panel-155517-3-2-1\" class=\"so-panel widget widget_sow-button\" data-index=\"11\" ><div\n\t\t\t\n\t\t\tclass=\"so-widget-sow-button so-widget-sow-button-flat-02ea08d1807c-155517\"\n\t\t\t\n\t\t><div class=\"ow-button-base ow-button-align-center\"\n>\n\t\t\t<a\n\t\t\t\t\thref=\"https:\/\/briri.de\/briri-field-line\/field-commander\/\"\n\t\t\t\t\tclass=\"sowb-button ow-icon-placement-left ow-button-hover\" \t>\n\t\t<span>\n\t\t\t\n\t\t\tField Commander &gt;&gt;&gt;\t\t<\/span>\n\t\t\t<\/a>\n\t<\/div>\n<\/div><\/div><div id=\"panel-155517-3-2-2\" class=\"so-panel widget widget_sow-editor panel-last-child\" data-index=\"12\" ><div class=\"productrow panel-widget-style panel-widget-style-for-155517-3-2-2\" ><div\n\t\t\t\n\t\t\tclass=\"so-widget-sow-editor so-widget-sow-editor-base\"\n\t\t\t\n\t\t>\n<div class=\"siteorigin-widget-tinymce textwidget\">\n\t<p style=\"text-align: center;\"><strong>Points forts<\/strong><\/p>\n<ul>\n<li>Attelage inf\u00e9rieur type \u00ab Profi \u00bb<\/li>\n<li>Peinture UNI RAL 6002<\/li>\n<li>Dispositif de levage<\/li>\n<li>Pr\u00e9paration bras d\u2019aspiration<\/li>\n<li>Essieu pneumatique<\/li>\n<li>Pompe \u00e0 lobes rotatifs \u00e0 entra\u00eenement hydraulique<\/li>\n<li>Contr\u00f4le du d\u00e9bit d\u2019\u00e9pandage<\/li>\n<\/ul>\n<\/div>\n<\/div><a href=\"https:\/\/briri.de\/produkte\/guelletechnik\/briri-field-line\/\" class=\"so-premium-link-overlay\">&nbsp;<\/a><\/div><\/div><\/div><\/div><\/div><\/div><\/div>","protected":false},"excerpt":{"rendered":"<p>BRIRI | Field-Line<\/p>\n","protected":false},"author":1,"featured_media":0,"parent":0,"menu_order":0,"comment_status":"closed","ping_status":"closed","template":"","meta":{"inline_featured_image":false,"footnotes":""},"class_list":["post-155517","page","type-page","status-publish","hentry","post"],"_links":{"self":[{"href":"https:\/\/briri.de\/fr\/wp-json\/wp\/v2\/pages\/155517","targetHints":{"allow":["GET"]}}],"collection":[{"href":"https:\/\/briri.de\/fr\/wp-json\/wp\/v2\/pages"}],"about":[{"href":"https:\/\/briri.de\/fr\/wp-json\/wp\/v2\/types\/page"}],"author":[{"embeddable":true,"href":"https:\/\/briri.de\/fr\/wp-json\/wp\/v2\/users\/1"}],"replies":[{"embeddable":true,"href":"https:\/\/briri.de\/fr\/wp-json\/wp\/v2\/comments?post=155517"}],"version-history":[{"count":0,"href":"https:\/\/briri.de\/fr\/wp-json\/wp\/v2\/pages\/155517\/revisions"}],"wp:attachment":[{"href":"https:\/\/briri.de\/fr\/wp-json\/wp\/v2\/media?parent=155517"}],"curies":[{"name":"wp","href":"https:\/\/api.w.org\/{rel}","templated":true}]}}