{"id":155447,"date":"2025-07-08T13:25:04","date_gmt":"2025-07-08T11:25:04","guid":{"rendered":"https:\/\/briri.de\/carriere\/"},"modified":"2025-07-08T13:25:04","modified_gmt":"2025-07-08T11:25:04","slug":"carriere","status":"publish","type":"page","link":"https:\/\/briri.de\/fr\/carriere\/","title":{"rendered":"Carri\u00e8re"},"content":{"rendered":"<div id=\"pl-155447\"  class=\"panel-layout\" ><div id=\"pg-155447-0\"  class=\"panel-grid panel-has-style\" ><div class=\"siteorigin-panels-stretch panel-row-style panel-row-style-for-155447-0\" data-stretch-type=\"full-width-stretch\" ><div id=\"pgc-155447-0-0\"  class=\"panel-grid-cell\" ><div id=\"panel-155447-0-0-0\" class=\"so-panel widget widget_sow-hero panel-first-child panel-last-child\" data-index=\"0\" ><div\n\t\t\t\n\t\t\tclass=\"so-widget-sow-hero so-widget-sow-hero-default-30e74c897c04-155447 so-widget-fittext-wrapper\"\n\t\t\t data-fit-text-compressor=\"0.75\"\n\t\t>\t\t\t\t<div class=\"sow-slider-base\" style=\"display: none\" tabindex=\"0\">\n\t\t\t\t\t<ul\n\t\t\t\t\tclass=\"sow-slider-images\"\n\t\t\t\t\tdata-settings=\"{&quot;pagination&quot;:true,&quot;speed&quot;:800,&quot;timeout&quot;:8000,&quot;paused&quot;:false,&quot;pause_on_hover&quot;:false,&quot;swipe&quot;:true,&quot;nav_always_show_desktop&quot;:&quot;&quot;,&quot;nav_always_show_mobile&quot;:&quot;&quot;,&quot;breakpoint&quot;:&quot;780px&quot;,&quot;unmute&quot;:false,&quot;anchor&quot;:null}\"\n\t\t\t\t\tstyle=\"min-height: 800px\"\t\t\t\t\tdata-anchor-id=\"\"\n\t\t\t\t>\t\t<li class=\"sow-slider-image  sow-slider-image-cover\" style=\"visibility: visible;;background-color: #000000\" >\n\t\t\t\t\t<div class=\"sow-slider-image-container\">\n\t\t\t<div class=\"sow-slider-image-wrapper\">\n\t\t\t\t\t\t\t<\/div>\n\t\t<\/div>\n\t\t<div class=\"sow-slider-image-overlay sow-slider-image-cover\" style=\"opacity: 0.87;background-image: url(https:\/\/briri.de\/wp-content\/uploads\/2024\/08\/Briri_Maschinenbau_Bawinkel_Unternehmen_Werksbesichtigung_1.jpg)\"  ><\/div>\t\t<\/li>\n\t\t<\/ul>\t\t\t\t<ol class=\"sow-slider-pagination\">\n\t\t\t\t\t\t\t\t\t\t\t<li><a href=\"#\" data-goto=\"0\" aria-label=\"Display slide 1\"><\/a><\/li>\n\t\t\t\t\t\t\t\t\t<\/ol>\n\n\t\t\t\t<div class=\"sow-slide-nav sow-slide-nav-next\">\n\t\t\t\t\t<a href=\"#\" data-goto=\"next\" aria-label=\"Next slide\" data-action=\"next\">\n\t\t\t\t\t\t<em class=\"sow-sld-icon-thin-right\"><\/em>\n\t\t\t\t\t<\/a>\n\t\t\t\t<\/div>\n\n\t\t\t\t<div class=\"sow-slide-nav sow-slide-nav-prev\">\n\t\t\t\t\t<a href=\"#\" data-goto=\"previous\" aria-label=\"Previous slide\" data-action=\"prev\">\n\t\t\t\t\t\t<em class=\"sow-sld-icon-thin-left\"><\/em>\n\t\t\t\t\t<\/a>\n\t\t\t\t<\/div>\n\t\t\t\t<\/div><\/div><\/div><\/div><\/div><\/div><div id=\"pg-155447-1\"  class=\"panel-grid panel-has-style\" ><div class=\"pr-headline-red siteorigin-panels-stretch panel-row-style panel-row-style-for-155447-1\" data-stretch-type=\"full\" ><div id=\"pgc-155447-1-0\"  class=\"panel-grid-cell\" ><div id=\"panel-155447-1-0-0\" class=\"so-panel widget widget_sow-editor panel-first-child panel-last-child\" data-index=\"1\" ><div class=\"product_headline panel-widget-style panel-widget-style-for-155447-1-0-0\" ><div\n\t\t\t\n\t\t\tclass=\"so-widget-sow-editor so-widget-sow-editor-base\"\n\t\t\t\n\t\t>\n<div class=\"siteorigin-widget-tinymce textwidget\">\n\t<p><a href=\"https:\/\/briri.de\/wp-content\/uploads\/2024\/08\/briri-sil-whitesvg.svg\"><img loading=\"lazy\" decoding=\"async\" class=\"alignnone size-full wp-image-787\" src=\"https:\/\/briri.de\/wp-content\/uploads\/2024\/08\/briri-sil-whitesvg.svg\" alt=\"\" width=\"3144\" height=\"917\"><\/a><\/p>\n<\/div>\n<\/div><\/div><\/div><\/div><div id=\"pgc-155447-1-1\"  class=\"panel-grid-cell\" ><div id=\"panel-155447-1-1-0\" class=\"so-panel widget widget_sow-editor panel-first-child panel-last-child\" data-index=\"2\" ><div class=\"product_headline panel-widget-style panel-widget-style-for-155447-1-1-0\" ><div\n\t\t\t\n\t\t\tclass=\"so-widget-sow-editor so-widget-sow-editor-base\"\n\t\t\t\n\t\t>\n<div class=\"siteorigin-widget-tinymce textwidget\">\n\t<h1><em>BRIRI<\/em> Carri\u00e8re | Tradition &amp; Innovation<\/h1>\n<\/div>\n<\/div><\/div><\/div><\/div><\/div><\/div><div id=\"pg-155447-2\"  class=\"panel-grid panel-has-style\" ><div class=\"siteorigin-panels-stretch panel-row-style panel-row-style-for-155447-2\" data-stretch-type=\"full\" ><div id=\"pgc-155447-2-0\"  class=\"panel-grid-cell\" ><div id=\"panel-155447-2-0-0\" class=\"so-panel widget widget_sow-editor panel-first-child panel-last-child\" data-index=\"3\" ><div class=\"contentrow panel-widget-style panel-widget-style-for-155447-2-0-0\" ><div\n\t\t\t\n\t\t\tclass=\"so-widget-sow-editor so-widget-sow-editor-base\"\n\t\t\t\n\t\t>\n<div class=\"siteorigin-widget-tinymce textwidget\">\n\t<p>Forte d'une tradition d'entreprise de plus de 100 ans et dirig\u00e9e par la 4e g\u00e9n\u00e9ration, BRIRI compte parmi les principaux fabricants dans le domaine de la technique d'\u00e9pandage de lisier, de la technique de transport et de l'\u00e9pandage de fumier solide. Nos machines sont utilis\u00e9es sur un nombre croissant de champs \u00e0 travers toute l'Europe. Nous n'y parvenons que gr\u00e2ce \u00e0 un pur savoir-faire technique, des id\u00e9es innovantes, ainsi qu'\u00e0 la qualit\u00e9 optimale et \u00e0 la disponibilit\u00e9 continue de nos collaborateurs.  <\/p>\n<p>En tant qu'entreprise familiale \u00e0 la fois respectueuse des traditions et innovante, nous poursuivons notre croissance de mani\u00e8re continue. Nous offrons des opportunit\u00e9s de carri\u00e8re int\u00e9ressantes aussi bien aux d\u00e9butants qu'aux professionnels exp\u00e9riment\u00e9s. Chaque collaborateur fait partie de l'\u00e9quipe BRIRI. La satisfaction de nos employ\u00e9s nous tient \u00e0 c\u0153ur, car la cl\u00e9 de notre succ\u00e8s r\u00e9side en vous, dans vos id\u00e9es innovantes et votre engagement.   <\/p>\n<p>Ce que nous vous proposons :<\/p>\n<ul>\n<li>Une entreprise familiale moderne avec des hi\u00e9rarchies horizontales<\/li>\n<li>Une activit\u00e9 vari\u00e9e et responsable au sein d'une entreprise internationale<\/li>\n<li>Un emploi d'avenir dans une entreprise en pleine croissance<\/li>\n<li>Une r\u00e9mun\u00e9ration \u00e9quitable (orient\u00e9e vers le march\u00e9)<\/li>\n<li>Une mission int\u00e9ressante et responsable au sein d'une \u00e9quipe motiv\u00e9e et engag\u00e9e<\/li>\n<li>Des horaires de travail flexibles (dans la mesure du possible)<\/li>\n<li>Des opportunit\u00e9s constantes de formation continue et de perfectionnement<\/li>\n<li>Des prestations compl\u00e9mentaires telles que le leasing de v\u00e9los \u00e9lectriques<\/li>\n<\/ul>\n<p>Sommes-nous parvenus \u00e0 vous convaincre ? Alors rejoignez l'\u00e9quipe et contribuez \u00e0 poursuivre la r\u00e9ussite de BRIRI. Que ce soit au montage ou dans l'administration, vous pouvez apporter vos id\u00e9es chez nous.  <\/p>\n<p>BRIRI GmbH<br \/>Riepenhausen Maschinenbau<br \/>M\u00e4ske 4<br \/>49844 Bawinkel<br \/>E-mail : bewerbung@briri.de<\/p>\n<\/div>\n<\/div><\/div><\/div><\/div><\/div><\/div><div id=\"pg-155447-3\"  class=\"panel-grid panel-has-style\" ><div class=\"siteorigin-panels-stretch panel-row-style panel-row-style-for-155447-3\" data-stretch-type=\"full\" ><div id=\"pgc-155447-3-0\"  class=\"panel-grid-cell\" ><div id=\"panel-155447-3-0-0\" class=\"so-panel widget widget_sow-editor panel-first-child panel-last-child\" data-index=\"4\" ><div\n\t\t\t\n\t\t\tclass=\"so-widget-sow-editor so-widget-sow-editor-base\"\n\t\t\t\n\t\t>\n<div class=\"siteorigin-widget-tinymce textwidget\">\n\t<\/div>\n<\/div><\/div><\/div><\/div><\/div><div id=\"pg-155447-4\"  class=\"panel-grid panel-has-style\" ><div class=\"siteorigin-panels-stretch panel-row-style panel-row-style-for-155447-4\" data-stretch-type=\"full\" ><div id=\"pgc-155447-4-0\"  class=\"panel-grid-cell\" ><div id=\"panel-155447-4-0-0\" class=\"so-panel widget widget_sow-editor panel-first-child panel-last-child\" data-index=\"5\" ><div class=\"contentrow panel-widget-style panel-widget-style-for-155447-4-0-0\" ><div\n\t\t\t\n\t\t\tclass=\"so-widget-sow-editor so-widget-sow-editor-base\"\n\t\t\t\n\t\t>\n<div class=\"siteorigin-widget-tinymce textwidget\">\n\t<div class=\"flex-shrink-0 flex flex-col relative items-end\">\n<div class=\"pt-0\">\n<div class=\"gizmo-bot-avatar flex h-8 w-8 items-center justify-center overflow-hidden rounded-full\">\n<h2>Offres d'emploi<\/h2>\n<p>Vous souhaitez explorer de nouvelles voies dans le machinisme agricole ? BRIRI figure parmi les leaders europ\u00e9ens de la fabrication de machines agricoles avec plus de 70 collaborateurs. Ce qui nous distingue ? Des partenariats de longue dur\u00e9e, un conseil proche du service et des exigences de qualit\u00e9 \u00e9lev\u00e9es. Nous sommes constamment \u00e0 la recherche de collaborateurs motiv\u00e9s souhaitant fa\u00e7onner la construction m\u00e9canique de demain. Car ce sont nos collaborateurs qui constituent le fondement de notre succ\u00e8s.     <\/p>\n<p><strong>Nous recherchons actuellement :<\/strong><\/p>\n<\/div>\n<\/div>\n<\/div>\n<\/div>\n<\/div><\/div><\/div><\/div><\/div><\/div><div id=\"pg-155447-5\"  class=\"panel-grid panel-has-style\" ><div class=\"siteorigin-panels-stretch panel-row-style panel-row-style-for-155447-5\" data-stretch-type=\"full\" ><div id=\"pgc-155447-5-0\"  class=\"panel-grid-cell panel-grid-cell-empty\" ><\/div><div id=\"pgc-155447-5-1\"  class=\"panel-grid-cell panel-grid-cell-mobile-last\" ><div id=\"panel-155447-5-1-0\" class=\"so-panel widget widget_sow-editor panel-first-child panel-last-child\" data-index=\"6\" ><div class=\"contentrow panel-widget-style panel-widget-style-for-155447-5-1-0\" ><div\n\t\t\t\n\t\t\tclass=\"so-widget-sow-editor so-widget-sow-editor-base\"\n\t\t\t\n\t\t>\n<div class=\"siteorigin-widget-tinymce textwidget\">\n\t<p><a href=\"https:\/\/briri.de\/wp-content\/uploads\/2025\/03\/Metallbauer-2025.pdf\" target=\"_blank\" rel=\"noopener\"><img loading=\"lazy\" decoding=\"async\" class=\"alignnone size-full wp-image-4253\" src=\"https:\/\/briri.de\/wp-content\/uploads\/2025\/03\/Metallbauer-2025.jpg\" alt=\"\" width=\"595\" height=\"841\" srcset=\"https:\/\/briri.de\/wp-content\/uploads\/2025\/03\/Metallbauer-2025.jpg 595w, https:\/\/briri.de\/wp-content\/uploads\/2025\/03\/Metallbauer-2025-212x300.jpg 212w\" sizes=\"auto, (max-width: 595px) 100vw, 595px\" \/><\/a><\/p>\n<\/div>\n<\/div><\/div><\/div><\/div><div id=\"pgc-155447-5-2\"  class=\"panel-grid-cell panel-grid-cell-empty\" ><\/div><\/div><\/div><div id=\"pg-155447-6\"  class=\"panel-grid panel-has-style\" ><div class=\"siteorigin-panels-stretch panel-row-style panel-row-style-for-155447-6\" data-stretch-type=\"full\" ><div id=\"pgc-155447-6-0\"  class=\"panel-grid-cell\" ><div id=\"panel-155447-6-0-0\" class=\"so-panel widget widget_sow-editor panel-first-child panel-last-child\" data-index=\"7\" ><div\n\t\t\t\n\t\t\tclass=\"so-widget-sow-editor so-widget-sow-editor-base\"\n\t\t\t\n\t\t>\n<div class=\"siteorigin-widget-tinymce textwidget\">\n\t<\/div>\n<\/div><\/div><\/div><\/div><\/div><div id=\"pg-155447-7\"  class=\"panel-grid panel-has-style\" ><div class=\"siteorigin-panels-stretch panel-row-style panel-row-style-for-155447-7\" data-stretch-type=\"full\" ><div id=\"pgc-155447-7-0\"  class=\"panel-grid-cell\" ><div id=\"panel-155447-7-0-0\" class=\"so-panel widget widget_sow-editor panel-first-child panel-last-child\" data-index=\"8\" ><div class=\"contentrow panel-widget-style panel-widget-style-for-155447-7-0-0\" ><div\n\t\t\t\n\t\t\tclass=\"so-widget-sow-editor so-widget-sow-editor-base\"\n\t\t\t\n\t\t>\n<div class=\"siteorigin-widget-tinymce textwidget\">\n\t<h2>Apprentissage | Apprendre de A \u00e0 Z<\/h2>\n<p><img loading=\"lazy\" decoding=\"async\" class=\"size-medium wp-image-918 alignright\" src=\"https:\/\/briri.de\/wp-content\/uploads\/2024\/08\/Briri_Karriere_Ausbildung_Bawinkel-300x169.jpg\" alt=\"\" width=\"300\" height=\"169\" srcset=\"https:\/\/briri.de\/wp-content\/uploads\/2024\/08\/Briri_Karriere_Ausbildung_Bawinkel-300x169.jpg 300w, https:\/\/briri.de\/wp-content\/uploads\/2024\/08\/Briri_Karriere_Ausbildung_Bawinkel-1024x576.jpg 1024w, https:\/\/briri.de\/wp-content\/uploads\/2024\/08\/Briri_Karriere_Ausbildung_Bawinkel-768x432.jpg 768w, https:\/\/briri.de\/wp-content\/uploads\/2024\/08\/Briri_Karriere_Ausbildung_Bawinkel-1536x864.jpg 1536w, https:\/\/briri.de\/wp-content\/uploads\/2024\/08\/Briri_Karriere_Ausbildung_Bawinkel.jpg 1920w\" sizes=\"auto, (max-width: 300px) 100vw, 300px\" \/><\/p>\n<p>Vous vous passionnez pour la construction m\u00e9canique et souhaitez lancer votre carri\u00e8re dans ce domaine ? Nous vous en offrons la possibilit\u00e9 avec nos formations d'apprenti m\u00e9catronicien de machines agricoles et de chantier, de constructeur m\u00e9tallique et de sp\u00e9cialiste en logistique d'entrep\u00f4t. <\/p>\n<p>Ce qui vous attend ? Une entreprise formatrice o\u00f9 vous n'\u00eates pas qu'un simple num\u00e9ro, afin que nous puissions fa\u00e7onner l'avenir ensemble. <\/p>\n<p>Pour la rentr\u00e9e du 01\/08\/2023, nous recherchons de nouveaux apprentis pour les m\u00e9tiers suivants :<\/p>\n<p><strong>Notre offre d'apprentissage :<\/strong><\/p>\n<ul>\n<li>Sp\u00e9cialiste en logistique d'entrep\u00f4t<\/li>\n<li>M\u00e9catronicien de machines agricoles et de chantier<\/li>\n<li>Constructeur m\u00e9tallique sp\u00e9cialis\u00e9 en technique de construction<\/li>\n<li>\n<\/li>\n<\/ul>\n<p>Veuillez adresser votre dossier de candidature complet par \u00e9crit ou par e-mail avec pi\u00e8ces jointes au format PDF \u00e0 l'adresse suivante : <a href=\"mailto:bewerbung@briri.de\">bewerbung@briri.de <\/a> <\/p>\n<p><strong><em>BRIRI<\/em> GmbH<\/strong><br \/>\nRiepenhausen Maschinenbau<br \/>\nM\u00e4ske 4<br \/>\n49844 Bawinkel<br \/>\nT\u00e9l. : 05963\/9401-0<\/p>\n<p><strong>Nous nous r\u00e9jouissons de vous accueillir !<\/strong><\/p>\n<\/div>\n<\/div><\/div><\/div><\/div><\/div><\/div><div id=\"pg-155447-8\"  class=\"panel-grid panel-has-style\" ><div class=\"siteorigin-panels-stretch panel-row-style panel-row-style-for-155447-8\" data-stretch-type=\"full\" ><div id=\"pgc-155447-8-0\"  class=\"panel-grid-cell\" ><div id=\"panel-155447-8-0-0\" class=\"so-panel widget widget_sow-editor panel-first-child panel-last-child\" data-index=\"9\" ><div\n\t\t\t\n\t\t\tclass=\"so-widget-sow-editor so-widget-sow-editor-base\"\n\t\t\t\n\t\t>\n<div class=\"siteorigin-widget-tinymce textwidget\">\n\t<\/div>\n<\/div><\/div><\/div><\/div><\/div><div id=\"pg-155447-9\"  class=\"panel-grid panel-has-style\" ><div class=\"siteorigin-panels-stretch panel-row-style panel-row-style-for-155447-9\" data-stretch-type=\"full\" ><div id=\"pgc-155447-9-0\"  class=\"panel-grid-cell\" ><div id=\"panel-155447-9-0-0\" class=\"so-panel widget widget_sow-editor panel-first-child panel-last-child\" data-index=\"10\" ><div class=\"contentrow panel-widget-style panel-widget-style-for-155447-9-0-0\" ><div\n\t\t\t\n\t\t\tclass=\"so-widget-sow-editor so-widget-sow-editor-base\"\n\t\t\t\n\t\t>\n<div class=\"siteorigin-widget-tinymce textwidget\">\n\t<h2><strong>Stage chez <\/strong> BRIRI<\/h2>\n<p>Que vous soyez \u00e9l\u00e8ve ou \u00e9tudiant, chez BRIRI, vous d\u00e9couvrirez les diff\u00e9rents domaines professionnels d'une entreprise op\u00e9rant \u00e0 l'international. Acqu\u00e9rez une premi\u00e8re exp\u00e9rience pratique, d\u00e9couvrez vos int\u00e9r\u00eats et vos points forts, et participez activement \u00e0 la vie de l'entreprise. <\/p>\n<h2><strong>Travaux de fin d'\u00e9tudes chez <\/strong>BRIRI<\/h2>\n<p>M\u00e9moires de Bachelor et de Master \u2013 vous avez d\u00e9j\u00e0 r\u00e9ussi vos \u00e9tudes jusqu'\u00e0 pr\u00e9sent et avez d\u00e9j\u00e0 acquis une premi\u00e8re exp\u00e9rience pratique ? Vous vous passionnez pour la construction m\u00e9canique et avez appris \u00e0 traiter des sujets complexes de mani\u00e8re autonome ? Et maintenant, votre travail de fin d'\u00e9tudes doit couronner votre cursus avec une v\u00e9ritable valeur ajout\u00e9e ? Parfait ! BRIRI est le partenaire id\u00e9al pour vous soutenir dans cet objectif.    <\/p>\n<p>Postulez pour un stage tout simplement par \u00e9crit ou par e-mail \u00e0 l'adresse <strong>bewerbung@briri.de<\/strong><\/p>\n<\/div>\n<\/div><\/div><\/div><\/div><\/div><\/div><\/div>","protected":false},"excerpt":{"rendered":"<p>BRIRI Carri\u00e8re | Tradition &amp; Innovation<\/p>\n","protected":false},"author":1,"featured_media":0,"parent":0,"menu_order":0,"comment_status":"closed","ping_status":"closed","template":"","meta":{"inline_featured_image":false,"footnotes":""},"class_list":["post-155447","page","type-page","status-publish","hentry","post"],"_links":{"self":[{"href":"https:\/\/briri.de\/fr\/wp-json\/wp\/v2\/pages\/155447","targetHints":{"allow":["GET"]}}],"collection":[{"href":"https:\/\/briri.de\/fr\/wp-json\/wp\/v2\/pages"}],"about":[{"href":"https:\/\/briri.de\/fr\/wp-json\/wp\/v2\/types\/page"}],"author":[{"embeddable":true,"href":"https:\/\/briri.de\/fr\/wp-json\/wp\/v2\/users\/1"}],"replies":[{"embeddable":true,"href":"https:\/\/briri.de\/fr\/wp-json\/wp\/v2\/comments?post=155447"}],"version-history":[{"count":0,"href":"https:\/\/briri.de\/fr\/wp-json\/wp\/v2\/pages\/155447\/revisions"}],"wp:attachment":[{"href":"https:\/\/briri.de\/fr\/wp-json\/wp\/v2\/media?parent=155447"}],"curies":[{"name":"wp","href":"https:\/\/api.w.org\/{rel}","templated":true}]}}