{"id":155406,"date":"2025-07-08T15:22:55","date_gmt":"2025-07-08T13:22:55","guid":{"rendered":"https:\/\/briri.de\/technique-de-commande-agriculture-de-precision-22\/"},"modified":"2025-07-08T15:22:55","modified_gmt":"2025-07-08T13:22:55","slug":"technique-de-commande-agriculture-de-precision-22","status":"publish","type":"page","link":"https:\/\/briri.de\/fr\/technique-de-commande-agriculture-de-precision-22\/","title":{"rendered":"Technique de commande \/ Agriculture de pr\u00e9cision &#8211; 22"},"content":{"rendered":"<div id=\"pl-155406\"  class=\"panel-layout\" ><div id=\"pg-155406-0\"  class=\"panel-grid panel-has-style\" ><div class=\"siteorigin-panels-stretch panel-row-style panel-row-style-for-155406-0\" data-stretch-type=\"full-width-stretch\" ><div id=\"pgc-155406-0-0\"  class=\"panel-grid-cell\" ><div id=\"panel-155406-0-0-0\" class=\"so-panel widget widget_sow-hero panel-first-child panel-last-child\" data-index=\"0\" ><div\n\t\t\t\n\t\t\tclass=\"so-widget-sow-hero so-widget-sow-hero-default-0827ef5802ee-155406 so-widget-fittext-wrapper\"\n\t\t\t data-fit-text-compressor=\"0.75\"\n\t\t>\t\t\t\t<div class=\"sow-slider-base\" style=\"display: none\" tabindex=\"0\">\n\t\t\t\t\t<ul\n\t\t\t\t\tclass=\"sow-slider-images\"\n\t\t\t\t\tdata-settings=\"{&quot;pagination&quot;:true,&quot;speed&quot;:800,&quot;timeout&quot;:8000,&quot;paused&quot;:false,&quot;pause_on_hover&quot;:false,&quot;swipe&quot;:true,&quot;nav_always_show_desktop&quot;:&quot;&quot;,&quot;nav_always_show_mobile&quot;:&quot;&quot;,&quot;breakpoint&quot;:&quot;780px&quot;,&quot;unmute&quot;:false,&quot;anchor&quot;:null}\"\n\t\t\t\t\tstyle=\"min-height: 800px\"\t\t\t\t\tdata-anchor-id=\"\"\n\t\t\t\t>\t\t<li class=\"sow-slider-image  sow-slider-image-cover\" style=\"visibility: visible;;background-color: #000000\" >\n\t\t\t\t\t<div class=\"sow-slider-image-container\">\n\t\t\t<div class=\"sow-slider-image-wrapper\">\n\t\t\t\t\t\t\t<\/div>\n\t\t<\/div>\n\t\t<div class=\"sow-slider-image-overlay sow-slider-image-cover\" style=\"opacity: 0.87;background-image: url(https:\/\/briri.de\/wp-content\/uploads\/2024\/06\/Briri_Maschinenbau_Bawinkel_Guelletechnik_Manure-Director_4.jpg)\"  ><\/div>\t\t<\/li>\n\t\t<\/ul>\t\t\t\t<ol class=\"sow-slider-pagination\">\n\t\t\t\t\t\t\t\t\t\t\t<li><a href=\"#\" data-goto=\"0\" aria-label=\"Display slide 1\"><\/a><\/li>\n\t\t\t\t\t\t\t\t\t<\/ol>\n\n\t\t\t\t<div class=\"sow-slide-nav sow-slide-nav-next\">\n\t\t\t\t\t<a href=\"#\" data-goto=\"next\" aria-label=\"Next slide\" data-action=\"next\">\n\t\t\t\t\t\t<em class=\"sow-sld-icon-thin-right\"><\/em>\n\t\t\t\t\t<\/a>\n\t\t\t\t<\/div>\n\n\t\t\t\t<div class=\"sow-slide-nav sow-slide-nav-prev\">\n\t\t\t\t\t<a href=\"#\" data-goto=\"previous\" aria-label=\"Previous slide\" data-action=\"prev\">\n\t\t\t\t\t\t<em class=\"sow-sld-icon-thin-left\"><\/em>\n\t\t\t\t\t<\/a>\n\t\t\t\t<\/div>\n\t\t\t\t<\/div><\/div><\/div><\/div><\/div><\/div><div id=\"pg-155406-1\"  class=\"panel-grid panel-has-style\" ><div class=\"pr-headline-red siteorigin-panels-stretch panel-row-style panel-row-style-for-155406-1\" data-stretch-type=\"full\" ><div id=\"pgc-155406-1-0\"  class=\"panel-grid-cell\" ><div id=\"panel-155406-1-0-0\" class=\"so-panel widget widget_sow-editor panel-first-child panel-last-child\" data-index=\"1\" ><div class=\"product_headline panel-widget-style panel-widget-style-for-155406-1-0-0\" ><div\n\t\t\t\n\t\t\tclass=\"so-widget-sow-editor so-widget-sow-editor-base\"\n\t\t\t\n\t\t>\n<div class=\"siteorigin-widget-tinymce textwidget\">\n\t<p><img loading=\"lazy\" decoding=\"async\" class=\"alignnone size-large wp-image-1023\" src=\"https:\/\/briri.de\/wp-content\/uploads\/2024\/10\/streu.svg\" alt=\"\" width=\"1024\" height=\"563\"><\/p>\n<\/div>\n<\/div><\/div><\/div><\/div><div id=\"pgc-155406-1-1\"  class=\"panel-grid-cell\" ><div id=\"panel-155406-1-1-0\" class=\"so-panel widget widget_sow-editor panel-first-child panel-last-child\" data-index=\"2\" ><div class=\"product_headline panel-widget-style panel-widget-style-for-155406-1-1-0\" ><div\n\t\t\t\n\t\t\tclass=\"so-widget-sow-editor so-widget-sow-editor-base\"\n\t\t\t\n\t\t>\n<div class=\"siteorigin-widget-tinymce textwidget\">\n\t<h1>Technique de commande \/ Agriculture de pr\u00e9cision<\/h1>\n<\/div>\n<\/div><\/div><\/div><\/div><\/div><\/div><div id=\"pg-155406-2\"  class=\"panel-grid panel-has-style\" ><div class=\"siteorigin-panels-stretch panel-row-style panel-row-style-for-155406-2\" data-stretch-type=\"full\" ><div id=\"pgc-155406-2-0\"  class=\"panel-grid-cell\" ><div id=\"panel-155406-2-0-0\" class=\"so-panel widget widget_sow-editor panel-first-child panel-last-child\" data-index=\"3\" ><div class=\"contentrow panel-widget-style panel-widget-style-for-155406-2-0-0\" ><div\n\t\t\t\n\t\t\tclass=\"so-widget-sow-editor so-widget-sow-editor-base\"\n\t\t\t\n\t\t>\n<div class=\"siteorigin-widget-tinymce textwidget\">\n\t<h2>Unit\u00e9s de commande du tracteur<\/h2>\n<p><img loading=\"lazy\" decoding=\"async\" class=\"alignright wp-image-4187\" src=\"https:\/\/briri.de\/wp-content\/uploads\/2024\/12\/pf-1.jpg\" alt=\"\" width=\"180\" height=\"180\" srcset=\"https:\/\/briri.de\/wp-content\/uploads\/2024\/12\/pf-1.jpg 300w, https:\/\/briri.de\/wp-content\/uploads\/2024\/12\/pf-1-150x150.jpg 150w, https:\/\/briri.de\/wp-content\/uploads\/2024\/12\/pf-1-216x216.jpg 216w\" sizes=\"auto, (max-width: 180px) 100vw, 180px\" \/>Toutes les fonctions sont pilot\u00e9es via les unit\u00e9s de commande du tracteur, offrant ainsi une grande polyvalence d\u2019utilisation. L\u2019avance du fond mouvant peut \u00eatre r\u00e9gl\u00e9e de mani\u00e8re proportionnelle via un potentiom\u00e8tre en cabine, m\u00eame dans la version de base de l\u2019unit\u00e9. <\/p>\n<\/div>\n<\/div><\/div><\/div><\/div><\/div><\/div><div id=\"pg-155406-3\"  class=\"panel-grid panel-has-style\" ><div class=\"siteorigin-panels-stretch panel-row-style panel-row-style-for-155406-3\" data-stretch-type=\"full\" ><div id=\"pgc-155406-3-0\"  class=\"panel-grid-cell\" ><div id=\"panel-155406-3-0-0\" class=\"so-panel widget widget_sow-editor panel-first-child panel-last-child\" data-index=\"4\" ><div class=\"contentrow panel-widget-style panel-widget-style-for-155406-3-0-0\" ><div\n\t\t\t\n\t\t\tclass=\"so-widget-sow-editor so-widget-sow-editor-base\"\n\t\t\t\n\t\t>\n<div class=\"siteorigin-widget-tinymce textwidget\">\n\t<h2>Panneau de commande<\/h2>\n<p><img loading=\"lazy\" decoding=\"async\" class=\"alignright wp-image-4188\" src=\"https:\/\/briri.de\/wp-content\/uploads\/2024\/12\/pf-2.jpg\" alt=\"\" width=\"180\" height=\"180\" srcset=\"https:\/\/briri.de\/wp-content\/uploads\/2024\/12\/pf-2.jpg 300w, https:\/\/briri.de\/wp-content\/uploads\/2024\/12\/pf-2-150x150.jpg 150w, https:\/\/briri.de\/wp-content\/uploads\/2024\/12\/pf-2-216x216.jpg 216w\" sizes=\"auto, (max-width: 180px) 100vw, 180px\" \/>Le niveau suivant permet l\u2019alimentation en huile via les connexions LS du tracteur. Toutes les fonctions de commutation sont disponibles sur un panneau de commande central. Un t\u00e9moin lumineux pour la position de la porte arri\u00e8re est int\u00e9gr\u00e9 au bo\u00eetier de commande, en plus du r\u00e9glage de l\u2019avance en continu.  <\/p>\n<\/div>\n<\/div><\/div><\/div><\/div><\/div><\/div><div id=\"pg-155406-4\"  class=\"panel-grid panel-has-style\" ><div class=\"siteorigin-panels-stretch panel-row-style panel-row-style-for-155406-4\" data-stretch-type=\"full\" ><div id=\"pgc-155406-4-0\"  class=\"panel-grid-cell\" ><div id=\"panel-155406-4-0-0\" class=\"so-panel widget widget_sow-editor panel-first-child panel-last-child\" data-index=\"5\" ><div class=\"contentrow panel-widget-style panel-widget-style-for-155406-4-0-0\" ><div\n\t\t\t\n\t\t\tclass=\"so-widget-sow-editor so-widget-sow-editor-base\"\n\t\t\t\n\t\t>\n<div class=\"siteorigin-widget-tinymce textwidget\">\n\t<h2>ISOBUS<\/h2>\n<p><img loading=\"lazy\" decoding=\"async\" class=\"size-full wp-image-4189 alignright\" src=\"https:\/\/briri.de\/wp-content\/uploads\/2024\/12\/pf-3.jpg\" alt=\"\" width=\"300\" height=\"300\" srcset=\"https:\/\/briri.de\/wp-content\/uploads\/2024\/12\/pf-3.jpg 300w, https:\/\/briri.de\/wp-content\/uploads\/2024\/12\/pf-3-150x150.jpg 150w, https:\/\/briri.de\/wp-content\/uploads\/2024\/12\/pf-3-216x216.jpg 216w\" sizes=\"auto, (max-width: 300px) 100vw, 300px\" \/><\/p>\n<p>L\u2019\u00e9pandeur est \u00e9quip\u00e9 d\u2019une unit\u00e9 de commande ISOBUS de la cat\u00e9gorie la plus \u00e9lev\u00e9e. L\u2019huile est \u00e9galement fournie via les connexions LS du tracteur. Ce concept d\u2019exploitation ouvre un large \u00e9ventail d\u2019options. Il permet un contr\u00f4le pratique de toutes les fonctions via le terminal int\u00e9gr\u00e9 du tracteur (\u00e0 condition qu\u2019un terminal op\u00e9rateur compatible ISOBUS soit disponible) ou via un terminal externe compatible ISOBUS. BRIRI propose des terminaux de 8,4\" et 12\" \u00e0 cet effet.    <\/p>\n<p>L\u2019utilisation peut \u00e9galement \u00eatre facilit\u00e9e \u00e0 l\u2019aide d\u2019un joystick compatible AUX-N. Le travail effectu\u00e9 peut \u00eatre enregistr\u00e9 et document\u00e9 via la connexion \u00e0 un contr\u00f4leur de t\u00e2ches. Il est ensuite disponible pour un traitement ult\u00e9rieur.  <\/p>\n<\/div>\n<\/div><\/div><\/div><\/div><\/div><\/div><div id=\"pg-155406-5\"  class=\"panel-grid panel-has-style\" ><div class=\"siteorigin-panels-stretch panel-row-style panel-row-style-for-155406-5\" data-stretch-type=\"full\" ><div id=\"pgc-155406-5-0\"  class=\"panel-grid-cell\" ><div id=\"panel-155406-5-0-0\" class=\"so-panel widget widget_sow-editor panel-first-child panel-last-child\" data-index=\"6\" ><div class=\"contentrow panel-widget-style panel-widget-style-for-155406-5-0-0\" ><div\n\t\t\t\n\t\t\tclass=\"so-widget-sow-editor so-widget-sow-editor-base\"\n\t\t\t\n\t\t>\n<div class=\"siteorigin-widget-tinymce textwidget\">\n\t<h2>Agriculture de pr\u00e9cision<\/h2>\n<p><strong>Fertilisation de zones sp\u00e9cifiques<\/strong><\/p>\n<p><img loading=\"lazy\" decoding=\"async\" class=\"size-full wp-image-4190 alignnone\" src=\"https:\/\/briri.de\/wp-content\/uploads\/2024\/12\/pf-4.jpg\" alt=\"\" width=\"1279\" height=\"743\" srcset=\"https:\/\/briri.de\/wp-content\/uploads\/2024\/12\/pf-4.jpg 1279w, https:\/\/briri.de\/wp-content\/uploads\/2024\/12\/pf-4-300x174.jpg 300w, https:\/\/briri.de\/wp-content\/uploads\/2024\/12\/pf-4-1024x595.jpg 1024w, https:\/\/briri.de\/wp-content\/uploads\/2024\/12\/pf-4-768x446.jpg 768w\" sizes=\"auto, (max-width: 1279px) 100vw, 1279px\" \/><\/p>\n<p>Il est possible de mettre en \u0153uvre une fertilisation sp\u00e9cifique \u00e0 des zones partielles en combinaison avec une unit\u00e9 de commande ISOBUS et le syst\u00e8me d\u2019activation TC-GEO associ\u00e9.<\/p>\n<p>La fertilisation sp\u00e9cifique \u00e0 une section est un aspect important de l\u2019agriculture de pr\u00e9cision. Les diff\u00e9rences de sol et de croissance au sein d\u2019une zone sont prises en compte dans cette m\u00e9thode de fertilisation. L\u2019objectif est d\u2019appliquer l\u2019engrais d\u00e9termin\u00e9 au bon endroit, au bon moment et en bonne quantit\u00e9.  <\/p>\n<\/div>\n<\/div><\/div><\/div><\/div><\/div><\/div><div id=\"pg-155406-6\"  class=\"panel-grid panel-has-style\" ><div class=\"siteorigin-panels-stretch panel-row-style panel-row-style-for-155406-6\" data-stretch-type=\"full\" ><div id=\"pgc-155406-6-0\"  class=\"panel-grid-cell\" ><div id=\"panel-155406-6-0-0\" class=\"so-panel widget widget_sow-editor panel-first-child panel-last-child\" data-index=\"7\" ><div class=\"contentrow panel-widget-style panel-widget-style-for-155406-6-0-0\" ><div\n\t\t\t\n\t\t\tclass=\"so-widget-sow-editor so-widget-sow-editor-base\"\n\t\t\t\n\t\t>\n<div class=\"siteorigin-widget-tinymce textwidget\">\n\t<h2>R\u00e9glage du d\u00e9bit d\u2019application<\/h2>\n<p><img loading=\"lazy\" decoding=\"async\" class=\"size-full wp-image-4191 alignright\" src=\"https:\/\/briri.de\/wp-content\/uploads\/2024\/12\/pf-5.jpg\" alt=\"\" width=\"398\" height=\"300\" srcset=\"https:\/\/briri.de\/wp-content\/uploads\/2024\/12\/pf-5.jpg 398w, https:\/\/briri.de\/wp-content\/uploads\/2024\/12\/pf-5-300x226.jpg 300w\" sizes=\"auto, (max-width: 398px) 100vw, 398px\" \/>La vitesse d\u2019avance peut \u00eatre r\u00e9gl\u00e9e manuellement et en douceur depuis la cabine dans le niveau de configuration le plus bas. Le niveau suivant contr\u00f4lera automatiquement le fond mouvant en fonction du volume.<br \/>\nL\u2019\u00e9quipement complet dispose d\u2019un d\u00e9bit d\u2019application ajust\u00e9 de mani\u00e8re enti\u00e8rement automatique en fonction du poids. Cela n\u00e9cessite un dispositif de pes\u00e9e. Un contr\u00f4le dynamique est possible pendant l\u2019\u00e9pandage ou apr\u00e8s un \u00e9talonnage pr\u00e9alable. Nous recommandons cette derni\u00e8re option pour les d\u00e9bits d\u2019application minimaux.    <\/p>\n<p>Le contr\u00f4le du d\u00e9bit d\u2019application est disponible en trois \u00e9tapes d\u2019extension. En combinaison avec la r\u00e9gulation automatique du d\u00e9bit d\u2019application par le poids, l\u2019unit\u00e9 de commande ISOBUS peut fonctionner avec des cartes d\u2019application et ainsi fertiliser uniquement des zones sp\u00e9cifiques. <\/p>\n<\/div>\n<\/div><\/div><\/div><\/div><\/div><\/div><div id=\"pg-155406-7\"  class=\"panel-grid panel-has-style\" ><div class=\"siteorigin-panels-stretch panel-row-style panel-row-style-for-155406-7\" data-stretch-type=\"full\" ><div id=\"pgc-155406-7-0\"  class=\"panel-grid-cell\" ><div id=\"panel-155406-7-0-0\" class=\"so-panel widget widget_sow-editor panel-first-child panel-last-child\" data-index=\"8\" ><div class=\"panel-widget-style panel-widget-style-for-155406-7-0-0\" ><div\n\t\t\t\n\t\t\tclass=\"so-widget-sow-editor so-widget-sow-editor-base\"\n\t\t\t\n\t\t>\n<div class=\"siteorigin-widget-tinymce textwidget\">\n\t<\/div>\n<\/div><\/div><\/div><\/div><\/div><\/div><\/div>","protected":false},"excerpt":{"rendered":"<p>Technique de commande \/ Agriculture de pr\u00e9cision<\/p>\n","protected":false},"author":1,"featured_media":0,"parent":0,"menu_order":0,"comment_status":"closed","ping_status":"closed","template":"","meta":{"inline_featured_image":false,"footnotes":""},"class_list":["post-155406","page","type-page","status-publish","hentry","post"],"_links":{"self":[{"href":"https:\/\/briri.de\/fr\/wp-json\/wp\/v2\/pages\/155406","targetHints":{"allow":["GET"]}}],"collection":[{"href":"https:\/\/briri.de\/fr\/wp-json\/wp\/v2\/pages"}],"about":[{"href":"https:\/\/briri.de\/fr\/wp-json\/wp\/v2\/types\/page"}],"author":[{"embeddable":true,"href":"https:\/\/briri.de\/fr\/wp-json\/wp\/v2\/users\/1"}],"replies":[{"embeddable":true,"href":"https:\/\/briri.de\/fr\/wp-json\/wp\/v2\/comments?post=155406"}],"version-history":[{"count":0,"href":"https:\/\/briri.de\/fr\/wp-json\/wp\/v2\/pages\/155406\/revisions"}],"wp:attachment":[{"href":"https:\/\/briri.de\/fr\/wp-json\/wp\/v2\/media?parent=155406"}],"curies":[{"name":"wp","href":"https:\/\/api.w.org\/{rel}","templated":true}]}}