{"id":154783,"date":"2025-07-08T10:05:18","date_gmt":"2025-07-08T08:05:18","guid":{"rendered":"https:\/\/briri.de\/?page_id=154783"},"modified":"2025-07-14T13:02:44","modified_gmt":"2025-07-14T11:02:44","slug":"guelletechnik","status":"publish","type":"page","link":"https:\/\/briri.de\/cs\/guelletechnik\/","title":{"rendered":"G\u00fclletechnik"},"content":{"rendered":"<div id=\"pl-154783\"  class=\"panel-layout\" ><div id=\"pg-154783-0\"  class=\"panel-grid panel-has-style\" ><div class=\"siteorigin-panels-stretch panel-row-style panel-row-style-for-154783-0\" data-stretch-type=\"full-width-stretch\" ><div id=\"pgc-154783-0-0\"  class=\"panel-grid-cell\" ><div id=\"panel-154783-0-0-0\" class=\"so-panel widget widget_sow-hero panel-first-child panel-last-child\" data-index=\"0\" ><div\n\t\t\t\n\t\t\tclass=\"so-widget-sow-hero so-widget-sow-hero-default-30e74c897c04-154783 so-widget-fittext-wrapper\"\n\t\t\t data-fit-text-compressor=\"0.75\"\n\t\t>\t\t\t\t<div class=\"sow-slider-base\" style=\"display: none\" tabindex=\"0\">\n\t\t\t\t\t<ul\n\t\t\t\t\tclass=\"sow-slider-images\"\n\t\t\t\t\tdata-settings=\"{&quot;pagination&quot;:true,&quot;speed&quot;:800,&quot;timeout&quot;:8000,&quot;paused&quot;:false,&quot;pause_on_hover&quot;:false,&quot;swipe&quot;:true,&quot;nav_always_show_desktop&quot;:&quot;&quot;,&quot;nav_always_show_mobile&quot;:&quot;&quot;,&quot;breakpoint&quot;:&quot;780px&quot;,&quot;unmute&quot;:false,&quot;anchor&quot;:null}\"\n\t\t\t\t\tstyle=\"min-height: 800px\"\t\t\t\t\tdata-anchor-id=\"\"\n\t\t\t\t>\t\t<li class=\"sow-slider-image  sow-slider-image-cover\" style=\"visibility: visible;;background-color: #000000\" >\n\t\t\t\t\t<div class=\"sow-slider-image-container\">\n\t\t\t<div class=\"sow-slider-image-wrapper\">\n\t\t\t\t\t\t\t<\/div>\n\t\t<\/div>\n\t\t<div class=\"sow-slider-image-overlay sow-slider-image-cover\" style=\"opacity: 0.87;background-image: url(https:\/\/briri.de\/wp-content\/uploads\/2024\/10\/Briri_Maschinenbau_Bawinkel_Guelletechnik_Field-Master_1.jpg)\"  ><\/div>\t\t<\/li>\n\t\t<\/ul>\t\t\t\t<ol class=\"sow-slider-pagination\">\n\t\t\t\t\t\t\t\t\t\t\t<li><a href=\"#\" data-goto=\"0\" aria-label=\"Display slide 1\"><\/a><\/li>\n\t\t\t\t\t\t\t\t\t<\/ol>\n\n\t\t\t\t<div class=\"sow-slide-nav sow-slide-nav-next\">\n\t\t\t\t\t<a href=\"#\" data-goto=\"next\" aria-label=\"Next slide\" data-action=\"next\">\n\t\t\t\t\t\t<em class=\"sow-sld-icon-thin-right\"><\/em>\n\t\t\t\t\t<\/a>\n\t\t\t\t<\/div>\n\n\t\t\t\t<div class=\"sow-slide-nav sow-slide-nav-prev\">\n\t\t\t\t\t<a href=\"#\" data-goto=\"previous\" aria-label=\"Previous slide\" data-action=\"prev\">\n\t\t\t\t\t\t<em class=\"sow-sld-icon-thin-left\"><\/em>\n\t\t\t\t\t<\/a>\n\t\t\t\t<\/div>\n\t\t\t\t<\/div><\/div><\/div><\/div><\/div><\/div><div id=\"pg-154783-1\"  class=\"panel-grid panel-has-style\" ><div class=\"pr-headline-red siteorigin-panels-stretch panel-row-style panel-row-style-for-154783-1\" data-stretch-type=\"full\" ><div id=\"pgc-154783-1-0\"  class=\"panel-grid-cell\" ><div id=\"panel-154783-1-0-0\" class=\"so-panel widget widget_sow-editor panel-first-child panel-last-child\" data-index=\"1\" ><div class=\"product_headline panel-widget-style panel-widget-style-for-154783-1-0-0\" ><div\n\t\t\t\n\t\t\tclass=\"so-widget-sow-editor so-widget-sow-editor-base\"\n\t\t\t\n\t\t>\n<div class=\"siteorigin-widget-tinymce textwidget\">\n\t<p><img loading=\"lazy\" decoding=\"async\" class=\"alignnone size-full wp-image-224\" src=\"https:\/\/briri.de\/wp-content\/uploads\/2024\/08\/guelle.svg\" alt=\"\" width=\"1266\" height=\"542\" \/><\/p>\n<\/div>\n<\/div><\/div><\/div><\/div><div id=\"pgc-154783-1-1\"  class=\"panel-grid-cell\" ><div id=\"panel-154783-1-1-0\" class=\"so-panel widget widget_sow-editor panel-first-child panel-last-child\" data-index=\"2\" ><div class=\"product_headline panel-widget-style panel-widget-style-for-154783-1-1-0\" ><div\n\t\t\t\n\t\t\tclass=\"so-widget-sow-editor so-widget-sow-editor-base\"\n\t\t\t\n\t\t>\n<div class=\"siteorigin-widget-tinymce textwidget\">\n\t<h1><em>BRIRI<\/em> | Technologie rozmet\u00e1v\u00e1n\u00ed kejdy<\/h1>\n<\/div>\n<\/div><\/div><\/div><\/div><\/div><\/div><div id=\"pg-154783-2\"  class=\"panel-grid panel-has-style\" ><div class=\"siteorigin-panels-stretch panel-row-style panel-row-style-for-154783-2\" data-stretch-type=\"full\" ><div id=\"pgc-154783-2-0\"  class=\"panel-grid-cell\" ><div id=\"panel-154783-2-0-0\" class=\"so-panel widget widget_sow-editor panel-first-child panel-last-child\" data-index=\"3\" ><div class=\"contentrow panel-widget-style panel-widget-style-for-154783-2-0-0\" ><div\n\t\t\t\n\t\t\tclass=\"so-widget-sow-editor so-widget-sow-editor-base\"\n\t\t\t\n\t\t>\n<div class=\"siteorigin-widget-tinymce textwidget\">\n\t<h2>Technologie rozmet\u00e1v\u00e1n\u00ed kejdy | \u0160pi\u010dkov\u00e1 technologie pro ka\u017edou oblast pou\u017eit\u00ed<\/h2>\n<p>V oblasti technologie rozmet\u00e1v\u00e1n\u00ed kejdy si na\u0161e firma ud\u011blala dobr\u00e9 jm\u00e9no a ji\u017e v\u00edce jak 50 let vyr\u00e1b\u00edme vysoce jakostn\u00ed produkty v oblasti rozmet\u00e1v\u00e1n\u00ed kapaln\u00e9ho hnojiva. D\u00edky neust\u00e1l\u00e9mu v\u00fdvoji a dal\u0161\u00edm inovac\u00edm m\u016f\u017eeme neust\u00e1le roz\u0161i\u0159ovat na\u0161e produktov\u00e9 portfolio a d\u00e1le vyv\u00edjet vozidla vybaven\u00e1 \u0161pi\u010dkovou technologi\u00ed na rozmet\u00e1v\u00e1n\u00ed kejdy. Nez\u00e1le\u017e\u00ed na tom, zda jste mal\u00fd, st\u0159edn\u00ed \u010di velk\u00fd podnik, zda jste mzdov\u00fd podnik \u010di zda se v\u011bnujete v\u00fdrob\u011b stroj\u016f \u2013 u spole\u010dnosti BRIRI v\u017edy naleznete to spr\u00e1vn\u00e9 \u0159e\u0161en\u00ed! P\u0159esv\u011bd\u010dte se sami!<\/p>\n<\/div>\n<\/div><\/div><\/div><\/div><\/div><\/div><div id=\"pg-154783-3\"  class=\"panel-grid panel-has-style\" ><div class=\"siteorigin-panels-stretch panel-row-style panel-row-style-for-154783-3\" data-stretch-type=\"full\" ><div id=\"pgc-154783-3-0\"  class=\"panel-grid-cell\" ><div class=\"panel-cell-style panel-cell-style-for-154783-3-0\" ><div id=\"panel-154783-3-0-0\" class=\"so-panel widget widget_sow-editor panel-first-child\" data-index=\"4\" ><div class=\"productrow panel-widget-style panel-widget-style-for-154783-3-0-0\" ><div\n\t\t\t\n\t\t\tclass=\"so-widget-sow-editor so-widget-sow-editor-base\"\n\t\t\t\n\t\t>\n<div class=\"siteorigin-widget-tinymce textwidget\">\n\t<h2 style=\"text-align: center;\">Basic Line<\/h2>\n<p style=\"text-align: center;\"><img loading=\"lazy\" decoding=\"async\" class=\"alignnone size-full wp-image-172\" src=\"https:\/\/briri.de\/wp-content\/uploads\/2024\/08\/basic-line-3.jpg\" alt=\"\" width=\"1600\" height=\"900\" srcset=\"https:\/\/briri.de\/wp-content\/uploads\/2024\/08\/basic-line-3.jpg 1600w, https:\/\/briri.de\/wp-content\/uploads\/2024\/08\/basic-line-3-300x169.jpg 300w, https:\/\/briri.de\/wp-content\/uploads\/2024\/08\/basic-line-3-1024x576.jpg 1024w, https:\/\/briri.de\/wp-content\/uploads\/2024\/08\/basic-line-3-768x432.jpg 768w, https:\/\/briri.de\/wp-content\/uploads\/2024\/08\/basic-line-3-1536x864.jpg 1536w\" sizes=\"auto, (max-width: 1600px) 100vw, 1600px\" \/><\/p>\n<\/div>\n<\/div><\/div><\/div><div id=\"panel-154783-3-0-1\" class=\"so-panel widget widget_sow-button\" data-index=\"5\" ><div\n\t\t\t\n\t\t\tclass=\"so-widget-sow-button so-widget-sow-button-flat-02ea08d1807c-154783\"\n\t\t\t\n\t\t><div class=\"ow-button-base ow-button-align-center\"\n>\n\t\t\t<a\n\t\t\t\t\thref=\"https:\/\/briri.de\/basic-line\/\"\n\t\t\t\t\tclass=\"sowb-button ow-icon-placement-left ow-button-hover\" \t>\n\t\t<span>\n\t\t\t\n\t\t\tBasic Line &gt;&gt;&gt;\t\t<\/span>\n\t\t\t<\/a>\n\t<\/div>\n<\/div><\/div><div id=\"panel-154783-3-0-2\" class=\"so-panel widget widget_sow-editor panel-last-child\" data-index=\"6\" ><div class=\"productrow panel-widget-style panel-widget-style-for-154783-3-0-2\" ><div\n\t\t\t\n\t\t\tclass=\"so-widget-sow-editor so-widget-sow-editor-base\"\n\t\t\t\n\t\t>\n<div class=\"siteorigin-widget-tinymce textwidget\">\n\t<p style=\"text-align: center;\"><strong>Hlavn\u00ed p\u0159ednosti<\/strong><\/p>\n<ul>\n<li>Horn\u00ed zav\u011b\u0161en\u00ed<\/li>\n<li>Pozinkovan\u00e1 ocelov\u00e1 n\u00e1dr\u017e<\/li>\n<li>P\u0159\u00edprava na zvedac\u00ed mechanismus<\/li>\n<li>P\u0159\u00edprava na sac\u00ed rameno<\/li>\n<li>N\u00e1pravov\u00fd agreg\u00e1t Boogie<\/li>\n<\/ul>\n<\/div>\n<\/div><a href=\"https:\/\/briri.de\/produkte\/guelletechnik\/basic-line\/\" class=\"so-premium-link-overlay\">&nbsp;<\/a><\/div><\/div><\/div><\/div><div id=\"pgc-154783-3-1\"  class=\"panel-grid-cell\" ><div class=\"panel-cell-style panel-cell-style-for-154783-3-1\" ><div id=\"panel-154783-3-1-0\" class=\"so-panel widget widget_sow-editor panel-first-child\" data-index=\"7\" ><div class=\"productrow panel-widget-style panel-widget-style-for-154783-3-1-0\" ><div\n\t\t\t\n\t\t\tclass=\"so-widget-sow-editor so-widget-sow-editor-base\"\n\t\t\t\n\t\t>\n<div class=\"siteorigin-widget-tinymce textwidget\">\n\t<h2 style=\"text-align: center;\">Multi Line<\/h2>\n<p style=\"text-align: center;\"><img loading=\"lazy\" decoding=\"async\" class=\"alignnone size-full wp-image-944\" src=\"https:\/\/briri.de\/wp-content\/uploads\/2024\/10\/multi-line-5.jpg\" alt=\"\" width=\"1600\" height=\"900\" srcset=\"https:\/\/briri.de\/wp-content\/uploads\/2024\/10\/multi-line-5.jpg 1600w, https:\/\/briri.de\/wp-content\/uploads\/2024\/10\/multi-line-5-300x169.jpg 300w, https:\/\/briri.de\/wp-content\/uploads\/2024\/10\/multi-line-5-1024x576.jpg 1024w, https:\/\/briri.de\/wp-content\/uploads\/2024\/10\/multi-line-5-768x432.jpg 768w, https:\/\/briri.de\/wp-content\/uploads\/2024\/10\/multi-line-5-1536x864.jpg 1536w\" sizes=\"auto, (max-width: 1600px) 100vw, 1600px\" \/><\/p>\n<\/div>\n<\/div><a href=\"https:\/\/briri.de\/produkte\/guelletechnik\/briri-multi-line\/\" class=\"so-premium-link-overlay\">&nbsp;<\/a><\/div><\/div><div id=\"panel-154783-3-1-1\" class=\"so-panel widget widget_sow-button\" data-index=\"8\" ><div\n\t\t\t\n\t\t\tclass=\"so-widget-sow-button so-widget-sow-button-flat-02ea08d1807c-154783\"\n\t\t\t\n\t\t><div class=\"ow-button-base ow-button-align-center\"\n>\n\t\t\t<a\n\t\t\t\t\thref=\"https:\/\/briri.de\/briri-multi-line\/\"\n\t\t\t\t\tclass=\"sowb-button ow-icon-placement-left ow-button-hover\" \t>\n\t\t<span>\n\t\t\t\n\t\t\tMulti Line &gt;&gt;&gt;\t\t<\/span>\n\t\t\t<\/a>\n\t<\/div>\n<\/div><\/div><div id=\"panel-154783-3-1-2\" class=\"so-panel widget widget_sow-editor panel-last-child\" data-index=\"9\" ><div class=\"productrow panel-widget-style panel-widget-style-for-154783-3-1-2\" ><div\n\t\t\t\n\t\t\tclass=\"so-widget-sow-editor so-widget-sow-editor-base\"\n\t\t\t\n\t\t>\n<div class=\"siteorigin-widget-tinymce textwidget\">\n\t<p style=\"text-align: center;\"><strong>Hlavn\u00ed p\u0159ednosti<\/strong><\/p>\n<ul>\n<li>Spodn\u00ed zav\u011b\u0161en\u00ed typu \u201eProfi\"<\/li>\n<li>Lak UNI RAL 6002<\/li>\n<li>R\u00e1m zvedac\u00edho mechanismu<\/li>\n<li>P\u0159\u00edprava na sac\u00ed rameno<\/li>\n<li>Pneumatick\u00fd podvozek<\/li>\n<\/ul>\n<\/div>\n<\/div><a href=\"https:\/\/briri.de\/produkte\/guelletechnik\/briri-multi-line\/\" class=\"so-premium-link-overlay\">&nbsp;<\/a><\/div><\/div><\/div><\/div><div id=\"pgc-154783-3-2\"  class=\"panel-grid-cell\" ><div class=\"panel-cell-style panel-cell-style-for-154783-3-2\" ><div id=\"panel-154783-3-2-0\" class=\"so-panel widget widget_sow-editor panel-first-child\" data-index=\"10\" ><div class=\"productrow panel-widget-style panel-widget-style-for-154783-3-2-0\" ><div\n\t\t\t\n\t\t\tclass=\"so-widget-sow-editor so-widget-sow-editor-base\"\n\t\t\t\n\t\t>\n<div class=\"siteorigin-widget-tinymce textwidget\">\n\t<h2 style=\"text-align: center;\">Field Line<\/h2>\n<p style=\"text-align: center;\"><img loading=\"lazy\" decoding=\"async\" class=\"alignnone size-full wp-image-977\" src=\"https:\/\/briri.de\/wp-content\/uploads\/2024\/10\/field-commander-6.jpg\" alt=\"\" width=\"1600\" height=\"900\" srcset=\"https:\/\/briri.de\/wp-content\/uploads\/2024\/10\/field-commander-6.jpg 1600w, https:\/\/briri.de\/wp-content\/uploads\/2024\/10\/field-commander-6-300x169.jpg 300w, https:\/\/briri.de\/wp-content\/uploads\/2024\/10\/field-commander-6-1024x576.jpg 1024w, https:\/\/briri.de\/wp-content\/uploads\/2024\/10\/field-commander-6-768x432.jpg 768w, https:\/\/briri.de\/wp-content\/uploads\/2024\/10\/field-commander-6-1536x864.jpg 1536w\" sizes=\"auto, (max-width: 1600px) 100vw, 1600px\" \/><\/p>\n<\/div>\n<\/div><a href=\"https:\/\/briri.de\/produkte\/guelletechnik\/briri-field-line\/\" class=\"so-premium-link-overlay\">&nbsp;<\/a><\/div><\/div><div id=\"panel-154783-3-2-1\" class=\"so-panel widget widget_sow-button\" data-index=\"11\" ><div\n\t\t\t\n\t\t\tclass=\"so-widget-sow-button so-widget-sow-button-flat-02ea08d1807c-154783\"\n\t\t\t\n\t\t><div class=\"ow-button-base ow-button-align-center\"\n>\n\t\t\t<a\n\t\t\t\t\thref=\"https:\/\/briri.de\/briri-field-line\/\"\n\t\t\t\t\tclass=\"sowb-button ow-icon-placement-left ow-button-hover\" \t>\n\t\t<span>\n\t\t\t\n\t\t\tField Line &gt;&gt;&gt;\t\t<\/span>\n\t\t\t<\/a>\n\t<\/div>\n<\/div><\/div><div id=\"panel-154783-3-2-2\" class=\"so-panel widget widget_sow-editor panel-last-child\" data-index=\"12\" ><div class=\"productrow panel-widget-style panel-widget-style-for-154783-3-2-2\" ><div\n\t\t\t\n\t\t\tclass=\"so-widget-sow-editor so-widget-sow-editor-base\"\n\t\t\t\n\t\t>\n<div class=\"siteorigin-widget-tinymce textwidget\">\n\t<p style=\"text-align: center;\"><strong>Hlavn\u00ed p\u0159ednosti<\/strong><\/p>\n<ul>\n<li>Spodn\u00ed zav\u011b\u0161en\u00ed typu \u201eProfi\"<\/li>\n<li>Lak UNI RAL 6002<\/li>\n<li>Zvedac\u00ed mechanismus<\/li>\n<li>P\u0159\u00edprava na sac\u00ed rameno<\/li>\n<li>Pneumatick\u00fd podvozek<\/li>\n<li>Hydraulicky poh\u00e1n\u011bn\u00e9 \u010derpadlo s\u00a0rotuj\u00edc\u00edmi p\u00edsty<\/li>\n<li>Nastaven\u00ed mno\u017estv\u00ed rozmet\u00e1v\u00e1n\u00ed<\/li>\n<\/ul>\n<\/div>\n<\/div><a href=\"https:\/\/briri.de\/produkte\/guelletechnik\/briri-field-line\/\" class=\"so-premium-link-overlay\">&nbsp;<\/a><\/div><\/div><\/div><\/div><\/div><\/div><div id=\"pg-154783-4\"  class=\"panel-grid panel-has-style\" ><div class=\"siteorigin-panels-stretch panel-row-style panel-row-style-for-154783-4\" data-stretch-type=\"full\" ><div id=\"pgc-154783-4-0\"  class=\"panel-grid-cell panel-grid-cell-empty\" ><\/div><\/div><\/div><div id=\"pg-154783-5\"  class=\"panel-grid panel-has-style\" ><div class=\"siteorigin-panels-stretch panel-row-style panel-row-style-for-154783-5\" data-stretch-type=\"full\" ><div id=\"pgc-154783-5-0\"  class=\"panel-grid-cell\" ><div class=\"panel-cell-style panel-cell-style-for-154783-5-0\" ><div id=\"panel-154783-5-0-0\" class=\"so-panel widget widget_sow-editor panel-first-child\" data-index=\"13\" ><div class=\"productrow panel-widget-style panel-widget-style-for-154783-5-0-0\" ><div\n\t\t\t\n\t\t\tclass=\"so-widget-sow-editor so-widget-sow-editor-base\"\n\t\t\t\n\t\t>\n<div class=\"siteorigin-widget-tinymce textwidget\">\n\t<h2 style=\"text-align: center;\">Technika pln\u011bn\u00ed<\/h2>\n<p style=\"text-align: center;\"><img loading=\"lazy\" decoding=\"async\" class=\"alignnone size-full wp-image-3739\" src=\"https:\/\/briri.de\/wp-content\/uploads\/2024\/10\/Briri_Maschinenbau_Bawinkel_Guelletechnik_Andockstation.jpg\" alt=\"\" width=\"1920\" height=\"1080\" srcset=\"https:\/\/briri.de\/wp-content\/uploads\/2024\/10\/Briri_Maschinenbau_Bawinkel_Guelletechnik_Andockstation.jpg 1920w, https:\/\/briri.de\/wp-content\/uploads\/2024\/10\/Briri_Maschinenbau_Bawinkel_Guelletechnik_Andockstation-300x169.jpg 300w, https:\/\/briri.de\/wp-content\/uploads\/2024\/10\/Briri_Maschinenbau_Bawinkel_Guelletechnik_Andockstation-1024x576.jpg 1024w, https:\/\/briri.de\/wp-content\/uploads\/2024\/10\/Briri_Maschinenbau_Bawinkel_Guelletechnik_Andockstation-768x432.jpg 768w, https:\/\/briri.de\/wp-content\/uploads\/2024\/10\/Briri_Maschinenbau_Bawinkel_Guelletechnik_Andockstation-1536x864.jpg 1536w\" sizes=\"auto, (max-width: 1920px) 100vw, 1920px\" \/><\/p>\n<\/div>\n<\/div><\/div><\/div><div id=\"panel-154783-5-0-1\" class=\"so-panel widget widget_sow-button\" data-index=\"14\" ><div\n\t\t\t\n\t\t\tclass=\"so-widget-sow-button so-widget-sow-button-flat-02ea08d1807c-154783\"\n\t\t\t\n\t\t><div class=\"ow-button-base ow-button-align-center\"\n>\n\t\t\t<a\n\t\t\t\t\thref=\"https:\/\/briri.de\/befuelltechnik\/\"\n\t\t\t\t\tclass=\"sowb-button ow-icon-placement-left ow-button-hover\" \t>\n\t\t<span>\n\t\t\t\n\t\t\tTechnika pln\u011bn\u00ed &gt;&gt;&gt;\t\t<\/span>\n\t\t\t<\/a>\n\t<\/div>\n<\/div><\/div><div id=\"panel-154783-5-0-2\" class=\"so-panel widget widget_sow-editor panel-last-child\" data-index=\"15\" ><div class=\"productrow panel-widget-style panel-widget-style-for-154783-5-0-2\" ><div\n\t\t\t\n\t\t\tclass=\"so-widget-sow-editor so-widget-sow-editor-base\"\n\t\t\t\n\t\t>\n<div class=\"siteorigin-widget-tinymce textwidget\">\n\t<p style=\"text-align: center;\"><strong>Hlavn\u00ed p\u0159ednosti<\/strong><\/p>\n<ul>\n<li>BRIRI p\u0159ipojovac\u00ed stanice | Basic Dock<\/li>\n<li>BRIRI p\u0159ipojovac\u00ed vzp\u011bra | Dock Star<\/li>\n<li>BRIRI sac\u00ed rameno | Trunk Star<\/li>\n<\/ul>\n<\/div>\n<\/div><\/div><\/div><\/div><\/div><div id=\"pgc-154783-5-1\"  class=\"panel-grid-cell\" ><div class=\"panel-cell-style panel-cell-style-for-154783-5-1\" ><div id=\"panel-154783-5-1-0\" class=\"so-panel widget widget_sow-editor panel-first-child\" data-index=\"16\" ><div class=\"productrow panel-widget-style panel-widget-style-for-154783-5-1-0\" ><div\n\t\t\t\n\t\t\tclass=\"so-widget-sow-editor so-widget-sow-editor-base\"\n\t\t\t\n\t\t>\n<div class=\"siteorigin-widget-tinymce textwidget\">\n\t<h2 style=\"text-align: center;\">Aplika\u010dn\u00ed technika<\/h2>\n<p style=\"text-align: center;\"><img loading=\"lazy\" decoding=\"async\" class=\"alignnone size-full wp-image-3721\" src=\"https:\/\/briri.de\/wp-content\/uploads\/2024\/10\/Briri_schleppschlauchgestaenge_vogelsang.jpg\" alt=\"\" width=\"1920\" height=\"1080\" srcset=\"https:\/\/briri.de\/wp-content\/uploads\/2024\/10\/Briri_schleppschlauchgestaenge_vogelsang.jpg 1920w, https:\/\/briri.de\/wp-content\/uploads\/2024\/10\/Briri_schleppschlauchgestaenge_vogelsang-300x169.jpg 300w, https:\/\/briri.de\/wp-content\/uploads\/2024\/10\/Briri_schleppschlauchgestaenge_vogelsang-1024x576.jpg 1024w, https:\/\/briri.de\/wp-content\/uploads\/2024\/10\/Briri_schleppschlauchgestaenge_vogelsang-768x432.jpg 768w, https:\/\/briri.de\/wp-content\/uploads\/2024\/10\/Briri_schleppschlauchgestaenge_vogelsang-1536x864.jpg 1536w\" sizes=\"auto, (max-width: 1920px) 100vw, 1920px\" \/><\/p>\n<\/div>\n<\/div><a href=\"https:\/\/briri.de\/produkte\/guelletechnik\/briri-multi-line\/\" class=\"so-premium-link-overlay\">&nbsp;<\/a><\/div><\/div><div id=\"panel-154783-5-1-1\" class=\"so-panel widget widget_sow-button\" data-index=\"17\" ><div\n\t\t\t\n\t\t\tclass=\"so-widget-sow-button so-widget-sow-button-flat-02ea08d1807c-154783\"\n\t\t\t\n\t\t><div class=\"ow-button-base ow-button-align-center\"\n>\n\t\t\t<a\n\t\t\t\t\thref=\"https:\/\/briri.de\/applikationstechnik\/\"\n\t\t\t\t\tclass=\"sowb-button ow-icon-placement-left ow-button-hover\" \t>\n\t\t<span>\n\t\t\t\n\t\t\tAplika\u010dn\u00ed technika &gt;&gt;&gt;\t\t<\/span>\n\t\t\t<\/a>\n\t<\/div>\n<\/div><\/div><div id=\"panel-154783-5-1-2\" class=\"so-panel widget widget_sow-editor panel-last-child\" data-index=\"18\" ><div class=\"productrow panel-widget-style panel-widget-style-for-154783-5-1-2\" ><div\n\t\t\t\n\t\t\tclass=\"so-widget-sow-editor so-widget-sow-editor-base\"\n\t\t\t\n\t\t>\n<div class=\"siteorigin-widget-tinymce textwidget\">\n\t<p style=\"text-align: center;\"><strong>Hlavn\u00ed p\u0159ednosti<\/strong><\/p>\n<ul>\n<li>Vogelsang | Vle\u010dn\u00e1 hadice a ty\u010dov\u00e9 \u00fastroj\u00ed vle\u010dn\u00e9 patky<\/li>\n<li>Bomech | Ty\u010dov\u00e9 \u00fastroj\u00ed s vle\u010dnou patkou<\/li>\n<li>Duport | Za\u0159\u00edzen\u00ed na aplikaci do br\u00e1zd<\/li>\n<li>Evers Agro | Technologie strip-till<\/li>\n<li>Meyer | Kultiv\u00e1tor a tal\u00ed\u0159ov\u00e9 br\u00e1ny<\/li>\n<li>BRIRI | Odrazn\u00fd \u0161t\u00edt<\/li>\n<\/ul>\n<\/div>\n<\/div><\/div><\/div><\/div><\/div><div id=\"pgc-154783-5-2\"  class=\"panel-grid-cell\" ><div class=\"panel-cell-style panel-cell-style-for-154783-5-2\" ><div id=\"panel-154783-5-2-0\" class=\"so-panel widget widget_sow-editor panel-first-child\" data-index=\"19\" ><div class=\"productrow panel-widget-style panel-widget-style-for-154783-5-2-0\" ><div\n\t\t\t\n\t\t\tclass=\"so-widget-sow-editor so-widget-sow-editor-base\"\n\t\t\t\n\t\t>\n<div class=\"siteorigin-widget-tinymce textwidget\">\n\t<h2 style=\"text-align: center;\">V\u00fdbava a p\u0159\u00edslu\u0161enstv\u00ed<\/h2>\n<p><img loading=\"lazy\" decoding=\"async\" class=\"alignnone size-full wp-image-3817\" src=\"https:\/\/briri.de\/wp-content\/uploads\/2024\/10\/Briri_Maschinenbau_Bawinkel_Guelletechnik_Ausstattung_Slider.jpg\" alt=\"\" width=\"1920\" height=\"1080\" srcset=\"https:\/\/briri.de\/wp-content\/uploads\/2024\/10\/Briri_Maschinenbau_Bawinkel_Guelletechnik_Ausstattung_Slider.jpg 1920w, https:\/\/briri.de\/wp-content\/uploads\/2024\/10\/Briri_Maschinenbau_Bawinkel_Guelletechnik_Ausstattung_Slider-300x169.jpg 300w, https:\/\/briri.de\/wp-content\/uploads\/2024\/10\/Briri_Maschinenbau_Bawinkel_Guelletechnik_Ausstattung_Slider-1024x576.jpg 1024w, https:\/\/briri.de\/wp-content\/uploads\/2024\/10\/Briri_Maschinenbau_Bawinkel_Guelletechnik_Ausstattung_Slider-768x432.jpg 768w, https:\/\/briri.de\/wp-content\/uploads\/2024\/10\/Briri_Maschinenbau_Bawinkel_Guelletechnik_Ausstattung_Slider-1536x864.jpg 1536w\" sizes=\"auto, (max-width: 1920px) 100vw, 1920px\" \/><\/p>\n<\/div>\n<\/div><a href=\"https:\/\/briri.de\/produkte\/guelletechnik\/briri-field-line\/\" class=\"so-premium-link-overlay\">&nbsp;<\/a><\/div><\/div><div id=\"panel-154783-5-2-1\" class=\"so-panel widget widget_sow-button\" data-index=\"20\" ><div\n\t\t\t\n\t\t\tclass=\"so-widget-sow-button so-widget-sow-button-flat-02ea08d1807c-154783\"\n\t\t\t\n\t\t><div class=\"ow-button-base ow-button-align-center\"\n>\n\t\t\t<a\n\t\t\t\t\thref=\"https:\/\/briri.de\/steuerungstechnik-precision-farming\/\"\n\t\t\t\t\tclass=\"sowb-button ow-icon-placement-left ow-button-hover\" \t>\n\t\t<span>\n\t\t\t\n\t\t\tV\u00fdbava a p\u0159\u00edslu\u0161enstv\u00ed &gt;&gt;&gt;\t\t<\/span>\n\t\t\t<\/a>\n\t<\/div>\n<\/div><\/div><div id=\"panel-154783-5-2-2\" class=\"so-panel widget widget_sow-editor panel-last-child\" data-index=\"21\" ><div class=\"productrow panel-widget-style panel-widget-style-for-154783-5-2-2\" ><div\n\t\t\t\n\t\t\tclass=\"so-widget-sow-editor so-widget-sow-editor-base\"\n\t\t\t\n\t\t>\n<div class=\"siteorigin-widget-tinymce textwidget\">\n\t<p style=\"text-align: center;\"><strong>Hlavn\u00ed p\u0159ednosti<\/strong><\/p>\n<ul>\n<li>J\u00edzdn\u00ed komfort<\/li>\n<li>Rovnov\u00e1ha &amp; vyv\u00e1\u017eenost<\/li>\n<li>V\u00fdkon<\/li>\n<li>Pln\u011bn\u00ed<\/li>\n<li>D\u00e1vkov\u00e1n\u00ed<\/li>\n<li>Obsluha<\/li>\n<li>P\u0159\u00edslu\u0161enstv\u00ed<\/li>\n<\/ul>\n<\/div>\n<\/div><\/div><\/div><\/div><\/div><\/div><\/div><\/div>","protected":false},"excerpt":{"rendered":"<p>BRIRI | Technologie rozmet\u00e1v\u00e1n\u00ed kejdy<\/p>\n","protected":false},"author":1,"featured_media":0,"parent":0,"menu_order":0,"comment_status":"closed","ping_status":"closed","template":"","meta":{"inline_featured_image":false,"footnotes":""},"class_list":["post-154783","page","type-page","status-publish","hentry","post"],"_links":{"self":[{"href":"https:\/\/briri.de\/cs\/wp-json\/wp\/v2\/pages\/154783","targetHints":{"allow":["GET"]}}],"collection":[{"href":"https:\/\/briri.de\/cs\/wp-json\/wp\/v2\/pages"}],"about":[{"href":"https:\/\/briri.de\/cs\/wp-json\/wp\/v2\/types\/page"}],"author":[{"embeddable":true,"href":"https:\/\/briri.de\/cs\/wp-json\/wp\/v2\/users\/1"}],"replies":[{"embeddable":true,"href":"https:\/\/briri.de\/cs\/wp-json\/wp\/v2\/comments?post=154783"}],"version-history":[{"count":0,"href":"https:\/\/briri.de\/cs\/wp-json\/wp\/v2\/pages\/154783\/revisions"}],"wp:attachment":[{"href":"https:\/\/briri.de\/cs\/wp-json\/wp\/v2\/media?parent=154783"}],"curies":[{"name":"wp","href":"https:\/\/api.w.org\/{rel}","templated":true}]}}