{"id":154579,"date":"2025-07-08T15:22:55","date_gmt":"2025-07-08T13:22:55","guid":{"rendered":"https:\/\/briri.de\/?page_id=154579"},"modified":"2025-07-10T13:28:27","modified_gmt":"2025-07-10T11:28:27","slug":"steuerungstechnik-precision-farming-22","status":"publish","type":"page","link":"https:\/\/briri.de\/cs\/steuerungstechnik-precision-farming-22\/","title":{"rendered":"Steuerungstechnik \/ Precision Farming &#8211; 22"},"content":{"rendered":"<div id=\"pl-154579\"  class=\"panel-layout\" ><div id=\"pg-154579-0\"  class=\"panel-grid panel-has-style\" ><div class=\"siteorigin-panels-stretch panel-row-style panel-row-style-for-154579-0\" data-stretch-type=\"full-width-stretch\" ><div id=\"pgc-154579-0-0\"  class=\"panel-grid-cell\" ><div id=\"panel-154579-0-0-0\" class=\"so-panel widget widget_sow-hero panel-first-child panel-last-child\" data-index=\"0\" ><div\n\t\t\t\n\t\t\tclass=\"so-widget-sow-hero so-widget-sow-hero-default-0827ef5802ee-154579 so-widget-fittext-wrapper\"\n\t\t\t data-fit-text-compressor=\"0.75\"\n\t\t>\t\t\t\t<div class=\"sow-slider-base\" style=\"display: none\" tabindex=\"0\">\n\t\t\t\t\t<ul\n\t\t\t\t\tclass=\"sow-slider-images\"\n\t\t\t\t\tdata-settings=\"{&quot;pagination&quot;:true,&quot;speed&quot;:800,&quot;timeout&quot;:8000,&quot;paused&quot;:false,&quot;pause_on_hover&quot;:false,&quot;swipe&quot;:true,&quot;nav_always_show_desktop&quot;:&quot;&quot;,&quot;nav_always_show_mobile&quot;:&quot;&quot;,&quot;breakpoint&quot;:&quot;780px&quot;,&quot;unmute&quot;:false,&quot;anchor&quot;:null}\"\n\t\t\t\t\tstyle=\"min-height: 800px\"\t\t\t\t\tdata-anchor-id=\"\"\n\t\t\t\t>\t\t<li class=\"sow-slider-image  sow-slider-image-cover\" style=\"visibility: visible;;background-color: #000000\" >\n\t\t\t\t\t<div class=\"sow-slider-image-container\">\n\t\t\t<div class=\"sow-slider-image-wrapper\">\n\t\t\t\t\t\t\t<\/div>\n\t\t<\/div>\n\t\t<div class=\"sow-slider-image-overlay sow-slider-image-cover\" style=\"opacity: 0.87;background-image: url(https:\/\/briri.de\/wp-content\/uploads\/2024\/06\/Briri_Maschinenbau_Bawinkel_Guelletechnik_Manure-Director_4.jpg)\"  ><\/div>\t\t<\/li>\n\t\t<\/ul>\t\t\t\t<ol class=\"sow-slider-pagination\">\n\t\t\t\t\t\t\t\t\t\t\t<li><a href=\"#\" data-goto=\"0\" aria-label=\"Display slide 1\"><\/a><\/li>\n\t\t\t\t\t\t\t\t\t<\/ol>\n\n\t\t\t\t<div class=\"sow-slide-nav sow-slide-nav-next\">\n\t\t\t\t\t<a href=\"#\" data-goto=\"next\" aria-label=\"Next slide\" data-action=\"next\">\n\t\t\t\t\t\t<em class=\"sow-sld-icon-thin-right\"><\/em>\n\t\t\t\t\t<\/a>\n\t\t\t\t<\/div>\n\n\t\t\t\t<div class=\"sow-slide-nav sow-slide-nav-prev\">\n\t\t\t\t\t<a href=\"#\" data-goto=\"previous\" aria-label=\"Previous slide\" data-action=\"prev\">\n\t\t\t\t\t\t<em class=\"sow-sld-icon-thin-left\"><\/em>\n\t\t\t\t\t<\/a>\n\t\t\t\t<\/div>\n\t\t\t\t<\/div><\/div><\/div><\/div><\/div><\/div><div id=\"pg-154579-1\"  class=\"panel-grid panel-has-style\" ><div class=\"pr-headline-red siteorigin-panels-stretch panel-row-style panel-row-style-for-154579-1\" data-stretch-type=\"full\" ><div id=\"pgc-154579-1-0\"  class=\"panel-grid-cell\" ><div id=\"panel-154579-1-0-0\" class=\"so-panel widget widget_sow-editor panel-first-child panel-last-child\" data-index=\"1\" ><div class=\"product_headline panel-widget-style panel-widget-style-for-154579-1-0-0\" ><div\n\t\t\t\n\t\t\tclass=\"so-widget-sow-editor so-widget-sow-editor-base\"\n\t\t\t\n\t\t>\n<div class=\"siteorigin-widget-tinymce textwidget\">\n\t<p><img loading=\"lazy\" decoding=\"async\" class=\"alignnone size-large wp-image-1023\" src=\"https:\/\/briri.de\/wp-content\/uploads\/2024\/10\/streu.svg\" alt=\"\" width=\"1024\" height=\"563\" \/><\/p>\n<\/div>\n<\/div><\/div><\/div><\/div><div id=\"pgc-154579-1-1\"  class=\"panel-grid-cell\" ><div id=\"panel-154579-1-1-0\" class=\"so-panel widget widget_sow-editor panel-first-child panel-last-child\" data-index=\"2\" ><div class=\"product_headline panel-widget-style panel-widget-style-for-154579-1-1-0\" ><div\n\t\t\t\n\t\t\tclass=\"so-widget-sow-editor so-widget-sow-editor-base\"\n\t\t\t\n\t\t>\n<div class=\"siteorigin-widget-tinymce textwidget\">\n\t<h1>Technologie \u0159\u00edzen\u00ed \/ Precision Farming<\/h1>\n<\/div>\n<\/div><\/div><\/div><\/div><\/div><\/div><div id=\"pg-154579-2\"  class=\"panel-grid panel-has-style\" ><div class=\"siteorigin-panels-stretch panel-row-style panel-row-style-for-154579-2\" data-stretch-type=\"full\" ><div id=\"pgc-154579-2-0\"  class=\"panel-grid-cell\" ><div id=\"panel-154579-2-0-0\" class=\"so-panel widget widget_sow-editor panel-first-child panel-last-child\" data-index=\"3\" ><div class=\"contentrow panel-widget-style panel-widget-style-for-154579-2-0-0\" ><div\n\t\t\t\n\t\t\tclass=\"so-widget-sow-editor so-widget-sow-editor-base\"\n\t\t\t\n\t\t>\n<div class=\"siteorigin-widget-tinymce textwidget\">\n\t<h2>Ovl\u00e1dac\u00ed za\u0159\u00edzen\u00ed traktor\u016f<\/h2>\n<p><img loading=\"lazy\" decoding=\"async\" class=\"alignright wp-image-4187\" src=\"https:\/\/briri.de\/wp-content\/uploads\/2024\/12\/pf-1.jpg\" alt=\"\" width=\"180\" height=\"180\" srcset=\"https:\/\/briri.de\/wp-content\/uploads\/2024\/12\/pf-1.jpg 300w, https:\/\/briri.de\/wp-content\/uploads\/2024\/12\/pf-1-150x150.jpg 150w, https:\/\/briri.de\/wp-content\/uploads\/2024\/12\/pf-1-216x216.jpg 216w\" sizes=\"auto, (max-width: 180px) 100vw, 180px\" \/>Ovl\u00e1d\u00e1n\u00ed v\u0161ech funkc\u00ed pomoc\u00ed ovl\u00e1dac\u00edch za\u0159\u00edzen\u00ed traktor\u016f jsou prvn\u00edm stupn\u011bm r\u016fzn\u00fdch typ\u016f \u0159\u00edzen\u00ed. Ji\u017e v z\u00e1kladn\u00ed v\u00fdbav\u011b je posun \u0161krab\u00e1kov\u00e9ho dna proporcion\u00e1ln\u011b regulovateln\u00fd potenciometrem p\u0159\u00edmo z kabiny.<\/p>\n<\/div>\n<\/div><\/div><\/div><\/div><\/div><\/div><div id=\"pg-154579-3\"  class=\"panel-grid panel-has-style\" ><div class=\"siteorigin-panels-stretch panel-row-style panel-row-style-for-154579-3\" data-stretch-type=\"full\" ><div id=\"pgc-154579-3-0\"  class=\"panel-grid-cell\" ><div id=\"panel-154579-3-0-0\" class=\"so-panel widget widget_sow-editor panel-first-child panel-last-child\" data-index=\"4\" ><div class=\"contentrow panel-widget-style panel-widget-style-for-154579-3-0-0\" ><div\n\t\t\t\n\t\t\tclass=\"so-widget-sow-editor so-widget-sow-editor-base\"\n\t\t\t\n\t\t>\n<div class=\"siteorigin-widget-tinymce textwidget\">\n\t<h2>Ovl\u00e1dac\u00ed pult<\/h2>\n<p><img loading=\"lazy\" decoding=\"async\" class=\"alignright wp-image-4188\" src=\"https:\/\/briri.de\/wp-content\/uploads\/2024\/12\/pf-2.jpg\" alt=\"\" width=\"180\" height=\"180\" srcset=\"https:\/\/briri.de\/wp-content\/uploads\/2024\/12\/pf-2.jpg 300w, https:\/\/briri.de\/wp-content\/uploads\/2024\/12\/pf-2-150x150.jpg 150w, https:\/\/briri.de\/wp-content\/uploads\/2024\/12\/pf-2-216x216.jpg 216w\" sizes=\"auto, (max-width: 180px) 100vw, 180px\" \/><\/p>\n<p>V dal\u0161\u00ed \u00farovni vylep\u0161en\u00ed je veden\u00ed oleje zaji\u0161t\u011bno konektorov\u00fdmi p\u0159\u00edpojkami traktoru. V\u0161echny sp\u00ednac\u00ed funkce mohou b\u00fdt prov\u00e1d\u011bny centr\u00e1ln\u011b z ovl\u00e1dac\u00edho pultu. Krom\u011b plynule nastaviteln\u00e9 regulace posunu je v rozvad\u011b\u010di integrov\u00e1na kontrolka polohov\u00e1n\u00ed v\u00fdklopn\u00e9 z\u00e1di.<\/p>\n<\/div>\n<\/div><\/div><\/div><\/div><\/div><\/div><div id=\"pg-154579-4\"  class=\"panel-grid panel-has-style\" ><div class=\"siteorigin-panels-stretch panel-row-style panel-row-style-for-154579-4\" data-stretch-type=\"full\" ><div id=\"pgc-154579-4-0\"  class=\"panel-grid-cell\" ><div id=\"panel-154579-4-0-0\" class=\"so-panel widget widget_sow-editor panel-first-child panel-last-child\" data-index=\"5\" ><div class=\"contentrow panel-widget-style panel-widget-style-for-154579-4-0-0\" ><div\n\t\t\t\n\t\t\tclass=\"so-widget-sow-editor so-widget-sow-editor-base\"\n\t\t\t\n\t\t>\n<div class=\"siteorigin-widget-tinymce textwidget\">\n\t<h2>ISOBUS<\/h2>\n<p><img loading=\"lazy\" decoding=\"async\" class=\"size-full wp-image-4189 alignright\" src=\"https:\/\/briri.de\/wp-content\/uploads\/2024\/12\/pf-3.jpg\" alt=\"\" width=\"300\" height=\"300\" srcset=\"https:\/\/briri.de\/wp-content\/uploads\/2024\/12\/pf-3.jpg 300w, https:\/\/briri.de\/wp-content\/uploads\/2024\/12\/pf-3-150x150.jpg 150w, https:\/\/briri.de\/wp-content\/uploads\/2024\/12\/pf-3-216x216.jpg 216w\" sizes=\"auto, (max-width: 300px) 100vw, 300px\" \/>V t\u00e9 nejvy\u0161\u0161\u00ed kategorii prob\u00edh\u00e1 ovl\u00e1d\u00e1n\u00ed pomoc\u00ed ISOBUS. I zde je rozvod oleje zaji\u0161t\u011bn konektorov\u00fdmi p\u0159\u00edpojkami traktoru. Koncept ovl\u00e1d\u00e1n\u00ed otev\u00edr\u00e1 velk\u00e9 mno\u017estv\u00ed r\u016fzn\u00fdch mo\u017enost\u00ed. Tak je mo\u017en\u00e9 ovl\u00e1d\u00e1n\u00ed zaji\u0161\u0165ovat pohodln\u011b p\u0159es vlastn\u00ed termin\u00e1l v traktoru (p\u0159edpokladem je termin\u00e1l vhodn\u00fd pro ISOBUS) nebo tak\u00e9 pomoc\u00ed extern\u00edho termin\u00e1lu na ISOBUS. Spole\u010dnost BRIRI nab\u00edz\u00ed 8,4\u201c jako\u017e i 12\u201c velk\u00fd termin\u00e1l.<\/p>\n<p>D\u00e1le je mo\u017en\u00e9 prov\u00e1d\u011bt ovl\u00e1d\u00e1n\u00ed pomoc\u00ed joysticku, kter\u00fd umo\u017e\u0148uje ovl\u00e1d\u00e1n\u00ed AUX-N. P\u0159ipojen\u00edm p\u0159ep\u00edna\u010de \u00fakol\u016f je mo\u017en\u00e9 zaznamen\u00e1vat odvedenou pr\u00e1ci a tento z\u00e1znam je k dispozici pro dal\u0161\u00ed zpracov\u00e1n\u00ed.<\/p>\n<\/div>\n<\/div><\/div><\/div><\/div><\/div><\/div><div id=\"pg-154579-5\"  class=\"panel-grid panel-has-style\" ><div class=\"siteorigin-panels-stretch panel-row-style panel-row-style-for-154579-5\" data-stretch-type=\"full\" ><div id=\"pgc-154579-5-0\"  class=\"panel-grid-cell\" ><div id=\"panel-154579-5-0-0\" class=\"so-panel widget widget_sow-editor panel-first-child panel-last-child\" data-index=\"6\" ><div class=\"contentrow panel-widget-style panel-widget-style-for-154579-5-0-0\" ><div\n\t\t\t\n\t\t\tclass=\"so-widget-sow-editor so-widget-sow-editor-base\"\n\t\t\t\n\t\t>\n<div class=\"siteorigin-widget-tinymce textwidget\">\n\t<h2>Precision Farming<\/h2>\n<p><strong>Hnojen\u00ed d\u00edl\u010d\u00edch ploch<\/strong><\/p>\n<p><img loading=\"lazy\" decoding=\"async\" class=\"size-full wp-image-4190 alignnone\" src=\"https:\/\/briri.de\/wp-content\/uploads\/2024\/12\/pf-4.jpg\" alt=\"\" width=\"1279\" height=\"743\" srcset=\"https:\/\/briri.de\/wp-content\/uploads\/2024\/12\/pf-4.jpg 1279w, https:\/\/briri.de\/wp-content\/uploads\/2024\/12\/pf-4-300x174.jpg 300w, https:\/\/briri.de\/wp-content\/uploads\/2024\/12\/pf-4-1024x595.jpg 1024w, https:\/\/briri.de\/wp-content\/uploads\/2024\/12\/pf-4-768x446.jpg 768w\" sizes=\"auto, (max-width: 1279px) 100vw, 1279px\" \/><\/p>\n<p>V kombinaci s ovl\u00e1d\u00e1n\u00edm pomoc\u00ed ISOBUS a p\u0159\u00edslu\u0161n\u00fdm voln\u00fdm zapojen\u00edm TC-GEO, lze realizovat hnojen\u00ed d\u00edl\u010d\u00edch ploch.<\/p>\n<p>Hnojen\u00ed d\u00edl\u010d\u00edch ploch je d\u016fle\u017eitou sou\u010d\u00e1st\u00ed syst\u00e9mu Precision Farming. V tomto procesu hnojen\u00ed jsou br\u00e1ny do \u00favahy rozd\u00edly t\u00fdkaj\u00edc\u00ed se p\u016fdy a porostu v r\u00e1mci jedn\u00e9 plochy. C\u00edlem je, zajistit p\u0159\u00edsun zji\u0161t\u011bn\u00e9ho hnojiva, ve spr\u00e1vn\u00e9m \u010dase, ve vhodn\u00e9m mno\u017estv\u00ed a na spr\u00e1vn\u00e9 m\u00edsto<\/p>\n<\/div>\n<\/div><\/div><\/div><\/div><\/div><\/div><div id=\"pg-154579-6\"  class=\"panel-grid panel-has-style\" ><div class=\"siteorigin-panels-stretch panel-row-style panel-row-style-for-154579-6\" data-stretch-type=\"full\" ><div id=\"pgc-154579-6-0\"  class=\"panel-grid-cell\" ><div id=\"panel-154579-6-0-0\" class=\"so-panel widget widget_sow-editor panel-first-child panel-last-child\" data-index=\"7\" ><div class=\"contentrow panel-widget-style panel-widget-style-for-154579-6-0-0\" ><div\n\t\t\t\n\t\t\tclass=\"so-widget-sow-editor so-widget-sow-editor-base\"\n\t\t\t\n\t\t>\n<div class=\"siteorigin-widget-tinymce textwidget\">\n\t<h2>Regulace po\u017eadovan\u00e9ho mno\u017estv\u00ed na rozmet\u00e1v\u00e1n\u00ed<\/h2>\n<p><img loading=\"lazy\" decoding=\"async\" class=\"size-full wp-image-4191 alignright\" src=\"https:\/\/briri.de\/wp-content\/uploads\/2024\/12\/pf-5.jpg\" alt=\"\" width=\"398\" height=\"300\" srcset=\"https:\/\/briri.de\/wp-content\/uploads\/2024\/12\/pf-5.jpg 398w, https:\/\/briri.de\/wp-content\/uploads\/2024\/12\/pf-5-300x226.jpg 300w\" sizes=\"auto, (max-width: 398px) 100vw, 398px\" \/>V z\u00e1kladn\u00ed \u00farovni vylep\u0161en\u00ed lze rychlost posuvu nastavovat manu\u00e1ln\u011b a plynule z kabiny vozidla. V dal\u0161\u00ed stupni vylep\u0161en\u00ed se \u0161krab\u00e1kov\u00e1 podlaha nastavuje automaticky na z\u00e1klad\u011b objemu.<\/p>\n<p>V p\u0159\u00edpad\u011b automatick\u00e9 v\u00fdbavy prob\u00edh\u00e1 regulace po\u017eadovan\u00e9ho mno\u017estv\u00ed na rozmet\u00e1v\u00e1n\u00ed na z\u00e1klad\u011b hmotnosti. Zde je nezbytn\u00e9 odva\u017eovac\u00ed za\u0159\u00edzen\u00ed. Regulace m\u016f\u017ee prob\u00edhat bu\u010f dynamicky b\u011bhem procesu rozmet\u00e1v\u00e1n\u00ed nebo po p\u0159edchoz\u00ed kalibraci. Posledn\u00ed jmenovan\u00fd zp\u016fsob se doporu\u010duje p\u0159i minim\u00e1ln\u00edch mno\u017estv\u00ed rozmet\u00e1v\u00e1n\u00ed.<\/p>\n<p>Regulace po\u017eadovan\u00e9ho mno\u017estv\u00ed na rozmet\u00e1v\u00e1n\u00ed je dostupn\u00e1 ve t\u0159ech typech. V kombinaci s automatickou regulac\u00ed po\u017eadovan\u00e9ho mno\u017estv\u00ed na rozmet\u00e1v\u00e1n\u00ed pomoc\u00ed hmotnosti, umo\u017e\u0148uje regulace pomoc\u00ed ISOBUS pr\u00e1ci s aplika\u010dn\u00edmi kartami a hnojen\u00ed m\u016f\u017ee b\u00fdt prov\u00e1d\u011bno dle d\u00edl\u010d\u00edch ploch.<\/p>\n<\/div>\n<\/div><\/div><\/div><\/div><\/div><\/div><div id=\"pg-154579-7\"  class=\"panel-grid panel-has-style\" ><div class=\"siteorigin-panels-stretch panel-row-style panel-row-style-for-154579-7\" data-stretch-type=\"full\" ><div id=\"pgc-154579-7-0\"  class=\"panel-grid-cell\" ><div id=\"panel-154579-7-0-0\" class=\"so-panel widget widget_sow-editor panel-first-child panel-last-child\" data-index=\"8\" ><div class=\"panel-widget-style panel-widget-style-for-154579-7-0-0\" ><div\n\t\t\t\n\t\t\tclass=\"so-widget-sow-editor so-widget-sow-editor-base\"\n\t\t\t\n\t\t>\n<div class=\"siteorigin-widget-tinymce textwidget\">\n\t<\/div>\n<\/div><\/div><\/div><\/div><\/div><\/div><\/div>","protected":false},"excerpt":{"rendered":"<p>Technologie \u0159\u00edzen\u00ed \/ Precision Farming<\/p>\n","protected":false},"author":1,"featured_media":0,"parent":0,"menu_order":0,"comment_status":"closed","ping_status":"closed","template":"","meta":{"inline_featured_image":false,"footnotes":""},"class_list":["post-154579","page","type-page","status-publish","hentry","post"],"_links":{"self":[{"href":"https:\/\/briri.de\/cs\/wp-json\/wp\/v2\/pages\/154579","targetHints":{"allow":["GET"]}}],"collection":[{"href":"https:\/\/briri.de\/cs\/wp-json\/wp\/v2\/pages"}],"about":[{"href":"https:\/\/briri.de\/cs\/wp-json\/wp\/v2\/types\/page"}],"author":[{"embeddable":true,"href":"https:\/\/briri.de\/cs\/wp-json\/wp\/v2\/users\/1"}],"replies":[{"embeddable":true,"href":"https:\/\/briri.de\/cs\/wp-json\/wp\/v2\/comments?post=154579"}],"version-history":[{"count":0,"href":"https:\/\/briri.de\/cs\/wp-json\/wp\/v2\/pages\/154579\/revisions"}],"wp:attachment":[{"href":"https:\/\/briri.de\/cs\/wp-json\/wp\/v2\/media?parent=154579"}],"curies":[{"name":"wp","href":"https:\/\/api.w.org\/{rel}","templated":true}]}}