{"id":154526,"date":"2025-07-08T13:25:04","date_gmt":"2025-07-08T11:25:04","guid":{"rendered":"https:\/\/briri.de\/?page_id=154526"},"modified":"2025-07-10T12:19:30","modified_gmt":"2025-07-10T10:19:30","slug":"karriere","status":"publish","type":"page","link":"https:\/\/briri.de\/cs\/karriere\/","title":{"rendered":"Karriere"},"content":{"rendered":"<div id=\"pl-154526\"  class=\"panel-layout\" ><div id=\"pg-154526-0\"  class=\"panel-grid panel-has-style\" ><div class=\"siteorigin-panels-stretch panel-row-style panel-row-style-for-154526-0\" data-stretch-type=\"full-width-stretch\" ><div id=\"pgc-154526-0-0\"  class=\"panel-grid-cell\" ><div id=\"panel-154526-0-0-0\" class=\"so-panel widget widget_sow-hero panel-first-child panel-last-child\" data-index=\"0\" ><div\n\t\t\t\n\t\t\tclass=\"so-widget-sow-hero so-widget-sow-hero-default-30e74c897c04-154526 so-widget-fittext-wrapper\"\n\t\t\t data-fit-text-compressor=\"0.75\"\n\t\t>\t\t\t\t<div class=\"sow-slider-base\" style=\"display: none\" tabindex=\"0\">\n\t\t\t\t\t<ul\n\t\t\t\t\tclass=\"sow-slider-images\"\n\t\t\t\t\tdata-settings=\"{&quot;pagination&quot;:true,&quot;speed&quot;:800,&quot;timeout&quot;:8000,&quot;paused&quot;:false,&quot;pause_on_hover&quot;:false,&quot;swipe&quot;:true,&quot;nav_always_show_desktop&quot;:&quot;&quot;,&quot;nav_always_show_mobile&quot;:&quot;&quot;,&quot;breakpoint&quot;:&quot;780px&quot;,&quot;unmute&quot;:false,&quot;anchor&quot;:null}\"\n\t\t\t\t\tstyle=\"min-height: 800px\"\t\t\t\t\tdata-anchor-id=\"\"\n\t\t\t\t>\t\t<li class=\"sow-slider-image  sow-slider-image-cover\" style=\"visibility: visible;;background-color: #000000\" >\n\t\t\t\t\t<div class=\"sow-slider-image-container\">\n\t\t\t<div class=\"sow-slider-image-wrapper\">\n\t\t\t\t\t\t\t<\/div>\n\t\t<\/div>\n\t\t<div class=\"sow-slider-image-overlay sow-slider-image-cover\" style=\"opacity: 0.87;background-image: url(https:\/\/briri.de\/wp-content\/uploads\/2024\/08\/Briri_Maschinenbau_Bawinkel_Unternehmen_Werksbesichtigung_1.jpg)\"  ><\/div>\t\t<\/li>\n\t\t<\/ul>\t\t\t\t<ol class=\"sow-slider-pagination\">\n\t\t\t\t\t\t\t\t\t\t\t<li><a href=\"#\" data-goto=\"0\" aria-label=\"Display slide 1\"><\/a><\/li>\n\t\t\t\t\t\t\t\t\t<\/ol>\n\n\t\t\t\t<div class=\"sow-slide-nav sow-slide-nav-next\">\n\t\t\t\t\t<a href=\"#\" data-goto=\"next\" aria-label=\"Next slide\" data-action=\"next\">\n\t\t\t\t\t\t<em class=\"sow-sld-icon-thin-right\"><\/em>\n\t\t\t\t\t<\/a>\n\t\t\t\t<\/div>\n\n\t\t\t\t<div class=\"sow-slide-nav sow-slide-nav-prev\">\n\t\t\t\t\t<a href=\"#\" data-goto=\"previous\" aria-label=\"Previous slide\" data-action=\"prev\">\n\t\t\t\t\t\t<em class=\"sow-sld-icon-thin-left\"><\/em>\n\t\t\t\t\t<\/a>\n\t\t\t\t<\/div>\n\t\t\t\t<\/div><\/div><\/div><\/div><\/div><\/div><div id=\"pg-154526-1\"  class=\"panel-grid panel-has-style\" ><div class=\"pr-headline-red siteorigin-panels-stretch panel-row-style panel-row-style-for-154526-1\" data-stretch-type=\"full\" ><div id=\"pgc-154526-1-0\"  class=\"panel-grid-cell\" ><div id=\"panel-154526-1-0-0\" class=\"so-panel widget widget_sow-editor panel-first-child panel-last-child\" data-index=\"1\" ><div class=\"product_headline panel-widget-style panel-widget-style-for-154526-1-0-0\" ><div\n\t\t\t\n\t\t\tclass=\"so-widget-sow-editor so-widget-sow-editor-base\"\n\t\t\t\n\t\t>\n<div class=\"siteorigin-widget-tinymce textwidget\">\n\t<p><a href=\"https:\/\/briri.de\/wp-content\/uploads\/2024\/08\/briri-sil-whitesvg.svg\"><img loading=\"lazy\" decoding=\"async\" class=\"alignnone size-full wp-image-787\" src=\"https:\/\/briri.de\/wp-content\/uploads\/2024\/08\/briri-sil-whitesvg.svg\" alt=\"\" width=\"3144\" height=\"917\" \/><\/a><\/p>\n<\/div>\n<\/div><\/div><\/div><\/div><div id=\"pgc-154526-1-1\"  class=\"panel-grid-cell\" ><div id=\"panel-154526-1-1-0\" class=\"so-panel widget widget_sow-editor panel-first-child panel-last-child\" data-index=\"2\" ><div class=\"product_headline panel-widget-style panel-widget-style-for-154526-1-1-0\" ><div\n\t\t\t\n\t\t\tclass=\"so-widget-sow-editor so-widget-sow-editor-base\"\n\t\t\t\n\t\t>\n<div class=\"siteorigin-widget-tinymce textwidget\">\n\t<h1>Kari\u00e9ra u BRIRI | Tradice & inovace<\/h1>\n<\/div>\n<\/div><\/div><\/div><\/div><\/div><\/div><div id=\"pg-154526-2\"  class=\"panel-grid panel-has-style\" ><div class=\"siteorigin-panels-stretch panel-row-style panel-row-style-for-154526-2\" data-stretch-type=\"full\" ><div id=\"pgc-154526-2-0\"  class=\"panel-grid-cell\" ><div id=\"panel-154526-2-0-0\" class=\"so-panel widget widget_sow-editor panel-first-child panel-last-child\" data-index=\"3\" ><div class=\"contentrow panel-widget-style panel-widget-style-for-154526-2-0-0\" ><div\n\t\t\t\n\t\t\tclass=\"so-widget-sow-editor so-widget-sow-editor-base\"\n\t\t\t\n\t\t>\n<div class=\"siteorigin-widget-tinymce textwidget\">\n\t<p>D\u00edky sv\u00e9 v\u00edce jak 100let\u00e9 tradici, kdy byl podnik \u0159\u00edzen 4. generacemi majitel\u016f, pat\u0159\u00ed dnes spole\u010dnost <strong>BRIRI<\/strong> k jedn\u00e9 z <strong>\u010deln\u00edch firem<\/strong> v oblasti technologi\u00ed rozmet\u00e1v\u00e1n\u00ed kejdy, p\u0159epravn\u00ed techniky a rozmet\u00e1v\u00e1n\u00ed tuh\u00fdch hnojiv. Na\u0161e stroje naleznete na st\u00e1le v\u00edce pol\u00edch po cel\u00e9 Evrop\u011b. Tohoto rozvoje jsme dos\u00e1hli pouze d\u00edky rozs\u00e1hl\u00e9mu know-how a inovativn\u00edm n\u00e1pad\u016fm, nejvy\u0161\u0161\u00ed mo\u017en\u00e9 kvalit\u011b a neust\u00e1l\u00e9mu nasazen\u00ed v\u0161ech na\u0161ich zam\u011bstnanc\u016f.<\/p>\n<p>Jako tradi\u010dn\u00ed a sou\u010dasn\u011b tak\u00e9 inovativn\u00ed rodinn\u00fd podnik neust\u00e1le rosteme. P\u0159itom tak\u00e9 nab\u00edz\u00edme profesn\u00ed p\u0159\u00edle\u017eitosti jak za\u010d\u00e1te\u010dn\u00edk\u016fm, tak i osv\u011bd\u010den\u00fdm profesion\u00e1l\u016fm. Ka\u017ed\u00fd zam\u011bstnanec je sou\u010d\u00e1st\u00ed t\u00fdmu BRIRI. Spokojenost na\u0161ich zam\u011bstnanc\u016f je pro n\u00e1s naprosto z\u00e1sadn\u00ed, proto\u017ee kl\u00ed\u010dem k na\u0161emu \u00fasp\u011bchu jsou pr\u00e1v\u011b oni, jejich inovativn\u00ed n\u00e1pady a pracovn\u00ed \u010dinnost.<\/p>\n<p>A co v\u00e1m nab\u00edz\u00edme:<\/p>\n<ul>\n<li>Modern\u00ed rodinn\u00fd podnik s plochou hierarchi\u00ed<\/li>\n<li>Zaj\u00edmavou a odpov\u011bdnou pracovn\u00ed n\u00e1pl\u0148 v mezin\u00e1rodn\u00ed firm\u011b<\/li>\n<li>Pracovn\u00ed m\u00edsto v rozv\u00edjej\u00edc\u00edm se podniku s jistotou pr\u00e1ce do budoucna<\/li>\n<li>Plat dle va\u0161eho v\u00fdkonu (s orientac\u00ed na trh)<\/li>\n<li>Zaj\u00edmav\u00e9, odpov\u011bdn\u00e9 \u00fakoly v motivovan\u00e9m a anga\u017eovan\u00e9m t\u00fdmu<\/li>\n<li>Flexibiln\u00ed pracovn\u00ed dobu (pokud je to na dan\u00e9m m\u00edst\u011b mo\u017en\u00e9)<\/li>\n<li>St\u00e1l\u00e9 mo\u017enosti dal\u0161\u00edho vzd\u011bl\u00e1v\u00e1n\u00ed a zvy\u0161ov\u00e1n\u00ed kvalifikace<\/li>\n<li>Speci\u00e1ln\u00ed v\u00fdhody, jako jsou nap\u0159. leasing elektro-kol<\/li>\n<\/ul>\n<p>Zaujali jsme v\u00e1s? Sta\u0148te se tedy \u010dleny na\u0161eho t\u00fdmu a p\u0159isp\u011bjte k dal\u0161\u00ed \u00fasp\u011b\u0161n\u00e9 historii firmy BRIRI. Nez\u00e1le\u017e\u00ed na tom, zda pracujete na mont\u00e1\u017en\u00ed lince nebo v administrativ\u011b - u n\u00e1s m\u016f\u017eete v\u017edy p\u0159isp\u00edvat vlastn\u00edmi n\u00e1pady.<\/p>\n<p>BRIRI GmbH<br \/>\nRiepenhausen Maschinenbau<br \/>\nM\u00e4ske 4<br \/>\n49844 Bawinkel<br \/>\nE-Mail: bewerbung@briri.de<\/p>\n<\/div>\n<\/div><\/div><\/div><\/div><\/div><\/div><div id=\"pg-154526-3\"  class=\"panel-grid panel-has-style\" ><div class=\"siteorigin-panels-stretch panel-row-style panel-row-style-for-154526-3\" data-stretch-type=\"full\" ><div id=\"pgc-154526-3-0\"  class=\"panel-grid-cell\" ><div id=\"panel-154526-3-0-0\" class=\"so-panel widget widget_sow-editor panel-first-child panel-last-child\" data-index=\"4\" ><div\n\t\t\t\n\t\t\tclass=\"so-widget-sow-editor so-widget-sow-editor-base\"\n\t\t\t\n\t\t>\n<div class=\"siteorigin-widget-tinymce textwidget\">\n\t<\/div>\n<\/div><\/div><\/div><\/div><\/div><div id=\"pg-154526-4\"  class=\"panel-grid panel-has-style\" ><div class=\"siteorigin-panels-stretch panel-row-style panel-row-style-for-154526-4\" data-stretch-type=\"full\" ><div id=\"pgc-154526-4-0\"  class=\"panel-grid-cell\" ><div id=\"panel-154526-4-0-0\" class=\"so-panel widget widget_sow-editor panel-first-child panel-last-child\" data-index=\"5\" ><div class=\"contentrow panel-widget-style panel-widget-style-for-154526-4-0-0\" ><div\n\t\t\t\n\t\t\tclass=\"so-widget-sow-editor so-widget-sow-editor-base\"\n\t\t\t\n\t\t>\n<div class=\"siteorigin-widget-tinymce textwidget\">\n\t<div class=\"flex-shrink-0 flex flex-col relative items-end\">\n<div class=\"pt-0\">\n<div class=\"gizmo-bot-avatar flex h-8 w-8 items-center justify-center overflow-hidden rounded-full\">\n<h2>Nab\u00eddky zam\u011bstn\u00e1n\u00ed<\/h2>\n<p>M\u00e1te z\u00e1jem o nov\u00e9 mo\u017enosti v oblasti zem\u011bd\u011blsk\u00e9 techniky? Firma BRIRI pat\u0159\u00ed v cel\u00e9 Evrop\u011b k \u010deln\u00edm v\u00fdrobc\u016fm s v\u00edce jak 70 zam\u011bstnanci. \u010c\u00edm se vyzna\u010dujeme? Dlouholet\u00fdmi partnerstv\u00edmi, servisn\u00edm poradenstv\u00ed a vysok\u00fdmi n\u00e1roky na kvalitu. P\u0159itom neust\u00e1le hled\u00e1me motivovan\u00e9 zam\u011bstnance, kte\u0159\u00ed s n\u00e1mi cht\u011bj\u00ed spoluutv\u00e1\u0159et oblast v\u00fdroby na\u0161ich strojn\u00edch za\u0159\u00edzen\u00ed. Na\u0161i zam\u011bstnanci jsou z\u00e1kladem cel\u00e9ho na\u0161eho \u00fasp\u011bchu.<\/p>\n<p><strong>Pr\u00e1v\u011b hled\u00e1me:<\/strong><\/p>\n<\/div>\n<\/div>\n<\/div>\n<\/div>\n<\/div><\/div><\/div><\/div><\/div><\/div><div id=\"pg-154526-5\"  class=\"panel-grid panel-has-style\" ><div class=\"siteorigin-panels-stretch panel-row-style panel-row-style-for-154526-5\" data-stretch-type=\"full\" ><div id=\"pgc-154526-5-0\"  class=\"panel-grid-cell panel-grid-cell-empty\" ><\/div><div id=\"pgc-154526-5-1\"  class=\"panel-grid-cell panel-grid-cell-mobile-last\" ><div id=\"panel-154526-5-1-0\" class=\"so-panel widget widget_sow-editor panel-first-child panel-last-child\" data-index=\"6\" ><div class=\"contentrow panel-widget-style panel-widget-style-for-154526-5-1-0\" ><div\n\t\t\t\n\t\t\tclass=\"so-widget-sow-editor so-widget-sow-editor-base\"\n\t\t\t\n\t\t>\n<div class=\"siteorigin-widget-tinymce textwidget\">\n\t<p><a href=\"https:\/\/briri.de\/wp-content\/uploads\/2025\/03\/Metallbauer-2025.pdf\" target=\"_blank\" rel=\"noopener\"><img loading=\"lazy\" decoding=\"async\" class=\"alignnone size-full wp-image-4253\" src=\"https:\/\/briri.de\/wp-content\/uploads\/2025\/03\/Metallbauer-2025.jpg\" alt=\"\" width=\"595\" height=\"841\" srcset=\"https:\/\/briri.de\/wp-content\/uploads\/2025\/03\/Metallbauer-2025.jpg 595w, https:\/\/briri.de\/wp-content\/uploads\/2025\/03\/Metallbauer-2025-212x300.jpg 212w\" sizes=\"auto, (max-width: 595px) 100vw, 595px\" \/><\/a><\/p>\n<\/div>\n<\/div><\/div><\/div><\/div><div id=\"pgc-154526-5-2\"  class=\"panel-grid-cell panel-grid-cell-empty\" ><\/div><\/div><\/div><div id=\"pg-154526-6\"  class=\"panel-grid panel-has-style\" ><div class=\"siteorigin-panels-stretch panel-row-style panel-row-style-for-154526-6\" data-stretch-type=\"full\" ><div id=\"pgc-154526-6-0\"  class=\"panel-grid-cell\" ><div id=\"panel-154526-6-0-0\" class=\"so-panel widget widget_sow-editor panel-first-child panel-last-child\" data-index=\"7\" ><div\n\t\t\t\n\t\t\tclass=\"so-widget-sow-editor so-widget-sow-editor-base\"\n\t\t\t\n\t\t>\n<div class=\"siteorigin-widget-tinymce textwidget\">\n\t<\/div>\n<\/div><\/div><\/div><\/div><\/div><div id=\"pg-154526-7\"  class=\"panel-grid panel-has-style\" ><div class=\"siteorigin-panels-stretch panel-row-style panel-row-style-for-154526-7\" data-stretch-type=\"full\" ><div id=\"pgc-154526-7-0\"  class=\"panel-grid-cell\" ><div id=\"panel-154526-7-0-0\" class=\"so-panel widget widget_sow-editor panel-first-child panel-last-child\" data-index=\"8\" ><div class=\"contentrow panel-widget-style panel-widget-style-for-154526-7-0-0\" ><div\n\t\t\t\n\t\t\tclass=\"so-widget-sow-editor so-widget-sow-editor-base\"\n\t\t\t\n\t\t>\n<div class=\"siteorigin-widget-tinymce textwidget\">\n\t<h2>Vzd\u011bl\u00e1v\u00e1n\u00ed | Za\u010d\u00edt od p\u00edky<\/h2>\n<p><img loading=\"lazy\" decoding=\"async\" class=\"size-medium wp-image-918 alignright\" src=\"https:\/\/briri.de\/wp-content\/uploads\/2024\/08\/Briri_Karriere_Ausbildung_Bawinkel-300x169.jpg\" alt=\"\" width=\"300\" height=\"169\" srcset=\"https:\/\/briri.de\/wp-content\/uploads\/2024\/08\/Briri_Karriere_Ausbildung_Bawinkel-300x169.jpg 300w, https:\/\/briri.de\/wp-content\/uploads\/2024\/08\/Briri_Karriere_Ausbildung_Bawinkel-1024x576.jpg 1024w, https:\/\/briri.de\/wp-content\/uploads\/2024\/08\/Briri_Karriere_Ausbildung_Bawinkel-768x432.jpg 768w, https:\/\/briri.de\/wp-content\/uploads\/2024\/08\/Briri_Karriere_Ausbildung_Bawinkel-1536x864.jpg 1536w, https:\/\/briri.de\/wp-content\/uploads\/2024\/08\/Briri_Karriere_Ausbildung_Bawinkel.jpg 1920w\" sizes=\"auto, (max-width: 300px) 100vw, 300px\" \/><\/p>\n<p>L\u00edb\u00ed se v\u00e1m stroj\u00edrensk\u00e1 v\u00fdroba a chcete se v t\u00e9to oblasti profesn\u011b zdokonalit? Tuto mo\u017enost v\u00e1m nab\u00edz\u00edme v r\u00e1mci u\u010debn\u00edch obor\u016f Mechanik zem\u011bd\u011blsk\u00fdch a stavebn\u00edch stroj\u016f, Z\u00e1me\u010dn\u00edk a Pracovn\u00edk skladov\u00e9 logistiky.<\/p>\n<p>Co v\u00e1s o\u010dek\u00e1v\u00e1? \u0160kolic\u00ed firma, kde nebudete pouze jen jedn\u00edm z mnoha - chceme spolu s v\u00e1mi utv\u00e1\u0159et budoucnost.<\/p>\n<p>K datu 1.8.2023 hled\u00e1me nov\u00e9 u\u010dn\u011b do t\u011bchto obor\u016f:<\/p>\n<p><strong>Nab\u00eddka na\u0161ich vzd\u011bl\u00e1vac\u00edch m\u00edst:<\/strong><\/p>\n<ul>\n<li>Pracovn\u00edk skladov\u00e9 logistiky<\/li>\n<li>Mechanik zem\u011bd\u011blsk\u00fdch a stavebn\u00edch stroj\u016f<\/li>\n<li>Z\u00e1me\u010dn\u00edk se zam\u011b\u0159en\u00edm na konstruk\u010dn\u00ed technologie<\/li>\n<\/ul>\n<p>Po\u0161lete n\u00e1m sv\u00e9 podklady uchaze\u010de v pap\u00edrov\u00e9 podob\u011b nebo e-mailem s p\u0159\u00edlohami ve form\u00e1tu pdf na tuto adresu:\u00a0<a href=\"mailto:bewerbung@briri.de\">bewerbung@briri.de<\/a><\/p>\n<p><strong><em>BRIRI<\/em> GmbH<\/strong><br \/>\nRiepenhausen Maschinenbau<br \/>\nM\u00e4ske 4<br \/>\n49844 Bawinkel<br \/>\nTel.: 05963\/9401-0<\/p>\n<p><strong>T\u011b\u0161\u00edme se na v\u00e1s!<\/strong><\/p>\n<\/div>\n<\/div><\/div><\/div><\/div><\/div><\/div><div id=\"pg-154526-8\"  class=\"panel-grid panel-has-style\" ><div class=\"siteorigin-panels-stretch panel-row-style panel-row-style-for-154526-8\" data-stretch-type=\"full\" ><div id=\"pgc-154526-8-0\"  class=\"panel-grid-cell\" ><div id=\"panel-154526-8-0-0\" class=\"so-panel widget widget_sow-editor panel-first-child panel-last-child\" data-index=\"9\" ><div\n\t\t\t\n\t\t\tclass=\"so-widget-sow-editor so-widget-sow-editor-base\"\n\t\t\t\n\t\t>\n<div class=\"siteorigin-widget-tinymce textwidget\">\n\t<\/div>\n<\/div><\/div><\/div><\/div><\/div><div id=\"pg-154526-9\"  class=\"panel-grid panel-has-style\" ><div class=\"siteorigin-panels-stretch panel-row-style panel-row-style-for-154526-9\" data-stretch-type=\"full\" ><div id=\"pgc-154526-9-0\"  class=\"panel-grid-cell\" ><div id=\"panel-154526-9-0-0\" class=\"so-panel widget widget_sow-editor panel-first-child panel-last-child\" data-index=\"10\" ><div class=\"contentrow panel-widget-style panel-widget-style-for-154526-9-0-0\" ><div\n\t\t\t\n\t\t\tclass=\"so-widget-sow-editor so-widget-sow-editor-base\"\n\t\t\t\n\t\t>\n<div class=\"siteorigin-widget-tinymce textwidget\">\n\t<h2><strong>Praxe u spole\u010dnosti BRIRI<\/strong><\/h2>\n<p>Nez\u00e1le\u017e\u00ed na tom, zda jste \u017e\u00e1k \u010di student - u spole\u010dnosti BRIRI z\u00edsk\u00e1te vhled do r\u016fzn\u00fdch obor\u016f mezin\u00e1rodn\u011b \u010dinn\u00e9 firmy. Sb\u00edrejte prvn\u00ed praktick\u00e9 zku\u0161enosti, nalezn\u011bte va\u0161e z\u00e1jmy i va\u0161e siln\u00e9 str\u00e1nky a vytv\u00e1\u0159ejte aktivn\u011b historii na\u0161\u00ed spole\u010dnosti.<\/p>\n<h2><strong>Z\u00e1v\u011bre\u010dn\u00e9 pr\u00e1ce u spole\u010dnosti BRIRI<\/strong><\/h2>\n<p>Bakal\u00e1\u0159sk\u00e9 a magistersk\u00e9 pr\u00e1ce - pro\u0161li jste \u00fasp\u011b\u0161n\u011b studiem a b\u011bhem n\u011bj jste nasb\u00edrali prvn\u00ed praktick\u00e9 zku\u0161enosti? Jste milovn\u00edky stroj\u00edrensk\u00e9 v\u00fdroby a um\u00edte vlastn\u00edmi silami zpracov\u00e1vat komplexn\u00ed t\u00e9mata? Va\u0161e z\u00e1v\u011bre\u010dn\u00e1 pr\u00e1ce by nyn\u00ed m\u011bla zpe\u010detit va\u0161e studium a d\u00e1t mu p\u0159idanou hodnotu? Skv\u011bl\u00e9! Spole\u010dnost BRIRI je zde t\u00edm prav\u00fdm partnerem, kter\u00fd v\u00e1s bude p\u0159i dosahov\u00e1n\u00ed tohoto c\u00edle maxim\u00e1ln\u011b podporovat.<\/p>\n<p>Chcete-li se z\u00fa\u010dastnit praxe, za\u0161lete n\u00e1m podklady v pap\u00edrov\u00e9 podob\u011b nebo mailem na\u00a0<a href=\"mailto:bewerbung@briri.de\"><strong>bewerbung@briri.de<\/strong><\/a><\/p>\n<\/div>\n<\/div><\/div><\/div><\/div><\/div><\/div><\/div>","protected":false},"excerpt":{"rendered":"<p>Kari\u00e9ra u BRIRI | Tradice &#038; inovace<\/p>\n","protected":false},"author":1,"featured_media":0,"parent":0,"menu_order":0,"comment_status":"closed","ping_status":"closed","template":"","meta":{"inline_featured_image":false,"footnotes":""},"class_list":["post-154526","page","type-page","status-publish","hentry","post"],"_links":{"self":[{"href":"https:\/\/briri.de\/cs\/wp-json\/wp\/v2\/pages\/154526","targetHints":{"allow":["GET"]}}],"collection":[{"href":"https:\/\/briri.de\/cs\/wp-json\/wp\/v2\/pages"}],"about":[{"href":"https:\/\/briri.de\/cs\/wp-json\/wp\/v2\/types\/page"}],"author":[{"embeddable":true,"href":"https:\/\/briri.de\/cs\/wp-json\/wp\/v2\/users\/1"}],"replies":[{"embeddable":true,"href":"https:\/\/briri.de\/cs\/wp-json\/wp\/v2\/comments?post=154526"}],"version-history":[{"count":0,"href":"https:\/\/briri.de\/cs\/wp-json\/wp\/v2\/pages\/154526\/revisions"}],"wp:attachment":[{"href":"https:\/\/briri.de\/cs\/wp-json\/wp\/v2\/media?parent=154526"}],"curies":[{"name":"wp","href":"https:\/\/api.w.org\/{rel}","templated":true}]}}