{"id":154521,"date":"2025-07-08T13:07:36","date_gmt":"2025-07-08T11:07:36","guid":{"rendered":"https:\/\/briri.de\/?page_id=154521"},"modified":"2025-07-09T16:22:44","modified_gmt":"2025-07-09T14:22:44","slug":"steuerungstechnik-precision-farming","status":"publish","type":"page","link":"https:\/\/briri.de\/cs\/steuerungstechnik-precision-farming\/","title":{"rendered":"Steuerungstechnik \/ Precision Farming"},"content":{"rendered":"<div id=\"pl-154521\"  class=\"panel-layout\" ><div id=\"pg-154521-0\"  class=\"panel-grid panel-has-style\" ><div class=\"siteorigin-panels-stretch panel-row-style panel-row-style-for-154521-0\" data-stretch-type=\"full-width-stretch\" ><div id=\"pgc-154521-0-0\"  class=\"panel-grid-cell\" ><div id=\"panel-154521-0-0-0\" class=\"so-panel widget widget_sow-hero panel-first-child panel-last-child\" data-index=\"0\" ><div\n\t\t\t\n\t\t\tclass=\"so-widget-sow-hero so-widget-sow-hero-default-30e74c897c04-154521 so-widget-fittext-wrapper\"\n\t\t\t data-fit-text-compressor=\"0.75\"\n\t\t>\t\t\t\t<div class=\"sow-slider-base\" style=\"display: none\" tabindex=\"0\">\n\t\t\t\t\t<ul\n\t\t\t\t\tclass=\"sow-slider-images\"\n\t\t\t\t\tdata-settings=\"{&quot;pagination&quot;:true,&quot;speed&quot;:800,&quot;timeout&quot;:8000,&quot;paused&quot;:false,&quot;pause_on_hover&quot;:false,&quot;swipe&quot;:true,&quot;nav_always_show_desktop&quot;:&quot;&quot;,&quot;nav_always_show_mobile&quot;:&quot;&quot;,&quot;breakpoint&quot;:&quot;780px&quot;,&quot;unmute&quot;:false,&quot;anchor&quot;:null}\"\n\t\t\t\t\tstyle=\"min-height: 800px\"\t\t\t\t\tdata-anchor-id=\"\"\n\t\t\t\t>\t\t<li class=\"sow-slider-image  sow-slider-image-cover\" style=\"visibility: visible;;background-color: #000000\" >\n\t\t\t\t\t<div class=\"sow-slider-image-container\">\n\t\t\t<div class=\"sow-slider-image-wrapper\">\n\t\t\t\t\t\t\t<\/div>\n\t\t<\/div>\n\t\t<div class=\"sow-slider-image-overlay sow-slider-image-cover\" style=\"opacity: 0.87;background-image: url(https:\/\/briri.de\/wp-content\/uploads\/2024\/10\/Briri_Maschinenbau_Bawinkel_Guelletechnik_Multi-Line.jpg)\"  ><\/div>\t\t<\/li>\n\t\t<\/ul>\t\t\t\t<ol class=\"sow-slider-pagination\">\n\t\t\t\t\t\t\t\t\t\t\t<li><a href=\"#\" data-goto=\"0\" aria-label=\"Display slide 1\"><\/a><\/li>\n\t\t\t\t\t\t\t\t\t<\/ol>\n\n\t\t\t\t<div class=\"sow-slide-nav sow-slide-nav-next\">\n\t\t\t\t\t<a href=\"#\" data-goto=\"next\" aria-label=\"Next slide\" data-action=\"next\">\n\t\t\t\t\t\t<em class=\"sow-sld-icon-thin-right\"><\/em>\n\t\t\t\t\t<\/a>\n\t\t\t\t<\/div>\n\n\t\t\t\t<div class=\"sow-slide-nav sow-slide-nav-prev\">\n\t\t\t\t\t<a href=\"#\" data-goto=\"previous\" aria-label=\"Previous slide\" data-action=\"prev\">\n\t\t\t\t\t\t<em class=\"sow-sld-icon-thin-left\"><\/em>\n\t\t\t\t\t<\/a>\n\t\t\t\t<\/div>\n\t\t\t\t<\/div><\/div><\/div><\/div><\/div><\/div><div id=\"pg-154521-1\"  class=\"panel-grid panel-has-style\" ><div class=\"pr-headline-red siteorigin-panels-stretch panel-row-style panel-row-style-for-154521-1\" data-stretch-type=\"full\" ><div id=\"pgc-154521-1-0\"  class=\"panel-grid-cell\" ><div id=\"panel-154521-1-0-0\" class=\"so-panel widget widget_sow-editor panel-first-child panel-last-child\" data-index=\"1\" ><div class=\"product_headline panel-widget-style panel-widget-style-for-154521-1-0-0\" ><div\n\t\t\t\n\t\t\tclass=\"so-widget-sow-editor so-widget-sow-editor-base\"\n\t\t\t\n\t\t>\n<div class=\"siteorigin-widget-tinymce textwidget\">\n\t<p><img loading=\"lazy\" decoding=\"async\" class=\"alignnone size-large wp-image-224\" src=\"https:\/\/briri.de\/wp-content\/uploads\/2024\/08\/guelle.svg\" alt=\"\" width=\"1024\" height=\"438\" \/><\/p>\n<\/div>\n<\/div><\/div><\/div><\/div><div id=\"pgc-154521-1-1\"  class=\"panel-grid-cell\" ><div id=\"panel-154521-1-1-0\" class=\"so-panel widget widget_sow-editor panel-first-child panel-last-child\" data-index=\"2\" ><div class=\"product_headline panel-widget-style panel-widget-style-for-154521-1-1-0\" ><div\n\t\t\t\n\t\t\tclass=\"so-widget-sow-editor so-widget-sow-editor-base\"\n\t\t\t\n\t\t>\n<div class=\"siteorigin-widget-tinymce textwidget\">\n\t<h1>Technologie \u0159\u00edzen\u00ed \/ Precision Farming<\/h1>\n<\/div>\n<\/div><\/div><\/div><\/div><\/div><\/div><div id=\"pg-154521-2\"  class=\"panel-grid panel-has-style\" ><div class=\"siteorigin-panels-stretch panel-row-style panel-row-style-for-154521-2\" data-stretch-type=\"full\" ><div id=\"pgc-154521-2-0\"  class=\"panel-grid-cell\" ><div id=\"panel-154521-2-0-0\" class=\"so-panel widget widget_sow-editor panel-first-child panel-last-child\" data-index=\"3\" ><div class=\"contentrow panel-widget-style panel-widget-style-for-154521-2-0-0\" ><div\n\t\t\t\n\t\t\tclass=\"so-widget-sow-editor so-widget-sow-editor-base\"\n\t\t\t\n\t\t>\n<div class=\"siteorigin-widget-tinymce textwidget\">\n\t<h2>Ovl\u00e1d\u00e1n\u00ed pomoc\u00ed BUS \/ ISOBUS<\/h2>\n<p>Ovl\u00e1d\u00e1n\u00ed pomoc\u00ed ISOBUS umo\u017e\u0148uje komunikaci mezi traktorem, cisternou na kejdu a pracovn\u00edm n\u00e1strojem nez\u00e1visle na v\u00fdrobci. D\u00e1le je mo\u017en\u00e9 vyu\u017e\u00edvat r\u016fzn\u00e9 syst\u00e9my zem\u011bd\u011blsk\u00e9ho managementu, k p\u0159ed\u00e1v\u00e1n\u00ed nap\u0159\u00edklad aplika\u010dn\u00edch karet. Ovl\u00e1d\u00e1n\u00ed\/obsluha prob\u00edh\u00e1 pomoc\u00ed gelov\u00e9 podlo\u017eky nebo termin\u00e1lem s dotykovou obrazovkou. Voliteln\u011b je mo\u017en\u00e9 vyu\u017e\u00edt tak\u00e9 joystick umo\u017e\u0148uj\u00edc\u00ed ovl\u00e1d\u00e1n\u00ed ISOBUS.<\/p>\n<p>Druhy termin\u00e1l\u016f<\/p>\n<p><img loading=\"lazy\" decoding=\"async\" class=\"alignnone size-full wp-image-3936\" src=\"https:\/\/briri.de\/wp-content\/uploads\/2024\/11\/Ohne-Titel-7.jpg\" alt=\"\" width=\"1101\" height=\"291\" srcset=\"https:\/\/briri.de\/wp-content\/uploads\/2024\/11\/Ohne-Titel-7.jpg 1101w, https:\/\/briri.de\/wp-content\/uploads\/2024\/11\/Ohne-Titel-7-300x79.jpg 300w, https:\/\/briri.de\/wp-content\/uploads\/2024\/11\/Ohne-Titel-7-1024x271.jpg 1024w, https:\/\/briri.de\/wp-content\/uploads\/2024\/11\/Ohne-Titel-7-768x203.jpg 768w\" sizes=\"auto, (max-width: 1101px) 100vw, 1101px\" \/><\/p>\n<p><strong>Ovl\u00e1dac\u00ed maska a funkce<\/strong><\/p>\n<p>V\u0161echna vozidla z oblasti technologie rozmet\u00e1v\u00e1n\u00ed kejdy, lze ovl\u00e1dat pomoc\u00ed ISOBUS. (TC-UT) M\u016f\u017ee to b\u00fdt termin\u00e1l p\u0159\u00edmo na traktoru nebo tak\u00e9 extern\u00ed termin\u00e1l ISOBUS. Komfort ovl\u00e1d\u00e1n\u00ed lze d\u00e1le zv\u00fd\u0161it joystickem AUX-N (TC-AUX-N).<\/p>\n<p>Hnojen\u00ed dle aplika\u010dn\u00edch karet je mo\u017en\u00e9 jak u technologie rozmet\u00e1v\u00e1n\u00ed kejdy, tak i u ovl\u00e1dac\u00ed technologie (TC-GEO). Vyu\u017eit\u00edm senzoru NIR u cisteren na kejdu lze d\u00e1vkovat organick\u00e1 hnojiva dle jejich obsahu N\/A\/P\/K.<\/p>\n<p>Pracovn\u00ed n\u00e1stroje um\u00edst\u011bn\u00e9 na cistern\u00e1ch na kejdu lze zcela automaticky \u0159\u00eddit pomoc\u00ed ovl\u00e1d\u00e1n\u00ed jednotliv\u00fdch sekc\u00ed a zabr\u00e1nit tak p\u0159\u00edli\u0161 n\u00edzk\u00e9mu nebo vysok\u00e9mu stupni hnojen\u00ed. Prost\u0159ednictv\u00edm platformy agrirouter lze zaznamen\u00e1vat data dan\u00e9 zak\u00e1zky a po zpracov\u00e1n\u00ed je op\u011bt zas\u00edlat zp\u011bt do kancel\u00e1\u0159e.<\/p>\n<hr \/>\n<h2>Precision Farming<\/h2>\n<p><img loading=\"lazy\" decoding=\"async\" class=\"alignnone size-full wp-image-3937\" src=\"https:\/\/briri.de\/wp-content\/uploads\/2024\/11\/Ohne-Titel-8.jpg\" alt=\"\" width=\"668\" height=\"417\" srcset=\"https:\/\/briri.de\/wp-content\/uploads\/2024\/11\/Ohne-Titel-8.jpg 668w, https:\/\/briri.de\/wp-content\/uploads\/2024\/11\/Ohne-Titel-8-300x187.jpg 300w\" sizes=\"auto, (max-width: 668px) 100vw, 668px\" \/><\/p>\n<hr \/>\n<h2>Senzor NIR<\/h2>\n<p><img loading=\"lazy\" decoding=\"async\" class=\"alignnone size-full wp-image-3938\" src=\"https:\/\/briri.de\/wp-content\/uploads\/2024\/11\/Ohne-Titel-10.jpg\" alt=\"\" width=\"893\" height=\"261\" srcset=\"https:\/\/briri.de\/wp-content\/uploads\/2024\/11\/Ohne-Titel-10.jpg 893w, https:\/\/briri.de\/wp-content\/uploads\/2024\/11\/Ohne-Titel-10-300x88.jpg 300w, https:\/\/briri.de\/wp-content\/uploads\/2024\/11\/Ohne-Titel-10-768x224.jpg 768w\" sizes=\"auto, (max-width: 893px) 100vw, 893px\" \/><\/p>\n<p>Infra\u010derven\u00e9 senzory na bl\u00edzk\u00e9 sn\u00edm\u00e1n\u00ed (senzory NIR) mohou v\u00fdrazn\u00fdm zp\u016fsobem usnadnit zji\u0161\u0165ov\u00e1n\u00ed obsahu \u017eivin u p\u0159\u00edrodn\u00edch hnojiv.<\/p>\n<p>Senzory NIR zaznamen\u00e1vaj\u00ed l\u00e1tky v re\u00e1ln\u00e9m \u010dase a umo\u017e\u0148uj\u00ed hnojen\u00ed dle pot\u0159eby, dle z\u00e1konn\u00fdch p\u0159edpis\u016f a s p\u0159ihl\u00e9dnut\u00edm k c\u00edlov\u00fdm hodnot\u00e1m.<\/p>\n<p>K dispozici jsou senzory NIR od v\u00fdrobc\u016f John Deere a Topcon. Pro oba typy senzor\u016f jsou zde integrov\u00e1na do ovl\u00e1d\u00e1n\u00ed BRIRI-ISOBUS p\u0159\u00edslu\u0161n\u00e1 rozhran\u00ed.<\/p>\n<p><img loading=\"lazy\" decoding=\"async\" class=\"alignnone size-full wp-image-3939\" src=\"https:\/\/briri.de\/wp-content\/uploads\/2024\/11\/Ohne-Titel-11.jpg\" alt=\"\" width=\"591\" height=\"369\" srcset=\"https:\/\/briri.de\/wp-content\/uploads\/2024\/11\/Ohne-Titel-11.jpg 591w, https:\/\/briri.de\/wp-content\/uploads\/2024\/11\/Ohne-Titel-11-300x187.jpg 300w\" sizes=\"auto, (max-width: 591px) 100vw, 591px\" \/><\/p>\n<hr \/>\n<h2>Hnojen\u00ed d\u00edl\u010d\u00edch ploch<\/h2>\n<p><img loading=\"lazy\" decoding=\"async\" class=\"alignnone size-full wp-image-3941\" src=\"https:\/\/briri.de\/wp-content\/uploads\/2024\/11\/Ohne-Titel-12.jpg\" alt=\"\" width=\"1279\" height=\"743\" srcset=\"https:\/\/briri.de\/wp-content\/uploads\/2024\/11\/Ohne-Titel-12.jpg 1279w, https:\/\/briri.de\/wp-content\/uploads\/2024\/11\/Ohne-Titel-12-300x174.jpg 300w, https:\/\/briri.de\/wp-content\/uploads\/2024\/11\/Ohne-Titel-12-1024x595.jpg 1024w, https:\/\/briri.de\/wp-content\/uploads\/2024\/11\/Ohne-Titel-12-768x446.jpg 768w\" sizes=\"auto, (max-width: 1279px) 100vw, 1279px\" \/><\/p>\n<p>V kombinaci s ovl\u00e1d\u00e1n\u00edm pomoc\u00ed ISOBUS, p\u0159\u00edslu\u0161n\u00fdm voln\u00fdm zapojen\u00edm TC-GEO, lze realizovat hnojen\u00ed d\u00edl\u010d\u00edch ploch.<\/p>\n<p>Hnojen\u00ed d\u00edl\u010d\u00edch ploch je d\u016fle\u017eitou sou\u010d\u00e1st\u00ed syst\u00e9mu Precision Farming. V tomto procesu hnojen\u00ed jsou br\u00e1ny do \u00favahy rozd\u00edly t\u00fdkaj\u00edc\u00ed se p\u016fdy a porostu v r\u00e1mci jedn\u00e9 plochy. C\u00edlem je, zajistit p\u0159\u00edsun zji\u0161t\u011bn\u00fdch \u017eivin, a to ve spr\u00e1vn\u00e9m \u010dase, ve vhodn\u00e9m mno\u017estv\u00ed na spr\u00e1vn\u00e9 m\u00edsto.<\/p>\n<hr \/>\n<h2>Section Control<\/h2>\n<p>Aby bylo mo\u017en\u00e9, ochr\u00e1nit nerovnom\u011brn\u011b prob\u00edhaj\u00edc\u00ed \u010d\u00e1sti plochy p\u0159ed p\u0159ehnojen\u00edm, pracuje se zde s automatick\u00fdm sp\u00edn\u00e1n\u00edm d\u00edl\u010d\u00ed \u0161\u00ed\u0159ky (Section Control). Vypnut\u00edm jednotliv\u00fdch segment\u016f je p\u0159ekr\u00fdv\u00e1n\u00ed d\u00edl\u010d\u00edch ploch v\u00fdrazn\u011b sn\u00ed\u017eeno. M\u016f\u017ee b\u00fdt sepnuto a\u017e 24 d\u00edl\u010d\u00edch \u0161\u00ed\u0159ek.<\/p>\n<p><img loading=\"lazy\" decoding=\"async\" class=\"alignnone size-full wp-image-3940\" src=\"https:\/\/briri.de\/wp-content\/uploads\/2024\/11\/Ohne-Titel-13.jpg\" alt=\"\" width=\"398\" height=\"300\" srcset=\"https:\/\/briri.de\/wp-content\/uploads\/2024\/11\/Ohne-Titel-13.jpg 398w, https:\/\/briri.de\/wp-content\/uploads\/2024\/11\/Ohne-Titel-13-300x226.jpg 300w\" sizes=\"auto, (max-width: 398px) 100vw, 398px\" \/><\/p>\n<\/div>\n<\/div><\/div><\/div><\/div><\/div><\/div><div id=\"pg-154521-3\"  class=\"panel-grid panel-has-style\" ><div class=\"siteorigin-panels-stretch panel-row-style panel-row-style-for-154521-3\" data-stretch-type=\"full\" ><div id=\"pgc-154521-3-0\"  class=\"panel-grid-cell\" ><div id=\"panel-154521-3-0-0\" class=\"so-panel widget widget_sow-editor panel-first-child panel-last-child\" data-index=\"4\" ><div class=\"panel-widget-style panel-widget-style-for-154521-3-0-0\" ><div\n\t\t\t\n\t\t\tclass=\"so-widget-sow-editor so-widget-sow-editor-base\"\n\t\t\t\n\t\t>\n<div class=\"siteorigin-widget-tinymce textwidget\">\n\t<\/div>\n<\/div><\/div><\/div><\/div><\/div><\/div><\/div>","protected":false},"excerpt":{"rendered":"<p>Technologie \u0159\u00edzen\u00ed \/ Precision Farming<\/p>\n","protected":false},"author":1,"featured_media":0,"parent":0,"menu_order":0,"comment_status":"closed","ping_status":"closed","template":"","meta":{"inline_featured_image":false,"footnotes":""},"class_list":["post-154521","page","type-page","status-publish","hentry","post"],"_links":{"self":[{"href":"https:\/\/briri.de\/cs\/wp-json\/wp\/v2\/pages\/154521","targetHints":{"allow":["GET"]}}],"collection":[{"href":"https:\/\/briri.de\/cs\/wp-json\/wp\/v2\/pages"}],"about":[{"href":"https:\/\/briri.de\/cs\/wp-json\/wp\/v2\/types\/page"}],"author":[{"embeddable":true,"href":"https:\/\/briri.de\/cs\/wp-json\/wp\/v2\/users\/1"}],"replies":[{"embeddable":true,"href":"https:\/\/briri.de\/cs\/wp-json\/wp\/v2\/comments?post=154521"}],"version-history":[{"count":0,"href":"https:\/\/briri.de\/cs\/wp-json\/wp\/v2\/pages\/154521\/revisions"}],"wp:attachment":[{"href":"https:\/\/briri.de\/cs\/wp-json\/wp\/v2\/media?parent=154521"}],"curies":[{"name":"wp","href":"https:\/\/api.w.org\/{rel}","templated":true}]}}