{"id":154508,"date":"2025-07-08T12:37:26","date_gmt":"2025-07-08T10:37:26","guid":{"rendered":"https:\/\/briri.de\/?page_id=154508"},"modified":"2025-07-09T15:33:25","modified_gmt":"2025-07-09T13:33:25","slug":"befuelltechnik","status":"publish","type":"page","link":"https:\/\/briri.de\/cs\/befuelltechnik\/","title":{"rendered":"Bef\u00fclltechnik"},"content":{"rendered":"<div id=\"pl-154508\"  class=\"panel-layout\" ><div id=\"pg-154508-0\"  class=\"panel-grid panel-has-style\" ><div class=\"siteorigin-panels-stretch panel-row-style panel-row-style-for-154508-0\" data-stretch-type=\"full-width-stretch\" ><div id=\"pgc-154508-0-0\"  class=\"panel-grid-cell\" ><div id=\"panel-154508-0-0-0\" class=\"so-panel widget widget_sow-hero panel-first-child panel-last-child\" data-index=\"0\" ><div\n\t\t\t\n\t\t\tclass=\"so-widget-sow-hero so-widget-sow-hero-default-30e74c897c04-154508 so-widget-fittext-wrapper\"\n\t\t\t data-fit-text-compressor=\"0.75\"\n\t\t>\t\t\t\t<div class=\"sow-slider-base\" style=\"display: none\" tabindex=\"0\">\n\t\t\t\t\t<ul\n\t\t\t\t\tclass=\"sow-slider-images\"\n\t\t\t\t\tdata-settings=\"{&quot;pagination&quot;:true,&quot;speed&quot;:800,&quot;timeout&quot;:8000,&quot;paused&quot;:false,&quot;pause_on_hover&quot;:false,&quot;swipe&quot;:true,&quot;nav_always_show_desktop&quot;:&quot;&quot;,&quot;nav_always_show_mobile&quot;:&quot;&quot;,&quot;breakpoint&quot;:&quot;780px&quot;,&quot;unmute&quot;:false,&quot;anchor&quot;:null}\"\n\t\t\t\t\tstyle=\"min-height: 800px\"\t\t\t\t\tdata-anchor-id=\"\"\n\t\t\t\t>\t\t<li class=\"sow-slider-image  sow-slider-image-cover\" style=\"visibility: visible;;background-color: #000000\" >\n\t\t\t\t\t<div class=\"sow-slider-image-container\">\n\t\t\t<div class=\"sow-slider-image-wrapper\">\n\t\t\t\t\t\t\t<\/div>\n\t\t<\/div>\n\t\t<div class=\"sow-slider-image-overlay sow-slider-image-cover\" style=\"opacity: 0.87;background-image: url(https:\/\/briri.de\/wp-content\/uploads\/2024\/10\/Briri_Maschinenbau_Bawinkel_Guelletechnik_Befuelltechnik_1.jpg)\"  ><\/div>\t\t<\/li>\n\t\t<\/ul>\t\t\t\t<ol class=\"sow-slider-pagination\">\n\t\t\t\t\t\t\t\t\t\t\t<li><a href=\"#\" data-goto=\"0\" aria-label=\"Display slide 1\"><\/a><\/li>\n\t\t\t\t\t\t\t\t\t<\/ol>\n\n\t\t\t\t<div class=\"sow-slide-nav sow-slide-nav-next\">\n\t\t\t\t\t<a href=\"#\" data-goto=\"next\" aria-label=\"Next slide\" data-action=\"next\">\n\t\t\t\t\t\t<em class=\"sow-sld-icon-thin-right\"><\/em>\n\t\t\t\t\t<\/a>\n\t\t\t\t<\/div>\n\n\t\t\t\t<div class=\"sow-slide-nav sow-slide-nav-prev\">\n\t\t\t\t\t<a href=\"#\" data-goto=\"previous\" aria-label=\"Previous slide\" data-action=\"prev\">\n\t\t\t\t\t\t<em class=\"sow-sld-icon-thin-left\"><\/em>\n\t\t\t\t\t<\/a>\n\t\t\t\t<\/div>\n\t\t\t\t<\/div><\/div><\/div><\/div><\/div><\/div><div id=\"pg-154508-1\"  class=\"panel-grid panel-has-style\" ><div class=\"pr-headline-red siteorigin-panels-stretch panel-row-style panel-row-style-for-154508-1\" data-stretch-type=\"full\" ><div id=\"pgc-154508-1-0\"  class=\"panel-grid-cell\" ><div id=\"panel-154508-1-0-0\" class=\"so-panel widget widget_sow-editor panel-first-child panel-last-child\" data-index=\"1\" ><div class=\"product_headline panel-widget-style panel-widget-style-for-154508-1-0-0\" ><div\n\t\t\t\n\t\t\tclass=\"so-widget-sow-editor so-widget-sow-editor-base\"\n\t\t\t\n\t\t>\n<div class=\"siteorigin-widget-tinymce textwidget\">\n\t<p><img loading=\"lazy\" decoding=\"async\" class=\"alignnone size-large wp-image-224\" src=\"https:\/\/briri.de\/wp-content\/uploads\/2024\/08\/guelle.svg\" alt=\"\" width=\"1024\" height=\"438\" \/><\/p>\n<\/div>\n<\/div><\/div><\/div><\/div><div id=\"pgc-154508-1-1\"  class=\"panel-grid-cell\" ><div id=\"panel-154508-1-1-0\" class=\"so-panel widget widget_sow-editor panel-first-child panel-last-child\" data-index=\"2\" ><div class=\"product_headline panel-widget-style panel-widget-style-for-154508-1-1-0\" ><div\n\t\t\t\n\t\t\tclass=\"so-widget-sow-editor so-widget-sow-editor-base\"\n\t\t\t\n\t\t>\n<div class=\"siteorigin-widget-tinymce textwidget\">\n\t<h1>BTechnika pln\u011bn\u00ed | Rychl\u00e9 a pohodln\u00e9 pln\u011bn\u00ed<\/h1>\n<\/div>\n<\/div><\/div><\/div><\/div><\/div><\/div><div id=\"pg-154508-2\"  class=\"panel-grid panel-has-style\" ><div class=\"siteorigin-panels-stretch panel-row-style panel-row-style-for-154508-2\" data-stretch-type=\"full\" ><div id=\"pgc-154508-2-0\"  class=\"panel-grid-cell\" ><div id=\"panel-154508-2-0-0\" class=\"so-panel widget widget_sow-editor panel-first-child panel-last-child\" data-index=\"3\" ><div class=\"contentrow panel-widget-style panel-widget-style-for-154508-2-0-0\" ><div\n\t\t\t\n\t\t\tclass=\"so-widget-sow-editor so-widget-sow-editor-base\"\n\t\t\t\n\t\t>\n<div class=\"siteorigin-widget-tinymce textwidget\">\n\t<p>Jsme specialist\u00e9 na organick\u00e1 hnojiva a zaji\u0161\u0165ujeme nejen v\u00fdvoj a v\u00fdrobu individu\u00e1ln\u011b upraven\u00fdch vozidel na p\u0159epravu kejdy, ale postar\u00e1me se i o optim\u00e1ln\u00ed a \u010dist\u00e9 pln\u011bn\u00ed va\u0161\u00ed cisterny. Efektivita vozidel na p\u0159epravu kejdy je tak\u00e9 st\u00e1le d\u016fle\u017eit\u011bj\u0161\u00ed, p\u0159edev\u0161\u00edm z d\u016fvodu p\u0159\u00edsn\u011bj\u0161\u00edch r\u00e1mcov\u00fdch podm\u00ednek, kter\u00e9 stanovuj\u00ed vyhl\u00e1\u0161ky t\u00fdkaj\u00edc\u00ed se hnojiv. Abyste zvl\u00e1dli ve\u0161ker\u00e9 tyto v\u00fdzvy, nab\u00edz\u00ed v\u00e1m spole\u010dnost BRIRI jako v\u00e1\u0161 partner ve v\u011bcech rozmet\u00e1v\u00e1n\u00ed kejdy nejmodern\u011bj\u0161\u00ed technologie zaji\u0161\u0165uj\u00edc\u00ed optim\u00e1ln\u00ed pln\u011bn\u00ed. P\u0159ipojovac\u00ed stanice, p\u0159ipojovac\u00ed vzp\u011bra nebo p\u0159edn\u00ed sac\u00ed rameno - BRIRI nab\u00edz\u00ed produkty pro r\u016fzn\u00e9 syst\u00e9my, pomoc\u00ed kter\u00fdch m\u016f\u017eete va\u0161e cisterny na kejdu pohodln\u011b a efektivn\u011b plnit.<\/p>\n<\/div>\n<\/div><\/div><\/div><\/div><\/div><\/div><div id=\"pg-154508-3\"  class=\"panel-grid panel-has-style\" ><div class=\"siteorigin-panels-stretch panel-row-style panel-row-style-for-154508-3\" data-stretch-type=\"full\" ><div id=\"pgc-154508-3-0\"  class=\"panel-grid-cell panel-grid-cell-empty\" ><\/div><\/div><\/div><div id=\"pg-154508-4\"  class=\"panel-grid panel-has-style\" ><div class=\"siteorigin-panels-stretch panel-row-style panel-row-style-for-154508-4\" data-stretch-type=\"full\" ><div id=\"pgc-154508-4-0\"  class=\"panel-grid-cell\" ><div id=\"panel-154508-4-0-0\" class=\"so-panel widget widget_sow-editor panel-first-child panel-last-child\" data-index=\"4\" ><div class=\"contentrow panel-widget-style panel-widget-style-for-154508-4-0-0\" ><div\n\t\t\t\n\t\t\tclass=\"so-widget-sow-editor so-widget-sow-editor-base\"\n\t\t\t\n\t\t>\n<div class=\"siteorigin-widget-tinymce textwidget\">\n\t<h2>BRIRI p\u0159ipojovac\u00ed stanice | Basic Dock<\/h2>\n<p><img loading=\"lazy\" decoding=\"async\" class=\"wp-image-3739 alignright\" src=\"https:\/\/briri.de\/wp-content\/uploads\/2024\/10\/Briri_Maschinenbau_Bawinkel_Guelletechnik_Andockstation.jpg\" alt=\"\" width=\"450\" height=\"253\" srcset=\"https:\/\/briri.de\/wp-content\/uploads\/2024\/10\/Briri_Maschinenbau_Bawinkel_Guelletechnik_Andockstation.jpg 1920w, https:\/\/briri.de\/wp-content\/uploads\/2024\/10\/Briri_Maschinenbau_Bawinkel_Guelletechnik_Andockstation-300x169.jpg 300w, https:\/\/briri.de\/wp-content\/uploads\/2024\/10\/Briri_Maschinenbau_Bawinkel_Guelletechnik_Andockstation-1024x576.jpg 1024w, https:\/\/briri.de\/wp-content\/uploads\/2024\/10\/Briri_Maschinenbau_Bawinkel_Guelletechnik_Andockstation-768x432.jpg 768w, https:\/\/briri.de\/wp-content\/uploads\/2024\/10\/Briri_Maschinenbau_Bawinkel_Guelletechnik_Andockstation-1536x864.jpg 1536w\" sizes=\"auto, (max-width: 450px) 100vw, 450px\" \/>Skladujete kejdu v j\u00e1m\u011b \u010di v jin\u00e9m z\u00e1sobn\u00edku? V tomto p\u0159\u00edpad\u011b se k pln\u011bn\u00ed va\u0161eho vozidla skv\u011ble hod\u00ed na\u0161e p\u0159ipojovac\u00ed stanice Basic Dock. Absolutn\u011b pohodln\u00e9 \u0159e\u0161en\u00ed \u0161et\u0159\u00edc\u00ed \u010das. Sta\u010d\u00ed pouze propojit sac\u00ed hadici se stanic\u00ed BasicDock a pak lze \u0159\u00eddit v\u0161echny plnic\u00ed procesy p\u0159\u00edmo a pohodln\u011b z kabiny traktoru. A jak je tomu p\u0159i p\u0159eprav\u011b? V tomto p\u0159\u00edpad\u011b se p\u0159ipojovac\u00ed stanice pohodln\u011b zvedne pomoc\u00ed sac\u00edho ramene a uvede se do po\u017eadovan\u00e9 p\u0159epravn\u00ed polohy.<\/p>\n<p><strong>Technische Daten:\u00a0<\/strong><\/p>\n<ul>\n<li>Sac\u00ed trycht\u00fd\u0159: 8\"<\/li>\n<li>Upevn\u011bn\u00ed sac\u00ed hadice: 8\" rychlospojka syst\u00e9m \"Perrot\"<\/li>\n<li>\u0160\u00ed\u0159ka: cca 1\u00a0000 mm<\/li>\n<li>V\u00fd\u0161ka: cca 900 mm<\/li>\n<li>\u0160\u00ed\u0159ka: cca 550 mm<\/li>\n<\/ul>\n<p>&nbsp;<\/p>\n<\/div>\n<\/div><\/div><\/div><\/div><\/div><\/div><div id=\"pg-154508-5\"  class=\"panel-grid panel-has-style\" ><div class=\"siteorigin-panels-stretch panel-row-style panel-row-style-for-154508-5\" data-stretch-type=\"full\" ><div id=\"pgc-154508-5-0\"  class=\"panel-grid-cell panel-grid-cell-empty\" ><\/div><\/div><\/div><div id=\"pg-154508-6\"  class=\"panel-grid panel-has-style\" ><div class=\"siteorigin-panels-stretch panel-row-style panel-row-style-for-154508-6\" data-stretch-type=\"full\" ><div id=\"pgc-154508-6-0\"  class=\"panel-grid-cell\" ><div id=\"panel-154508-6-0-0\" class=\"so-panel widget widget_sow-editor panel-first-child panel-last-child\" data-index=\"5\" ><div class=\"contentrow panel-widget-style panel-widget-style-for-154508-6-0-0\" ><div\n\t\t\t\n\t\t\tclass=\"so-widget-sow-editor so-widget-sow-editor-base\"\n\t\t\t\n\t\t>\n<div class=\"siteorigin-widget-tinymce textwidget\">\n\t<h2>BRIRI p\u0159ipojovac\u00ed vzp\u011bra | Dock Star<\/h2>\n<p><img loading=\"lazy\" decoding=\"async\" class=\"wp-image-3740 alignright\" src=\"https:\/\/briri.de\/wp-content\/uploads\/2024\/10\/Briri_Maschinenbau_Bawinkel_Guelletechnik_Andockwippe_2.jpg\" alt=\"\" width=\"450\" height=\"253\" srcset=\"https:\/\/briri.de\/wp-content\/uploads\/2024\/10\/Briri_Maschinenbau_Bawinkel_Guelletechnik_Andockwippe_2.jpg 1920w, https:\/\/briri.de\/wp-content\/uploads\/2024\/10\/Briri_Maschinenbau_Bawinkel_Guelletechnik_Andockwippe_2-300x169.jpg 300w, https:\/\/briri.de\/wp-content\/uploads\/2024\/10\/Briri_Maschinenbau_Bawinkel_Guelletechnik_Andockwippe_2-1024x576.jpg 1024w, https:\/\/briri.de\/wp-content\/uploads\/2024\/10\/Briri_Maschinenbau_Bawinkel_Guelletechnik_Andockwippe_2-768x432.jpg 768w, https:\/\/briri.de\/wp-content\/uploads\/2024\/10\/Briri_Maschinenbau_Bawinkel_Guelletechnik_Andockwippe_2-1536x864.jpg 1536w\" sizes=\"auto, (max-width: 450px) 100vw, 450px\" \/>\u010cas jsou pen\u00edze! P\u0159edev\u0161\u00edm v p\u0159\u00edpadech, pokud rozmet\u00e1v\u00e1te velk\u00e9 mno\u017estv\u00ed kejdy, je d\u016fle\u017eit\u00e9, naplnit cisternu na kejdu vhodn\u00fdm zp\u016fsobem. Pokud skladujete kejdu ve v\u00fd\u0161kov\u00fdch n\u00e1dr\u017e\u00edch, p\u0159ijde v\u00e1m vhod na\u0161e BRIRI p\u0159ipojovac\u00ed vzp\u011bra Dock Star.<\/p>\n<p>Ovl\u00e1d\u00e1n\u00ed vzp\u011bry se prov\u00e1d\u00ed pohodln\u011b pomoc\u00ed d\u00e1lkov\u00e9ho ovl\u00e1d\u00e1n\u00ed p\u0159\u00edmo z kabiny traktoru. D\u00edky v\u00fdkyvn\u00e9mu zav\u011b\u0161en\u00ed nen\u00ed nutn\u00e9 poj\u00ed\u017ed\u011bn\u00ed pro p\u0159esn\u00e9 nastaven\u00ed. Senzor um\u00edst\u011bn\u00fd v n\u00e1levce zabra\u0148uje necht\u011bn\u00e9mu otev\u0159en\u00ed posunova\u010de. Polohu posunova\u010de ukazuje sign\u00e1ln\u00ed semafor, um\u00edst\u011bn\u00fd na Dock Star.<\/p>\n<p>P\u0159epravu p\u0159ipojovac\u00ed vzp\u011bry zaji\u0161\u0165uje pohodln\u011b a jednodu\u0161e \u010deln\u00ed hydraulika traktoru.<\/p>\n<p><strong>Technick\u00e9 \u00fadaje \u00a0<\/strong><\/p>\n<ul>\n<li>Sac\u00ed trycht\u00fd\u0159: 8\"<\/li>\n<li>Upevn\u011bn\u00ed sac\u00ed hadice: 8\" rychlospojka syst\u00e9m \"Perrot\"<\/li>\n<li>Max. tlak: 250 bar\u016f<\/li>\n<li>Nap\u00e1jec\u00ed nap\u011bt\u00ed: 12V<\/li>\n<li>V\u00fdkon: 1,7 kW<\/li>\n<li>Upnut\u00ed traktoru: KAT 2<\/li>\n<li>D\u00e9lka: cca 1 200 mm (m\u011b\u0159eno od spodn\u00ed ojnice)<\/li>\n<li>V\u00fd\u0161ka: cca 1\u00a0400 mm<\/li>\n<li>\u0160\u00ed\u0159ka: cca 1\u00a0400 mm<\/li>\n<\/ul>\n<\/div>\n<\/div><\/div><\/div><\/div><\/div><\/div><div id=\"pg-154508-7\"  class=\"panel-grid panel-has-style\" ><div class=\"siteorigin-panels-stretch panel-row-style panel-row-style-for-154508-7\" data-stretch-type=\"full\" ><div id=\"pgc-154508-7-0\"  class=\"panel-grid-cell panel-grid-cell-empty\" ><\/div><\/div><\/div><div id=\"pg-154508-8\"  class=\"panel-grid panel-has-style\" ><div class=\"siteorigin-panels-stretch panel-row-style panel-row-style-for-154508-8\" data-stretch-type=\"full\" ><div id=\"pgc-154508-8-0\"  class=\"panel-grid-cell\" ><div id=\"panel-154508-8-0-0\" class=\"so-panel widget widget_sow-editor panel-first-child panel-last-child\" data-index=\"6\" ><div class=\"contentrow panel-widget-style panel-widget-style-for-154508-8-0-0\" ><div\n\t\t\t\n\t\t\tclass=\"so-widget-sow-editor so-widget-sow-editor-base\"\n\t\t\t\n\t\t>\n<div class=\"siteorigin-widget-tinymce textwidget\">\n\t<h2>BRIRI sac\u00ed rameno | Trunk Star<\/h2>\n<p><img loading=\"lazy\" decoding=\"async\" class=\"wp-image-3741 alignright\" src=\"https:\/\/briri.de\/wp-content\/uploads\/2024\/10\/Briri_Maschinenbau_Guelletechnik_Field-Line_Slider-2.jpg\" alt=\"\" width=\"450\" height=\"253\" srcset=\"https:\/\/briri.de\/wp-content\/uploads\/2024\/10\/Briri_Maschinenbau_Guelletechnik_Field-Line_Slider-2.jpg 1920w, https:\/\/briri.de\/wp-content\/uploads\/2024\/10\/Briri_Maschinenbau_Guelletechnik_Field-Line_Slider-2-300x169.jpg 300w, https:\/\/briri.de\/wp-content\/uploads\/2024\/10\/Briri_Maschinenbau_Guelletechnik_Field-Line_Slider-2-1024x576.jpg 1024w, https:\/\/briri.de\/wp-content\/uploads\/2024\/10\/Briri_Maschinenbau_Guelletechnik_Field-Line_Slider-2-768x432.jpg 768w, https:\/\/briri.de\/wp-content\/uploads\/2024\/10\/Briri_Maschinenbau_Guelletechnik_Field-Line_Slider-2-1536x864.jpg 1536w\" sizes=\"auto, (max-width: 450px) 100vw, 450px\" \/><\/p>\n<p>Chcete plnit cisternu na kejdu p\u0159\u00edmo na poli? Na\u0161e p\u0159edn\u00ed sac\u00ed rameno BRIRI zajist\u00ed rychl\u00e9 a snadn\u00e9 nas\u00e1v\u00e1n\u00ed p\u0159\u00edmo z podava\u010de nebo poln\u00edho p\u0159epravn\u00edku. Sac\u00ed rameno se p\u0159ipoj\u00ed do \u010deln\u00ed hydrauliky traktoru a lze ho ot\u00e1\u010det hydraulickou silou. Trubka, kudy se kejda p\u0159epravuje, vede nad st\u0159echou kabiny traktoru.<\/p>\n<p>Do p\u0159\u00edpojn\u00e9ho ramene je v s\u00e9riov\u00e9 produkci BRIRI integrov\u00e1no turbo plnic\u00ed za\u0159\u00edzen\u00ed, kter\u00e9 umo\u017e\u0148uje pln\u011bn\u00ed kejdy trubkou do n\u00e1dr\u017ee se stejn\u00fdm tlakem. P\u0159epl\u0148ov\u00e1n\u00ed kejdy za tmy je tak\u00e9 zcela bez probl\u00e9m\u016f. Z d\u016fvodu lep\u0161\u00edho osv\u011btlen\u00ed, je mo\u017en\u00e9 instalovat na p\u0159\u00edpojn\u00e9 rameno p\u0159\u00eddavn\u00e9 osv\u011btlen\u00ed nebo pracovn\u00ed sv\u011btlomet.<\/p>\n<p><strong>Technick\u00e9 \u00fadaje:<\/strong><\/p>\n<ul>\n<li>P\u0159\u00edpojn\u00e9 rameno: 8\"<\/li>\n<li>Upevn\u011bn\u00ed sac\u00ed hadice: 6\" rychlospojka syst\u00e9m \"Perrot\"<\/li>\n<li>Technika pln\u011bn\u00ed: 10\" turbo plnic\u00ed za\u0159\u00edzen\u00ed<\/li>\n<li>Upnut\u00ed traktoru: KAT 2<\/li>\n<li>D\u00e9lka: cca 900 mm (m\u011b\u0159eno od spodn\u00ed ojnice)<\/li>\n<li>V\u00fd\u0161ka: cca 3\u00a0500 mm<\/li>\n<li>\u0160\u00ed\u0159ka: cca 2\u00a0300 mm<\/li>\n<\/ul>\n<\/div>\n<\/div><\/div><\/div><\/div><\/div><\/div><div id=\"pg-154508-9\"  class=\"panel-grid panel-has-style\" ><div class=\"siteorigin-panels-stretch panel-row-style panel-row-style-for-154508-9\" data-stretch-type=\"full\" ><div id=\"pgc-154508-9-0\"  class=\"panel-grid-cell\" ><div id=\"panel-154508-9-0-0\" class=\"so-panel widget widget_sow-editor panel-first-child panel-last-child\" data-index=\"7\" ><div class=\"panel-widget-style panel-widget-style-for-154508-9-0-0\" ><div\n\t\t\t\n\t\t\tclass=\"so-widget-sow-editor so-widget-sow-editor-base\"\n\t\t\t\n\t\t>\n<div class=\"siteorigin-widget-tinymce textwidget\">\n\t<\/div>\n<\/div><\/div><\/div><\/div><\/div><\/div><\/div>","protected":false},"excerpt":{"rendered":"<p>BTechnika pln\u011bn\u00ed | Rychl\u00e9 a pohodln\u00e9 pln\u011bn\u00ed<\/p>\n","protected":false},"author":1,"featured_media":0,"parent":0,"menu_order":0,"comment_status":"closed","ping_status":"closed","template":"","meta":{"inline_featured_image":false,"footnotes":""},"class_list":["post-154508","page","type-page","status-publish","hentry","post"],"_links":{"self":[{"href":"https:\/\/briri.de\/cs\/wp-json\/wp\/v2\/pages\/154508","targetHints":{"allow":["GET"]}}],"collection":[{"href":"https:\/\/briri.de\/cs\/wp-json\/wp\/v2\/pages"}],"about":[{"href":"https:\/\/briri.de\/cs\/wp-json\/wp\/v2\/types\/page"}],"author":[{"embeddable":true,"href":"https:\/\/briri.de\/cs\/wp-json\/wp\/v2\/users\/1"}],"replies":[{"embeddable":true,"href":"https:\/\/briri.de\/cs\/wp-json\/wp\/v2\/comments?post=154508"}],"version-history":[{"count":0,"href":"https:\/\/briri.de\/cs\/wp-json\/wp\/v2\/pages\/154508\/revisions"}],"wp:attachment":[{"href":"https:\/\/briri.de\/cs\/wp-json\/wp\/v2\/media?parent=154508"}],"curies":[{"name":"wp","href":"https:\/\/api.w.org\/{rel}","templated":true}]}}