{"id":154444,"date":"2025-07-08T10:43:19","date_gmt":"2025-07-08T08:43:19","guid":{"rendered":"https:\/\/briri.de\/?page_id=154444"},"modified":"2025-07-09T12:06:32","modified_gmt":"2025-07-09T10:06:32","slug":"streutechnik","status":"publish","type":"page","link":"https:\/\/briri.de\/cs\/streutechnik\/","title":{"rendered":"Streutechnik"},"content":{"rendered":"<div id=\"pl-154444\"  class=\"panel-layout\" ><div id=\"pg-154444-0\"  class=\"panel-grid panel-has-style\" ><div class=\"siteorigin-panels-stretch panel-row-style panel-row-style-for-154444-0\" data-stretch-type=\"full-width-stretch\" ><div id=\"pgc-154444-0-0\"  class=\"panel-grid-cell\" ><div id=\"panel-154444-0-0-0\" class=\"so-panel widget widget_sow-hero panel-first-child panel-last-child\" data-index=\"0\" ><div\n\t\t\t\n\t\t\tclass=\"so-widget-sow-hero so-widget-sow-hero-default-30e74c897c04-154444 so-widget-fittext-wrapper\"\n\t\t\t data-fit-text-compressor=\"0.75\"\n\t\t>\t\t\t\t<div class=\"sow-slider-base\" style=\"display: none\" tabindex=\"0\">\n\t\t\t\t\t<ul\n\t\t\t\t\tclass=\"sow-slider-images\"\n\t\t\t\t\tdata-settings=\"{&quot;pagination&quot;:true,&quot;speed&quot;:800,&quot;timeout&quot;:8000,&quot;paused&quot;:false,&quot;pause_on_hover&quot;:false,&quot;swipe&quot;:true,&quot;nav_always_show_desktop&quot;:&quot;&quot;,&quot;nav_always_show_mobile&quot;:&quot;&quot;,&quot;breakpoint&quot;:&quot;780px&quot;,&quot;unmute&quot;:false,&quot;anchor&quot;:null}\"\n\t\t\t\t\tstyle=\"min-height: 800px\"\t\t\t\t\tdata-anchor-id=\"\"\n\t\t\t\t>\t\t<li class=\"sow-slider-image  sow-slider-image-cover\" style=\"visibility: visible;;background-color: #000000\" >\n\t\t\t\t\t<div class=\"sow-slider-image-container\">\n\t\t\t<div class=\"sow-slider-image-wrapper\">\n\t\t\t\t\t\t\t<\/div>\n\t\t<\/div>\n\t\t<div class=\"sow-slider-image-overlay sow-slider-image-cover\" style=\"opacity: 0.87;background-image: url(https:\/\/briri.de\/wp-content\/uploads\/2024\/11\/streutechnik-img.jpg)\"  ><\/div>\t\t<\/li>\n\t\t<\/ul>\t\t\t\t<ol class=\"sow-slider-pagination\">\n\t\t\t\t\t\t\t\t\t\t\t<li><a href=\"#\" data-goto=\"0\" aria-label=\"Display slide 1\"><\/a><\/li>\n\t\t\t\t\t\t\t\t\t<\/ol>\n\n\t\t\t\t<div class=\"sow-slide-nav sow-slide-nav-next\">\n\t\t\t\t\t<a href=\"#\" data-goto=\"next\" aria-label=\"Next slide\" data-action=\"next\">\n\t\t\t\t\t\t<em class=\"sow-sld-icon-thin-right\"><\/em>\n\t\t\t\t\t<\/a>\n\t\t\t\t<\/div>\n\n\t\t\t\t<div class=\"sow-slide-nav sow-slide-nav-prev\">\n\t\t\t\t\t<a href=\"#\" data-goto=\"previous\" aria-label=\"Previous slide\" data-action=\"prev\">\n\t\t\t\t\t\t<em class=\"sow-sld-icon-thin-left\"><\/em>\n\t\t\t\t\t<\/a>\n\t\t\t\t<\/div>\n\t\t\t\t<\/div><\/div><\/div><\/div><\/div><\/div><div id=\"pg-154444-1\"  class=\"panel-grid panel-has-style\" ><div class=\"pr-headline-red siteorigin-panels-stretch panel-row-style panel-row-style-for-154444-1\" data-stretch-type=\"full\" ><div id=\"pgc-154444-1-0\"  class=\"panel-grid-cell\" ><div id=\"panel-154444-1-0-0\" class=\"so-panel widget widget_sow-editor panel-first-child panel-last-child\" data-index=\"1\" ><div class=\"product_headline panel-widget-style panel-widget-style-for-154444-1-0-0\" ><div\n\t\t\t\n\t\t\tclass=\"so-widget-sow-editor so-widget-sow-editor-base\"\n\t\t\t\n\t\t>\n<div class=\"siteorigin-widget-tinymce textwidget\">\n\t<p><img loading=\"lazy\" decoding=\"async\" class=\"size-large wp-image-1023 alignnone\" src=\"https:\/\/briri.de\/wp-content\/uploads\/2024\/10\/streu.svg\" alt=\"\" width=\"1024\" height=\"563\" \/><\/p>\n<\/div>\n<\/div><\/div><\/div><\/div><div id=\"pgc-154444-1-1\"  class=\"panel-grid-cell\" ><div id=\"panel-154444-1-1-0\" class=\"so-panel widget widget_sow-editor panel-first-child panel-last-child\" data-index=\"2\" ><div class=\"product_headline panel-widget-style panel-widget-style-for-154444-1-1-0\" ><div\n\t\t\t\n\t\t\tclass=\"so-widget-sow-editor so-widget-sow-editor-base\"\n\t\t\t\n\t\t>\n<div class=\"siteorigin-widget-tinymce textwidget\">\n\t<h1><em>BRIRI<\/em> | <strong>Technologie rozmet\u00e1v\u00e1n\u00ed<\/strong><\/h1>\n<\/div>\n<\/div><\/div><\/div><\/div><\/div><\/div><div id=\"pg-154444-2\"  class=\"panel-grid panel-has-style\" ><div class=\"siteorigin-panels-stretch panel-row-style panel-row-style-for-154444-2\" data-stretch-type=\"full\" ><div id=\"pgc-154444-2-0\"  class=\"panel-grid-cell\" ><div id=\"panel-154444-2-0-0\" class=\"so-panel widget widget_sow-editor panel-first-child panel-last-child\" data-index=\"3\" ><div class=\"contentrow panel-widget-style panel-widget-style-for-154444-2-0-0\" ><div\n\t\t\t\n\t\t\tclass=\"so-widget-sow-editor so-widget-sow-editor-base\"\n\t\t\t\n\t\t>\n<div class=\"siteorigin-widget-tinymce textwidget\">\n\t<h2>Rozmetadla hnojiva | Efektivn\u00ed rozmet\u00e1v\u00e1n\u00ed tuh\u00e9ho hnoje<\/h2>\n<p>Ka\u017ed\u00fd, kdo se nam\u00edsto rozmet\u00e1v\u00e1n\u00ed kapaln\u00e9ho hnojiva rozhodne pro rozmet\u00e1v\u00e1n\u00ed pevn\u00e9ho hnojiva, je u spole\u010dnosti BRIRI na spr\u00e1vn\u00e9 adrese. D\u00edky sv\u00e9 robustn\u00ed, jakostn\u00ed r\u00e1mov\u00e9 konstrukci a stabiln\u00edm n\u00e1prav\u00e1m, v kombinaci s propracovan\u00fdmi rozmetac\u00edmi mechanismy, jsou tato rozmetadla univerz\u00e1ln\u00edmi pomocn\u00edky na ka\u017ed\u00e9m poli. Spole\u010dnost BRIRI v\u00e1m nab\u00edz\u00ed d\u00edky funkc\u00edm Manure Instructor (d\u0159\u00edve \u0159ada E), Manure Director a \u0159ad\u011b UTS inovativn\u00ed vozidla s jedine\u010dnou kvalitou rozmet\u00e1v\u00e1n\u00ed t\u00e9 nejvy\u0161\u0161\u00ed mo\u017en\u00e9 p\u0159esnosti.<\/p>\n<\/div>\n<\/div><\/div><\/div><\/div><\/div><\/div><div id=\"pg-154444-3\"  class=\"panel-grid panel-has-style\" ><div class=\"siteorigin-panels-stretch panel-row-style panel-row-style-for-154444-3\" data-stretch-type=\"full\" ><div id=\"pgc-154444-3-0\"  class=\"panel-grid-cell\" ><div class=\"panel-cell-style panel-cell-style-for-154444-3-0\" ><div id=\"panel-154444-3-0-0\" class=\"so-panel widget widget_sow-editor panel-first-child\" data-index=\"4\" ><div class=\"productrow panel-widget-style panel-widget-style-for-154444-3-0-0\" ><div\n\t\t\t\n\t\t\tclass=\"so-widget-sow-editor so-widget-sow-editor-base\"\n\t\t\t\n\t\t>\n<div class=\"siteorigin-widget-tinymce textwidget\">\n\t<h2 style=\"text-align: center;\">Manure Instructor<\/h2>\n<p style=\"text-align: center;\"><img loading=\"lazy\" decoding=\"async\" class=\"alignnone size-full wp-image-3793\" src=\"https:\/\/briri.de\/wp-content\/uploads\/2024\/10\/manure-instructor-1-1.jpg\" alt=\"\" width=\"1600\" height=\"900\" srcset=\"https:\/\/briri.de\/wp-content\/uploads\/2024\/10\/manure-instructor-1-1.jpg 1600w, https:\/\/briri.de\/wp-content\/uploads\/2024\/10\/manure-instructor-1-1-300x169.jpg 300w, https:\/\/briri.de\/wp-content\/uploads\/2024\/10\/manure-instructor-1-1-1024x576.jpg 1024w, https:\/\/briri.de\/wp-content\/uploads\/2024\/10\/manure-instructor-1-1-768x432.jpg 768w, https:\/\/briri.de\/wp-content\/uploads\/2024\/10\/manure-instructor-1-1-1536x864.jpg 1536w\" sizes=\"auto, (max-width: 1600px) 100vw, 1600px\" \/><\/p>\n<\/div>\n<\/div><\/div><\/div><div id=\"panel-154444-3-0-1\" class=\"so-panel widget widget_sow-button\" data-index=\"5\" ><div\n\t\t\t\n\t\t\tclass=\"so-widget-sow-button so-widget-sow-button-flat-02ea08d1807c-154444\"\n\t\t\t\n\t\t><div class=\"ow-button-base ow-button-align-center\"\n>\n\t\t\t<a\n\t\t\t\t\thref=\"https:\/\/briri.de\/manure-instructor\/\"\n\t\t\t\t\tclass=\"sowb-button ow-icon-placement-left ow-button-hover\" \t>\n\t\t<span>\n\t\t\t\n\t\t\tManure Instructor &gt;&gt;&gt;\t\t<\/span>\n\t\t\t<\/a>\n\t<\/div>\n<\/div><\/div><div id=\"panel-154444-3-0-2\" class=\"so-panel widget widget_sow-editor panel-last-child\" data-index=\"6\" ><div class=\"productrow panel-widget-style panel-widget-style-for-154444-3-0-2\" ><div\n\t\t\t\n\t\t\tclass=\"so-widget-sow-editor so-widget-sow-editor-base\"\n\t\t\t\n\t\t>\n<div class=\"siteorigin-widget-tinymce textwidget\">\n\t<p style=\"text-align: center;\"><strong>Hlavn\u00ed p\u0159ednosti<\/strong><\/p>\n<ul>\n<li>Horn\u00ed zav\u011b\u0161en\u00ed<\/li>\n<li>Hydraulick\u00fd posuv \u0161krab\u00e1kov\u00e9 podlahy dop\u0159edu a dozadu<\/li>\n<li>Hydraulick\u00e1 ochrana rozst\u0159ikovac\u00edho v\u00e1lce<\/li>\n<li>Z\u00e1kladn\u00ed r\u00e1m pozinkovan\u00fd v ohni<\/li>\n<li>N\u00e1b\u011b\u017en\u00e1 brzda nebo vzduchov\u00e1 brzdov\u00e1 soustava<\/li>\n<\/ul>\n<\/div>\n<\/div><a href=\"https:\/\/briri.de\/produkte\/streutechnik\/manure-instructor\/\" class=\"so-premium-link-overlay\">&nbsp;<\/a><\/div><\/div><\/div><\/div><div id=\"pgc-154444-3-1\"  class=\"panel-grid-cell\" ><div class=\"panel-cell-style panel-cell-style-for-154444-3-1\" ><div id=\"panel-154444-3-1-0\" class=\"so-panel widget widget_sow-editor panel-first-child\" data-index=\"7\" ><div class=\"productrow panel-widget-style panel-widget-style-for-154444-3-1-0\" ><div\n\t\t\t\n\t\t\tclass=\"so-widget-sow-editor so-widget-sow-editor-base\"\n\t\t\t\n\t\t>\n<div class=\"siteorigin-widget-tinymce textwidget\">\n\t<h2 style=\"text-align: center;\">Manure Director<\/h2>\n<p style=\"text-align: center;\"><img loading=\"lazy\" decoding=\"async\" class=\"alignnone size-full wp-image-1030\" src=\"https:\/\/briri.de\/wp-content\/uploads\/2024\/10\/manure-director-6.jpg\" alt=\"\" width=\"1600\" height=\"900\" srcset=\"https:\/\/briri.de\/wp-content\/uploads\/2024\/10\/manure-director-6.jpg 1600w, https:\/\/briri.de\/wp-content\/uploads\/2024\/10\/manure-director-6-300x169.jpg 300w, https:\/\/briri.de\/wp-content\/uploads\/2024\/10\/manure-director-6-1024x576.jpg 1024w, https:\/\/briri.de\/wp-content\/uploads\/2024\/10\/manure-director-6-768x432.jpg 768w, https:\/\/briri.de\/wp-content\/uploads\/2024\/10\/manure-director-6-1536x864.jpg 1536w\" sizes=\"auto, (max-width: 1600px) 100vw, 1600px\" \/><\/p>\n<\/div>\n<\/div><\/div><\/div><div id=\"panel-154444-3-1-1\" class=\"so-panel widget widget_sow-button\" data-index=\"8\" ><div\n\t\t\t\n\t\t\tclass=\"so-widget-sow-button so-widget-sow-button-flat-02ea08d1807c-154444\"\n\t\t\t\n\t\t><div class=\"ow-button-base ow-button-align-center\"\n>\n\t\t\t<a\n\t\t\t\t\thref=\"https:\/\/briri.de\/manure-director\/\"\n\t\t\t\t\tclass=\"sowb-button ow-icon-placement-left ow-button-hover\" \t>\n\t\t<span>\n\t\t\t\n\t\t\tManure Director &gt;&gt;&gt;\t\t<\/span>\n\t\t\t<\/a>\n\t<\/div>\n<\/div><\/div><div id=\"panel-154444-3-1-2\" class=\"so-panel widget widget_sow-editor panel-last-child\" data-index=\"9\" ><div class=\"productrow panel-widget-style panel-widget-style-for-154444-3-1-2\" ><div\n\t\t\t\n\t\t\tclass=\"so-widget-sow-editor so-widget-sow-editor-base\"\n\t\t\t\n\t\t>\n<div class=\"siteorigin-widget-tinymce textwidget\">\n\t<p style=\"text-align: center;\"><strong>Hlavn\u00ed p\u0159ednosti<\/strong><\/p>\n<ul>\n<li>Spodn\u00ed zav\u011b\u0161en\u00ed K80<\/li>\n<li>Hydraulick\u00fd posuv \u0161krab\u00e1kov\u00e9 podlahy dop\u0159edu a dozadu<\/li>\n<li>Hydraulick\u00e1 ochrana rozst\u0159ikovac\u00edho v\u00e1lce<\/li>\n<li>\u0160irok\u00e9 rozmetac\u00ed \u00fastroj\u00ed s pracovn\u00edm rozsahem do 25 m<\/li>\n<li>KTL a v barv\u011b UNI RAL 6002 pr\u00e1\u0161kovan\u00e1 korba<\/li>\n<li>Vzduchov\u00e1 brzdov\u00e1 soustava<\/li>\n<\/ul>\n<\/div>\n<\/div><a href=\"https:\/\/briri.de\/produkte\/streutechnik\/manure-director\/\" class=\"so-premium-link-overlay\">&nbsp;<\/a><\/div><\/div><\/div><\/div><\/div><\/div><div id=\"pg-154444-4\"  class=\"panel-grid panel-has-style\" ><div class=\"siteorigin-panels-stretch panel-row-style panel-row-style-for-154444-4\" data-stretch-type=\"full\" ><div id=\"pgc-154444-4-0\"  class=\"panel-grid-cell\" ><div class=\"panel-cell-style panel-cell-style-for-154444-4-0\" ><div id=\"panel-154444-4-0-0\" class=\"so-panel widget widget_sow-editor panel-first-child\" data-index=\"10\" ><div class=\"productrow panel-widget-style panel-widget-style-for-154444-4-0-0\" ><div\n\t\t\t\n\t\t\tclass=\"so-widget-sow-editor so-widget-sow-editor-base\"\n\t\t\t\n\t\t>\n<div class=\"siteorigin-widget-tinymce textwidget\">\n\t<h2 style=\"text-align: center;\">UTS<\/h2>\n<p style=\"text-align: center;\"><img loading=\"lazy\" decoding=\"async\" class=\"alignnone size-full wp-image-1041\" src=\"https:\/\/briri.de\/wp-content\/uploads\/2024\/10\/uts-2.jpg\" alt=\"\" width=\"1600\" height=\"900\" srcset=\"https:\/\/briri.de\/wp-content\/uploads\/2024\/10\/uts-2.jpg 1600w, https:\/\/briri.de\/wp-content\/uploads\/2024\/10\/uts-2-300x169.jpg 300w, https:\/\/briri.de\/wp-content\/uploads\/2024\/10\/uts-2-1024x576.jpg 1024w, https:\/\/briri.de\/wp-content\/uploads\/2024\/10\/uts-2-768x432.jpg 768w, https:\/\/briri.de\/wp-content\/uploads\/2024\/10\/uts-2-1536x864.jpg 1536w\" sizes=\"auto, (max-width: 1600px) 100vw, 1600px\" \/><\/p>\n<\/div>\n<\/div><\/div><\/div><div id=\"panel-154444-4-0-1\" class=\"so-panel widget widget_sow-button\" data-index=\"11\" ><div\n\t\t\t\n\t\t\tclass=\"so-widget-sow-button so-widget-sow-button-flat-02ea08d1807c-154444\"\n\t\t\t\n\t\t><div class=\"ow-button-base ow-button-align-center\"\n>\n\t\t\t<a\n\t\t\t\t\thref=\"https:\/\/briri.de\/uts-serie\/\"\n\t\t\t\t\tclass=\"sowb-button ow-icon-placement-left ow-button-hover\" \t>\n\t\t<span>\n\t\t\t\n\t\t\t\u0158ada UTS &gt;&gt;&gt;\t\t<\/span>\n\t\t\t<\/a>\n\t<\/div>\n<\/div><\/div><div id=\"panel-154444-4-0-2\" class=\"so-panel widget widget_sow-editor panel-last-child\" data-index=\"12\" ><div class=\"productrow panel-widget-style panel-widget-style-for-154444-4-0-2\" ><div\n\t\t\t\n\t\t\tclass=\"so-widget-sow-editor so-widget-sow-editor-base\"\n\t\t\t\n\t\t>\n<div class=\"siteorigin-widget-tinymce textwidget\">\n\t<p style=\"text-align: center;\"><strong>Hlavn\u00ed p\u0159ednosti<\/strong><\/p>\n<ul>\n<li>Horn\u00ed zav\u011b\u0161en\u00ed<\/li>\n<li>Hydraulick\u00fd posuv \u0161krab\u00e1kov\u00e9 podlahy dop\u0159edu a dozadu<\/li>\n<li>Hydraulick\u00e1 ochrana rozst\u0159ikovac\u00edho v\u00e1lce<\/li>\n<li>Z\u00e1kladn\u00ed r\u00e1m pozinkovan\u00fd v ohni<\/li>\n<li>N\u00e1b\u011b\u017en\u00e1 brzda nebo vzduchov\u00e1 brzdov\u00e1 soustava<\/li>\n<\/ul>\n<\/div>\n<\/div><a href=\"https:\/\/briri.de\/produkte\/streutechnik\/uts-serie\/\" class=\"so-premium-link-overlay\">&nbsp;<\/a><\/div><\/div><\/div><\/div><div id=\"pgc-154444-4-1\"  class=\"panel-grid-cell\" ><div class=\"panel-cell-style panel-cell-style-for-154444-4-1\" ><div id=\"panel-154444-4-1-0\" class=\"so-panel widget widget_sow-editor panel-first-child\" data-index=\"13\" ><div class=\"productrow panel-widget-style panel-widget-style-for-154444-4-1-0\" ><div\n\t\t\t\n\t\t\tclass=\"so-widget-sow-editor so-widget-sow-editor-base\"\n\t\t\t\n\t\t>\n<div class=\"siteorigin-widget-tinymce textwidget\">\n\t<h2 style=\"text-align: center;\">Manure Professor<\/h2>\n<p style=\"text-align: center;\"><img loading=\"lazy\" decoding=\"async\" class=\"alignnone size-full wp-image-3795\" src=\"https:\/\/briri.de\/wp-content\/uploads\/2024\/10\/manure-professor-5.jpg\" alt=\"\" width=\"1600\" height=\"900\" srcset=\"https:\/\/briri.de\/wp-content\/uploads\/2024\/10\/manure-professor-5.jpg 1600w, https:\/\/briri.de\/wp-content\/uploads\/2024\/10\/manure-professor-5-300x169.jpg 300w, https:\/\/briri.de\/wp-content\/uploads\/2024\/10\/manure-professor-5-1024x576.jpg 1024w, https:\/\/briri.de\/wp-content\/uploads\/2024\/10\/manure-professor-5-768x432.jpg 768w, https:\/\/briri.de\/wp-content\/uploads\/2024\/10\/manure-professor-5-1536x864.jpg 1536w\" sizes=\"auto, (max-width: 1600px) 100vw, 1600px\" \/><\/p>\n<\/div>\n<\/div><\/div><\/div><div id=\"panel-154444-4-1-1\" class=\"so-panel widget widget_sow-button\" data-index=\"14\" ><div\n\t\t\t\n\t\t\tclass=\"so-widget-sow-button so-widget-sow-button-flat-02ea08d1807c-154444\"\n\t\t\t\n\t\t><div class=\"ow-button-base ow-button-align-center\"\n>\n\t\t\t<a\n\t\t\t\t\thref=\"https:\/\/briri.de\/manure-professor\/\"\n\t\t\t\t\tclass=\"sowb-button ow-icon-placement-left ow-button-hover\" \t>\n\t\t<span>\n\t\t\t\n\t\t\tManure Professor &gt;&gt;&gt;\t\t<\/span>\n\t\t\t<\/a>\n\t<\/div>\n<\/div><\/div><div id=\"panel-154444-4-1-2\" class=\"so-panel widget widget_sow-editor panel-last-child\" data-index=\"15\" ><div class=\"productrow panel-widget-style panel-widget-style-for-154444-4-1-2\" ><div\n\t\t\t\n\t\t\tclass=\"so-widget-sow-editor so-widget-sow-editor-base\"\n\t\t\t\n\t\t>\n<div class=\"siteorigin-widget-tinymce textwidget\">\n\t<p style=\"text-align: center;\"><strong>Hlavn\u00ed p\u0159ednosti<\/strong><\/p>\n<ul>\n<li>Spodn\u00ed zav\u011b\u0161en\u00ed K80<\/li>\n<li>Hydraulick\u00fd posuv \u0161krab\u00e1kov\u00e9 podlahy dop\u0159edu a dozadu<\/li>\n<li>Hydraulick\u00e1 v\u00fdklopn\u00e1 z\u00e1\u010f<\/li>\n<li>\u0160irok\u00e9 rozmetac\u00ed \u00fastroj\u00ed s pracovn\u00edm rozsahem do 28 m<\/li>\n<li>KTL a v barv\u011b UNI RAL 6002 pr\u00e1\u0161kovan\u00e1 korba<\/li>\n<li>Vzduchov\u00e1 brzdov\u00e1 soustava<\/li>\n<li>Kardanov\u00fd p\u0159evod rozmetac\u00edho \u00fastroj\u00ed<\/li>\n<li>Hydraulick\u00fd podvozek<\/li>\n<\/ul>\n<\/div>\n<\/div><a href=\"https:\/\/briri.de\/produkte\/streutechnik\/manure-professor\/\" class=\"so-premium-link-overlay\">&nbsp;<\/a><\/div><\/div><\/div><\/div><\/div><\/div><\/div>","protected":false},"excerpt":{"rendered":"<p>BRIRI | Technologie rozmet\u00e1v\u00e1n\u00ed<\/p>\n","protected":false},"author":1,"featured_media":0,"parent":0,"menu_order":0,"comment_status":"closed","ping_status":"closed","template":"","meta":{"inline_featured_image":false,"footnotes":""},"class_list":["post-154444","page","type-page","status-publish","hentry","post"],"_links":{"self":[{"href":"https:\/\/briri.de\/cs\/wp-json\/wp\/v2\/pages\/154444","targetHints":{"allow":["GET"]}}],"collection":[{"href":"https:\/\/briri.de\/cs\/wp-json\/wp\/v2\/pages"}],"about":[{"href":"https:\/\/briri.de\/cs\/wp-json\/wp\/v2\/types\/page"}],"author":[{"embeddable":true,"href":"https:\/\/briri.de\/cs\/wp-json\/wp\/v2\/users\/1"}],"replies":[{"embeddable":true,"href":"https:\/\/briri.de\/cs\/wp-json\/wp\/v2\/comments?post=154444"}],"version-history":[{"count":0,"href":"https:\/\/briri.de\/cs\/wp-json\/wp\/v2\/pages\/154444\/revisions"}],"wp:attachment":[{"href":"https:\/\/briri.de\/cs\/wp-json\/wp\/v2\/media?parent=154444"}],"curies":[{"name":"wp","href":"https:\/\/api.w.org\/{rel}","templated":true}]}}