{"id":154424,"date":"2025-07-08T08:37:12","date_gmt":"2025-07-08T06:37:12","guid":{"rendered":"https:\/\/briri.de\/?page_id=154424"},"modified":"2026-01-03T19:43:20","modified_gmt":"2026-01-03T18:43:20","slug":"service","status":"publish","type":"page","link":"https:\/\/briri.de\/cs\/service\/","title":{"rendered":"Service"},"content":{"rendered":"<div id=\"pl-154424\"  class=\"panel-layout\" ><div id=\"pg-154424-0\"  class=\"panel-grid panel-has-style\" ><div class=\"siteorigin-panels-stretch panel-row-style panel-row-style-for-154424-0\" data-stretch-type=\"full-width-stretch\" ><div id=\"pgc-154424-0-0\"  class=\"panel-grid-cell\" ><div id=\"panel-154424-0-0-0\" class=\"so-panel widget widget_sow-hero panel-first-child panel-last-child\" data-index=\"0\" ><div\n\t\t\t\n\t\t\tclass=\"so-widget-sow-hero so-widget-sow-hero-default-30e74c897c04-154424 so-widget-fittext-wrapper\"\n\t\t\t data-fit-text-compressor=\"0.75\"\n\t\t>\t\t\t\t<div class=\"sow-slider-base\" style=\"display: none\" tabindex=\"0\">\n\t\t\t\t\t<ul\n\t\t\t\t\tclass=\"sow-slider-images\"\n\t\t\t\t\tdata-settings=\"{&quot;pagination&quot;:true,&quot;speed&quot;:800,&quot;timeout&quot;:8000,&quot;paused&quot;:false,&quot;pause_on_hover&quot;:false,&quot;swipe&quot;:true,&quot;nav_always_show_desktop&quot;:&quot;&quot;,&quot;nav_always_show_mobile&quot;:&quot;&quot;,&quot;breakpoint&quot;:&quot;780px&quot;,&quot;unmute&quot;:false,&quot;anchor&quot;:null}\"\n\t\t\t\t\tstyle=\"min-height: 800px\"\t\t\t\t\tdata-anchor-id=\"\"\n\t\t\t\t>\t\t<li class=\"sow-slider-image  sow-slider-image-cover\" style=\"visibility: visible;;background-color: #000000\" >\n\t\t\t\t\t<div class=\"sow-slider-image-container\">\n\t\t\t<div class=\"sow-slider-image-wrapper\">\n\t\t\t\t\t\t\t<\/div>\n\t\t<\/div>\n\t\t<div class=\"sow-slider-image-overlay sow-slider-image-cover\" style=\"opacity: 0.87;background-image: url(https:\/\/briri.de\/wp-content\/uploads\/2024\/08\/Briri_Maschinenbau_Bawinkel_Unternehmen_Werksbesichtigung_1.jpg)\"  ><\/div>\t\t<\/li>\n\t\t<\/ul>\t\t\t\t<ol class=\"sow-slider-pagination\">\n\t\t\t\t\t\t\t\t\t\t\t<li><a href=\"#\" data-goto=\"0\" aria-label=\"Display slide 1\"><\/a><\/li>\n\t\t\t\t\t\t\t\t\t<\/ol>\n\n\t\t\t\t<div class=\"sow-slide-nav sow-slide-nav-next\">\n\t\t\t\t\t<a href=\"#\" data-goto=\"next\" aria-label=\"Next slide\" data-action=\"next\">\n\t\t\t\t\t\t<em class=\"sow-sld-icon-thin-right\"><\/em>\n\t\t\t\t\t<\/a>\n\t\t\t\t<\/div>\n\n\t\t\t\t<div class=\"sow-slide-nav sow-slide-nav-prev\">\n\t\t\t\t\t<a href=\"#\" data-goto=\"previous\" aria-label=\"Previous slide\" data-action=\"prev\">\n\t\t\t\t\t\t<em class=\"sow-sld-icon-thin-left\"><\/em>\n\t\t\t\t\t<\/a>\n\t\t\t\t<\/div>\n\t\t\t\t<\/div><\/div><\/div><\/div><\/div><\/div><div id=\"pg-154424-1\"  class=\"panel-grid panel-has-style\" ><div class=\"pr-headline-red siteorigin-panels-stretch panel-row-style panel-row-style-for-154424-1\" data-stretch-type=\"full\" ><div id=\"pgc-154424-1-0\"  class=\"panel-grid-cell\" ><div id=\"panel-154424-1-0-0\" class=\"so-panel widget widget_sow-editor panel-first-child panel-last-child\" data-index=\"1\" ><div class=\"product_headline panel-widget-style panel-widget-style-for-154424-1-0-0\" ><div\n\t\t\t\n\t\t\tclass=\"so-widget-sow-editor so-widget-sow-editor-base\"\n\t\t\t\n\t\t>\n<div class=\"siteorigin-widget-tinymce textwidget\">\n\t<p><a href=\"https:\/\/briri.de\/wp-content\/uploads\/2024\/08\/briri-sil-whitesvg.svg\"><img loading=\"lazy\" decoding=\"async\" class=\"alignnone size-full wp-image-787\" src=\"https:\/\/briri.de\/wp-content\/uploads\/2024\/08\/briri-sil-whitesvg.svg\" alt=\"\" width=\"3144\" height=\"917\" \/><\/a><\/p>\n<\/div>\n<\/div><\/div><\/div><\/div><div id=\"pgc-154424-1-1\"  class=\"panel-grid-cell\" ><div id=\"panel-154424-1-1-0\" class=\"so-panel widget widget_sow-editor panel-first-child panel-last-child\" data-index=\"2\" ><div class=\"product_headline panel-widget-style panel-widget-style-for-154424-1-1-0\" ><div\n\t\t\t\n\t\t\tclass=\"so-widget-sow-editor so-widget-sow-editor-base\"\n\t\t\t\n\t\t>\n<div class=\"siteorigin-widget-tinymce textwidget\">\n\t<h1><em>Service BRIRI<\/em> | Service<\/h1>\n<\/div>\n<\/div><\/div><\/div><\/div><\/div><\/div><div id=\"pg-154424-2\"  class=\"panel-grid panel-has-style\" ><div class=\"siteorigin-panels-stretch panel-row-style panel-row-style-for-154424-2\" data-stretch-type=\"full\" ><div id=\"pgc-154424-2-0\"  class=\"panel-grid-cell\" ><div id=\"panel-154424-2-0-0\" class=\"so-panel widget widget_sow-editor panel-first-child panel-last-child\" data-index=\"3\" ><div class=\"contentrow panel-widget-style panel-widget-style-for-154424-2-0-0\" ><div\n\t\t\t\n\t\t\tclass=\"so-widget-sow-editor so-widget-sow-editor-base\"\n\t\t\t\n\t\t>\n<div class=\"siteorigin-widget-tinymce textwidget\">\n\t<h2>Servisn\u00ed hork\u00e1 linka<\/h2>\n<p><a id=\"servicehotline\"><\/a><br \/>\nNa cistern\u011b \u010di na p\u0159epravn\u00edm voze na kejdu se n\u011bco porouchalo. Na\u0161e servisn\u00ed odd\u011blen\u00ed je v\u00e1m k dispozici a poskytne v\u00e1m nezbytn\u00e9 rady a pomoc.<\/p>\n<p><strong>V p\u0159\u00edpad\u011b dotaz\u016f a probl\u00e9m\u016f se obra\u0165te na n\u00e1\u0161 servisn\u00ed t\u00fdm:<\/strong><\/p>\n<p>Pond\u011bl\u00ed a\u017e p\u00e1tek od 7:00 do 16:00 hodin<\/p>\n<p>Phone.: +49(0)5963\/9401-222<br \/>\nMobil: +49(0)159\/04168748<\/p>\n<p>E-mail: service@briri.de<\/p>\n<p><strong>P\u0159i vol\u00e1n\u00ed m\u011bjte pros\u00edm k dispozici \u010d\u00edslo podvozku a rok v\u00fdroby va\u0161eho vozidla!<\/strong><\/p>\n<p><strong>P\u0159\u00edplatek za servisn\u00ed slu\u017eby mimo otev\u00edrac\u00ed dobu:<\/strong><\/p>\n<p>Za poskytov\u00e1n\u00ed servisn\u00edch slu\u017eeb mimo otev\u00edrac\u00ed dobu \u00fa\u010dtujeme tyto p\u0159\u00edplatky:<\/p>\n<ul>\n<li>Od pond\u011bl\u00ed do soboty: 50% p\u0159\u00edplatek<\/li>\n<li>Ned\u011ble: 100% p\u0159\u00edplatek<\/li>\n<li>Za n\u00e1hradn\u00ed d\u00edly poskytovan\u00e9 mimo b\u011b\u017enou otev\u00edrac\u00ed dobu, vyb\u00edr\u00e1me pau\u0161\u00e1ln\u00ed p\u0159\u00edplatek ve v\u00fd\u0161i 50\u00a0\u20ac.<\/li>\n<\/ul>\n<\/div>\n<\/div><\/div><\/div><\/div><\/div><\/div><div id=\"pg-154424-3\"  class=\"panel-grid panel-has-style\" ><div class=\"siteorigin-panels-stretch panel-row-style panel-row-style-for-154424-3\" data-stretch-type=\"full\" ><div id=\"pgc-154424-3-0\"  class=\"panel-grid-cell\" ><div id=\"panel-154424-3-0-0\" class=\"so-panel widget widget_sow-editor panel-first-child panel-last-child\" data-index=\"4\" ><div\n\t\t\t\n\t\t\tclass=\"so-widget-sow-editor so-widget-sow-editor-base\"\n\t\t\t\n\t\t>\n<div class=\"siteorigin-widget-tinymce textwidget\">\n\t<a id=\"gewaehrleistung\"><\/a>\n<\/div>\n<\/div><\/div><\/div><\/div><\/div><div id=\"pg-154424-4\"  class=\"panel-grid panel-has-style\" ><div class=\"siteorigin-panels-stretch panel-row-style panel-row-style-for-154424-4\" data-stretch-type=\"full\" ><div id=\"pgc-154424-4-0\"  class=\"panel-grid-cell\" ><div id=\"panel-154424-4-0-0\" class=\"so-panel widget widget_sow-editor panel-first-child panel-last-child\" data-index=\"5\" ><div class=\"contentrow panel-widget-style panel-widget-style-for-154424-4-0-0\" ><div\n\t\t\t\n\t\t\tclass=\"so-widget-sow-editor so-widget-sow-editor-base\"\n\t\t\t\n\t\t>\n<div class=\"siteorigin-widget-tinymce textwidget\">\n\t<h2>Z\u00e1ruka<\/h2>\n<ul>\n<li><a href=\"https:\/\/briri.de\/wp-content\/uploads\/2024\/12\/Briri_GewaehrleistungsantragV01.pdf\" target=\"_blank\" rel=\"noopener\">BRIRI z\u00e1ru\u010dn\u00ed po\u017eadavek (PDF)<\/a><\/li>\n<li><a href=\"https:\/\/briri.de\/wp-content\/uploads\/2024\/12\/Briri_Vorgehen-Gewaehrleistungsabwicklung.pdf\" target=\"_blank\" rel=\"noopener\">BRIRI postup p\u0159i vy\u0159izov\u00e1n\u00ed z\u00e1ruky (PDF)<\/a><\/li>\n<\/ul>\n<\/div>\n<\/div><\/div><\/div><\/div><\/div><\/div><div id=\"pg-154424-5\"  class=\"panel-grid panel-has-style\" ><div class=\"siteorigin-panels-stretch panel-row-style panel-row-style-for-154424-5\" data-stretch-type=\"full\" ><div id=\"pgc-154424-5-0\"  class=\"panel-grid-cell\" ><div id=\"panel-154424-5-0-0\" class=\"so-panel widget widget_sow-editor panel-first-child panel-last-child\" data-index=\"6\" ><div\n\t\t\t\n\t\t\tclass=\"so-widget-sow-editor so-widget-sow-editor-base\"\n\t\t\t\n\t\t>\n<div class=\"siteorigin-widget-tinymce textwidget\">\n\t<a id=\"downloads\"><\/a>\n<\/div>\n<\/div><\/div><\/div><\/div><\/div><div id=\"pg-154424-6\"  class=\"panel-grid panel-has-style\" ><div class=\"siteorigin-panels-stretch panel-row-style panel-row-style-for-154424-6\" data-stretch-type=\"full\" ><div id=\"pgc-154424-6-0\"  class=\"panel-grid-cell\" ><div id=\"panel-154424-6-0-0\" class=\"so-panel widget widget_sow-editor panel-first-child\" data-index=\"7\" ><div class=\"contentrow panel-widget-style panel-widget-style-for-154424-6-0-0\" ><div\n\t\t\t\n\t\t\tclass=\"so-widget-sow-editor so-widget-sow-editor-base\"\n\t\t\t\n\t\t>\n<div class=\"siteorigin-widget-tinymce textwidget\">\n\t<h2>Sta\u017een\u00ed<\/h2>\n<\/div>\n<\/div><\/div><\/div><div id=\"panel-154424-6-0-1\" class=\"so-panel widget widget_sow-editor panel-last-child\" data-index=\"8\" ><div class=\"contentrow panel-widget-style panel-widget-style-for-154424-6-0-1\" ><div\n\t\t\t\n\t\t\tclass=\"so-widget-sow-editor so-widget-sow-editor-base\"\n\t\t\t\n\t\t>\n<div class=\"siteorigin-widget-tinymce textwidget\">\n\t<p>Bro\u017eury v angli\u010dtin\u011b ve form\u00e1tu PDF<\/p>\n<\/div>\n<\/div><\/div><\/div><\/div><\/div><\/div><div id=\"pg-154424-7\"  class=\"panel-grid panel-has-style\" ><div class=\"siteorigin-panels-stretch panel-row-style panel-row-style-for-154424-7\" data-stretch-type=\"full\" ><div id=\"pgc-154424-7-0\"  class=\"panel-grid-cell\" ><div id=\"panel-154424-7-0-0\" class=\"so-panel widget widget_sow-editor panel-first-child panel-last-child\" data-index=\"9\" ><div class=\"contentrow panel-widget-style panel-widget-style-for-154424-7-0-0\" ><div\n\t\t\t\n\t\t\tclass=\"so-widget-sow-editor so-widget-sow-editor-base\"\n\t\t\t\n\t\t>\n<div class=\"siteorigin-widget-tinymce textwidget\">\n\t<p><a href=\"https:\/\/briri.de\/wp-content\/uploads\/2024\/12\/guelletechnikDE2023-web.pdf\" target=\"_blank\" rel=\"noopener\"><img loading=\"lazy\" decoding=\"async\" class=\"aligncenter wp-image-3823 size-full\" src=\"https:\/\/briri.de\/wp-content\/uploads\/2024\/10\/guelletechnikDE2023-web-730x1024-1.jpg\" alt=\"\" width=\"730\" height=\"1024\" srcset=\"https:\/\/briri.de\/wp-content\/uploads\/2024\/10\/guelletechnikDE2023-web-730x1024-1.jpg 730w, https:\/\/briri.de\/wp-content\/uploads\/2024\/10\/guelletechnikDE2023-web-730x1024-1-214x300.jpg 214w\" sizes=\"auto, (max-width: 730px) 100vw, 730px\" \/><\/a><\/p>\n<\/div>\n<\/div><\/div><\/div><\/div><div id=\"pgc-154424-7-1\"  class=\"panel-grid-cell\" ><div id=\"panel-154424-7-1-0\" class=\"so-panel widget widget_sow-editor panel-first-child panel-last-child\" data-index=\"10\" ><div class=\"contentrow panel-widget-style panel-widget-style-for-154424-7-1-0\" ><div\n\t\t\t\n\t\t\tclass=\"so-widget-sow-editor so-widget-sow-editor-base\"\n\t\t\t\n\t\t>\n<div class=\"siteorigin-widget-tinymce textwidget\">\n\t<p><a href=\"https:\/\/briri.de\/wp-content\/uploads\/2024\/10\/Streutechnik-2024-de-finalweb.pdf\" target=\"_blank\" rel=\"noopener\"><img loading=\"lazy\" decoding=\"async\" class=\"size-full wp-image-3829 aligncenter\" src=\"https:\/\/briri.de\/wp-content\/uploads\/2024\/10\/streutechnikDE2023-web-730x1024-2.jpg\" alt=\"\" width=\"730\" height=\"1024\" srcset=\"https:\/\/briri.de\/wp-content\/uploads\/2024\/10\/streutechnikDE2023-web-730x1024-2.jpg 730w, https:\/\/briri.de\/wp-content\/uploads\/2024\/10\/streutechnikDE2023-web-730x1024-2-214x300.jpg 214w\" sizes=\"auto, (max-width: 730px) 100vw, 730px\" \/><\/a><\/p>\n<\/div>\n<\/div><\/div><\/div><\/div><div id=\"pgc-154424-7-2\"  class=\"panel-grid-cell\" ><div id=\"panel-154424-7-2-0\" class=\"so-panel widget widget_sow-editor panel-first-child panel-last-child\" data-index=\"11\" ><div class=\"contentrow panel-widget-style panel-widget-style-for-154424-7-2-0\" ><div\n\t\t\t\n\t\t\tclass=\"so-widget-sow-editor so-widget-sow-editor-base\"\n\t\t\t\n\t\t>\n<div class=\"siteorigin-widget-tinymce textwidget\">\n\t<p><a href=\"https:\/\/briri.de\/wp-content\/uploads\/2024\/12\/transporttechnikDE2023-web.pdf\" target=\"_blank\" rel=\"noopener\"><img loading=\"lazy\" decoding=\"async\" class=\"size-full wp-image-3831 aligncenter\" src=\"https:\/\/briri.de\/wp-content\/uploads\/2024\/10\/transporttechnikDE2023-web-730x1024-1.jpg\" alt=\"\" width=\"730\" height=\"1024\" srcset=\"https:\/\/briri.de\/wp-content\/uploads\/2024\/10\/transporttechnikDE2023-web-730x1024-1.jpg 730w, https:\/\/briri.de\/wp-content\/uploads\/2024\/10\/transporttechnikDE2023-web-730x1024-1-214x300.jpg 214w\" sizes=\"auto, (max-width: 730px) 100vw, 730px\" \/><\/a><\/p>\n<\/div>\n<\/div><\/div><\/div><\/div><\/div><\/div><div id=\"pg-154424-8\"  class=\"panel-grid panel-has-style\" ><div class=\"siteorigin-panels-stretch panel-row-style panel-row-style-for-154424-8\" data-stretch-type=\"full\" ><div id=\"pgc-154424-8-0\"  class=\"panel-grid-cell\" ><div id=\"panel-154424-8-0-0\" class=\"so-panel widget widget_sow-editor panel-first-child panel-last-child\" data-index=\"12\" ><div class=\"contentrow panel-widget-style panel-widget-style-for-154424-8-0-0\" ><div\n\t\t\t\n\t\t\tclass=\"so-widget-sow-editor so-widget-sow-editor-base\"\n\t\t\t\n\t\t>\n<div class=\"siteorigin-widget-tinymce textwidget\">\n\t<p class=\"p1\">Bro\u017eury v angli\u010dtin\u011b ve form\u00e1tu PDF<\/p>\n<\/div>\n<\/div><\/div><\/div><\/div><\/div><\/div><div id=\"pg-154424-9\"  class=\"panel-grid panel-has-style\" ><div class=\"siteorigin-panels-stretch panel-row-style panel-row-style-for-154424-9\" data-stretch-type=\"full\" ><div id=\"pgc-154424-9-0\"  class=\"panel-grid-cell\" ><div id=\"panel-154424-9-0-0\" class=\"so-panel widget widget_sow-editor panel-first-child panel-last-child\" data-index=\"13\" ><div class=\"contentrow panel-widget-style panel-widget-style-for-154424-9-0-0\" ><div\n\t\t\t\n\t\t\tclass=\"so-widget-sow-editor so-widget-sow-editor-base\"\n\t\t\t\n\t\t>\n<div class=\"siteorigin-widget-tinymce textwidget\">\n\t<p><a href=\"https:\/\/briri.de\/wp-content\/uploads\/2024\/12\/slurrytechnologieEN2023-web.pdf\" target=\"_blank\" rel=\"noopener\"><img loading=\"lazy\" decoding=\"async\" class=\"size-full wp-image-3825 aligncenter\" src=\"https:\/\/briri.de\/wp-content\/uploads\/2024\/10\/slurrytechnologieEN2023-web-730x1024-1.jpg\" alt=\"\" width=\"730\" height=\"1024\" srcset=\"https:\/\/briri.de\/wp-content\/uploads\/2024\/10\/slurrytechnologieEN2023-web-730x1024-1.jpg 730w, https:\/\/briri.de\/wp-content\/uploads\/2024\/10\/slurrytechnologieEN2023-web-730x1024-1-214x300.jpg 214w\" sizes=\"auto, (max-width: 730px) 100vw, 730px\" \/><\/a><\/p>\n<\/div>\n<\/div><\/div><\/div><\/div><div id=\"pgc-154424-9-1\"  class=\"panel-grid-cell\" ><div id=\"panel-154424-9-1-0\" class=\"so-panel widget widget_sow-editor panel-first-child panel-last-child\" data-index=\"14\" ><div class=\"contentrow panel-widget-style panel-widget-style-for-154424-9-1-0\" ><div\n\t\t\t\n\t\t\tclass=\"so-widget-sow-editor so-widget-sow-editor-base\"\n\t\t\t\n\t\t>\n<div class=\"siteorigin-widget-tinymce textwidget\">\n\t<p><a href=\"https:\/\/briri.de\/wp-content\/uploads\/2024\/12\/spreadingtechEN2023-web.pdf\" target=\"_blank\" rel=\"noopener\"><img loading=\"lazy\" decoding=\"async\" class=\"aligncenter wp-image-3827 size-full\" src=\"https:\/\/briri.de\/wp-content\/uploads\/2024\/10\/spreadingtechEN2023-web-730x1024-1.jpg\" alt=\"\" width=\"730\" height=\"1024\" srcset=\"https:\/\/briri.de\/wp-content\/uploads\/2024\/10\/spreadingtechEN2023-web-730x1024-1.jpg 730w, https:\/\/briri.de\/wp-content\/uploads\/2024\/10\/spreadingtechEN2023-web-730x1024-1-214x300.jpg 214w\" sizes=\"auto, (max-width: 730px) 100vw, 730px\" \/><\/a><\/p>\n<\/div>\n<\/div><\/div><\/div><\/div><div id=\"pgc-154424-9-2\"  class=\"panel-grid-cell\" ><div id=\"panel-154424-9-2-0\" class=\"so-panel widget widget_sow-editor panel-first-child panel-last-child\" data-index=\"15\" ><div class=\"contentrow panel-widget-style panel-widget-style-for-154424-9-2-0\" ><div\n\t\t\t\n\t\t\tclass=\"so-widget-sow-editor so-widget-sow-editor-base\"\n\t\t\t\n\t\t>\n<div class=\"siteorigin-widget-tinymce textwidget\">\n\t<p><a href=\"https:\/\/briri.de\/wp-content\/uploads\/2024\/12\/transporttechnologieEN2023-web.pdf\" target=\"_blank\" rel=\"noopener\"><img loading=\"lazy\" decoding=\"async\" class=\"size-full wp-image-3833 aligncenter\" src=\"https:\/\/briri.de\/wp-content\/uploads\/2024\/10\/transporttechnologieEN2023-web-730x1024-1.jpg\" alt=\"\" width=\"730\" height=\"1024\" srcset=\"https:\/\/briri.de\/wp-content\/uploads\/2024\/10\/transporttechnologieEN2023-web-730x1024-1.jpg 730w, https:\/\/briri.de\/wp-content\/uploads\/2024\/10\/transporttechnologieEN2023-web-730x1024-1-214x300.jpg 214w\" sizes=\"auto, (max-width: 730px) 100vw, 730px\" \/><\/a><\/p>\n<\/div>\n<\/div><\/div><\/div><\/div><\/div><\/div><\/div>","protected":false},"excerpt":{"rendered":"<p>Service BRIRI | Service<\/p>\n","protected":false},"author":1,"featured_media":0,"parent":0,"menu_order":0,"comment_status":"closed","ping_status":"closed","template":"","meta":{"inline_featured_image":false,"footnotes":""},"class_list":["post-154424","page","type-page","status-publish","hentry","post"],"_links":{"self":[{"href":"https:\/\/briri.de\/cs\/wp-json\/wp\/v2\/pages\/154424","targetHints":{"allow":["GET"]}}],"collection":[{"href":"https:\/\/briri.de\/cs\/wp-json\/wp\/v2\/pages"}],"about":[{"href":"https:\/\/briri.de\/cs\/wp-json\/wp\/v2\/types\/page"}],"author":[{"embeddable":true,"href":"https:\/\/briri.de\/cs\/wp-json\/wp\/v2\/users\/1"}],"replies":[{"embeddable":true,"href":"https:\/\/briri.de\/cs\/wp-json\/wp\/v2\/comments?post=154424"}],"version-history":[{"count":1,"href":"https:\/\/briri.de\/cs\/wp-json\/wp\/v2\/pages\/154424\/revisions"}],"predecessor-version":[{"id":155369,"href":"https:\/\/briri.de\/cs\/wp-json\/wp\/v2\/pages\/154424\/revisions\/155369"}],"wp:attachment":[{"href":"https:\/\/briri.de\/cs\/wp-json\/wp\/v2\/media?parent=154424"}],"curies":[{"name":"wp","href":"https:\/\/api.w.org\/{rel}","templated":true}]}}